{"id":23564,"date":"2024-07-22T12:38:18","date_gmt":"2024-07-22T10:38:18","guid":{"rendered":"https:\/\/rops-bialystok.pl\/fers\/klauzule-informacyjne\/"},"modified":"2025-04-24T09:44:52","modified_gmt":"2025-04-24T07:44:52","slug":"klauzule-informacyjne","status":"publish","type":"page","link":"https:\/\/rops-bialystok.pl\/fers\/klauzule-informacyjne\/","title":{"rendered":"Klauzule informacyjne"},"content":{"rendered":"\n    \n    <section class=\"u-clearfix u-section-2\" id=\"sec-0935\">\n      <div class=\"u-clearfix u-sheet u-sheet-1\">\n        <h2 class=\"u-text u-text-1\">Klauzule Informacyjne<\/h2>\n        <div class=\"u-clearfix u-custom-html u-expanded-width u-custom-html-1\">\n          <style> .u-section-2 .button-1 {\n        background-image: linear-gradient(0deg, rgba(51, 118, 188, 0.9), rgba(51, 118, 188, 0.9)), url(\/fers\/wp-content\/uploads\/2024\/07\/022c268b3ac90ee3192fd659a77c7e3efe3a845b05d6975c31e936e766cb9ecbedfada55f078deaa66c171ab64203b6ce735fb6426c104fb2107b1_1280.jpg);\n        background-size: auto 280%;\n        box-shadow: 5px 5px 20px 0 rgba(0, 0, 0, 0.4);\n        background-position: 50% 50%;\n        color: rgb(255, 255, 255);\n        align-items: center;\n        width: 100%;\n        height: 100%;\n        padding: 3rem 2rem;\n    }\n    .u-section-2 .button-1:hover {\n        text-decoration: underline;\n    }\n    .u-section-2 .button-1:hover {\n        background-size: auto 300%;\n        box-shadow: 7px 7px 23px 0 rgba(0, 0, 0, 0.7);\n        transition: 0.3s;\n    }\n    .u-section-2 .button-1:active {\n        background-size: auto 280%;\n        box-shadow: 5px 5px 20px 0 rgba(0, 0, 0, 0.4);\n        text-decoration: none;\n        transition: 0s;\n    }\n    .u-section-2 .button-1 .p-text-1 {\n        font-size: 1.875rem;\n        text-transform: uppercase;\n        font-weight: 700;\n        text-align: center;\n    }\n    .u-section-2 .button-1 .p-text-2 {\n        font-size: 1.5rem;\n        font-weight: 700;\n        text-align: center;\n    }\n    .u-section-2 .image-button {\n        display: block;\n        margin: auto;\n        width: 80px;\n        height: 80px;\n    }\n    .u-section-2 .buttons-grid {\n        display: grid;\n        grid-gap: 50px;\n        grid-auto-columns: 50%;\n        grid-template-columns: repeat(2, 47.5%);\n        justify-content: space-between;\n    }\n    @media (max-width: 991px) {\n        .u-section-2 .buttons-grid {\n            grid-template-columns: 100%;\n        }\n    }\n    @media (max-width: 768px) {\n        .u-section-2 .button-1 .p-text-1 {\n            font-size: 1.5rem;\n        }\n        .u-section-2 .button-1 .p-text-2 {\n            font-size: 1.25rem;\n        }\n    }\n    .u-section-2 .buttons-flex {\n        display: flex;\n    }\n\t\t\t  \n\t\n\t.u-section-2 .button-1 img {\n\t\tfilter: brightness(0) invert(1);\n\t} <\/style><!--\n<div class=\"buttons-flex\">\n-->\n          <div class=\"buttons-grid\">\n            <a href=\"https:\/\/rops-bialystok.pl\/fers\/klauzula-informacyjna-regionalnego-osrodka-polityki-spolecznej-w-bialymstoku\/\">\n              <div class=\"button-1\"><!--\n                <img decoding=\"async\" src=\"images\/5308331-5d43b030.png\" alt=\"\">\n                -->\n                <img decoding=\"async\" class=\"image-button\" src=\"\/fers\/wp-content\/uploads\/2024\/07\/5308231.png\" alt=\"\">\n                <p class=\"p-text-1\">Klauzula Informacyjna<\/p>\n                <p class=\"p-text-2\">Regionalnego O\u015brodka Polityki Spo\u0142ecznej w Bia\u0142ymstoku<\/p>\n              <\/div>\n            <\/a>\n            <a href=\"\/fers\/klauzula-informacyjna-ministrow\/\">\n              <div class=\"button-1\"><!--\n                <img decoding=\"async\" src=\"images\/5308331-5d43b030.png\" alt=\"\">\n                -->\n                <img decoding=\"async\" class=\"image-button\" src=\"\/fers\/wp-content\/uploads\/2024\/07\/5308231.png\" alt=\"\">\n                <p class=\"p-text-1\">Klauzula Informacyjna<\/p>\n                <p class=\"p-text-2\">Ministra w\u0142a\u015bciwego do spraw rozwoju regionalnego oraz Ministra Rodziny, Pracy i Polityki Spo\u0142ecznej<\/p>\n              <\/div>\n            <\/a>\n          <\/div><!--\n<\/div>\n-->\n        <\/div>\n      <\/div>\n    <\/section>\n    \n    \n    \n  \n","protected":false},"excerpt":{"rendered":"<p>Klauzule Informacyjne Klauzula Informacyjna Regionalnego O\u015brodka Polityki Spo\u0142ecznej w Bia\u0142ymstoku Klauzula Informacyjna Ministra w\u0142a\u015bciwego do spraw rozwoju regionalnego oraz Ministra Rodziny, Pracy i Polityki Spo\u0142ecznej<\/p>\n","protected":false},"author":1,"featured_media":0,"parent":0,"menu_order":1,"comment_status":"closed","ping_status":"closed","template":"","meta":{"footnotes":""},"class_list":["post-23564","page","type-page","status-publish","hentry"],"_links":{"self":[{"href":"https:\/\/rops-bialystok.pl\/fers\/wp-json\/wp\/v2\/pages\/23564","targetHints":{"allow":["GET"]}}],"collection":[{"href":"https:\/\/rops-bialystok.pl\/fers\/wp-json\/wp\/v2\/pages"}],"about":[{"href":"https:\/\/rops-bialystok.pl\/fers\/wp-json\/wp\/v2\/types\/page"}],"author":[{"embeddable":true,"href":"https:\/\/rops-bialystok.pl\/fers\/wp-json\/wp\/v2\/users\/1"}],"replies":[{"embeddable":true,"href":"https:\/\/rops-bialystok.pl\/fers\/wp-json\/wp\/v2\/comments?post=23564"}],"version-history":[{"count":2,"href":"https:\/\/rops-bialystok.pl\/fers\/wp-json\/wp\/v2\/pages\/23564\/revisions"}],"predecessor-version":[{"id":23666,"href":"https:\/\/rops-bialystok.pl\/fers\/wp-json\/wp\/v2\/pages\/23564\/revisions\/23666"}],"wp:attachment":[{"href":"https:\/\/rops-bialystok.pl\/fers\/wp-json\/wp\/v2\/media?parent=23564"}],"curies":[{"name":"wp","href":"https:\/\/api.w.org\/{rel}","templated":true}]}}