{"id":23565,"date":"2024-07-22T12:38:19","date_gmt":"2024-07-22T10:38:19","guid":{"rendered":"https:\/\/rops-bialystok.pl\/fers\/klauz-inf-proj-ministra\/"},"modified":"2024-07-30T12:51:35","modified_gmt":"2024-07-30T10:51:35","slug":"klauzula-informacyjna-ministrow","status":"publish","type":"page","link":"https:\/\/rops-bialystok.pl\/fers\/klauzula-informacyjna-ministrow\/","title":{"rendered":"Klauzula informacyjna Ministr\u00f3w"},"content":{"rendered":"\n    \n    <section class=\"u-clearfix u-section-2\" id=\"sec-787a\">\n      <div class=\"u-clearfix u-sheet u-sheet-1\">\n        <div class=\"u-border-3 u-border-palette-4-light-1 u-line u-line-horizontal u-line-1\"><\/div>\n      <\/div>\n    <\/section>\n    <section class=\"-lg -md -xl -xs u-align-left u-clearfix u-white u-section-3\" id=\"sec-a007\">\n      <div class=\"u-palette-4-base u-shape u-shape-rectangle u-shape-1\"><\/div>\n      <h2 class=\"u-align-left u-text u-text-1\"> Klauzule informacyjne Ministra w\u0142a\u015bciwego do spraw rozwoju regionalnego oraz Ministra Rodziny, Pracy i Polityki Spo\u0142ecznej<\/h2>\n      <div class=\"u-clearfix u-custom-html u-custom-html-1\">\n        <style> @media (min-width: 768px) {\n\t\t.p_klauz_sec_1 {\n\t\t\tfont-size: 1.25rem;\n\t\t}\n\t} <\/style>\n        <p class=\"p_klauz_sec_1\">W celu wykonania obowi\u0105zku na\u0142o\u017conego art. 13 i 14 RODO <a href=\"#_ftn1\" name=\"_ftnref1\">[1]<\/a> , w zwi\u0105zku z art. 88 ustawy o zasadach realizacji zada\u0144 finansowanych ze \u015brodk\u00f3w europejskich w perspektywie finansowej 2021-2027 <a href=\"#_ftn2\" name=\"_ftnref2\">[2]<\/a>, informujemy o zasadach przetwarzania Pa\u0144stwa danych osobowych: \n        <\/p>\n      <\/div>\n    <\/section>\n    <section class=\"u-clearfix u-section-4\" id=\"sec-726b\">\n      <div class=\"u-clearfix u-sheet u-sheet-1\">\n        <div class=\"custom-expanded u-clearfix u-custom-html u-custom-html-1\">\n          <ol type=\"I\">\n            <li>\n              <strong>Administrator <\/strong>\n              <br> Odr\u0119bnymi administratorami Pa\u0144stwa danych s\u0105: <ol>\n                <li>Minister w\u0142a\u015bciwy do spraw rozwoju regionalnego z siedzib\u0105 przy ul. Wsp\u00f3lnej 2\/4, 00-926 Warszawa\n                (Instytucja Zarz\u0105dzaj\u0105ca);<\/li>\n                <li>Minister Rodziny, Pracy i Polityki Spo\u0142ecznej z siedzib\u0105 przy ul. Nowogrodzkiej 1\/3\/5 , 00-513 Warszawa\n                (Instytucja Po\u015brednicz\u0105ca)<\/li>\n              <\/ol>\n            <\/li>\n            <li>\n              <strong>Cel przetwarzania danych <\/strong>\n              <br> Dane osobowe b\u0119d\u0105 przetwarzane w zwi\u0105zku z realizacj\u0105 FERS, w szczeg\u00f3lno\u015bci w celu monitorowania,\n        sprawozdawczo\u015bci, komunikacji, publikacji, ewaluacji, zarz\u0105dzania finansowego, weryfikacji i audyt\u00f3w oraz do\n        cel\u00f3w okre\u015blania kwalifikowalno\u015bci uczestnik\u00f3w.Podanie danych jest dobrowolne, ale konieczne do realizacji wy\u017cej\n        wymienionego celu. Odmowa ich podania jest r\u00f3wnoznaczna z brakiem mo\u017cliwo\u015bci podj\u0119cia stosownych dzia\u0142a\u0144. \n            <\/li>\n            <li>\n              <strong>Podstawa przetwarzania <\/strong>\n              <br> B\u0119dziemy przetwarza\u0107 Pa\u0144stwa dane osobowe w zwi\u0105zku z tym, \u017ce: <ol>\n                <li>Zobowi\u0105zuje nas do tego <strong>prawo<\/strong> (art. 6 ust. 1 lit. c, art. 9 ust. 2 lit. g oraz art. 10 <a href=\"#_ftn3\" name=\"_ftnref3\">[3]<\/a> RODO) : <ul>\n                    <li>rozporz\u0105dzenie Parlamentu Europejskiego i Rady (UE) nr 2021\/1060 z 24 czerwca 2021 r.\n                        ustanawiaj\u0105cego wsp\u00f3lne przepisy dotycz\u0105ce Europejskiego Funduszu Rozwoju Regionalnego,\n                        Europejskiego Funduszu Spo\u0142ecznego Plus, Funduszu Sp\u00f3jno\u015bci, Funduszu na rzecz Sprawiedliwej\n                        Transformacji i Europejskiego Funduszu Morskiego, Rybackiego i Akwakultury, a tak\u017ce przepisy\n                        finansowe na potrzeby tych funduszy oraz na potrzeby Funduszu Azylu, Migracji i Integracji,\n                        Funduszu Bezpiecze\u0144stwa Wewn\u0119trznego i Instrumentu Wsparcia Finansowego na rzecz Zarz\u0105dzania\n                        Granicami i Polityki Wizowej;<\/li>\n                    <li>rozporz\u0105dzenie Parlamentu Europejskiego i Rady (UE) 2021\/1057 z dnia 24 czerwca 2021 r.\n                        ustanawiaj\u0105ce Europejski Fundusz Spo\u0142eczny Plus (EFS+) oraz uchylaj\u0105ce rozporz\u0105dzenie (UE) nr\n                        1296\/2013 (Dz. Urz. UE L 231 z 30.06.2021, str. 21, z p\u00f3\u017an. zm.);<\/li>\n                    <li>ustawa z dnia 28 kwietnia 2022 r. o zasadach realizacji zada\u0144 finansowanych ze \u015brodk\u00f3w\n                        europejskich w perspektywie finansowej 2021-2027, w szczeg\u00f3lno\u015bci art. 87-93,<\/li>\n                    <li>ustawa z 14 czerwca 1960 r. - Kodeks post\u0119powania administracyjnego;<\/li>\n                    <li>ustawa z 27 sierpnia 2009 r. o finansach publicznych.<\/li>\n                  <\/ul>\n                <\/li>\n              <\/ol>\n            <\/li>\n            <li>\n              <strong>Spos\u00f3b pozyskiwania danych <\/strong>\n              <br> Dane pozyskujemy bezpo\u015brednio od os\u00f3b, kt\u00f3rych one dotycz\u0105, albo od instytucji i podmiot\u00f3w zaanga\u017cowanych w\n        realizacj\u0119 Programu, w tym w szczeg\u00f3lno\u015bci od wnioskodawc\u00f3w, beneficjent\u00f3w, partner\u00f3w. \n            <\/li>\n            <li>\n              <strong>Dost\u0119p do danych osobowych <\/strong>\n              <br> Dost\u0119p do Pa\u0144stwa danych osobowych maj\u0105 pracownicy i wsp\u00f3\u0142pracownicy administratora. Ponadto Pa\u0144stwa\n        dane osobowe mog\u0105 by\u0107 powierzane lub udost\u0119pniane: <ol>\n                <li>podmiotom, kt\u00f3rym zlecili\u015bmy wykonywanie zada\u0144 w FERS,<\/li>\n                <li>organom Komisji Europejskiej, ministrowi w\u0142a\u015bciwemu do spraw finans\u00f3w publicznych, prezesowi zak\u0142adu\n                ubezpiecze\u0144 spo\u0142ecznych,<\/li>\n                <li>podmiotom, kt\u00f3re wykonuj\u0105 dla nas us\u0142ugi zwi\u0105zane z obs\u0142ug\u0105 i rozwojem system\u00f3w teleinformatycznych, a\n                tak\u017ce zapewnieniem \u0142\u0105czno\u015bci, np. dostawcom rozwi\u0105za\u0144 IT i operatorom telekomunikacyjnym.<\/li>\n              <\/ol>\n            <\/li>\n            <li>\n              <strong>Okres przechowywania danych <\/strong>\n              <br> Dane osobowe s\u0105 przechowywane przez okres niezb\u0119dny do realizacji cel\u00f3w okre\u015blonych w punkcie II. \n            <\/li>\n            <li>\n              <strong>Prawa os\u00f3b, kt\u00f3rych dane dotycz\u0105 <\/strong>\n              <br> Przys\u0142uguj\u0105 Pa\u0144stwu nast\u0119puj\u0105ce prawa: <ol>\n                <li>prawo dost\u0119pu do swoich danych oraz otrzymania ich kopii (art. 15 RODO),<\/li>\n                <li>prawo do sprostowania swoich danych (art. 16 RODO),<\/li>\n                <li>prawo do usuni\u0119cia swoich danych (art. 17 RODO) - je\u015bli nie zaistnia\u0142y okoliczno\u015bci, o kt\u00f3rych mowa w\n                art. 17 ust. 3 RODO,<\/li>\n                <li>prawo do \u017c\u0105dania od administratora ograniczenia przetwarzania swoich danych (art. 18 RODO),<\/li>\n                <li>prawo do przenoszenia swoich danych (art. 20 RODO) - je\u015bli przetwarzanie odbywa si\u0119 na podstawie umowy:\n                w celu jej zawarcia lub realizacji (w my\u015bl art. 6 ust. 1 lit. b RODO) oraz w spos\u00f3b zautomatyzowany <a href=\"#_ftn4\" name=\"_ftnref4\">[4]<\/a>, \n                <\/li>\n                <li>prawo wniesienia skargi do organu nadzorczego Prezesa Urz\u0119du Ochrony Danych Osobowych (art. 77 RODO) - w\n                przypadku, gdy osoba uzna, i\u017c przetwarzanie jej danych osobowych narusza przepisy RODO lub inne krajowe\n                przepisy reguluj\u0105ce kwesti\u0119 ochrony danych osobowych, obowi\u0105zuj\u0105ce w Polsce.<\/li>\n              <\/ol>\n            <\/li>\n            <li>\n              <strong>Zautomatyzowane podejmowanie decyzji <\/strong>\n              <br> Dane osobowe nie b\u0119d\u0105 podlega\u0142y zautomatyzowanemu podejmowaniu decyzji, w tym profilowaniu. \n            <\/li>\n            <li>\n              <strong>Przekazywanie danych do pa\u0144stwa trzeciego <\/strong>\n              <br> Pa\u0144stwa dane osobowe nie b\u0119d\u0105 przekazywane do pa\u0144stwa trzeciego. \n            <\/li>\n            <li>\n              <strong>Kontakt z administratorem danych i Inspektorem Ochrony Danych <\/strong>\n              <br>\n              <ol>\n                <li>Je\u015bli maj\u0105 Pa\u0144stwo pytania dotycz\u0105ce przetwarzania przez ministra w\u0142a\u015bciwego do spraw rozwoju\n                regionalnego danych osobowych, prosimy kontaktowa\u0107 si\u0119 z Inspektorem Ochrony Danych (IOD) w nast\u0119puj\u0105cy\n                spos\u00f3b: <ul>\n                    <li>poczt\u0105 tradycyjn\u0105 (ul. Wsp\u00f3lna 2\/4, 00-926 Warszawa),<\/li>\n                    <li>elektronicznie (adres e-mail: <a href=\"mailto:IOD@mfipr.gov.pl\">IOD@mfipr.gov.pl<\/a>). \n                    <\/li>\n                  <\/ul>\n                <\/li>\n                <li>Je\u015bli maj\u0105 Pa\u0144stwo pytania dotycz\u0105ce przetwarzania przez Ministra Rodziny, Pracy i Polityki Spo\u0142ecznej\n                danych osobowych, prosimy kontaktowa\u0107 si\u0119 z Inspektorem Ochrony Danych (IOD) w nast\u0119puj\u0105cy spos\u00f3b: <ul>\n                    <li>poczt\u0105 tradycyjn\u0105 (ul. Nowogrodzka 1\/3\/5, 00-513 Warszawa),<\/li>\n                    <li>elektronicznie (adres e-mail: <a href=\"mailto:iodo@mrips.gov.pl\">iodo@mrips.gov.pl<\/a>). \n                    <\/li>\n                  <\/ul>\n                <\/li>\n              <\/ol>\n            <\/li>\n          <\/ol> &nbsp; <hr>\n          <a href=\"#_ftnref1\" name=\"_ftn1\">[1]<\/a> dot. ministra w\u0142a\u015bciwego do spraw rozwoju regionalnego: Rozporz\u0105dzenie\nParlamentu Europejskiego i Rady (UE) 2016\/679 z 27 kwietnia 2016 r. w sprawie ochrony os\u00f3b fizycznych w zwi\u0105zku z\nprzetwarzaniem danych osobowych i w sprawie swobodnego przep\u0142ywu takich danych (Dz. Urz. UE. L 119 z 4 maja 2016 r.,\ns.1-88) \u2013 dot.<br>\n          <a href=\"#_ftnref2\" name=\"_ftn2\">[2]<\/a> dot. ministra w\u0142a\u015bciwego do spraw rozwoju regionalnego: Ustawa z dnia 28\nkwietnia 2022 r o zasadach realizacji zada\u0144 finansowanych ze \u015brodk\u00f3w europejskich w perspektywie finansowej 2021-2027\n(Dz.U. 2022 poz. 1079), zwana dalej \u201eustaw\u0105 wdro\u017ceniow\u0105\u201d<br>\n          <a href=\"#_ftnref3\" name=\"_ftn3\">[3]<\/a> Dotyczy wy\u0142\u0105cznie projekt\u00f3w aktywizuj\u0105cych osoby odbywaj\u0105ce kar\u0119 pozbawienia\nwolno\u015bci.<br>\n          <a href=\"#_ftnref4\" name=\"_ftn4\">[4]<\/a> Do automatyzacji procesu przetwarzania danych osobowych wystarczy, \u017ce dane te\ns\u0105 zapisane na dysku komputera \n        <\/div>\n      <\/div>\n    <\/section>\n    \n    \n    \n  \n","protected":false},"excerpt":{"rendered":"<p>Klauzule informacyjne Ministra w\u0142a\u015bciwego do spraw rozwoju regionalnego oraz Ministra Rodziny, Pracy i Polityki Spo\u0142ecznej W celu wykonania obowi\u0105zku na\u0142o\u017conego art. 13 i 14 RODO [1] , w zwi\u0105zku z art. 88 ustawy o zasadach realizacji zada\u0144 finansowanych ze \u015brodk\u00f3w europejskich w perspektywie finansowej 2021-2027 [2], informujemy o zasadach przetwarzania Pa\u0144stwa danych osobowych: Administrator Odr\u0119bnymi &hellip; <a href=\"https:\/\/rops-bialystok.pl\/fers\/klauzula-informacyjna-ministrow\/\" class=\"more-link\">Continue reading<span class=\"screen-reader-text\"> &#8222;Klauzula informacyjna Ministr\u00f3w&#8221;<\/span><\/a><\/p>\n","protected":false},"author":1,"featured_media":0,"parent":0,"menu_order":2,"comment_status":"closed","ping_status":"closed","template":"","meta":{"footnotes":""},"class_list":["post-23565","page","type-page","status-publish","hentry"],"_links":{"self":[{"href":"https:\/\/rops-bialystok.pl\/fers\/wp-json\/wp\/v2\/pages\/23565","targetHints":{"allow":["GET"]}}],"collection":[{"href":"https:\/\/rops-bialystok.pl\/fers\/wp-json\/wp\/v2\/pages"}],"about":[{"href":"https:\/\/rops-bialystok.pl\/fers\/wp-json\/wp\/v2\/types\/page"}],"author":[{"embeddable":true,"href":"https:\/\/rops-bialystok.pl\/fers\/wp-json\/wp\/v2\/users\/1"}],"replies":[{"embeddable":true,"href":"https:\/\/rops-bialystok.pl\/fers\/wp-json\/wp\/v2\/comments?post=23565"}],"version-history":[{"count":4,"href":"https:\/\/rops-bialystok.pl\/fers\/wp-json\/wp\/v2\/pages\/23565\/revisions"}],"predecessor-version":[{"id":23815,"href":"https:\/\/rops-bialystok.pl\/fers\/wp-json\/wp\/v2\/pages\/23565\/revisions\/23815"}],"wp:attachment":[{"href":"https:\/\/rops-bialystok.pl\/fers\/wp-json\/wp\/v2\/media?parent=23565"}],"curies":[{"name":"wp","href":"https:\/\/api.w.org\/{rel}","templated":true}]}}