{"id":23566,"date":"2024-07-22T12:38:20","date_gmt":"2024-07-22T10:38:20","guid":{"rendered":"https:\/\/rops-bialystok.pl\/fers\/inf-o-zg-proj-z-konw-os-niepel\/"},"modified":"2024-07-30T12:27:14","modified_gmt":"2024-07-30T10:27:14","slug":"informacja-o-zgodnosci-projektu-z-konwencja-o-prawach-osob-niepelnosprawnych","status":"publish","type":"page","link":"https:\/\/rops-bialystok.pl\/fers\/informacja-o-zgodnosci-projektu-z-konwencja-o-prawach-osob-niepelnosprawnych\/","title":{"rendered":"Informacja o Zgodno\u015bci Projektu z Konwencj\u0105 o Prawach Os\u00f3b Niepe\u0142nosprawnych"},"content":{"rendered":"\n    \n    <section class=\"u-clearfix u-section-2\" id=\"sec-787a\">\n      <div class=\"u-clearfix u-sheet u-sheet-1\">\n        <div class=\"u-border-3 u-border-palette-4-light-1 u-line u-line-horizontal u-line-1\"><\/div>\n      <\/div>\n    <\/section>\n    <section class=\"u-clearfix u-white u-section-3\" id=\"sec-e1bd\">\n      <div class=\"u-palette-4-base u-shape u-shape-rectangle u-shape-1\" data-animation-name=\"\" data-animation-duration=\"0\" data-animation-delay=\"0\" data-animation-direction=\"\"><\/div>\n      <h2 class=\"u-align-left u-text u-text-1\">Informacja o zgodno\u015bci Projektu z Konwencj\u0105 o Prawa<span style=\"font-size: 1.25rem;\"><\/span>ch Os\u00f3b Niepe\u0142nosprawnych\n      <\/h2>\n      <p class=\"u-align-left u-text u-text-2\"> W przypadku podejrzenia niezgodno\u015bci Projektu lub dzia\u0142a\u0144 projektowych FERS realizowanych przez Regionalny O\u015brodek Polityki Spo\u0142ecznej w Bia\u0142ymstoku z <span style=\"font-weight: 700;\">Konwencj\u0105 o prawach os\u00f3b niepe\u0142nosprawnych sporz\u0105dzon\u0105 w Nowym Jorku dnia 13 grudnia 2006 r.<\/span> (Dz. U. z 2012 r. poz. 1169, z p\u00f3\u017an. zm.) jest mo\u017cliwo\u015b\u0107 zg\u0142oszenia nieprawid\u0142owo\u015bci za po\u015brednictwem: \n      <\/p>\n      <ol class=\"u-align-left u-text u-text-3\">\n        <li> poczty tradycyjnej \u2013 w formie listownej na adres ministerstwa: Ministerstwo Funduszy i Polityki Regionalnej, ul. Wsp\u00f3lna 2\/4, 00-926 Warszawa lub Ministerstwa Rodziny, Pracy i Polityki Spo\u0142ecznej, ul. Nowogrodzka 1\/3\/5, 00-513 Warszawa<\/li>\n        <li> skrzynki nadawczej e-puap Ministerstwa Funduszy i Polityki Regionalnej lub Ministerstwa Rodziny, Pracy i Polityki Spo\u0142ecznej<\/li>\n      <\/ol>\n      <p class=\"u-align-left u-text u-text-4\"> Sygna\u0142y, zg\u0142oszenia lub skargi dotycz\u0105ce wyst\u0105pienia niezgodno\u015bci z postawieniami Konwencji o prawach os\u00f3b niepe\u0142nosprawnych mog\u0105 przekazywa\u0107 osoby fizyczne (uczestnicy projektu lub ich pe\u0142nomocnicy i przedstawiciele), instytucje uczestnicz\u0105ce we wdra\u017caniu funduszy UE, strona spo\u0142eczna (stowarzyszenia, fundacje).<\/p>\n    <\/section>\n    \n    \n    \n  \n","protected":false},"excerpt":{"rendered":"<p>Informacja o zgodno\u015bci Projektu z Konwencj\u0105 o Prawach Os\u00f3b Niepe\u0142nosprawnych W przypadku podejrzenia niezgodno\u015bci Projektu lub dzia\u0142a\u0144 projektowych FERS realizowanych przez Regionalny O\u015brodek Polityki Spo\u0142ecznej w Bia\u0142ymstoku z Konwencj\u0105 o prawach os\u00f3b niepe\u0142nosprawnych sporz\u0105dzon\u0105 w Nowym Jorku dnia 13 grudnia 2006 r. (Dz. U. z 2012 r. poz. 1169, z p\u00f3\u017an. zm.) jest mo\u017cliwo\u015b\u0107 zg\u0142oszenia &hellip; <a href=\"https:\/\/rops-bialystok.pl\/fers\/informacja-o-zgodnosci-projektu-z-konwencja-o-prawach-osob-niepelnosprawnych\/\" class=\"more-link\">Continue reading<span class=\"screen-reader-text\"> &#8222;Informacja o Zgodno\u015bci Projektu z Konwencj\u0105 o Prawach Os\u00f3b Niepe\u0142nosprawnych&#8221;<\/span><\/a><\/p>\n","protected":false},"author":1,"featured_media":0,"parent":0,"menu_order":3,"comment_status":"closed","ping_status":"closed","template":"","meta":{"footnotes":""},"class_list":["post-23566","page","type-page","status-publish","hentry"],"_links":{"self":[{"href":"https:\/\/rops-bialystok.pl\/fers\/wp-json\/wp\/v2\/pages\/23566","targetHints":{"allow":["GET"]}}],"collection":[{"href":"https:\/\/rops-bialystok.pl\/fers\/wp-json\/wp\/v2\/pages"}],"about":[{"href":"https:\/\/rops-bialystok.pl\/fers\/wp-json\/wp\/v2\/types\/page"}],"author":[{"embeddable":true,"href":"https:\/\/rops-bialystok.pl\/fers\/wp-json\/wp\/v2\/users\/1"}],"replies":[{"embeddable":true,"href":"https:\/\/rops-bialystok.pl\/fers\/wp-json\/wp\/v2\/comments?post=23566"}],"version-history":[{"count":3,"href":"https:\/\/rops-bialystok.pl\/fers\/wp-json\/wp\/v2\/pages\/23566\/revisions"}],"predecessor-version":[{"id":23813,"href":"https:\/\/rops-bialystok.pl\/fers\/wp-json\/wp\/v2\/pages\/23566\/revisions\/23813"}],"wp:attachment":[{"href":"https:\/\/rops-bialystok.pl\/fers\/wp-json\/wp\/v2\/media?parent=23566"}],"curies":[{"name":"wp","href":"https:\/\/api.w.org\/{rel}","templated":true}]}}