{"id":23567,"date":"2024-07-22T12:38:21","date_gmt":"2024-07-22T10:38:21","guid":{"rendered":"https:\/\/rops-bialystok.pl\/fers\/o-projekcie\/"},"modified":"2024-08-07T09:51:40","modified_gmt":"2024-08-07T07:51:40","slug":"o-projekcie","status":"publish","type":"page","link":"https:\/\/rops-bialystok.pl\/fers\/o-projekcie\/","title":{"rendered":"O Projekcie"},"content":{"rendered":"\n    \n    <section class=\"u-clearfix u-section-2\" id=\"sec-787a\">\n      <div class=\"u-clearfix u-sheet u-sheet-1\">\n        <div class=\"u-border-3 u-border-palette-4-light-1 u-line u-line-horizontal u-line-1\"><\/div>\n      <\/div>\n    <\/section>\n    <section class=\"-lg -md -xl -xs u-align-left u-clearfix u-white u-section-3\" id=\"sec-a007\">\n      <div class=\"u-palette-4-base u-shape u-shape-rectangle u-shape-1\"><\/div>\n      <h2 class=\"u-align-left u-text u-text-1\"> Projekt \u201eKoordynacja dzia\u0142a\u0144 w zakresie polityki spo\u0142ecznej w wojew\u00f3dztwie podlaskim\u201d<\/h2>\n      <p class=\"u-align-left u-large-text u-text u-text-variant u-text-2\"> Projekt \u201eKoordynacja dzia\u0142a\u0144 w zakresie polityki spo\u0142ecznej w \nwojew\u00f3dztwie podlaskim\u201d jest realizowany w ramach Programu Fundusze \nEuropejs\u200bkie dla Rozwoju Spo\u0142ecznego 2021-2027 (FERS),&nbsp; Dzia\u0142ania 04.13: \nWysokiej jako\u015bci system w\u0142\u0105czenia spo\u0142ecznego, wsp\u00f3\u0142finansowanego ze \n\u015brodk\u00f3w Europejskiego Funduszu Spo\u0142ecznego Plus, w ramach typu projekt\u00f3w\n pn. Dzia\u0142ania ROPS w zakresie us\u0142ug spo\u0142ecznych, pomocy spo\u0142ecznej, \nekonomii spo\u0142ecznej i aktywnej integracji, s\u0142u\u017c\u0105ce w\u0142\u0105czeniu \nspo\u0142ecznemu, realizowane na poziomie wojew\u00f3dzkim.<\/p>\n    <\/section>\n    <section class=\"-lg -md -xl -xs u-align-left u-clearfix u-grey-5 u-section-4\" id=\"sec-f010\">\n      <div class=\"u-palette-4-base u-shape u-shape-rectangle u-shape-1\"><\/div>\n      <h3 class=\"u-align-left u-text u-text-1\">Celem projektu jest:<\/h3>\n      <ul class=\"u-align-left u-text u-text-2\">\n        <li> usp\u00f3jnienie polityki w\u0142\u0105czenia spo\u0142ecznego realizowanej w regionie, jak r\u00f3wnie\u017c wypracowanie mechanizmu jej sprawniejszej koordynacji i lepszego przep\u0142ywu informacji pomi\u0119dzy poziomem krajowym a wojew\u00f3dztwem podlaskim oraz mi\u0119dzy r\u00f3\u017cnymi podmiotami wewn\u0105trz wojew\u00f3dztwa, <\/li>\n        <li> wzmocnienie wiedzy instytucji lokalnych na temat potrzeb, efekt\u00f3w i skuteczno\u015bci dotychczasowych i przysz\u0142ych dzia\u0142a\u0144 w obszarze w\u0142\u0105czenia spo\u0142ecznego ze szczeg\u00f3lnym uwzgl\u0119dnieniem deinstytucjonalizacji us\u0142ug spo\u0142ecznych oraz ekonomii spo\u0142ecznej,<\/li>\n        <li> poprawa koordynacji i integracji dzia\u0142a\u0144 na poziomie lokalnym w obszarze w\u0142\u0105czenia spo\u0142ecznego,<\/li>\n        <li> podniesienie kompetencji kadr instytucji dzia\u0142aj\u0105cych w obszarze w\u0142\u0105czenia spo\u0142ecznego, zgodnie z diagnozowanymi potrzebami i wyzwaniami identyfikowanymi w dokumentach regionalnych,<\/li>\n        <li> upowszechnienie nowych, skutecznych rozwi\u0105za\u0144 w zakresie w\u0142\u0105czenia spo\u0142ecznego.<\/li>\n      <\/ul>\n    <\/section>\n    <section class=\"u-clearfix u-white u-section-5\" id=\"sec-e1bd\">\n      <div class=\"u-palette-4-base u-shape u-shape-rectangle u-shape-1\" data-animation-name=\"\" data-animation-duration=\"0\" data-animation-delay=\"0\" data-animation-direction=\"\"><\/div>\n      <h3 class=\"u-align-left u-text u-text-1\"> Rezultaty projektu:<\/h3>\n      <p class=\"u-align-left u-large-text u-text u-text-variant u-text-2\"> Rezultatem projektu b\u0119dzie poprawa jako\u015bci oraz dost\u0119pno\u015bci us\u0142ug \nspo\u0142ecznych wraz ze zwi\u0119kszonym udzia\u0142em ekonomii spo\u0142ecznej w \n\u015bwiadczeniu tych us\u0142ug, poprzez wzmocnienie instytucji lokalnych i \nregionalnych w wojew\u00f3dztwie podlaskim oraz poprzez wsparcie gmin w \ntworzeniu Lokalnych Plan\u00f3w Rozwoju Us\u0142ug Spo\u0142ecznych (LPDI).<\/p>\n    <\/section>\n    <section class=\"u-clearfix u-white u-section-6\" id=\"sec-dafc\">\n      <div class=\"u-clearfix u-sheet u-sheet-1\">\n        <h4 class=\"u-align-left u-text u-text-1\"> Wska\u017aniki rezultatu:<\/h4>\n        <ul class=\"u-align-left u-text u-text-2\">\n          <li> liczba pracownik\u00f3w zatrudnionych w instytucjach i podmiotach \ndzia\u0142aj\u0105cych na rzecz w\u0142\u0105czenia spo\u0142ecznego, kt\u00f3rzy podnie\u015bli \nkwalifikacje \u2013 789, <\/li>\n          <li> odsetek jednostek samorz\u0105du terytorialnego, kt\u00f3re opracowa\u0142y i \nrealizuj\u0105 lokalne lub regionalne plany deinstytucjonalizacji us\u0142ug \nspo\u0142ecznych \u2013 50%. <\/li>\n        <\/ul>\n      <\/div>\n    <\/section>\n    <section class=\"u-clearfix u-white u-section-7\" id=\"sec-c983\">\n      <div class=\"u-clearfix u-sheet u-sheet-1\">\n        <h4 class=\"u-align-left u-text u-text-1\"> Wska\u017aniki produktu:<\/h4>\n        <ul class=\"u-align-left u-text u-text-2\">\n          <li> liczba pracownik\u00f3w zatrudnionych w instytucjach i podmiotach \ndzia\u0142aj\u0105cych na rzecz w\u0142\u0105czenia spo\u0142ecznego obj\u0119tych wsparciem ROPS \u2013 \n830. <\/li>\n        <\/ul>\n      <\/div>\n    <\/section>\n    <section class=\"-lg -md -xl -xs u-align-left u-clearfix u-grey-5 u-section-8\" id=\"sec-cd4e\">\n      <div class=\"u-palette-4-base u-shape u-shape-rectangle u-shape-1\" data-animation-name=\"\" data-animation-duration=\"0\" data-animation-delay=\"0\" data-animation-direction=\"\"><\/div>\n      <h3 class=\"u-align-left u-text u-text-1\"> W rama\u200bch projektu realizowane b\u0119d\u0105 nast\u0119puj\u0105ce zadania:<\/h3>\n    <\/section>\n    <section class=\"u-clearfix u-grey-5 u-section-9\" id=\"sec-54ca\">\n      <div class=\"u-clearfix u-sheet u-sheet-1\">\n        <h4 class=\"u-align-left u-text u-text-1\"> Zadanie 1:&nbsp;&nbsp;<br>Podlaskie Obserwatorium Polityki Spo\u0142ecznej \n        <\/h4>\n        <p class=\"u-align-left u-text u-text-2\"> W ramach Zadania 1. realizowane b\u0119d\u0105 nast\u0119puj\u0105ce dzia\u0142ania, m.in.: \ndiagnozowanie i monitorowanie sytuacji regionalnej w zakresie us\u0142ug \nspo\u0142ecznych, wspierania rodziny, pieczy zast\u0119pczej i adopcji, pomocy \nspo\u0142ecznej i aktywnej integracji oraz ekonomii spo\u0142ecznej, analiza \npotrzeb szkoleniowych, doradczych i innych form wsparcia podnosz\u0105cych \nkompetencje kadr, mapowanie zasob\u00f3w oraz potrzeb instytucji i podmiot\u00f3w \nlokalnych z terenu wojew\u00f3dztwa podlaskiego, internetowa platforma \n\u201eKoszyk us\u0142ug\u201d, spotkania dla JST zwi\u0105zane z tematem OZPS, zbierane b\u0119d\u0105\n dane dotycz\u0105ce sektora ES na poziomie regionalnym dotycz\u0105ce \nmonitorowania wska\u017anik\u00f3w WPRES, KPRES oraz ustawy o ekonomii spo\u0142ecznej.<\/p>\n      <\/div>\n    <\/section>\n    <section class=\"u-clearfix u-grey-5 u-section-10\" id=\"sec-22cd\">\n      <div class=\"u-clearfix u-sheet u-sheet-1\">\n        <h4 class=\"u-align-left u-text u-text-1\"> Zadanie 2:&nbsp;&nbsp;<br>Biuro planowania interwencji z zakresu polityki spo\u0142ecznej \n        <\/h4>\n        <p class=\"u-align-left u-text u-text-2\"> W ramach Zadania 2. realizowane b\u0119d\u0105 nast\u0119puj\u0105ce dzia\u0142ania, m.in.: \naktualizacja Regionalnego Planu Rozwoju Us\u0142ug Spo\u0142ecznych i \nDeinstytucjonalizacji, Wieloletniego Programu Rozwoju Ekonomii \nSpo\u0142ecznej, konsultowanie zakresu interwencji w obszarze ekonomii \nspo\u0142ecznej w programach oraz innych dokumentach, wsp\u00f3\u0142praca z MRiPS i \npozosta\u0142ymi ROPS w zakresie usp\u00f3jnienia polityk publicznych w obszarze \nekonomii spo\u0142ecznej na poziomie kraju i region\u00f3w, wsp\u00f3\u0142praca z IZ w \nzakresie ukierunkowania interwencji w konkursach i projektach \npozakonkursowych, organizacja spotka\u0144 roboczych z doradcami, organizacja\n konferencji regionalnych na temat kierunku rozwoju US i DI, budowania \n\u015bwiadomo\u015bci o roli DI, wspomagania wi\u0119zi rodzinnych, szkolenia dla IZ i \nROPS oraz innych interesariuszy projektu zajmuj\u0105cych si\u0119 planowaniem i \nukierunkowywaniem interwencji w wojew\u00f3dztwie podlaskim, organizacja \nseminari\u00f3w m. in. na temat uwzgl\u0119dniania zalece\u0144 wypracowanych w \nprojektach parasolowych MRiPS w zakresie DI oraz poprawy dost\u0119pu do \nus\u0142ug, koordynacja prac Regionalnego Komitetu Rozwoju Ekonomii \nSpo\u0142ecznej, organizacja wizyt studyjnych krajowych i zagranicznych w \nramach koordynowania regionalnej polityki spo\u0142ecznej, planowania \ninterwencji oraz stosowania dobrych praktyk, usprawnienia mechanizm\u00f3w \nkomunikacji regionalno-lokalnej i obiegu informacji.<\/p>\n      <\/div>\n    <\/section>\n    <section class=\"u-clearfix u-grey-5 u-section-11\" id=\"sec-49f0\">\n      <div class=\"u-clearfix u-sheet u-sheet-1\">\n        <h4 class=\"u-align-left u-text u-text-1\"> Zadanie 3:&nbsp;<br>Biuro Wdra\u017cania Polityki Spo\u0142ecznej\n        <\/h4>\n        <p class=\"u-align-left u-text u-text-2\"> W ramach Zadania 3. realizowane b\u0119d\u0105 nast\u0119puj\u0105ce dzia\u0142ania dotycz\u0105ce koordynacji ekonomii spo\u0142ecznej, us\u0142ug spo\u0142ecznych i wsp\u00f3\u0142pracy z jednostkami samorz\u0105du terytorialnego (JST), m.in.:  s\u0142u\u017c\u0105ce budowaniu marki ekonomii spo\u0142ecznej: certyfikowanie podmiot\u00f3w ekonomii spo\u0142ecznej Znakiem Jako\u015bci ,,Zakup Prospo\u0142eczny\u201d, Targi ekonomii spo\u0142ecznej, film promuj\u0105cy us\u0142ugi spo\u0142eczne oferowane przez przedsi\u0119biorstwa spo\u0142eczne oraz jego emisja, sesja fotograficzna, wystawa produkt\u00f3w i us\u0142ug oferowanych przez przedsi\u0119biorstwa spo\u0142eczne, wizyty studyjne dla m.in. JST, PES, OWES, ROPS, CUS, PUP, RKRES, warsztaty wyjazdowe Forum Inicjatyw Lokalnych \u2013 Przedsi\u0119biorcza Polska Wschodnia, wsp\u00f3\u0142praca z OWES, sieciowanie wsp\u00f3\u0142pracy podlaskich sieci. W ramach wsp\u00f3\u0142pracy z JST prowadzone b\u0119dzie doradztwo w ro\u017cnych obszarach, zgodnie z przeprowadzon\u0105 analiz\u0105 potrzeb doradczych, np. przy tworzeniu LPDI, w zakresie tworzenia i rozwoju CUS, skali wykorzystania aspekt\u00f3w spo\u0142ecznych, wspomagania wi\u0119zi rodzinnych, opracowywania i aktualizacji dokument\u00f3w strategicznych, organizacja spotka\u0144 w gminach\/powiatach w zakresie tworzenia LPDI. Ponadto w ramach Zadania 3 zaplanowano organizacj\u0119 1, 2, 3 i 4 \u2013 dniowych szkole\u0144 zgodnie z przeprowadzon\u0105 analiz\u0105 potrzeb szkoleniowych pracownik\u00f3w socjalnych i kadry JST, m.in.: superwizji pracy socjalnej, szkole\u0144 modu\u0142owych z ustawy CUS, szkolenia specjalizacyjne dla pracownik\u00f3w socjalnych (specjalizacja I i II stopnia), szkolenia dla kandydat\u00f3w na superwizor\u00f3w.<\/p>\n      <\/div>\n    <\/section>\n    <section class=\"-lg -md -xl -xs u-align-left u-clearfix u-section-12\" id=\"sec-1305\">\n      <div class=\"u-palette-4-base u-shape u-shape-rectangle u-shape-1\"><\/div>\n      <h3 class=\"u-align-left u-text u-text-1\"> Odbiorcy projektu:<\/h3>\n      <p class=\"u-align-left u-large-text u-text u-text-variant u-text-2\"> Wsparciem w projekcie obj\u0119te b\u0119d\u0105 podmioty w\u0142\u0105czenia spo\u0142ecznego na poziomie lokalnym i regionalnym, jak r\u00f3wnie\u017c instytucje wsp\u00f3\u0142pracuj\u0105ce z tymi podmiotami, w szczeg\u00f3lno\u015bci:<\/p>\n      <ul class=\"u-align-left u-text u-text-3\">\n        <li> samorz\u0105dy terytorialne (w tym: instytucje zarz\u0105dzaj\u0105ce regionalnymi \nprogramami) i ich jednostki organizacyjne, jako podmioty odpowiedzialne \nza organizacj\u0119 i dostarczanie us\u0142ug aktywizacyjnych i us\u0142ug spo\u0142ecznych \nna poziomie lokalnym oraz podmioty organizuj\u0105ce wspieranie rodziny, \npiecz\u0119 zast\u0119pcz\u0105 i adopcj\u0119 oraz otoczenie systemu wspierania rodziny, \npieczy zast\u0119pczej i adopcji, <\/li>\n        <li> o\u015brodki wsparcia ekonomii spo\u0142ecznej jako podmioty realizuj\u0105ce us\u0142ugi wsparcia podmiot\u00f3w ekonomii spo\u0142ecznej, <\/li>\n        <li> inne podmioty, realizuj\u0105ce dzia\u0142ania z zakresu polityki spo\u0142ecznej na \npoziomie lokalnym i regionalnym, w tym szczeg\u00f3lnie: PES i podmioty \nprywatne, kt\u00f3re realizuj\u0105 zadania w obszarze polityki spo\u0142ecznej na \nrzecz spo\u0142eczno\u015bci lokalnych, <\/li>\n        <li> organizacje pozarz\u0105dowe,<br>\n        <\/li>\n        <li> przedsi\u0119biorcy,<br>\n        <\/li>\n        <li> podmioty sektora publicznego, prywatnego i spo\u0142ecznego realizuj\u0105ce \nszeroko rozumiane zadania w obszarze polityki spo\u0142ecznej, np.: s\u0142u\u017cby \nzatrudnienia, jednostki systemu edukacji, kultury, zdrowia, szko\u0142y \nwy\u017csze, jednostki wymiaru sprawiedliwo\u015bci itd.<br>\n        <\/li>\n      <\/ul>\n    <\/section>\n    <section class=\"-lg -md -xl -xs u-align-left u-clearfix u-grey-5 u-section-13\" id=\"sec-2cf0\">\n      <div class=\"u-palette-4-base u-shape u-shape-rectangle u-shape-1\"><\/div>\n      <h3 class=\"u-align-left u-text u-text-1\"> Wsparciem obj\u0119ci zostan\u0105: <\/h3>\n      <ul class=\"u-align-left u-text u-text-2\">\n        <li> pracownicy socjalni, w tym zatrudnieni w plac\u00f3wkach ochrony zdrowia, <\/li>\n        <li>pracownicy instytucji pomocy spo\u0142ecznej oraz podmiot\u00f3w dzia\u0142aj\u0105cych na \nrzecz w\u0142\u0105czenia spo\u0142ecznego, w tym zajmuj\u0105cy si\u0119 organizacj\u0105 us\u0142ug \nspo\u0142ecznych,<br>\n        <\/li>\n        <li> pracownicy jednostek samorz\u0105du terytorialnego, w tym przedstawiciele w\u0142adz samorz\u0105dowych szczebla gminnego i powiatowego,<br>\n        <\/li>\n        <li> przedstawiciele kadr podmiot\u00f3w dzia\u0142aj\u0105cych w obszarze wspierania \nrodziny, systemu pieczy zast\u0119pczej oraz adopcji oraz jego otoczenia \n(otoczenie rozumiane jako podmioty i instytucje wsp\u00f3\u0142dzia\u0142aj\u0105ce w \npowy\u017cszym zakresie z ww. podmiotami, w\u015br\u00f3d kt\u00f3rych mo\u017cna wyr\u00f3\u017cni\u0107 \ns\u0119dzi\u00f3w, kurator\u00f3w s\u0105dowych, pedagog\u00f3w rodziny, pracownik\u00f3w ochrony \nzdrowia pracownik\u00f3w socjalnych i innych).<br>\n        <\/li>\n      <\/ul>\n    <\/section>\n    <section class=\"-lg -md -xl -xs u-align-left u-clearfix u-section-14\" id=\"sec-4fbe\">\n      <div class=\"u-palette-4-base u-shape u-shape-rectangle u-shape-1\"><\/div>\n      <h3 class=\"u-align-left u-text u-text-1\"> Okres realizacji projektu:<span style=\"font-weight: 400;\"> 01.10.2023 r. \u2013 31.12.2028 r. <\/span>\n      <\/h3>\n      <h3 class=\"u-align-left u-text u-text-2\"> Ca\u0142kowita warto\u015b\u0107 projektu: <span style=\"font-weight: 400;\">16&nbsp;607&nbsp;151,36 z\u0142<\/span>\n      <\/h3>\n      <h3 class=\"u-align-left u-text u-text-3\"> Dofinansowanie projektu z UE: <span style=\"font-weight: 400;\">13&nbsp;704&nbsp;221,30 z\u0142<\/span>\n      <\/h3>\n      <h3 class=\"u-align-left u-text u-text-4\"> Warto\u015b\u0107 dofinansowania celowego: <span style=\"font-weight: 400;\">2&nbsp;902&nbsp;930,06 z\u0142<\/span>\n      <\/h3>\n      <h4 class=\"u-align-left u-text u-text-5\"> #Fundus\u200bzeUE <\/h4>\n      <h4 class=\"u-align-left u-text u-text-6\"> #FunduszeEuropejskie<\/h4>\n    <\/section>\n    <section class=\"u-clearfix u-section-15\" id=\"sec-8d53\">\n      <div class=\"u-clearfix u-sheet u-valign-top-md u-valign-top-sm u-valign-top-xs u-sheet-1\">\n        <img decoding=\"async\" class=\"u-expanded-width u-image u-image-contain u-image-1\" src=\"https:\/\/rops-bialystok.pl\/fers\/wp-content\/uploads\/2024\/07\/PLAKAT-BIAL-UE.jpg\" data-image-width=\"1653\" data-image-height=\"1169\" alt=\"Informacja o dofinansowaniu Projektu &amp;quot;Koordynacja dzia\u0142a\u0144 w zakresie polityki spo\u0142ecznej w wojew\u00f3dztwie podlaskim&amp;quot; ze \u015brodk\u00f3w Unii Europejskiej.\">\n      <\/div>\n    <\/section>\n    <section class=\"u-clearfix u-section-16\" id=\"sec-7711\">\n      <div class=\"u-clearfix u-sheet u-sheet-1\">\n        <a href=\"\/fers\/dofinansowanie-ze-srodkow-budzetu-panstwa\/\" class=\"u-active-white u-border-7 u-border-active-custom-color-35 u-border-custom-color-33 u-border-hover-custom-color-48 u-btn u-btn-round u-button-style u-hover-custom-color-36 u-radius u-text-active-grey-75 u-text-grey-75 u-text-hover-custom-color-48 u-white u-btn-1\" data-animation-name=\"\" data-animation-duration=\"0\" data-animation-delay=\"0\" data-animation-direction=\"\"><span class=\"u-file-icon u-icon u-icon-1\"><img decoding=\"async\" src=\"https:\/\/rops-bialystok.pl\/fers\/wp-content\/uploads\/2024\/07\/znaki_strona_www.png\" alt=\"\"><\/span>\n          <br>Dofinansowanie&nbsp;ze \u015brodk\u00f3w&nbsp;<br>bud\u017cetu pa\u0144stwa \n        <\/a>\n      <\/div>\n    <\/section>\n    \n    \n    \n  \n","protected":false},"excerpt":{"rendered":"<p>Projekt \u201eKoordynacja dzia\u0142a\u0144 w zakresie polityki spo\u0142ecznej w wojew\u00f3dztwie podlaskim\u201d Projekt \u201eKoordynacja dzia\u0142a\u0144 w zakresie polityki spo\u0142ecznej w wojew\u00f3dztwie podlaskim\u201d jest realizowany w ramach Programu Fundusze Europejs\u200bkie dla Rozwoju Spo\u0142ecznego 2021-2027 (FERS),&nbsp; Dzia\u0142ania 04.13: Wysokiej jako\u015bci system w\u0142\u0105czenia spo\u0142ecznego, wsp\u00f3\u0142finansowanego ze \u015brodk\u00f3w Europejskiego Funduszu Spo\u0142ecznego Plus, w ramach typu projekt\u00f3w pn. Dzia\u0142ania ROPS w zakresie &hellip; <a href=\"https:\/\/rops-bialystok.pl\/fers\/o-projekcie\/\" class=\"more-link\">Continue reading<span class=\"screen-reader-text\"> &#8222;O Projekcie&#8221;<\/span><\/a><\/p>\n","protected":false},"author":1,"featured_media":0,"parent":0,"menu_order":4,"comment_status":"closed","ping_status":"closed","template":"","meta":{"footnotes":""},"class_list":["post-23567","page","type-page","status-publish","hentry"],"_links":{"self":[{"href":"https:\/\/rops-bialystok.pl\/fers\/wp-json\/wp\/v2\/pages\/23567","targetHints":{"allow":["GET"]}}],"collection":[{"href":"https:\/\/rops-bialystok.pl\/fers\/wp-json\/wp\/v2\/pages"}],"about":[{"href":"https:\/\/rops-bialystok.pl\/fers\/wp-json\/wp\/v2\/types\/page"}],"author":[{"embeddable":true,"href":"https:\/\/rops-bialystok.pl\/fers\/wp-json\/wp\/v2\/users\/1"}],"replies":[{"embeddable":true,"href":"https:\/\/rops-bialystok.pl\/fers\/wp-json\/wp\/v2\/comments?post=23567"}],"version-history":[{"count":8,"href":"https:\/\/rops-bialystok.pl\/fers\/wp-json\/wp\/v2\/pages\/23567\/revisions"}],"predecessor-version":[{"id":23812,"href":"https:\/\/rops-bialystok.pl\/fers\/wp-json\/wp\/v2\/pages\/23567\/revisions\/23812"}],"wp:attachment":[{"href":"https:\/\/rops-bialystok.pl\/fers\/wp-json\/wp\/v2\/media?parent=23567"}],"curies":[{"name":"wp","href":"https:\/\/api.w.org\/{rel}","templated":true}]}}