{"id":23568,"date":"2024-07-22T12:38:22","date_gmt":"2024-07-22T10:38:22","guid":{"rendered":"https:\/\/rops-bialystok.pl\/fers\/dofin-z-budz-panstwa\/"},"modified":"2024-07-30T13:13:20","modified_gmt":"2024-07-30T11:13:20","slug":"dofinansowanie-ze-srodkow-budzetu-panstwa","status":"publish","type":"page","link":"https:\/\/rops-bialystok.pl\/fers\/dofinansowanie-ze-srodkow-budzetu-panstwa\/","title":{"rendered":"Dofinansowanie ze \u015brodk\u00f3w bud\u017cetu pa\u0144stwa"},"content":{"rendered":"\n    \n    <section class=\"u-clearfix u-section-2\" id=\"sec-787a\">\n      <div class=\"u-clearfix u-sheet u-sheet-1\">\n        <div class=\"u-border-3 u-border-palette-2-light-1 u-line u-line-horizontal u-line-1\"><\/div>\n      <\/div>\n    <\/section>\n    <section class=\"-lg -md -xl -xs u-align-left u-clearfix u-section-3\" id=\"sec-4fbe\">\n      <div class=\"u-palette-2-light-1 u-shape u-shape-rectangle u-shape-1\"><\/div>\n      <div class=\"u-align-center u-clearfix u-group-elements u-group-elements-1\">\n        <h2 class=\"u-align-left u-text u-text-1\">Dofinansowano ze \u015brodk\u00f3w bud\u017cetu pa\u0144stwa<\/h2>\n        <p class=\"u-align-left u-text u-text-2\"> Program Fundusze Europejskie Rozwoju Spo\u0142ecznego 2021-2027 \u201eKoordynacja dzia\u0142a\u0144 w zakresie polityki spo\u0142ecznej w wojew\u00f3dztwie podlaskim\u201d<\/p>\n        <h3 class=\"u-align-left u-text u-text-3\"> Dofinansowanie: <span style=\"font-weight: 400;\">2&nbsp;902 930,06 z\u0142<\/span>\n        <\/h3>\n        <h3 class=\"u-align-left u-text u-text-4\"> Ca\u0142kowita warto\u015b\u0107: <span style=\"font-weight: 400;\">16 607 151,36 z\u0142<\/span>\n        <\/h3>\n        <p class=\"u-align-left u-text u-text-5\">data podpisania umowy: 16 lutego 2024 r. <\/p>\n      <\/div>\n    <\/section>\n    <section class=\"u-clearfix u-section-4\" id=\"sec-8d53\">\n      <img decoding=\"async\" class=\"u-expanded-width u-image u-image-contain u-image-1\" src=\"https:\/\/rops-bialystok.pl\/fers\/wp-content\/uploads\/2024\/07\/PLAKAT-BIAL-RP.jpg\" data-image-width=\"1169\" data-image-height=\"1654\" alt=\"Informacja o dofinansowaniu Projektu &amp;quot;Koordynacja dzia\u0142a\u0144 w zakresie polityki spo\u0142ecznej w wojew\u00f3dztwie podlaskim&amp;quot; ze \u015brodk\u00f3w Unii Europejskiej.\">\n    <\/section>\n    \n    \n    \n  \n","protected":false},"excerpt":{"rendered":"<p>Dofinansowano ze \u015brodk\u00f3w bud\u017cetu pa\u0144stwa Program Fundusze Europejskie Rozwoju Spo\u0142ecznego 2021-2027 \u201eKoordynacja dzia\u0142a\u0144 w zakresie polityki spo\u0142ecznej w wojew\u00f3dztwie podlaskim\u201d Dofinansowanie: 2&nbsp;902 930,06 z\u0142 Ca\u0142kowita warto\u015b\u0107: 16 607 151,36 z\u0142 data podpisania umowy: 16 lutego 2024 r.<\/p>\n","protected":false},"author":1,"featured_media":0,"parent":0,"menu_order":5,"comment_status":"closed","ping_status":"closed","template":"","meta":{"footnotes":""},"class_list":["post-23568","page","type-page","status-publish","hentry"],"_links":{"self":[{"href":"https:\/\/rops-bialystok.pl\/fers\/wp-json\/wp\/v2\/pages\/23568","targetHints":{"allow":["GET"]}}],"collection":[{"href":"https:\/\/rops-bialystok.pl\/fers\/wp-json\/wp\/v2\/pages"}],"about":[{"href":"https:\/\/rops-bialystok.pl\/fers\/wp-json\/wp\/v2\/types\/page"}],"author":[{"embeddable":true,"href":"https:\/\/rops-bialystok.pl\/fers\/wp-json\/wp\/v2\/users\/1"}],"replies":[{"embeddable":true,"href":"https:\/\/rops-bialystok.pl\/fers\/wp-json\/wp\/v2\/comments?post=23568"}],"version-history":[{"count":3,"href":"https:\/\/rops-bialystok.pl\/fers\/wp-json\/wp\/v2\/pages\/23568\/revisions"}],"predecessor-version":[{"id":23811,"href":"https:\/\/rops-bialystok.pl\/fers\/wp-json\/wp\/v2\/pages\/23568\/revisions\/23811"}],"wp:attachment":[{"href":"https:\/\/rops-bialystok.pl\/fers\/wp-json\/wp\/v2\/media?parent=23568"}],"curies":[{"name":"wp","href":"https:\/\/api.w.org\/{rel}","templated":true}]}}