{"id":23569,"date":"2024-07-22T12:38:23","date_gmt":"2024-07-22T10:38:23","guid":{"rendered":"https:\/\/rops-bialystok.pl\/fers\/zasoby-pes\/"},"modified":"2025-11-20T08:43:39","modified_gmt":"2025-11-20T07:43:39","slug":"zasoby-podmiotow-ekonomii-spolecznej","status":"publish","type":"page","link":"https:\/\/rops-bialystok.pl\/fers\/zasoby-podmiotow-ekonomii-spolecznej\/","title":{"rendered":"Zasoby Podmiot\u00f3w Ekonomii Spo\u0142ecznej"},"content":{"rendered":"\n    \n    <section class=\"u-clearfix u-white u-section-2\" id=\"sec-afa3\">\n      <div class=\"u-clearfix u-sheet u-sheet-1\">\n        <h2 class=\"u-text u-text-1\">Biuro Wdra\u017cania \u200bPolityki Spo\u0142ecznej<\/h2>\n        <h3 class=\"u-text u-text-2\">Ekonomia Spo\u0142eczna\u200b \/ Zasoby Podmiot\u00f3w Ekonomii Spo\u0142ecznej<\/h3>\n        <div class=\"data-layout-selected u-clearfix u-expanded-width u-gutter-30 u-layout-wrap u-layout-wrap-1\">\n          <div class=\"u-gutter-0 u-layout\">\n            <div class=\"u-layout-col\">\n              <div class=\"u-size-30\">\n                <div class=\"u-layout-row\">\n                  <div class=\"u-align-center u-container-align-center u-container-style u-layout-cell u-radius u-size-20 u-size-20-md u-white u-layout-cell-1\">\n                    <div class=\"u-container-layout u-container-layout-1\">\n                      <div class=\"u-clearfix u-custom-html u-expanded-width u-custom-html-1\">\n                        <style> \/*@media (max-width: 767px) {*\/\n    .u-section-2 .u-layout-wrap-1 {\n        \tmargin-bottom: 0;\n    \t}\n\t\/*}*\/\n\t\n\t\/*@media (max-width: 991px) {*\/\n\t\t.u-section-2 .u-custom-html,\n\t\t.u-section-2 .u-layout-cell {\n\t\t\tmin-height: auto;\n\t\t\twidth: auto;\n\t\t\t--radius: 20px;\n\t\t}\n\t\/*}*\/\n\t\n\t.u-section-2 .u-gutter-30 .u-layout {\n    \tmargin: 0;\n\t}\n\t\n\t.u-section-2 .u-sheet-1 {\n\t\tmargin-bottom: 100px;\n\t\tmin-height: auto;\n\t}\n\t\n\t.u-section-2 .u-container-layout:hover {\n        text-decoration: underline;\n\t\tbackground-color: #5e9b40;\n\t\ttransition: 0s;\n    }\n    .u-section-2 .u-container-layout:hover {\n        box-shadow: 6px 6px 22px 0 rgba(0, 0, 0, 0.5);\n        transition: 0.3s;\n    }\n    .u-section-2 .u-container-layout {\n        box-shadow: 5px 5px 15px 0 rgba(0, 0, 0, 0.2);\n        padding: 30px 20px 25px;\n\t\tbackground-color: #4c8430;\n\t\tcolor: #ffffff;\n    }\n\/*\n\t@media (min-width: 768px) and (max-width: 991px) {\n\t\t.u-section-2 .u-container-layout {\n\t\t\tpadding: 25px 5px 25px;\n\t\t}\n\t}\n*\/\n    .u-section-2 .u-container-layout:active {\n        text-decoration:none;\n    }\n\t\n\/*\n    .u-container-layout {\n        position: relative;\n        flex: 1;\n        max-width: 100%;\n        transition-duration: inherit;\n        color: \n    }\n*\/        \n    .u-section-2 .u-icon-1 {\n        height: 150px;\n        width: 150px;\n        background-image: none;\n        color: rgb(255, 255, 255) !important;\n        margin: 0 auto;\n        padding: 16px;\n    }\n\t\n\t.u-section-2 .u-custom-color-31v2 img {\n\t\tfilter: brightness(0) invert(1);\n\t}\n\t\n    u.section-2 .u-custom-color-31v2 {\n        color: #ffffff;\n    }\n\/*\n    .u-icon {\n        display: block;\n        line-height: 0;\n        border-width: 0px;\n    }\n*\/\n\t\n    .u-section-2 .u-text-3 {\n        font-size: 1.75rem;\n        text-transform: uppercase;\n        margin: 20px 0 20px 0;\n\t\tcolor: #ffffff;\n\t\tfont-weight: 700;\n    }\n\t\n\t@media (max-width: 991px) {\n\t\t.u-section-2 .u-text-3 {\n\t\t\tfont-size: 1.25rem;\n\t\t}\n\t}\n\/*\n    .u-section-2 .u-text-4 {\n        font-style: normal;\n        margin-top: 15px;\n    }\n*\/\n\t\t\t\t\t\t\t\n\t.u-section-2 .u-container-layout .u-custom-html a:hover{\n\ttext-decoration-color: #ffffff;\n} <\/style>\n                        <a href=\"\/fers\/centrum-integracji-spolecznej\/\"><!--deleted class from span \"u-icon-rounded u-block-9f6f-186 u-block-9f6f-186\"--><span class=\"u-custom-color-31v2 u-file-icon u-icon u-icon-1\" data-animation-name=\"\" data-animation-duration=\"0\" data-animation-delay=\"0\" data-animation-direction=\"\"><img decoding=\"async\" src=\"\/fers\/wp-content\/uploads\/2024\/07\/8324449.png\" alt=\"\"><\/span><!--deleted class from h4 \"u-block-9f6f-187 u-block-9f6f-187\"-->\n                          <h4 class=\"u-text u-text-3\">Centra Integracji Spo\u0142ecznej<\/h4>\n                        <\/a>\n                      <\/div>\n                    <\/div>\n                  <\/div>\n                  <div class=\"u-align-center u-container-align-center u-container-style u-layout-cell u-radius u-size-20 u-size-20-md u-white u-layout-cell-2\">\n                    <div class=\"u-container-layout u-container-layout-2\">\n                      <div class=\"u-clearfix u-custom-html u-expanded-width u-custom-html-2\">\n                        <a href=\"\/fers\/kluby-integracji-spolecznej\/\"><!--deleted class from span \"u-icon-rounded u-block-9f6f-186 u-block-9f6f-186\"--><span class=\"u-custom-color-31v2 u-file-icon u-icon u-icon-1\" data-animation-name=\"\" data-animation-duration=\"0\" data-animation-delay=\"0\" data-animation-direction=\"\"><img decoding=\"async\" src=\"\/fers\/wp-content\/uploads\/2024\/07\/9878955.png\" alt=\"\"><\/span><!--deleted class from h4 \"u-block-9f6f-187 u-block-9f6f-187\"-->\n                          <h4 class=\"u-text u-text-3\">Kluby Integracji Spo\u0142ecznej<\/h4>\n                        <\/a>\n                      <\/div>\n                    <\/div>\n                  <\/div>\n                  <div class=\"u-align-center u-container-align-center u-container-style u-layout-cell u-radius u-size-20 u-size-20-md u-white u-layout-cell-3\">\n                    <div class=\"u-container-layout u-container-layout-3\">\n                      <div class=\"u-clearfix u-custom-html u-expanded-width u-custom-html-3\">\n                        <a href=\"\/fers\/warsztaty-terapii-zajeciowej\/\"><!--deleted class from span \"u-icon-rounded u-block-9f6f-186 u-block-9f6f-186\"--><span class=\"u-custom-color-31v2 u-file-icon u-icon u-icon-1\" data-animation-name=\"\" data-animation-duration=\"0\" data-animation-delay=\"0\" data-animation-direction=\"\"><img decoding=\"async\" src=\"\/fers\/wp-content\/uploads\/2024\/07\/5957006.png\" alt=\"\"><\/span><!--deleted class from h4 \"u-block-9f6f-187 u-block-9f6f-187\"-->\n                          <h4 class=\"u-text u-text-3\">Warsztaty Terapii Zaj\u0119ciowej<\/h4>\n                        <\/a>\n                      <\/div>\n                    <\/div>\n                  <\/div>\n                <\/div>\n              <\/div>\n              <div class=\"u-size-30\">\n                <div class=\"u-layout-row\">\n                  <div class=\"u-align-center u-container-align-center u-container-style u-layout-cell u-radius u-size-20 u-size-20-md u-white u-layout-cell-4\">\n                    <div class=\"u-container-layout u-container-layout-4\">\n                      <div class=\"u-clearfix u-custom-html u-expanded-width u-custom-html-4\">\n                        <a href=\"\/fers\/zaklady-aktywnosci-zawodowej\/\"><!--deleted class from span \"u-icon-rounded u-block-9f6f-186 u-block-9f6f-186\"--><span class=\"u-custom-color-31v2 u-file-icon u-icon u-icon-1\" data-animation-name=\"\" data-animation-duration=\"0\" data-animation-delay=\"0\" data-animation-direction=\"\"><img decoding=\"async\" src=\"\/fers\/wp-content\/uploads\/2024\/07\/11719656.png\" alt=\"\"><\/span><!--deleted class from h4 \"u-block-9f6f-187 u-block-9f6f-187\"-->\n                          <h4 class=\"u-text u-text-3\">Zak\u0142ady Aktywno\u015bci Zawodowej<\/h4>\n                        <\/a>\n                      <\/div>\n                    <\/div>\n                  <\/div>\n                  <div class=\"u-align-center u-container-align-center u-container-style u-layout-cell u-radius u-size-20 u-size-20-md u-white u-layout-cell-5\">\n                    <div class=\"u-container-layout u-container-layout-5\">\n                      <div class=\"u-clearfix u-custom-html u-expanded-width u-custom-html-5\">\n                        <a href=\"\/fers\/spoldzielnia-socjalna\/\"><!--deleted class from span \"u-icon-rounded u-block-9f6f-186 u-block-9f6f-186\"--><span class=\"u-custom-color-31v2 u-file-icon u-icon u-icon-1\" data-animation-name=\"\" data-animation-duration=\"0\" data-animation-delay=\"0\" data-animation-direction=\"\"><img decoding=\"async\" src=\"\/fers\/wp-content\/uploads\/2024\/07\/4148252.png\" alt=\"\"><\/span><!--deleted class from h4 \"u-block-9f6f-187 u-block-9f6f-187\"-->\n                          <h4 class=\"u-text u-text-3\">Sp\u00f3\u0142dzielnie Socjalne<\/h4>\n                        <\/a>\n                      <\/div>\n                    <\/div>\n                  <\/div>\n                  <div class=\"u-align-center u-container-align-center u-container-style u-layout-cell u-radius u-size-20 u-size-20-md u-white u-layout-cell-6\">\n                    <div class=\"u-container-layout u-container-layout-6\">\n                      <div class=\"u-clearfix u-custom-html u-expanded-width u-custom-html-6\">\n                        <a href=\"\/fers\/kolo-gospodyn-wiejskich\/\"><!--deleted class from span \"u-icon-rounded u-block-9f6f-186 u-block-9f6f-186\"--><span class=\"u-custom-color-31v2 u-file-icon u-icon u-icon-1\" data-animation-name=\"\" data-animation-duration=\"0\" data-animation-delay=\"0\" data-animation-direction=\"\"><img decoding=\"async\" src=\"\/fers\/wp-content\/uploads\/2024\/07\/1320794.png\" alt=\"\"><\/span><!--deleted class from h4 \"u-block-9f6f-187 u-block-9f6f-187\"-->\n                          <h4 class=\"u-text u-text-3\">Ko\u0142a Gospody\u0144 Wiejskich<\/h4>\n                        <\/a>\n                      <\/div>\n                    <\/div>\n                  <\/div>\n                <\/div>\n              <\/div>\n            <\/div>\n          <\/div>\n        <\/div>\n      <\/div>\n    <\/section>\n    \n    \n    \n  \n","protected":false},"excerpt":{"rendered":"<p>Biuro Wdra\u017cania \u200bPolityki Spo\u0142ecznej Ekonomia Spo\u0142eczna\u200b \/ Zasoby Podmiot\u00f3w Ekonomii Spo\u0142ecznej Centra Integracji Spo\u0142ecznej Kluby Integracji Spo\u0142ecznej Warsztaty Terapii Zaj\u0119ciowej Zak\u0142ady Aktywno\u015bci Zawodowej Sp\u00f3\u0142dzielnie Socjalne Ko\u0142a Gospody\u0144 Wiejskich<\/p>\n","protected":false},"author":1,"featured_media":0,"parent":0,"menu_order":6,"comment_status":"closed","ping_status":"closed","template":"","meta":{"footnotes":""},"class_list":["post-23569","page","type-page","status-publish","hentry"],"_links":{"self":[{"href":"https:\/\/rops-bialystok.pl\/fers\/wp-json\/wp\/v2\/pages\/23569","targetHints":{"allow":["GET"]}}],"collection":[{"href":"https:\/\/rops-bialystok.pl\/fers\/wp-json\/wp\/v2\/pages"}],"about":[{"href":"https:\/\/rops-bialystok.pl\/fers\/wp-json\/wp\/v2\/types\/page"}],"author":[{"embeddable":true,"href":"https:\/\/rops-bialystok.pl\/fers\/wp-json\/wp\/v2\/users\/1"}],"replies":[{"embeddable":true,"href":"https:\/\/rops-bialystok.pl\/fers\/wp-json\/wp\/v2\/comments?post=23569"}],"version-history":[{"count":5,"href":"https:\/\/rops-bialystok.pl\/fers\/wp-json\/wp\/v2\/pages\/23569\/revisions"}],"predecessor-version":[{"id":24252,"href":"https:\/\/rops-bialystok.pl\/fers\/wp-json\/wp\/v2\/pages\/23569\/revisions\/24252"}],"wp:attachment":[{"href":"https:\/\/rops-bialystok.pl\/fers\/wp-json\/wp\/v2\/media?parent=23569"}],"curies":[{"name":"wp","href":"https:\/\/api.w.org\/{rel}","templated":true}]}}