{"id":23571,"date":"2024-07-22T12:38:25","date_gmt":"2024-07-22T10:38:25","guid":{"rendered":"https:\/\/rops-bialystok.pl\/fers\/kontakt\/"},"modified":"2025-07-01T12:38:56","modified_gmt":"2025-07-01T10:38:56","slug":"kontakt","status":"publish","type":"page","link":"https:\/\/rops-bialystok.pl\/fers\/kontakt\/","title":{"rendered":"Kontakt"},"content":{"rendered":"\n    \n    <section class=\"u-clearfix u-section-2\" id=\"sec-badf\">\n      <div class=\"u-clearfix u-sheet u-sheet-1\">\n        <div class=\"u-border-3 u-border-palette-4-light-1 u-line u-line-horizontal u-line-1\"><\/div>\n      <\/div>\n    <\/section>\n    <section class=\"-lg -md -xl -xs u-align-left u-clearfix u-container-align-left u-white u-section-3\" id=\"sec-d275\">\n      <div class=\"u-palette-4-base u-shape u-shape-rectangle u-shape-1\"><\/div>\n      <h2 class=\"u-align-left u-text u-text-1\">Kont\u200bakt<\/h2>\n    <\/section>\n    <section class=\"u-clearfix u-section-4\" id=\"sec-4dea\">\n      <div class=\"u-clearfix u-sheet u-sheet-1\">\n        <h3 class=\"u-text u-text-1\"> Regionalny O\u015brodek Polityki Spo\u0142eczne\u200bj w Bia\u0142ymstoku<\/h3>\n      <\/div>\n    <\/section>\n    <section class=\"u-clearfix u-section-5\" id=\"carousel_3db6\">\n      <div class=\"u-clearfix u-sheet u-sheet-1\">\n        <div class=\"custom-expanded data-layout-selected u-clearfix u-layout-wrap u-layout-wrap-1\">\n          <div class=\"u-gutter-0 u-layout\">\n            <div class=\"u-layout-col\">\n              <div class=\"u-size-30\">\n                <div class=\"u-layout-row\">\n                  <div class=\"u-container-style u-layout-cell u-shape-rectangle u-size-25-md u-size-25-sm u-size-25-xs u-size-30-lg u-size-30-xl u-size-30-xxl u-layout-cell-1\">\n                    <div class=\"u-container-layout u-container-layout-1\">\n                      <div class=\"u-align-center u-clearfix u-group-elements u-group-elements-1\">\n                        <h4 class=\"u-align-left u-text u-text-1\">Biuro Projektu<\/h4>\n                        <p class=\"u-align-left u-custom-font u-font-open-sans u-text u-text-2\"> ul. gen. George\u2019a Smitha Pattona 8<br>15-688 Bi\u200ba\u0142ystok<br>\n                        <\/p>\n                      <\/div>\n                    <\/div>\n                  <\/div>\n                  <div class=\"u-container-style u-layout-cell u-shape-rectangle u-size-30-lg u-size-30-xl u-size-30-xxl u-size-35-md u-size-35-sm u-size-35-xs u-layout-cell-2\">\n                    <div class=\"u-container-layout u-container-layout-2\">\n                      <div class=\"custom-expanded u-clearfix u-group-elements u-group-elements-2\">\n                        <h4 class=\"u-align-left u-text u-text-3\">Dane tel\u200beadresowe<\/h4>\n                        <p class=\"u-align-left u-text u-text-4\">\n                          <a class=\"u-active-none u-border-1 u-border-active-white u-border-hover-custom-color-45 u-border-no-left u-border-no-right u-border-no-top u-btn u-button-link u-button-style u-hover-none u-none u-text-active-custom-color-43 u-text-custom-color-43 u-text-hover-custom-color-45 u-btn-1\" href=\"mailto:fers@rops-bialystok.pl\"><span class=\"u-file-icon u-icon u-icon-1\"><img decoding=\"async\" src=\"https:\/\/rops-bialystok.pl\/fers\/wp-content\/uploads\/2024\/07\/646094.png\" alt=\"\"><\/span> fers@rops-bialystok.pl \n                          <\/a>\n                        <\/p>\n                        <p class=\"u-align-left u-text u-text-5\">\n                          <a class=\"u-active-none u-border-1 u-border-active-white u-border-hover-custom-color-45 u-border-no-left u-border-no-right u-border-no-top u-btn u-button-link u-button-style u-hover-none u-none u-text-active-custom-color-43 u-text-custom-color-43 u-text-hover-custom-color-45 u-btn-2\" href=\"tel:857447272\"><span class=\"u-file-icon u-icon u-icon-2\"><img decoding=\"async\" src=\"https:\/\/rops-bialystok.pl\/fers\/wp-content\/uploads\/2024\/07\/3178167.png\" alt=\"\"><\/span> 85 744 72 72 \n                          <\/a>\n                        <\/p>\n                        <p class=\"u-align-left u-text u-text-6\">\n                          <a class=\"u-active-none u-border-1 u-border-active-white u-border-hover-custom-color-45 u-border-no-left u-border-no-right u-border-no-top u-btn u-button-link u-button-style u-hover-none u-none u-text-active-custom-color-43 u-text-custom-color-43 u-text-hover-custom-color-45 u-btn-3\" href=\"https:\/\/rops-bialystok.pl\/fers\/\"><span class=\"u-file-icon u-icon u-icon-3\"><img decoding=\"async\" src=\"https:\/\/rops-bialystok.pl\/fers\/wp-content\/uploads\/2024\/07\/1006771.png\" alt=\"\"><\/span> https:\/\/rops-bialystok.pl\/fers\/ \n                          <\/a>\n                        <\/p>\n                        <p class=\"u-align-left u-text u-text-7\">\n                          <a class=\"u-active-none u-border-1 u-border-active-white u-border-hover-custom-color-45 u-border-no-left u-border-no-right u-border-no-top u-btn u-button-link u-button-style u-hover-none u-none u-text-active-custom-color-43 u-text-custom-color-43 u-text-hover-custom-color-45 u-btn-4\" href=\"https:\/\/www.facebook.com\/koordynacja.podlaskie\/\"><span class=\"u-file-icon u-icon u-icon-4\"><img decoding=\"async\" src=\"https:\/\/rops-bialystok.pl\/fers\/wp-content\/uploads\/2024\/07\/3932196.png\" alt=\"\"><\/span> https:\/\/www.facebook.com\/koordynacja.podlaskie\/ \n                          <\/a>\n                        <\/p>\n                      <\/div>\n                    <\/div>\n                  <\/div>\n                <\/div>\n              <\/div>\n              <div class=\"u-size-30\">\n                <div class=\"u-layout-row\">\n                  <div class=\"u-container-style u-layout-cell u-size-60 u-layout-cell-3\">\n                    <div class=\"u-container-layout u-container-layout-3\">\n                      <div class=\"u-absolute-hcenter-lg u-absolute-hcenter-md u-absolute-hcenter-xl u-absolute-hcenter-xxl u-expanded-height-lg u-expanded-height-md u-expanded-height-xl u-expanded-height-xxl u-expanded-width-sm u-expanded-width-xs u-grey-light-2 u-map u-map-1\">\n                        <div class=\"embed-responsive\">\n                          <iframe class=\"embed-responsive-item\" src=\"https:\/\/www.google.com\/maps\/embed?pb=!1m18!1m12!1m3!1d2392.3167031340586!2d23.0863016!3d53.158356600000005!2m3!1f0!2f0!3f0!3m2!1i1024!2i768!4f13.1!3m3!1m2!1s0x471ffd781efeffc5%3A0x3893e9dc10541d73!2sRegionalny%20O%C5%9Brodek%20Polityki%20Spo%C5%82ecznej!5e0!3m2!1spl!2spl!4v1715946712015!5m2!1spl!2spl\" data-map=\"JTdCJTIycG9zaXRpb25UeXBlJTIyJTNBJTIybWFwLWVtYmVkJTIyJTJDJTIyYWRkcmVzcyUyMiUzQSUyMlBhdHRvbmElMjA4JTJDJTIwQmlhJUM1JTgyeXN0b2slMjIlMkMlMjJ6b29tJTIyJTNBMTYlMkMlMjJ0eXBlSWQlMjIlM0ElMjJyb2FkJTIyJTJDJTIybGFuZyUyMiUzQW51bGwlMkMlMjJhcGlLZXklMjIlM0FudWxsJTJDJTIybWFya2VycyUyMiUzQSU1QiU1RCUyQyUyMmVtYmVkJTIyJTNBJTIyaHR0cHMlM0ElMkYlMkZ3d3cuZ29vZ2xlLmNvbSUyRm1hcHMlMkZlbWJlZCUzRnBiJTNEITFtMTghMW0xMiExbTMhMWQyMzkyLjMxNjcwMzEzNDA1ODYhMmQyMy4wODYzMDE2ITNkNTMuMTU4MzU2NjAwMDAwMDA1ITJtMyExZjAhMmYwITNmMCEzbTIhMWkxMDI0ITJpNzY4ITRmMTMuMSEzbTMhMW0yITFzMHg0NzFmZmQ3ODFlZmVmZmM1JTI1M0EweDM4OTNlOWRjMTA1NDFkNzMhMnNSZWdpb25hbG55JTI1MjBPJTI1QzUlMjU5QnJvZGVrJTI1MjBQb2xpdHlraSUyNTIwU3BvJTI1QzUlMjU4MmVjem5laiE1ZTAhM20yITFzcGwhMnNwbCE0djE3MTU5NDY3MTIwMTUhNW0yITFzcGwhMnNwbCUyMiU3RA==\"><\/iframe>\n                        <\/div>\n                      <\/div>\n                    <\/div>\n                  <\/div>\n                <\/div>\n              <\/div>\n            <\/div>\n          <\/div>\n        <\/div>\n        <div class=\"data-layout-selected u-clearfix u-expanded-width u-layout-wrap u-layout-wrap-2\">\n          <div class=\"u-layout\">\n            <div class=\"u-layout-row\">\n              <div class=\"u-container-style u-layout-cell u-size-20 u-layout-cell-4\">\n                <div class=\"u-container-layout u-container-layout-4\">\n                  <p class=\"u-text u-text-8\"><b>Podlaskie Obserwatorium Polityki Spo\u0142ecznej<\/b>\n                    <br>pok\u00f3j nr 106&nbsp;<br>tel. 85 744 22 15&nbsp;<br>pok\u00f3j nr 107A&nbsp;<br>tel. 85 744 73 34\n                  <\/p>\n                <\/div>\n              <\/div>\n              <div class=\"u-container-style u-layout-cell u-size-20 u-layout-cell-5\">\n                <div class=\"u-container-layout u-container-layout-5\">\n                  <p class=\"u-text u-text-9\"><b>Biuro Planowania interwencji z zakresu polityki spo\u0142ecznej<\/b>\n                    <br>pok\u00f3j nr 107A&nbsp;<br>tel. 85 744 73 34&nbsp;<br>pok\u00f3j nr 107B&nbsp;<br>tel. 85 744 72 75\n                  <\/p>\n                <\/div>\n              <\/div>\n              <div class=\"u-container-style u-layout-cell u-size-20 u-layout-cell-6\">\n                <div class=\"u-container-layout u-container-layout-6\">\n                  <p class=\"u-text u-text-10\"><b>Biuro Wdra\u017cania Polityki Spo\u0142ecznej<\/b>\n                    <br>Ekonomia Spo\u0142eczna:&nbsp;<br>pok\u00f3j nr 107B&nbsp;<br>tel. 85\n      744 72 75&nbsp;<br>Szkolenia:<br>pok\u00f3j nr 107&nbsp;<br>tel. 85 744 73 32<br>\n                  <\/p>\n                <\/div>\n              <\/div>\n            <\/div>\n          <\/div>\n        <\/div>\n      <\/div>\n    <\/section>\n    \n    \n    \n  \n","protected":false},"excerpt":{"rendered":"<p>Kont\u200bakt Regionalny O\u015brodek Polityki Spo\u0142eczne\u200bj w Bia\u0142ymstoku Biuro Projektu ul. gen. George\u2019a Smitha Pattona 815-688 Bi\u200ba\u0142ystok Dane tel\u200beadresowe fers@rops-bialystok.pl 85 744 72 72 https:\/\/rops-bialystok.pl\/fers\/ https:\/\/www.facebook.com\/koordynacja.podlaskie\/ Podlaskie Obserwatorium Polityki Spo\u0142ecznej pok\u00f3j nr 106&nbsp;tel. 85 744 22 15&nbsp;pok\u00f3j nr 107A&nbsp;tel. 85 744 73 34 Biuro Planowania interwencji z zakresu polityki spo\u0142ecznej pok\u00f3j nr 107A&nbsp;tel. 85 744 73 &hellip; <a href=\"https:\/\/rops-bialystok.pl\/fers\/kontakt\/\" class=\"more-link\">Continue reading<span class=\"screen-reader-text\"> &#8222;Kontakt&#8221;<\/span><\/a><\/p>\n","protected":false},"author":1,"featured_media":0,"parent":0,"menu_order":8,"comment_status":"closed","ping_status":"closed","template":"","meta":{"footnotes":""},"class_list":["post-23571","page","type-page","status-publish","hentry"],"_links":{"self":[{"href":"https:\/\/rops-bialystok.pl\/fers\/wp-json\/wp\/v2\/pages\/23571","targetHints":{"allow":["GET"]}}],"collection":[{"href":"https:\/\/rops-bialystok.pl\/fers\/wp-json\/wp\/v2\/pages"}],"about":[{"href":"https:\/\/rops-bialystok.pl\/fers\/wp-json\/wp\/v2\/types\/page"}],"author":[{"embeddable":true,"href":"https:\/\/rops-bialystok.pl\/fers\/wp-json\/wp\/v2\/users\/1"}],"replies":[{"embeddable":true,"href":"https:\/\/rops-bialystok.pl\/fers\/wp-json\/wp\/v2\/comments?post=23571"}],"version-history":[{"count":3,"href":"https:\/\/rops-bialystok.pl\/fers\/wp-json\/wp\/v2\/pages\/23571\/revisions"}],"predecessor-version":[{"id":23668,"href":"https:\/\/rops-bialystok.pl\/fers\/wp-json\/wp\/v2\/pages\/23571\/revisions\/23668"}],"wp:attachment":[{"href":"https:\/\/rops-bialystok.pl\/fers\/wp-json\/wp\/v2\/media?parent=23571"}],"curies":[{"name":"wp","href":"https:\/\/api.w.org\/{rel}","templated":true}]}}