{"id":23572,"date":"2024-07-22T12:38:26","date_gmt":"2024-07-22T10:38:26","guid":{"rendered":"https:\/\/rops-bialystok.pl\/fers\/klauz-inf-proj-rops\/"},"modified":"2024-12-05T15:26:07","modified_gmt":"2024-12-05T14:26:07","slug":"klauzula-informacyjna-rops","status":"publish","type":"page","link":"https:\/\/rops-bialystok.pl\/fers\/klauzula-informacyjna-rops\/","title":{"rendered":"Klauzula informacyjna ROPS"},"content":{"rendered":"\n    \n    <section class=\"u-clearfix u-section-2\" id=\"sec-787a\">\n      <div class=\"u-clearfix u-sheet u-sheet-1\">\n        <div class=\"u-border-3 u-border-palette-4-light-1 u-line u-line-horizontal u-line-1\"><\/div>\n      <\/div>\n    <\/section>\n    <section class=\"-lg -md -xl -xs u-align-left u-clearfix u-container-align-left u-white u-section-3\" id=\"sec-a007\">\n      <div class=\"u-palette-4-base u-shape u-shape-rectangle u-shape-1\"><\/div>\n      <h2 class=\"u-align-left u-text u-text-1\">Klauzula informacyjna Regionalnego O\u015brodka Polityki Spo\u0142ecznej w Bia\u0142ymstoku<\/h2>\n      <div class=\"custom-expanded u-clearfix u-custom-html u-custom-html-1\">\n        <style> @media (min-width: 768px) {\n\t\t.p_klauz_sec_1 {\n\t\t\tfont-size: 1.25rem;\n\t\t}\n\t} <\/style>\n        <p class=\"p_klauz_sec_1\">Zgodnie z art. 13 i 14 Rozporz\u0105dzenia Parlamentu Europejskiego i Rady (UE) Nr 2016\/679 z dnia 27 kwietnia 2016 r. w sprawie ochrony os\u00f3b fizycznych w zwi\u0105zku z przetwarzaniem danych osobowych i w sprawie swobodnego przep\u0142ywu takich danych oraz uchylenia dyrektywy 95\/46\/WE (og\u00f3lne rozporz\u0105dzenie o ochronie danych), zwanego dalej RODO, informujemy o zasadach przetwarzania Pa\u0144stwa danych osobowych:<\/p>\n      <\/div>\n    <\/section>\n    <section class=\"u-clearfix u-section-4\" id=\"sec-726b\">\n      <div class=\"u-clearfix u-sheet u-sheet-1\">\n        <div class=\"custom-expanded u-clearfix u-custom-html u-custom-html-1\">\n          <ol type=\"I\">\n            <li>\n              <strong>Odr\u0119bnym Administratorem Pa\u0144stwa danych<\/strong> jest Regionalny O\u015brodek Polityki Spo\u0142ecznej w\n        Bia\u0142ymstoku, ul. gen. George\u2019a Smitha Pattona 8, 15-688 Bia\u0142ystok (dalej: \u201eROPS\u201d). \n            <\/li>\n            <li>\n              <strong>Dane kontaktowe Inspektora Ochrony Danych<\/strong>: <a href=\"mailto:iod@rops-bialystok.pl\">iod@rops-bialystok.pl<\/a>. \n            <\/li>\n            <li>\n              <strong>Cel przetwarzania danych <\/strong>\n              <br> Dane osobowe b\u0119d\u0105 przetwarzane w zwi\u0105zku z realizacj\u0105 Projektu pn. \u201eKoordynacja dzia\u0142a\u0144 w zakresie polityki spo\u0142ecznej w wojew\u00f3dztwie podlaskim\u201d, w szczeg\u00f3lno\u015bci w celu monitorowania, sprawozdawczo\u015bci, komunikacji, \t\t\t\tpublikacji, ewaluacji, zarz\u0105dzania finansowego, weryfikacji i audyt\u00f3w oraz do cel\u00f3w okre\u015blania kwalifikowalno\u015bci uczestnik\u00f3w. Podanie danych jest dobrowolne, ale konieczne do realizacji wy\u017cej wymienionego celu. Odmowa ich \t\t\t\tpodania jest r\u00f3wnoznaczna z brakiem mo\u017cliwo\u015bci podj\u0119cia stosownych dzia\u0142a\u0144. \n            <\/li>\n            <li>\n              <strong>Podstawa przetwarzania <\/strong>\n              <br> Przetwarzanie Pana\/Pani danych osobowych jest zgodne z prawem i odbywa si\u0119 na podstawie<a href=\"#_ftn1\" name=\"_ftnref1\">[1]<\/a>: <ol>\n                <li>art. 6 ust. 1 lit. c RODO i art. 9 ust. 2 lit. g RODO \u2013 w celu realizacji przez Administratora zada\u0144\n                finansowanych ze \u015brodk\u00f3w europejskich, w tym potwierdzenia kwalifikowalno\u015bci wydatk\u00f3w, udzielenia\n                wsparcia, monitoringu, kontroli, audytu i sprawozdawczo\u015bci oraz dzia\u0142a\u0144 informacyjno-promocyjnych,\n                realizacji innych zada\u0144 wynikaj\u0105cych z przepis\u00f3w prawa w tym w zakresie zam\u00f3wie\u0144 publicznych, a tak\u017ce w\n                celu ustalenia, dochodzenia roszcze\u0144 lub obrony przed roszczeniami zwi\u0105zanymi z zawart\u0105 umow\u0105 oraz\n                wype\u0142nienia obowi\u0105zk\u00f3w zwi\u0105zanych z archiwizowaniem dokument\u00f3w, na podstawie: <ol type=\"a\">\n                    <li>rozporz\u0105dzenia Parlamentu Europejskiego i Rady (UE) 2021\/1060 z dnia 24 czerwca 2021 r.;<\/li>\n                    <li>rozporz\u0105dzenia Parlamentu Europejskiego i Rady (UE) 2021\/1057 z dnia 24 czerwca 2021 r.;<\/li>\n                    <li>ustawy z dnia 28 kwietnia 2022 r. o zasadach realizacji zada\u0144 finansowanych ze \u015brodk\u00f3w\n                        europejskich w perspektywie finansowej 2021\u20132027;<\/li>\n                    <li>ustawy z dnia 27 sierpnia 2009 r o finansach publicznych;<\/li>\n                    <li>ustawy z dnia 11 wrze\u015bnia 2019 r. Prawo zam\u00f3wie\u0144 publicznych.<\/li>\n                  <\/ol>\n                <\/li>\n                <li>art. 6 ust. 1 lit. b RODO - w celu przygotowania, zawarcia i wykonania umowy, kt\u00f3rej stron\u0105 jest osoba,\n                kt\u00f3rej dane dotycz\u0105.<\/li>\n              <\/ol>\n            <\/li>\n            <li>\n              <strong>Spos\u00f3b pozyskiwania danych <\/strong>\n              <br> Dane pozyskujemy bezpo\u015brednio od os\u00f3b, kt\u00f3rych one dotycz\u0105, albo od instytucji i podmiot\u00f3w zaanga\u017cowanych w realizacj\u0119 Projektu pn. \u201eKoordynacja dzia\u0142a\u0144 w zakresie polityki spo\u0142ecznej                          w \t\t\t\t\t\twojew\u00f3dztwie podlaskim\u201d \n            <\/li>\n            <li>\n              <strong>Dost\u0119p do danych osobowych <\/strong>\n              <br> Dane osobowe b\u0119d\u0105 przechowywane przez okres niezb\u0119dny do realizacji celu dla jakiego zosta\u0142y zebrane, a\n        nast\u0119pnie archiwizowane przez okres 5 lat od dnia 31 grudnia roku, w kt\u00f3rym zostanie zatwierdzony ko\u0144cowy\n        wniosek o p\u0142atno\u015b\u0107 Projektu. \n            <\/li>\n            <li>\n              <strong>Okres przechowywania danych <\/strong>\n              <br> Dane osobowe b\u0119d\u0105 przechowywane przez okres niezb\u0119dny do realizacji celu dla jakiego zosta\u0142y zebrane, a\n        nast\u0119pnie archiwizowane przez okres wynikaj\u0105cy z instrukcji kancelaryjnej. \n            <\/li>\n            <li>\n              <strong>Prawa os\u00f3b, kt\u00f3rych dane dotycz\u0105 <\/strong>\n              <br> Przys\u0142uguj\u0105 Pa\u0144stwu nast\u0119puj\u0105ce prawa: <ol>\n                <li>prawo dost\u0119pu do swoich danych oraz otrzymania ich kopii (art. 15 RODO);<\/li>\n                <li>prawo do sprostowania swoich danych (art. 16 RODO);<\/li>\n                <li>prawo do usuni\u0119cia swoich danych (art. 17 RODO) - je\u015bli nie zaistnia\u0142y okoliczno\u015bci, o kt\u00f3rych mowa w\n                art. 17 ust. 3 RODO;<\/li>\n                <li>prawo do \u017c\u0105dania od administratora ograniczenia przetwarzania swoich danych (art. 18 RODO),;<\/li>\n                <li>prawo do przenoszenia swoich danych (art. 20 RODO) - je\u015bli przetwarzanie odbywa si\u0119 na podstawie umowy:\n                w celu jej zawarcia lub realizacji (w my\u015bl art. 6 ust. 1 lit. b RODO) oraz w spos\u00f3b zautomatyzowany<a href=\"#_ftn2\" name=\"_ftnref2\">[2]<\/a>; \n                <\/li>\n                <li>prawo wniesienia skargi do organu nadzorczego Prezesa Urz\u0119du Ochrony Danych Osobowych (art. 77 RODO) - w\n                przypadku, gdy osoba uzna, i\u017c przetwarzanie jej danych osobowych narusza przepisy RODO lub inne krajowe\n                przepisy reguluj\u0105ce kwesti\u0119 ochrony danych osobowych, obowi\u0105zuj\u0105ce w Polsce.<\/li>\n              <\/ol>\n            <\/li>\n            <li>\n              <strong>Zautomatyzowane podejmowanie decyzji <\/strong>\n              <br> Dane osobowe nie b\u0119d\u0105 podlega\u0142y zautomatyzowanemu podejmowaniu decyzji, w tym profilowaniu. \n            <\/li>\n            <li>\n              <strong>Przekazywanie danych do pa\u0144stwa trzeciego <\/strong>\n              <br> Pa\u0144stwa dane osobowe nie b\u0119d\u0105 przekazywane do pa\u0144stwa trzeciego. \n            <\/li>\n          <\/ol> &nbsp; <hr>\n          <a href=\"#_ftnref1\" name=\"_ftn1\">[1]<\/a>Automatyzacja procesu przetwarzania danych osobowych oznacza, \u017ce dane te s\u0105\n\t\t\t\tzapisane na dysku komputera <br>\n          <a href=\"#_ftnref2\" name=\"_ftn2\">[2]<\/a>Automatyzacja procesu przetwarzania danych osobowych oznacza, \u017ce dane te s\u0105\nzapisane na dysku komputera \n        <\/div>\n      <\/div>\n    <\/section>\n    \n    \n    \n  \n","protected":false},"excerpt":{"rendered":"<p>Klauzula informacyjna Regionalnego O\u015brodka Polityki Spo\u0142ecznej w Bia\u0142ymstoku Zgodnie z art. 13 i 14 Rozporz\u0105dzenia Parlamentu Europejskiego i Rady (UE) Nr 2016\/679 z dnia 27 kwietnia 2016 r. w sprawie ochrony os\u00f3b fizycznych w zwi\u0105zku z przetwarzaniem danych osobowych i w sprawie swobodnego przep\u0142ywu takich danych oraz uchylenia dyrektywy 95\/46\/WE (og\u00f3lne rozporz\u0105dzenie o ochronie danych), &hellip; <a href=\"https:\/\/rops-bialystok.pl\/fers\/klauzula-informacyjna-rops\/\" class=\"more-link\">Continue reading<span class=\"screen-reader-text\"> &#8222;Klauzula informacyjna ROPS&#8221;<\/span><\/a><\/p>\n","protected":false},"author":1,"featured_media":0,"parent":0,"menu_order":9,"comment_status":"closed","ping_status":"closed","template":"","meta":{"footnotes":""},"class_list":["post-23572","page","type-page","status-publish","hentry"],"_links":{"self":[{"href":"https:\/\/rops-bialystok.pl\/fers\/wp-json\/wp\/v2\/pages\/23572","targetHints":{"allow":["GET"]}}],"collection":[{"href":"https:\/\/rops-bialystok.pl\/fers\/wp-json\/wp\/v2\/pages"}],"about":[{"href":"https:\/\/rops-bialystok.pl\/fers\/wp-json\/wp\/v2\/types\/page"}],"author":[{"embeddable":true,"href":"https:\/\/rops-bialystok.pl\/fers\/wp-json\/wp\/v2\/users\/1"}],"replies":[{"embeddable":true,"href":"https:\/\/rops-bialystok.pl\/fers\/wp-json\/wp\/v2\/comments?post=23572"}],"version-history":[{"count":7,"href":"https:\/\/rops-bialystok.pl\/fers\/wp-json\/wp\/v2\/pages\/23572\/revisions"}],"predecessor-version":[{"id":24452,"href":"https:\/\/rops-bialystok.pl\/fers\/wp-json\/wp\/v2\/pages\/23572\/revisions\/24452"}],"wp:attachment":[{"href":"https:\/\/rops-bialystok.pl\/fers\/wp-json\/wp\/v2\/media?parent=23572"}],"curies":[{"name":"wp","href":"https:\/\/api.w.org\/{rel}","templated":true}]}}