{"id":23931,"date":"2024-08-06T14:47:26","date_gmt":"2024-08-06T12:47:26","guid":{"rendered":"https:\/\/rops-bialystok.pl\/fers\/?page_id=23931"},"modified":"2024-08-08T13:22:47","modified_gmt":"2024-08-08T11:22:47","slug":"aktualnosci","status":"publish","type":"page","link":"https:\/\/rops-bialystok.pl\/fers\/aktualnosci\/","title":{"rendered":"Aktualno\u015bci"},"content":{"rendered":"<style>.wp-show-posts-columns#wpsp-23926 {margin-left: -2em; }.wp-show-posts-columns#wpsp-23926 .wp-show-posts-inner {margin: 0 0 2em 2em; }<\/style><section id=\"wpsp-23926\" class=\" wp-show-posts\" style=\"\"><article class=\" wp-show-posts-single wpsp-clearfix post-27052 post type-post status-publish format-standard hentry category-aktualnosci category-programowanie_ppizps\" itemtype=\"http:\/\/schema.org\/CreativeWork\" itemscope><div class=\"wp-show-posts-inner\" style=\"\"><!--MY EDIT\n\t\t\t\t\t\t<header class=\"wp-show-posts-entry-header\">\n-->\n\t\t\t\t\t\t\t<h3 class=\"wp-show-posts-entry-title\" itemprop=\"headline\"><a href=\"https:\/\/rops-bialystok.pl\/fers\/2026\/05\/08\/nabor-kandydatow-na-czlonkow-regionalnego-komitetu-rozwoju-ekonomii-spolecznej-w-wojewodztwie-podlaskim-rkres-na-lata-2026-2029\/\" rel=\"bookmark\">Nab\u00f3r kandydat\u00f3w na cz\u0142onk\u00f3w Regionalnego Komitetu Rozwoju Ekonomii Spo\u0142ecznej w Wojew\u00f3dztwie Podlaskim (RKRES) na lata 2026-2029<\/a><\/h3><div class=\"wp-show-posts-entry-meta wp-show-posts-entry-meta-below-title post-meta-inline\"><span class=\"wp-show-posts-posted-on wp-show-posts-meta\">\n\t\t\t\t\t<time class=\"wp-show-posts-entry-date published\" datetime=\"2026-05-08T11:34:21+02:00\" itemprop=\"datePublished\">2026-05-08<\/time>\n\t\t\t\t<\/span><\/div><!--MY EDIT\n\t\t\t\t\t\t<\/header>\n-->\n\t\t\t\t\t\t<!-- .entry-header -->\n<!--\n-->\n\t\t\t\t\t\t\t\t\t\t\t<div class=\"wp-show-posts-entry-summary\" itemprop=\"text\">\n\t\t\t\t\t\t\t<p>W zwi\u0105zku z up\u0142ywem kadencji Regionalnego Komitetu Rozwoju Ekonomii Spo\u0142ecznej w Wojew\u00f3dztwie Podlaskim (RKRES) na lata 2023\u20132026, Regionalny O\u015brodek Polityki Spo\u0142ecznej w Bia\u0142ymstoku og\u0142asza nab\u00f3r kandydat\u00f3w na cz\u0142onk\u00f3w Komitetu na kadencj\u0119 2026\u20132029. Do zada\u0144 Regionalnego Komitetu Rozwoju Ekonomii Spo\u0142ecznej w Wojew\u00f3dztwie Podlaskim nale\u017cy: przedstawienie opinii o Wieloletnim Programie Rozwoju Ekonomii Spo\u0142ecznej w\u00a0wojew\u00f3dztwie podlaskim oraz o projektach uchwa\u0142 organ\u00f3w samorz\u0105du wojew\u00f3dztwa,&#8230;<\/p>\n\t\t\t\t\t\t<\/div><!-- .entry-summary -->\n\t\t\t\t\t<\/div><!-- wp-show-posts-inner --><div class=\"wpsp-clear\"><\/div><\/article><article class=\" wp-show-posts-single wpsp-clearfix post-27030 post type-post status-publish format-standard hentry category-aktualnosci\" itemtype=\"http:\/\/schema.org\/CreativeWork\" itemscope><div class=\"wp-show-posts-inner\" style=\"\"><!--MY EDIT\n\t\t\t\t\t\t<header class=\"wp-show-posts-entry-header\">\n-->\n\t\t\t\t\t\t\t<h3 class=\"wp-show-posts-entry-title\" itemprop=\"headline\"><a href=\"https:\/\/rops-bialystok.pl\/fers\/2026\/04\/29\/zaproszenie-na-wizyte-studyjna-do-wojewodztwa-pomorskiego-19-22-maja-2026-r\/\" rel=\"bookmark\">Zaproszenie na wizyt\u0119 studyjn\u0105 do wojew\u00f3dztwa pomorskiego  (19\u201322 maja 2026 r.)<\/a><\/h3><div class=\"wp-show-posts-entry-meta wp-show-posts-entry-meta-below-title post-meta-inline\"><span class=\"wp-show-posts-posted-on wp-show-posts-meta\">\n\t\t\t\t\t<time class=\"wp-show-posts-entry-date published\" datetime=\"2026-04-29T14:37:52+02:00\" itemprop=\"datePublished\">2026-04-29<\/time>\n\t\t\t\t<\/span><\/div><!--MY EDIT\n\t\t\t\t\t\t<\/header>\n-->\n\t\t\t\t\t\t<!-- .entry-header -->\n<!--\n-->\n\t\t\t\t\t\t\t\t\t\t\t<div class=\"wp-show-posts-entry-summary\" itemprop=\"text\">\n\t\t\t\t\t\t\t<p>Regionalny O\u015brodek Polityki Spo\u0142ecznej w Bia\u0142ymstoku zaprasza pracownik\u00f3w o\u015brodk\u00f3w wsparcia ekonomii spo\u0142ecznej w tym r\u00f3wnie\u017c przedstawicieli podmiot\u00f3w ekonomii spo\u0142ecznej, jednostek samorz\u0105du terytorialnego w tym centr\u00f3w us\u0142ug spo\u0142ecznych i powiatowych urz\u0119d\u00f3w pracy oraz Regionalnego O\u015brodka Polityki Spo\u0142ecznej w Bia\u0142ymstoku do udzia\u0142u w czterodniowej wizycie studyjnej do wojew\u00f3dztwa pomorskiego. Uczestnikom zapewniony zostanie bezp\u0142atny transport w obie strony, zakwaterowanie w Hotelu Zatoka ul&#8230;.<\/p>\n\t\t\t\t\t\t<\/div><!-- .entry-summary -->\n\t\t\t\t\t<\/div><!-- wp-show-posts-inner --><div class=\"wpsp-clear\"><\/div><\/article><article class=\" wp-show-posts-single wpsp-clearfix post-26999 post type-post status-publish format-standard hentry category-aktualnosci category-aktualnosci_es category-wpisy_fers\" itemtype=\"http:\/\/schema.org\/CreativeWork\" itemscope><div class=\"wp-show-posts-inner\" style=\"\"><!--MY EDIT\n\t\t\t\t\t\t<header class=\"wp-show-posts-entry-header\">\n-->\n\t\t\t\t\t\t\t<h3 class=\"wp-show-posts-entry-title\" itemprop=\"headline\"><a href=\"https:\/\/rops-bialystok.pl\/fers\/2026\/04\/28\/wizyta-studyjna-do-subregionu-bielskiego\/\" rel=\"bookmark\">Wizyta studyjna do subregionu bielskiego<\/a><\/h3><div class=\"wp-show-posts-entry-meta wp-show-posts-entry-meta-below-title post-meta-inline\"><span class=\"wp-show-posts-posted-on wp-show-posts-meta\">\n\t\t\t\t\t<time class=\"wp-show-posts-entry-date published\" datetime=\"2026-04-28T13:26:40+02:00\" itemprop=\"datePublished\">2026-04-28<\/time>\n\t\t\t\t<\/span><\/div><!--MY EDIT\n\t\t\t\t\t\t<\/header>\n-->\n\t\t\t\t\t\t<!-- .entry-header -->\n<!--\n-->\n\t\t\t\t\t\t\t\t\t\t\t<div class=\"wp-show-posts-entry-summary\" itemprop=\"text\">\n\t\t\t\t\t\t\t<p>W dniach 23\u201324 kwietnia 2026 r. Regionalny O\u015brodek Polityki Spo\u0142ecznej w Bia\u0142ymstoku zorganizowa\u0142 wizyt\u0119 studyjn\u0105 na terenie subregionu bielskiego (powiaty: bielski, hajnowski, siemiatycki). W wydarzeniu udzia\u0142 wzi\u0119\u0142o 20 przedstawicieli O\u015brodk\u00f3w Wsparcia Ekonomii Spo\u0142ecznej, Centr\u00f3w Us\u0142ug Spo\u0142ecznych, Powiatowych Urz\u0119d\u00f3w Pracy oraz ROPS. Cel wizyty Celem wizyty by\u0142o zapoznanie uczestnik\u00f3w z dzia\u0142alno\u015bci\u0105 podmiot\u00f3w ekonomii spo\u0142ecznej oraz pog\u0142\u0119bienie wiedzy w zakresie prowadzenia i&#8230;<\/p>\n\t\t\t\t\t\t<\/div><!-- .entry-summary -->\n\t\t\t\t\t<\/div><!-- wp-show-posts-inner --><div class=\"wpsp-clear\"><\/div><\/article><article class=\" wp-show-posts-single wpsp-clearfix post-26959 post type-post status-publish format-standard hentry category-aktualnosci category-aktualnosci_es category-wpisy_fers\" itemtype=\"http:\/\/schema.org\/CreativeWork\" itemscope><div class=\"wp-show-posts-inner\" style=\"\"><!--MY EDIT\n\t\t\t\t\t\t<header class=\"wp-show-posts-entry-header\">\n-->\n\t\t\t\t\t\t\t<h3 class=\"wp-show-posts-entry-title\" itemprop=\"headline\"><a href=\"https:\/\/rops-bialystok.pl\/fers\/2026\/04\/07\/zaproszenie-na-wizyte-studyjna-do-subregionu-bielskiego-23-24-kwietnia-2026-r\/\" rel=\"bookmark\">Zaproszenie na wizyt\u0119 studyjn\u0105 do subregionu bielskiego (23\u201324 kwietnia 2026 r.)<\/a><\/h3><div class=\"wp-show-posts-entry-meta wp-show-posts-entry-meta-below-title post-meta-inline\"><span class=\"wp-show-posts-posted-on wp-show-posts-meta\">\n\t\t\t\t\t<time class=\"wp-show-posts-entry-date published\" datetime=\"2026-04-07T14:14:57+02:00\" itemprop=\"datePublished\">2026-04-07<\/time>\n\t\t\t\t<\/span><\/div><!--MY EDIT\n\t\t\t\t\t\t<\/header>\n-->\n\t\t\t\t\t\t<!-- .entry-header -->\n<!--\n-->\n\t\t\t\t\t\t\t\t\t\t\t<div class=\"wp-show-posts-entry-summary\" itemprop=\"text\">\n\t\t\t\t\t\t\t<p>Regionalny O\u015brodek Polityki Spo\u0142ecznej w Bia\u0142ymstoku zaprasza pracownik\u00f3w o\u015brodk\u00f3w wsparcia ekonomii spo\u0142ecznej, centr\u00f3w us\u0142ug spo\u0142ecznych, powiatowych urz\u0119d\u00f3w pracy z terenu woj. podlaskiego oraz Regionalnego O\u015brodka Polityki Spo\u0142ecznej w Bia\u0142ymstoku do udzia\u0142u w dwudniowej wizycie studyjnej do subregionu bielskiego. Uczestnikom zapewniony zostanie bezp\u0142atny transport w obie strony, zakwaterowanie w Hotelu UNIBUS w Bielsku Podlaskim oraz pe\u0142ne wy\u017cywienie. Termin: 23\u201324 kwietnia 2026&#8230;<\/p>\n\t\t\t\t\t\t<\/div><!-- .entry-summary -->\n\t\t\t\t\t<\/div><!-- wp-show-posts-inner --><div class=\"wpsp-clear\"><\/div><\/article><article class=\" wp-show-posts-single wpsp-clearfix post-26930 post type-post status-publish format-standard hentry category-aktualnosci category-aktualnosci_es category-wpisy_fers\" itemtype=\"http:\/\/schema.org\/CreativeWork\" itemscope><div class=\"wp-show-posts-inner\" style=\"\"><!--MY EDIT\n\t\t\t\t\t\t<header class=\"wp-show-posts-entry-header\">\n-->\n\t\t\t\t\t\t\t<h3 class=\"wp-show-posts-entry-title\" itemprop=\"headline\"><a href=\"https:\/\/rops-bialystok.pl\/fers\/2026\/03\/31\/wizyta-studyjna-do-woj-mazowieckiego\/\" rel=\"bookmark\">Wizyta studyjna do woj. mazowieckiego<\/a><\/h3><div class=\"wp-show-posts-entry-meta wp-show-posts-entry-meta-below-title post-meta-inline\"><span class=\"wp-show-posts-posted-on wp-show-posts-meta\">\n\t\t\t\t\t<time class=\"wp-show-posts-entry-date published\" datetime=\"2026-03-31T15:04:32+02:00\" itemprop=\"datePublished\">2026-03-31<\/time>\n\t\t\t\t<\/span><\/div><!--MY EDIT\n\t\t\t\t\t\t<\/header>\n-->\n\t\t\t\t\t\t<!-- .entry-header -->\n<!--\n-->\n\t\t\t\t\t\t\t\t\t\t\t<div class=\"wp-show-posts-entry-summary\" itemprop=\"text\">\n\t\t\t\t\t\t\t<p>W dniach 17\u201320 marca 2026 r. Regionalny O\u015brodek Polityki Spo\u0142ecznej w Bia\u0142ymstoku zorganizowa\u0142 czterodniow\u0105 wizyt\u0119 studyjn\u0105 do woj. mazowieckiego dla cz\u0142onk\u00f3w Podlaskich Sieci Wsp\u00f3\u0142pracy. W wydarzeniu udzia\u0142 wzi\u0119\u0142y 24 osoby reprezentuj\u0105ce m.in. WTZ, ZAZ, CIS, KIS, NGO pracuj\u0105ce z osobami w kryzysie bezdomno\u015bci oraz ROPS i OWES. Cel wizyty Poznanie dobrych praktyk w zakresie funkcjonowania podmiot\u00f3w ekonomii spo\u0142ecznej, a tak\u017ce&#8230;<\/p>\n\t\t\t\t\t\t<\/div><!-- .entry-summary -->\n\t\t\t\t\t<\/div><!-- wp-show-posts-inner --><div class=\"wpsp-clear\"><\/div><\/article><article class=\" wp-show-posts-single wpsp-clearfix post-26904 post type-post status-publish format-standard hentry category-aktualnosci category-aktualnosci_es category-bezplatna_usluga_doradcza\" itemtype=\"http:\/\/schema.org\/CreativeWork\" itemscope><div class=\"wp-show-posts-inner\" style=\"\"><!--MY EDIT\n\t\t\t\t\t\t<header class=\"wp-show-posts-entry-header\">\n-->\n\t\t\t\t\t\t\t<h3 class=\"wp-show-posts-entry-title\" itemprop=\"headline\"><a href=\"https:\/\/rops-bialystok.pl\/fers\/2026\/03\/30\/bezplatna-usluga-doradcza-dla-jednostek-samorzadu-terytorialnego-z-terenu-wojewodztwa-podlaskiego-w-zakresie-tworzenia-i-prowadzenia-podmiotow-zatrudnienia-socjalnego-pzs\/\" rel=\"bookmark\">Bezp\u0142atna us\u0142uga doradcza dla Jednostek Samorz\u0105du Terytorialnego z terenu wojew\u00f3dztwa podlaskiego w zakresie tworzenia i prowadzenia podmiot\u00f3w zatrudnienia socjalnego (PZS)<\/a><\/h3><div class=\"wp-show-posts-entry-meta wp-show-posts-entry-meta-below-title post-meta-inline\"><span class=\"wp-show-posts-posted-on wp-show-posts-meta\">\n\t\t\t\t\t<time class=\"wp-show-posts-entry-date published\" datetime=\"2026-03-30T15:29:56+02:00\" itemprop=\"datePublished\">2026-03-30<\/time>\n\t\t\t\t<\/span><\/div><!--MY EDIT\n\t\t\t\t\t\t<\/header>\n-->\n\t\t\t\t\t\t<!-- .entry-header -->\n<!--\n-->\n\t\t\t\t\t\t\t\t\t\t\t<div class=\"wp-show-posts-entry-summary\" itemprop=\"text\">\n\t\t\t\t\t\t\t<p>Regionalny O\u015brodek Polityki Spo\u0142ecznej w Bia\u0142ymstoku informuje, i\u017c prowadzi bezp\u0142atn\u0105 specjalistyczn\u0105 us\u0142ug\u0119 doradcz\u0105 w zakresie tworzenia i prowadzenia podmiot\u00f3w zatrudnienia socjalnego (PZS). Zakres doradztwa obejmuje m. in.: wsparcie merytoryczne w zakresie aktywizacji spo\u0142ecznej i reintegracji zawodowej, dzia\u0142alno\u015bci PZS i roli JST w ich tworzeniu; zapoznanie z podstawami prawnymi, procedurami i trybami tworzenia PZS, w my\u015bl ustawy z dnia 13 czerwca&#8230;<\/p>\n\t\t\t\t\t\t<\/div><!-- .entry-summary -->\n\t\t\t\t\t<\/div><!-- wp-show-posts-inner --><div class=\"wpsp-clear\"><\/div><\/article><article class=\" wp-show-posts-single wpsp-clearfix post-26891 post type-post status-publish format-standard hentry category-aktualnosci category-aktualnosci_es category-wpisy_fers\" itemtype=\"http:\/\/schema.org\/CreativeWork\" itemscope><div class=\"wp-show-posts-inner\" style=\"\"><!--MY EDIT\n\t\t\t\t\t\t<header class=\"wp-show-posts-entry-header\">\n-->\n\t\t\t\t\t\t\t<h3 class=\"wp-show-posts-entry-title\" itemprop=\"headline\"><a href=\"https:\/\/rops-bialystok.pl\/fers\/2026\/03\/30\/ekonomia-spoleczna-tu-licza-sie-wartosci-wspolne-haslo-dla-sektora\/\" rel=\"bookmark\">Ekonomia spo\u0142eczna. Tu licz\u0105 si\u0119 warto\u015bci \u2013 wsp\u00f3lne has\u0142o dla sektora<\/a><\/h3><div class=\"wp-show-posts-entry-meta wp-show-posts-entry-meta-below-title post-meta-inline\"><span class=\"wp-show-posts-posted-on wp-show-posts-meta\">\n\t\t\t\t\t<time class=\"wp-show-posts-entry-date published\" datetime=\"2026-03-30T15:12:33+02:00\" itemprop=\"datePublished\">2026-03-30<\/time>\n\t\t\t\t<\/span><\/div><!--MY EDIT\n\t\t\t\t\t\t<\/header>\n-->\n\t\t\t\t\t\t<!-- .entry-header -->\n<!--\n-->\n\t\t\t\t\t\t\t\t\t\t\t<div class=\"wp-show-posts-entry-summary\" itemprop=\"text\">\n\t\t\t\t\t\t\t<p>Has\u0142o \u201eEkonomia spo\u0142eczna. Tu licz\u0105 si\u0119 warto\u015bci\u201d zosta\u0142o og\u0142oszone 13 listopada 2025 r. podczas pierwszego dnia Og\u00f3lnopolskiego Forum Ekonomii Spo\u0142ecznej. Stanowi ono wsp\u00f3lny komunikat dla ca\u0142ego sektora ekonomii spo\u0142ecznej w Polsce i podkre\u015bla jego najwa\u017cniejsze fundamenty. Has\u0142o zwraca uwag\u0119 na podw\u00f3jne znaczenie sformu\u0142owania \u201elicz\u0105 si\u0119\u201d. Z jednej strony wskazuje na kluczow\u0105 rol\u0119 warto\u015bci \u2013 takich jak dobro wsp\u00f3lne, wsp\u00f3\u0142praca, solidarno\u015b\u0107&#8230;<\/p>\n\t\t\t\t\t\t<\/div><!-- .entry-summary -->\n\t\t\t\t\t<\/div><!-- wp-show-posts-inner --><div class=\"wpsp-clear\"><\/div><\/article><article class=\" wp-show-posts-single wpsp-clearfix post-26861 post type-post status-publish format-standard hentry category-aktualnosci category-aktualnosci_es category-szkolenia_bwps category-wpisy_fers\" itemtype=\"http:\/\/schema.org\/CreativeWork\" itemscope><div class=\"wp-show-posts-inner\" style=\"\"><!--MY EDIT\n\t\t\t\t\t\t<header class=\"wp-show-posts-entry-header\">\n-->\n\t\t\t\t\t\t\t<h3 class=\"wp-show-posts-entry-title\" itemprop=\"headline\"><a href=\"https:\/\/rops-bialystok.pl\/fers\/2026\/03\/12\/relacja-ze-szkolenia-pn-budowanie-partnerstw-na-rzecz-rozwoju-lokalnego\/\" rel=\"bookmark\">Szkolenie pn.:\u201d Budowanie partnerstw na rzecz rozwoju lokalnego\u201d<\/a><\/h3><div class=\"wp-show-posts-entry-meta wp-show-posts-entry-meta-below-title post-meta-inline\"><span class=\"wp-show-posts-posted-on wp-show-posts-meta\">\n\t\t\t\t\t<time class=\"wp-show-posts-entry-date published\" datetime=\"2026-03-12T13:04:49+01:00\" itemprop=\"datePublished\">2026-03-12<\/time>\n\t\t\t\t<\/span><\/div><!--MY EDIT\n\t\t\t\t\t\t<\/header>\n-->\n\t\t\t\t\t\t<!-- .entry-header -->\n<!--\n-->\n\t\t\t\t\t\t\t\t\t\t\t<div class=\"wp-show-posts-entry-summary\" itemprop=\"text\">\n\t\t\t\t\t\t\t<p>W dniu 06.03.2026 r. w Hotelu 3 Trio w Bia\u0142ymstoku, Regionalny O\u015brodek Polityki Spo\u0142ecznej w Bia\u0142ymstoku w ramach projektu \u201eKoordynacja dzia\u0142a\u0144 w zakresie polityki spo\u0142ecznej w wojew\u00f3dztwie podlaskim\u201d Dzia\u0142anie 04.13: Wysokiej jako\u015bci system w\u0142\u0105czenia spo\u0142ecznego, Programu Fundusze Europejskie dla Rozwoju Spo\u0142ecznego 2021-2027 (FERS), wsp\u00f3\u0142finansowanego ze \u015brodk\u00f3w Europejskiego Funduszu Spo\u0142ecznego Plus, w ramach typu projekt\u00f3w pn. Dzia\u0142ania ROPS w zakresie us\u0142ug&#8230;<\/p>\n\t\t\t\t\t\t<\/div><!-- .entry-summary -->\n\t\t\t\t\t<\/div><!-- wp-show-posts-inner --><div class=\"wpsp-clear\"><\/div><\/article><article class=\" wp-show-posts-single wpsp-clearfix post-26874 post type-post status-publish format-standard hentry category-aktualnosci\" itemtype=\"http:\/\/schema.org\/CreativeWork\" itemscope><div class=\"wp-show-posts-inner\" style=\"\"><!--MY EDIT\n\t\t\t\t\t\t<header class=\"wp-show-posts-entry-header\">\n-->\n\t\t\t\t\t\t\t<h3 class=\"wp-show-posts-entry-title\" itemprop=\"headline\"><a href=\"https:\/\/rops-bialystok.pl\/fers\/2026\/03\/11\/relacja-ze-spotkania-regionalnego-komitetu-rozwoju-ekonomii-spolecznej-w-wojewodztwie-podlaskim\/\" rel=\"bookmark\">Spotkanie Regionalnego Komitetu Rozwoju Ekonomii Spo\u0142ecznej w Wojew\u00f3dztwie Podlaskim.<\/a><\/h3><div class=\"wp-show-posts-entry-meta wp-show-posts-entry-meta-below-title post-meta-inline\"><span class=\"wp-show-posts-posted-on wp-show-posts-meta\">\n\t\t\t\t\t<time class=\"wp-show-posts-entry-date published\" datetime=\"2026-03-11T15:09:18+01:00\" itemprop=\"datePublished\">2026-03-11<\/time>\n\t\t\t\t<\/span><\/div><!--MY EDIT\n\t\t\t\t\t\t<\/header>\n-->\n\t\t\t\t\t\t<!-- .entry-header -->\n<!--\n-->\n\t\t\t\t\t\t\t\t\t\t\t<div class=\"wp-show-posts-entry-summary\" itemprop=\"text\">\n\t\t\t\t\t\t\t<p>W dniu 10 marca 2026 r. w Hotelu 3 Trio w Bia\u0142ymstoku odby\u0142o si\u0119 spotkanie Regionalnego Komitetu Rozwoju Ekonomii Spo\u0142ecznej w Wojew\u00f3dztwie Podlaskim (RKRES) zorganizowane przez Regionalny O\u015brodek Polityki Spo\u0142ecznej w Bia\u0142ymstoku. Spotkanie otworzy\u0142y Pani Bo\u017cena Tomaszewska \u2013 Dyrektor Regionalnego O\u015brodka Polityki Spo\u0142ecznej w Bia\u0142ymstoku oraz Pani El\u017cbieta Rajewska-Nikonowicz-Przewodnicz\u0105ca Regionalnego Komitetu Rozwoju Ekonomii Spo\u0142ecznej w Wojew\u00f3dztwie Podlaskim. W swoich wyst\u0105pieniach&#8230;<\/p>\n\t\t\t\t\t\t<\/div><!-- .entry-summary -->\n\t\t\t\t\t<\/div><!-- wp-show-posts-inner --><div class=\"wpsp-clear\"><\/div><\/article><article class=\" wp-show-posts-single wpsp-clearfix post-26792 post type-post status-publish format-standard hentry category-aktualnosci category-szkolenia_bwps category-wpisy_fers\" itemtype=\"http:\/\/schema.org\/CreativeWork\" itemscope><div class=\"wp-show-posts-inner\" style=\"\"><!--MY EDIT\n\t\t\t\t\t\t<header class=\"wp-show-posts-entry-header\">\n-->\n\t\t\t\t\t\t\t<h3 class=\"wp-show-posts-entry-title\" itemprop=\"headline\"><a href=\"https:\/\/rops-bialystok.pl\/fers\/2026\/02\/25\/relacja-ze-szkolenia-specjalistycznego-dla-pracownikow-i-kandydatow-na-pracownikow-centrum-uslug-spolecznych-modul-iii-edycja-2-organizacja-spolecznosci-lokalnej\/\" rel=\"bookmark\">Szkolenie specjalistyczne dla pracownik\u00f3w i kandydat\u00f3w na pracownik\u00f3w centrum us\u0142ug spo\u0142ecznych &#8211; Modu\u0142 III, Edycja 2 ,,Organizacja spo\u0142eczno\u015bci lokalnej\u201d<\/a><\/h3><div class=\"wp-show-posts-entry-meta wp-show-posts-entry-meta-below-title post-meta-inline\"><span class=\"wp-show-posts-posted-on wp-show-posts-meta\">\n\t\t\t\t\t<time class=\"wp-show-posts-entry-date published\" datetime=\"2026-02-25T10:02:26+01:00\" itemprop=\"datePublished\">2026-02-25<\/time>\n\t\t\t\t<\/span><\/div><!--MY EDIT\n\t\t\t\t\t\t<\/header>\n-->\n\t\t\t\t\t\t<!-- .entry-header -->\n<!--\n-->\n\t\t\t\t\t\t\t\t\t\t\t<div class=\"wp-show-posts-entry-summary\" itemprop=\"text\">\n\t\t\t\t\t\t\t<p>W dniach: 21-22 stycznia 2026r., 04-06 lutego 2026r. oraz 16-18 lutego 2026r. w Restauracji Kawelin w Bia\u0142ymstoku, Regionalny O\u015brodek Polityki Spo\u0142ecznej w Bia\u0142ymstoku w ramach projektu \u201eKoordynacja dzia\u0142a\u0144 w zakresie polityki spo\u0142ecznej w wojew\u00f3dztwie podlaskim\u201d Dzia\u0142anie 04.13: Wysokiej jako\u015bci system w\u0142\u0105czenia spo\u0142ecznego, Programu Fundusze Europejskie dla Rozwoju Spo\u0142ecznego 2021-2027 (FERS), wsp\u00f3\u0142finansowanego ze \u015brodk\u00f3w Europejskiego Funduszu Spo\u0142ecznego Plus, w ramach typu&#8230;<\/p>\n\t\t\t\t\t\t<\/div><!-- .entry-summary -->\n\t\t\t\t\t<\/div><!-- wp-show-posts-inner --><div class=\"wpsp-clear\"><\/div><\/article><\/section><!-- .wp-show-posts --><div class=\"wpsp-load-more\"><span aria-current=\"page\" class=\"page-numbers current\">1<\/span>\n<a class=\"page-numbers\" href=\"https:\/\/rops-bialystok.pl\/fers\/wp-json\/wp\/v2\/pages\/23931\/page\/2\/\">2<\/a>\n<span class=\"page-numbers dots\">&hellip;<\/span>\n<a class=\"page-numbers\" href=\"https:\/\/rops-bialystok.pl\/fers\/wp-json\/wp\/v2\/pages\/23931\/page\/19\/\">19<\/a>\n<a class=\"next page-numbers\" href=\"https:\/\/rops-bialystok.pl\/fers\/wp-json\/wp\/v2\/pages\/23931\/page\/2\/\">Nast\u0119pny &rarr;<\/a><\/div>\n","protected":false},"excerpt":{"rendered":"","protected":false},"author":2,"featured_media":0,"parent":0,"menu_order":0,"comment_status":"closed","ping_status":"closed","template":"","meta":{"footnotes":""},"class_list":["post-23931","page","type-page","status-publish","hentry"],"_links":{"self":[{"href":"https:\/\/rops-bialystok.pl\/fers\/wp-json\/wp\/v2\/pages\/23931","targetHints":{"allow":["GET"]}}],"collection":[{"href":"https:\/\/rops-bialystok.pl\/fers\/wp-json\/wp\/v2\/pages"}],"about":[{"href":"https:\/\/rops-bialystok.pl\/fers\/wp-json\/wp\/v2\/types\/page"}],"author":[{"embeddable":true,"href":"https:\/\/rops-bialystok.pl\/fers\/wp-json\/wp\/v2\/users\/2"}],"replies":[{"embeddable":true,"href":"https:\/\/rops-bialystok.pl\/fers\/wp-json\/wp\/v2\/comments?post=23931"}],"version-history":[{"count":1,"href":"https:\/\/rops-bialystok.pl\/fers\/wp-json\/wp\/v2\/pages\/23931\/revisions"}],"predecessor-version":[{"id":23932,"href":"https:\/\/rops-bialystok.pl\/fers\/wp-json\/wp\/v2\/pages\/23931\/revisions\/23932"}],"wp:attachment":[{"href":"https:\/\/rops-bialystok.pl\/fers\/wp-json\/wp\/v2\/media?parent=23931"}],"curies":[{"name":"wp","href":"https:\/\/api.w.org\/{rel}","templated":true}]}}