{"id":24558,"date":"2024-12-20T12:07:40","date_gmt":"2024-12-20T11:07:40","guid":{"rendered":"https:\/\/rops-bialystok.pl\/fers\/?page_id=24558"},"modified":"2024-12-20T12:07:40","modified_gmt":"2024-12-20T11:07:40","slug":"krajowe-forum-cus","status":"publish","type":"page","link":"https:\/\/rops-bialystok.pl\/fers\/krajowe-forum-cus\/","title":{"rendered":"Krajowe Forum CUS"},"content":{"rendered":"<p>W 2021 r. powsta\u0142o Krajowe Forum Centrum Us\u0142ug Spo\u0142ecznych, kt\u00f3re jest oddoln\u0105 inicjatyw\u0105, zrzeszaj\u0105c\u0105 centra us\u0142ug spo\u0142ecznych i inne jednostki organizacyjne pomocy spo\u0142ecznej, dzia\u0142a na rzecz upowszechniania nowych rozwi\u0105za\u0144 i wymiany do\u015bwiadcze\u0144 w obszarze rozwoju us\u0142ug spo\u0142ecznych.<\/p>\n<p>Krajowe Forum CUS organizuje i uczestniczy w licznych wydarzeniach dzia\u0142aj\u0105cych w ramach nowej zmiany systemowej \u2013 deinstytucjonalizacji us\u0142ug spo\u0142ecznych.<\/p>\n<p>Forum aktywnie wsp\u00f3\u0142pracuje z Departamentem Pomocy i Integracji Spo\u0142ecznej Ministerstwa Rodziny, Pracy i Polityki Spo\u0142ecznej, a tak\u017ce z Rad\u0105 Programow\u0105 projektu pilota\u017cowego CUS na rzecz kreowania polityki spo\u0142ecznej w kraju.<\/p>\n<p>Wi\u0119cej informacji, takich jak: statut, warunki przyst\u0105pienia itp. znajduj\u0105 si\u0119 na stronie internetowej: <a href=\"https:\/\/www.forumcus.pl\/\">www.forumcus.pl<\/a>.<\/p>\n<p>Aktualne wydarzenia z dzia\u0142alno\u015bci Forum znajd\u0105 Pa\u0144stwo na stronie Facebook: <a href=\"https:\/\/www.facebook.com\/people\/Krajowe-Forum-CUS\/100067861959601\/\">Krajowe-Forum-CUS (facebook)<\/a><\/p>\n","protected":false},"excerpt":{"rendered":"<p>W 2021 r. powsta\u0142o Krajowe Forum Centrum Us\u0142ug Spo\u0142ecznych, kt\u00f3re jest oddoln\u0105 inicjatyw\u0105, zrzeszaj\u0105c\u0105 centra us\u0142ug spo\u0142ecznych i inne jednostki organizacyjne pomocy spo\u0142ecznej, dzia\u0142a na rzecz upowszechniania nowych rozwi\u0105za\u0144 i wymiany do\u015bwiadcze\u0144 w obszarze rozwoju us\u0142ug spo\u0142ecznych. Krajowe Forum CUS organizuje i uczestniczy w licznych wydarzeniach dzia\u0142aj\u0105cych w ramach nowej zmiany systemowej \u2013 deinstytucjonalizacji us\u0142ug &hellip; <a href=\"https:\/\/rops-bialystok.pl\/fers\/krajowe-forum-cus\/\" class=\"more-link\">Continue reading<span class=\"screen-reader-text\"> &#8222;Krajowe Forum CUS&#8221;<\/span><\/a><\/p>\n","protected":false},"author":2,"featured_media":0,"parent":0,"menu_order":0,"comment_status":"closed","ping_status":"closed","template":"","meta":{"footnotes":""},"class_list":["post-24558","page","type-page","status-publish","hentry"],"_links":{"self":[{"href":"https:\/\/rops-bialystok.pl\/fers\/wp-json\/wp\/v2\/pages\/24558","targetHints":{"allow":["GET"]}}],"collection":[{"href":"https:\/\/rops-bialystok.pl\/fers\/wp-json\/wp\/v2\/pages"}],"about":[{"href":"https:\/\/rops-bialystok.pl\/fers\/wp-json\/wp\/v2\/types\/page"}],"author":[{"embeddable":true,"href":"https:\/\/rops-bialystok.pl\/fers\/wp-json\/wp\/v2\/users\/2"}],"replies":[{"embeddable":true,"href":"https:\/\/rops-bialystok.pl\/fers\/wp-json\/wp\/v2\/comments?post=24558"}],"version-history":[{"count":1,"href":"https:\/\/rops-bialystok.pl\/fers\/wp-json\/wp\/v2\/pages\/24558\/revisions"}],"predecessor-version":[{"id":24559,"href":"https:\/\/rops-bialystok.pl\/fers\/wp-json\/wp\/v2\/pages\/24558\/revisions\/24559"}],"wp:attachment":[{"href":"https:\/\/rops-bialystok.pl\/fers\/wp-json\/wp\/v2\/media?parent=24558"}],"curies":[{"name":"wp","href":"https:\/\/api.w.org\/{rel}","templated":true}]}}