{"id":24674,"date":"2025-01-28T12:07:31","date_gmt":"2025-01-28T11:07:31","guid":{"rendered":"https:\/\/rops-bialystok.pl\/fers\/?page_id=24674"},"modified":"2025-10-08T09:05:31","modified_gmt":"2025-10-08T07:05:31","slug":"harmonogram-wsparcia-styczen-2025","status":"publish","type":"page","link":"https:\/\/rops-bialystok.pl\/fers\/harmonogram-wsparcia-styczen-2025\/","title":{"rendered":"Harmonogram wsparcia &#8211; stycze\u0144 2025"},"content":{"rendered":"<p><strong>Szczeg\u00f3\u0142owy Harmonogram Udzielania Wsparcia \/ Dzia\u0142a\u0144 w Projekcie<\/strong><\/p>\n<p><strong>Nazwa Beneficjenta:<\/strong> Wojew\u00f3dztwo Podlaskie\/Regionalny O\u015brodek Polityki Spo\u0142ecznej w Bia\u0142ymstoku<\/p>\n<p><strong>Numer projektu:<\/strong> FERS.04.13-IP.06-0016\/23<\/p>\n<p><strong>Tytu\u0142 projektu:<\/strong> \u201eKoordynacja dzia\u0142a\u0144 w zakresie polityki spo\u0142ecznej w wojew\u00f3dztwie podlaskim\u201d<\/p>\n<p><strong>Harmonogram dotyczy dzia\u0142a\u0144 \/ wsparcia w projekcie w okresie: 01-31.01.2025 r.<\/strong><\/p>\n<p>&nbsp;<\/p>\n<p><strong>Materia\u0142y do pobrania:\u00a0<\/strong><\/p>\n<ul>\n<li><a href=\"https:\/\/rops-bialystok.pl\/fers\/wp-content\/uploads\/2025\/03\/harmonogram-wsparcia-styczen-2025-r.pdf\">Harmonogram Wsparcia &#8211; stycze\u0144 2025 (skan orygina\u0142u) [PDF]<\/a>\n<ul>\n<li><a href=\"https:\/\/rops-bialystok.pl\/fers\/wp-content\/uploads\/2025\/10\/harmonogram-wsparcia-styczen-2025.docx\">Harmonogram Wsparcia &#8211; stycze\u0144 2025 (dokument utworzony w strukturze u\u0142atwiaj\u0105cej dost\u0119pno\u015b\u0107) [.DOCX]<\/a><\/li>\n<\/ul>\n<\/li>\n<li><a href=\"https:\/\/rops-bialystok.pl\/fers\/wp-content\/uploads\/2025\/03\/aktualizacja-17.01.2025-r.pdf\">Harmonogram Wsparcia &#8211; aktualizacja 17.01.2025 r. (skan orygina\u0142u) [PDF]<\/a>\n<ul>\n<li><a href=\"https:\/\/rops-bialystok.pl\/fers\/wp-content\/uploads\/2025\/10\/aktualizacja-17.01.2025.docx\">Harmonogram Wsparcia &#8211; aktualizacja 17.01.2025 r. (dokument utworzony w strukturze u\u0142atwiaj\u0105cej dost\u0119pno\u015b\u0107) [.DOCX]<\/a><\/li>\n<\/ul>\n<\/li>\n<li><a href=\"https:\/\/rops-bialystok.pl\/fers\/wp-content\/uploads\/2025\/03\/aktualizacja-28.01.2025-r.pdf\">Harmonogram Wsparcia &#8211; aktualizacja 28.01.2025 r. (skan orygina\u0142u) [PDF]<\/a>\n<ul>\n<li><a href=\"https:\/\/rops-bialystok.pl\/fers\/wp-content\/uploads\/2025\/10\/aktualizacja-28.01.2025.docx\">Harmonogram Wsparcia &#8211; aktualizacja 28.01.2025 r. (dokument utworzony w strukturze u\u0142atwiaj\u0105cej dost\u0119pno\u015b\u0107) [.DOCX]<\/a><\/li>\n<\/ul>\n<\/li>\n<li><a href=\"https:\/\/rops-bialystok.pl\/fers\/wp-content\/uploads\/2025\/03\/aktualizacja-30.01.2025-r.pdf\">Harmonogram Wsparcia &#8211; aktualizacja 30.01.2025 r. (skan orygina\u0142u) [PDF]<\/a><\/li>\n<\/ul>\n<div class=\"rwd-table-large\">\n<table width=\"962\">\n<caption style=\"text-align: left;\">Tabela 1. Szczeg\u00f3\u0142owy Harmonogram Udzielania Wsparcia \/ Dzia\u0142a\u0144 w Projekcie (stycze\u0144 2025)<\/caption>\n<thead style=\"vertical-align: top; text-align: left;\">\n<tr>\n<td width=\"33\"><strong>Lp.<\/strong><\/td>\n<td width=\"107\"><strong>Rodzaj wsparcia\/ dzia\u0142ania (w przypadku szkole\u0144, spotka\u0144, posiedze\u0144 &#8211; dok\u0142adna nazwa szkolenia)<\/strong><\/td>\n<td width=\"94\"><strong>Data udzielania wsparcia \/ dzia\u0142ania<\/strong><\/td>\n<td width=\"85\"><strong>Godziny udzielania wsparcia \/ dzia\u0142ania<\/strong><\/td>\n<td width=\"113\"><strong>Dok\u0142adny adres realizacji wsparcia \/ dzia\u0142ania <\/strong><\/td>\n<td width=\"132\"><strong>Nazwa wykonawcy (np. w przypadku szkole\u0144, doradztwa, konferencji\u2026) \/ osoby do kontaktu w sprawie wydarzenia\/dzia\u0142ania<\/strong><\/td>\n<td width=\"104\"><strong>Planowana liczba uczestnik\u00f3w<\/strong><\/td>\n<td width=\"189\"><strong>Czy zamieszczono harmonogram udzielania wsparcia\/dzia\u0142a\u0144 na stronie internetowej projektu lub innej stronie www Beneficjenta (TAK\/NIE). Je\u017celi Tak, nale\u017cy poda\u0107 adres strony www.<\/strong><\/td>\n<td width=\"104\"><strong>Czy przekazano harmonogram udzielania wsparcia z wykorzystaniem systemu CST (TAK\/NIE)? Nale\u017cy poda\u0107 dat\u0119 przes\u0142ania harmonogramu do IP poprzez CST<\/strong><\/td>\n<\/tr>\n<\/thead>\n<tbody style=\"vertical-align: top; text-align: left;\">\n<tr>\n<td width=\"33\">1.<\/td>\n<td width=\"107\">Wsparcie w ramach us\u0142ugi doradczej w zakresie planowania oraz prowadzenia bada\u0144, diagnoz, analiz<\/td>\n<td width=\"94\">02.01.2025 r.<\/td>\n<td width=\"85\">12.00 \u2013 13.00<\/td>\n<td width=\"132\">online<\/td>\n<td width=\"132\">Anna Matejczuk-Rosa Badania i Analizy<\/p>\n<p>Pracownik ROPS:<br \/>\nMarzena Bojarzy\u0144ska<\/td>\n<td width=\"76\">2<\/td>\n<td width=\"208\">TAK<\/p>\n<p>https:\/\/rops-bialystok.pl\/fers\/harmonogram-wsparcia\/<\/td>\n<td width=\"123\">NIE<\/td>\n<\/tr>\n<tr>\n<td width=\"33\">2.<\/td>\n<td width=\"107\">Superwizja pracy socjalnej pn.: \u201eSuperwizja pracy socjalnej dla pracownik\u00f3w socjalnych\u00a0\u00a0\u00a0\u00a0 z terenu wojew\u00f3dztwa podlaskiego\u201d<\/td>\n<td width=\"94\">07-10.01.2025 r.<\/td>\n<td width=\"85\">9.00 \u2013 16.00<\/td>\n<td width=\"132\">Hotel 3 Trio<br \/>\nul. Hurtowa 3<br \/>\n15- 399 Bia\u0142ystok<\/td>\n<td width=\"132\">Manufaktura Emocji Joanna Szymanowska<\/p>\n<p>Trener:<br \/>\nJoanna Szymanowska<\/p>\n<p>Pracownik ROPS:<br \/>\nWioletta Iwanowska<\/td>\n<td width=\"76\">15<\/td>\n<td width=\"208\">TAK<\/p>\n<p>https:\/\/rops-bialystok.pl\/fers\/harmonogram-wsparcia\/<\/td>\n<td width=\"123\">TAK<\/p>\n<p>31.12.2024 r.<\/td>\n<\/tr>\n<tr>\n<td width=\"33\">3.<\/td>\n<td width=\"107\">Wsparcie w ramach us\u0142ugi doradczej w zakresie tworzenia i wdra\u017cania lokalnych plan\u00f3w deinstytucjonalizacji us\u0142ug spo\u0142ecznych (LPDI)<\/td>\n<td width=\"94\">09.01.2025 r.<\/td>\n<td width=\"85\">8.00 \u2013 11.00<\/p>\n<p>&nbsp;<\/p>\n<p>&nbsp;<\/p>\n<p>&nbsp;<\/p>\n<p>&nbsp;<\/p>\n<p>&nbsp;<\/p>\n<p>11.00 \u2013 13.00<\/p>\n<p>&nbsp;<\/p>\n<p>&nbsp;<\/p>\n<p>&nbsp;<\/p>\n<p>13.00 \u2013 16.00<\/td>\n<td width=\"132\">Gminny O\u015brodek Pomocy Spo\u0142ecznej w Hajn\u00f3wce<br \/>\nul. A. Zina 1<br \/>\n17-200 Hajn\u00f3wka\u00a0Urz\u0105d Miasta Hajn\u00f3wka<br \/>\nul. Aleksego Zina 1<br \/>\n17-200 Hajn\u00f3wkaPowiatowe Centrum Pomocy Rodzinie w Hajn\u00f3wce<br \/>\nul. Pi\u0142sudskiego 10A<br \/>\n17-200 Hajn\u00f3wka<\/p>\n<p>&nbsp;<\/td>\n<td width=\"132\">\u0141ukasz \u017bmuda<\/p>\n<p>Pracownik ROPS:<br \/>\nEwa Pietroczuk<\/td>\n<td width=\"76\">1<\/td>\n<td width=\"208\">TAK<\/p>\n<p>https:\/\/rops-bialystok.pl\/fers\/harmonogram-wsparcia\/<\/td>\n<td width=\"123\">TAK<\/p>\n<p>31.12.2024 r.<\/td>\n<\/tr>\n<tr>\n<td width=\"33\">4.<\/td>\n<td width=\"107\">Wsparcie w ramach us\u0142ugi doradczej w zakresie tworzenia i wdra\u017cania lokalnych plan\u00f3w deinstytucjonalizacji us\u0142ug spo\u0142ecznych (LPDI)<\/td>\n<td width=\"94\">10.01.2025 r.<\/td>\n<td width=\"85\">8.00 \u2013 10.00<\/p>\n<p>&nbsp;<\/p>\n<p>&nbsp;<\/p>\n<p>&nbsp;<\/p>\n<p>&nbsp;<\/p>\n<p>&nbsp;<\/p>\n<p>11.00 \u2013 15.00<\/td>\n<td width=\"132\">Miejski O\u015brodek Pomocy Spo\u0142ecznej<br \/>\nul. 11 Listopada 24<br \/>\n17-200 Hajn\u00f3wka\u00a0\u00a0Urz\u0105d Gminy Bia\u0142owie\u017ca<br \/>\nul. Sportowa 1<br \/>\n17-230 Bia\u0142owie\u017ca<\/td>\n<td width=\"132\">\u0141ukasz \u017bmuda<\/p>\n<p>Pracownik ROPS:<br \/>\nEwa Pietroczuk<\/td>\n<td width=\"76\">1<\/td>\n<td width=\"208\">TAK<\/p>\n<p>https:\/\/rops-bialystok.pl\/fers\/harmonogram-wsparcia\/<\/td>\n<td width=\"123\">TAK<\/p>\n<p>31.12.2024 r.<\/td>\n<\/tr>\n<tr>\n<td width=\"33\">5.<\/td>\n<td width=\"107\">Wsparcie w ramach us\u0142ugi doradczej w zakresie tworzenia i wdra\u017cania lokalnych plan\u00f3w deinstytucjonalizacji us\u0142ug spo\u0142ecznych (LPDI)<\/td>\n<td width=\"94\">13.01.2025 r.<\/td>\n<td width=\"85\">9.00 \u2013 12.00<\/p>\n<p>&nbsp;<\/p>\n<p>&nbsp;<\/p>\n<p>&nbsp;<\/p>\n<p>&nbsp;<\/p>\n<p>12.45 \u2013 15.45<\/td>\n<td width=\"132\">Urz\u0105d Miasta Bra\u0144sk<br \/>\nul. Rynek 8<br \/>\n17-120 Bra\u0144sk\u00a0\u00a0Powiatowe Centrum Pomocy Rodzinie<br \/>\nul. 3 Maja 17<br \/>\n17-100 Bielsk Podlaski<\/td>\n<td width=\"132\">\u0141ukasz \u017bmuda<\/p>\n<p>Pracownik ROPS:<br \/>\nEwa Pietroczuk<\/td>\n<td width=\"76\">1<\/td>\n<td width=\"208\">TAK<\/p>\n<p>https:\/\/rops-bialystok.pl\/fers\/harmonogram-wsparcia\/<\/td>\n<td width=\"123\">TAK<\/p>\n<p>31.12.2024 r.<\/td>\n<\/tr>\n<tr>\n<td width=\"33\">6.<\/td>\n<td width=\"107\">Wsparcie w ramach us\u0142ugi doradczej w zakresie tworzenia i wdra\u017cania lokalnych plan\u00f3w deinstytucjonalizacji us\u0142ug spo\u0142ecznych (LPDI)<\/td>\n<td width=\"94\">14.01.2025 r.<\/td>\n<td width=\"85\">8.00 \u2013 11.00<\/p>\n<p>&nbsp;<\/p>\n<p>&nbsp;<\/p>\n<p>&nbsp;<\/p>\n<p>&nbsp;<\/p>\n<p>12.00 \u2013 16.00<\/p>\n<p>&nbsp;<\/td>\n<td width=\"132\">Miejski O\u015brodek Pomocy Spo\u0142ecznej<br \/>\nul. Kazimierzowska 18\/3<br \/>\n17-100 Bielsk Podlaski\u00a0O\u015brodek Pomocy Spo\u0142ecznej w Wyszkach<br \/>\nul. Szkolna 17<br \/>\n17-132 Wyszki<\/td>\n<td width=\"132\">\u0141ukasz \u017bmuda<\/p>\n<p>Pracownik ROPS:<br \/>\nEwa Pietroczuk<\/td>\n<td width=\"76\">1<\/td>\n<td width=\"208\">TAK<\/p>\n<p>https:\/\/rops-bialystok.pl\/fers\/harmonogram-wsparcia\/<\/td>\n<td width=\"123\">TAK<\/p>\n<p>31.12.2024 r.<\/td>\n<\/tr>\n<tr>\n<td width=\"33\">7.<\/td>\n<td width=\"107\">Spotkanie Regionalnego Komitetu Rozwoju Ekonomii Spo\u0142ecznej<\/td>\n<td width=\"94\">15.01.2025 r.<\/td>\n<td width=\"85\">9.00 \u2013 15.00<\/td>\n<td width=\"132\">Hotel 3 Trio<br \/>\nul. Hurtowa 3<br \/>\n15- 399 Bia\u0142ystok<\/td>\n<td width=\"132\">Krzysztof Leo\u0144czuk<\/p>\n<p>Pracownik ROPS:<br \/>\nMicha\u0142 Pugacewicz<\/td>\n<td width=\"76\">35<\/td>\n<td width=\"208\">TAK<\/p>\n<p>https:\/\/rops-bialystok.pl\/fers\/harmonogram-wsparcia\/<\/td>\n<td width=\"123\">TAK<\/p>\n<p>31.12.2024 r.<\/td>\n<\/tr>\n<tr>\n<td width=\"33\">8.<\/td>\n<td width=\"107\">Wsparcie w ramach us\u0142ugi doradczej w zakresie planowania oraz prowadzenia bada\u0144, diagnoz, analiz<\/td>\n<td width=\"94\">17.01.2025 r.<\/td>\n<td width=\"85\">9.00 \u2013 10.00<\/td>\n<td width=\"132\">online<\/td>\n<td width=\"132\">Anna Matejczuk-Rosa Badania i Analizy<\/p>\n<p>Pracownik ROPS:<br \/>\nMarzena Bojarzy\u0144ska<\/td>\n<td width=\"76\">2<\/td>\n<td width=\"208\">TAK<\/p>\n<p>https:\/\/rops-bialystok.pl\/fers\/harmonogram-wsparcia\/<\/td>\n<td width=\"123\">NIE<\/td>\n<\/tr>\n<tr>\n<td width=\"33\">9.<\/td>\n<td width=\"107\">Szkolenie pn. \u201ePrawne i praktyczne aspekty narz\u0119dzi stosowanych w pracy socjalnej: projektu socjalnego, kontraktu socjalnego oraz rodzinnego wywiadu \u015brodowiskowego\u201d<\/td>\n<td width=\"94\">20.01.2025 r.<\/td>\n<td width=\"85\">9.00 \u2013 16.00<\/td>\n<td width=\"132\">Hotel 3 Trio<br \/>\nul. Hurtowa 3<br \/>\n15- 399 Bia\u0142ystok<\/td>\n<td width=\"132\">Kancelaria Radcy Prawnego Micha\u0142 So\u0107ko<\/p>\n<p>Pracownik ROPS:<br \/>\nWioletta Iwanowska<\/td>\n<td width=\"76\">15<\/td>\n<td width=\"208\">TAK<\/p>\n<p>https:\/\/rops-bialystok.pl\/fers\/harmonogram-wsparcia\/<\/td>\n<td width=\"123\">TAK<\/p>\n<p>31.12.2024 r.<\/td>\n<\/tr>\n<tr>\n<td width=\"33\">10.<\/td>\n<td width=\"107\">Szkolenie pn. \u201ePrawne i praktyczne aspekty narz\u0119dzi stosowanych w pracy socjalnej: projektu socjalnego, kontraktu socjalnego oraz rodzinnego wywiadu \u015brodowiskowego\u201d<\/td>\n<td width=\"94\">21.01.2025 r.<\/td>\n<td width=\"85\">9.00 \u2013 16.00<\/td>\n<td width=\"132\">Hotel 3 Trio<br \/>\nul. Hurtowa 3<br \/>\n15- 399 Bia\u0142ystok<\/td>\n<td width=\"132\">Kancelaria Radcy Prawnego Micha\u0142 So\u0107ko<\/p>\n<p>Pracownik ROPS:<br \/>\nWioletta Iwanowska<\/td>\n<td width=\"76\">15<\/td>\n<td width=\"208\">TAK<\/p>\n<p>https:\/\/rops-bialystok.pl\/fers\/harmonogram-wsparcia\/<\/td>\n<td width=\"123\">TAK<\/p>\n<p>31.12.2024 r.<\/td>\n<\/tr>\n<tr>\n<td width=\"33\">11.<\/td>\n<td width=\"107\">Wsparcie w ramach us\u0142ugi doradczej w zakresie planowania oraz prowadzenia bada\u0144, diagnoz, analiz<\/td>\n<td width=\"94\">21.01.2025 r.<\/td>\n<td width=\"85\">13.00 \u2013 14.00<\/td>\n<td width=\"132\">online<\/td>\n<td width=\"132\">Anna Matejczuk-Rosa Badania i Analizy<\/p>\n<p>Pracownik ROPS:<br \/>\nMarzena Bojarzy\u0144ska<\/td>\n<td width=\"76\">2<\/td>\n<td width=\"208\">TAK<\/p>\n<p>https:\/\/rops-bialystok.pl\/fers\/harmonogram-wsparcia\/<\/td>\n<td width=\"123\">NIE<\/td>\n<\/tr>\n<tr>\n<td width=\"33\">12.<\/td>\n<td width=\"107\">Spotkanie robocze ROPS i OWES<\/td>\n<td width=\"94\">22.01.2025 r.<\/td>\n<td width=\"85\">9.00 \u2013 15.00<\/td>\n<td width=\"132\">ROPS w Bia\u0142ymstoku<br \/>\nul. Pattona 8<br \/>\n15-688 Bia\u0142ystok<\/td>\n<td width=\"132\">Krzysztof Leo\u0144czuk<\/p>\n<p>Pracownik ROPS:<br \/>\nEwa Pietroczuk<\/td>\n<td width=\"76\">15<\/td>\n<td width=\"208\">TAK<\/p>\n<p>https:\/\/rops-bialystok.pl\/fers\/harmonogram-wsparcia\/<\/td>\n<td width=\"123\">TAK<\/p>\n<p>31.12.2024 r.<\/td>\n<\/tr>\n<tr>\n<td width=\"33\">13.<\/td>\n<td width=\"107\">Warsztaty w ramach Oceny Zasob\u00f3w Pomocy Spo\u0142ecznej<\/td>\n<td width=\"94\">24.01.2025 r.<\/td>\n<td width=\"85\">9.00 \u2013 13.00<\/td>\n<td width=\"132\">Hotel 3 Trio<br \/>\nul. Hurtowa 3<br \/>\n15- 399 Bia\u0142ystok<\/td>\n<td width=\"132\">Magdalena B\u0142aszczyk<\/p>\n<p>Pracownik ROPS:<br \/>\nMarzena Bojarzy\u0144ska<\/p>\n<p>&nbsp;<\/td>\n<td width=\"76\">50<\/td>\n<td width=\"208\">TAK<\/p>\n<p>https:\/\/rops-bialystok.pl\/fers\/harmonogram-wsparcia\/<\/td>\n<td width=\"123\">TAK<\/p>\n<p>31.12.2024 r.<\/td>\n<\/tr>\n<tr>\n<td width=\"33\">14.<\/td>\n<td width=\"107\">Wsparcie w ramach us\u0142ugi doradczej w zakresie opracowania i aktualizacji dokument\u00f3w strategicznych dla jednostek samorz\u0105du terytorialnego (JST) poprzez wprowadzenie do dokument\u00f3w strategicznych JST zapis\u00f3w dotycz\u0105cych ekonomii spo\u0142ecznej (ES) lub tworzenia lokalnych plan\u00f3w rozwoju ES<\/td>\n<td width=\"94\">27.01.2025 r.<\/td>\n<td width=\"85\">08.00 \u2013 12.00<\/td>\n<td width=\"132\">Gminny O\u015brodek Pomocy Spo\u0142ecznej<br \/>\nul. Bia\u0142ostocka 5<br \/>\n18-106 Turo\u015b\u0144 Ko\u015bcielna<\/td>\n<td width=\"132\">Anna Tomulewicz<\/p>\n<p>Pracownik ROPS:<br \/>\nEwa Pietroczuk<\/td>\n<td width=\"76\">1<\/td>\n<td width=\"208\">TAK<\/p>\n<p>https:\/\/rops-bialystok.pl\/fers\/harmonogram-wsparcia\/<\/td>\n<td width=\"123\">TAK<\/p>\n<p>31.12.2024 r.<\/td>\n<\/tr>\n<tr>\n<td width=\"33\">15.<\/td>\n<td width=\"107\">Szkolenie pn. \u201ePrawne i praktyczne aspekty narz\u0119dzi stosowanych w pracy socjalnej: projektu socjalnego, kontraktu socjalnego oraz rodzinnego wywiadu \u015brodowiskowego\u201d<\/td>\n<td width=\"94\">27.01.2025 r.<\/td>\n<td width=\"85\">9.00 \u2013 16.00<\/td>\n<td width=\"132\">Hotel 3 Trio<br \/>\nul. Hurtowa 3<br \/>\n15- 399 Bia\u0142ystok<\/td>\n<td width=\"132\">Kancelaria Radcy Prawnego Micha\u0142 So\u0107ko<\/p>\n<p>Pracownik ROPS:<br \/>\nWioletta Iwanowska<\/td>\n<td width=\"76\">15<\/td>\n<td width=\"208\">TAK<\/p>\n<p>https:\/\/rops-bialystok.pl\/fers\/harmonogram-wsparcia\/<\/td>\n<td width=\"123\">TAK<\/p>\n<p>31.12.2024 r.<\/td>\n<\/tr>\n<tr>\n<td width=\"33\">16.<\/td>\n<td width=\"107\">Wsparcie w ramach us\u0142ugi doradczej w zakresie tworzenia i wdra\u017cania lokalnych plan\u00f3w deinstytucjonalizacji us\u0142ug spo\u0142ecznych (LPDI)<\/td>\n<td width=\"94\">27.01.2025 r.<\/td>\n<td width=\"85\">9.00 \u2013 12.00<\/p>\n<p>&nbsp;<\/p>\n<p>&nbsp;<\/p>\n<p>&nbsp;<\/p>\n<p>&nbsp;<\/p>\n<p>13.00 \u2013 16.00<\/p>\n<p>&nbsp;<\/p>\n<p>&nbsp;<\/td>\n<td width=\"132\">O\u015brodek Pomocy Spo\u0142ecznej w Wyszkach<br \/>\nul. Szkolna 17<br \/>\n17-132 Wyszki\u00a0Powiatowe Centrum Pomocy Rodzinie<br \/>\nul. 3 Maja 17<br \/>\n17-100 Bielsk Podlaski<\/td>\n<td width=\"132\">\u0141ukasz \u017bmuda<\/p>\n<p>Pracownik ROPS:<br \/>\nEwa Pietroczuk<\/td>\n<td width=\"76\">1<\/td>\n<td width=\"208\">TAK<\/p>\n<p>https:\/\/rops-bialystok.pl\/fers\/harmonogram-wsparcia\/<\/td>\n<td width=\"123\">TAK<\/p>\n<p>31.12.2024 r.<\/td>\n<\/tr>\n<tr>\n<td width=\"33\">17.<\/td>\n<td width=\"107\">Wsparcie w ramach us\u0142ugi doradczej w zakresie tworzenia i wdra\u017cania lokalnych plan\u00f3w deinstytucjonalizacji us\u0142ug spo\u0142ecznych (LPDI)<\/td>\n<td width=\"94\">28.01.2025 r.<\/td>\n<td width=\"85\">9.00 \u2013 12.00<\/p>\n<p>&nbsp;<\/p>\n<p>&nbsp;<\/p>\n<p>&nbsp;<\/p>\n<p>&nbsp;<\/p>\n<p>13.00 \u2013 16.00<\/p>\n<p>&nbsp;<\/p>\n<p>&nbsp;<\/p>\n<p>&nbsp;<\/p>\n<p>&nbsp;<\/td>\n<td width=\"132\">O\u015brodek Pomocy Spo\u0142ecznej<br \/>\nul. Duboisa 14<br \/>\n17-240 Czeremcha\u00a0O\u015brodek Pomocy Spo\u0142ecznej<br \/>\nul. G\u0142\u00f3wna 65<br \/>\n17-204 Dubicze Cerkiewne<\/td>\n<td width=\"132\">\u0141ukasz \u017bmuda<\/p>\n<p>Pracownik ROPS:<br \/>\nEwa Pietroczuk<\/td>\n<td width=\"76\">1<\/td>\n<td width=\"208\">TAK<\/p>\n<p>https:\/\/rops-bialystok.pl\/fers\/harmonogram-wsparcia\/<\/td>\n<td width=\"123\">TAK<\/p>\n<p>31.12.2024 r.<\/td>\n<\/tr>\n<tr>\n<td width=\"33\">18.<\/td>\n<td width=\"107\">Szkolenie pn. \u201ePrawne i praktyczne aspekty narz\u0119dzi stosowanych w pracy socjalnej: projektu socjalnego, kontraktu socjalnego oraz rodzinnego wywiadu \u015brodowiskowego\u201d<\/td>\n<td width=\"94\">28.01.2025 r.<\/td>\n<td width=\"85\">9.00 \u2013 16.00<\/td>\n<td width=\"132\">Hotel 3 Trio<br \/>\nul. Hurtowa 3<br \/>\n15- 399 Bia\u0142ystok<\/td>\n<td width=\"132\">Kancelaria Radcy Prawnego Micha\u0142 So\u0107ko<\/p>\n<p>Pracownik ROPS:<br \/>\nWioletta Iwanowska<\/td>\n<td width=\"76\">15<\/td>\n<td width=\"208\">TAK<\/p>\n<p>https:\/\/rops-bialystok.pl\/fers\/harmonogram-wsparcia\/<\/td>\n<td width=\"123\">TAK<\/p>\n<p>31.12.2024 r.<\/td>\n<\/tr>\n<tr>\n<td width=\"33\">19.<\/td>\n<td width=\"107\">Superwizja pracy socjalnej pn.: \u201eSuperwizja pracy socjalnej dla pracownik\u00f3w socjalnych z terenu wojew\u00f3dztwa podlaskiego\u201d<\/td>\n<td width=\"94\">28-31.01.2025 r.<\/td>\n<td width=\"85\">9.00 \u2013 16.00<\/td>\n<td width=\"132\">Hotel 3 Trio<br \/>\nul. Hurtowa 3<br \/>\n15- 399 Bia\u0142ystok<\/td>\n<td width=\"132\">Manufaktura Emocji Joanna Szymanowska<\/p>\n<p>Trener:<br \/>\nJoanna Szymanowska<\/p>\n<p>Pracownik ROPS:<br \/>\nWioletta Iwanowska<\/td>\n<td width=\"76\">15<\/td>\n<td width=\"208\">TAK<\/p>\n<p>https:\/\/rops-bialystok.pl\/fers\/harmonogram-wsparcia\/<\/td>\n<td width=\"123\">TAK<\/p>\n<p>31.12.2024 r.<\/td>\n<\/tr>\n<tr>\n<td width=\"33\">20.<\/td>\n<td width=\"107\">Wsparcie w ramach us\u0142ugi doradczej w zakresie tworzenia i wdra\u017cania lokalnych plan\u00f3w deinstytucjonalizacji us\u0142ug spo\u0142ecznych (LPDI)<\/td>\n<td width=\"94\">30.01.2025 r.<\/td>\n<td width=\"85\">8.00 \u2013 11.00<\/p>\n<p>&nbsp;<\/p>\n<p>&nbsp;<\/p>\n<p>&nbsp;<\/p>\n<p>12.00 \u2013 14.00<\/p>\n<p>&nbsp;<\/p>\n<p>&nbsp;<\/p>\n<p>&nbsp;<\/p>\n<p>14.00 \u2013 16.00<\/p>\n<p>&nbsp;<\/p>\n<p>&nbsp;<\/p>\n<p>&nbsp;<\/td>\n<td width=\"132\">Urz\u0105d Gminy Bia\u0142owie\u017ca<br \/>\nul. Sportowa 1<br \/>\n17-230 Bia\u0142owie\u017ca\u00a0Urz\u0105d Miasta Hajn\u00f3wka<br \/>\nul. Aleksego Zina 1<br \/>\n17-200 Hajn\u00f3wkaPowiatowe Centrum Pomocy Rodzinie w Hajn\u00f3wce<br \/>\nul. Pi\u0142sudskiego 10A<br \/>\n17-200 Hajn\u00f3wka<\/p>\n<p>&nbsp;<\/td>\n<td width=\"132\">\u0141ukasz \u017bmuda<\/p>\n<p>Pracownik ROPS:<br \/>\nEwa Pietroczuk<\/td>\n<td width=\"76\">1<\/td>\n<td width=\"208\">TAK<\/p>\n<p>https:\/\/rops-bialystok.pl\/fers\/harmonogram-wsparcia\/<\/td>\n<td width=\"123\">TAK<\/p>\n<p>31.12.2024 r.<\/td>\n<\/tr>\n<tr>\n<td width=\"33\">21.<\/td>\n<td width=\"107\">Wsparcie w ramach us\u0142ugi doradczej w zakresie tworzenia i wdra\u017cania lokalnych plan\u00f3w deinstytucjonalizacji us\u0142ug spo\u0142ecznych (LPDI)<\/td>\n<td width=\"94\">31.01.2025 r.<\/td>\n<td width=\"85\">9.00 \u2013 12.00<\/p>\n<p>&nbsp;<\/p>\n<p>&nbsp;<\/p>\n<p>&nbsp;<\/p>\n<p>&nbsp;<\/p>\n<p>&nbsp;<\/p>\n<p>13.00 \u2013 15.00<\/p>\n<p>&nbsp;<\/p>\n<p>&nbsp;<\/p>\n<p>&nbsp;<\/td>\n<td width=\"132\">O\u015brodek Pomocy Spo\u0142ecznej w Wyszkach<br \/>\nul. Szkolna 17<br \/>\n17-132 Wyszki\u00a0\u00a0Urz\u0105d Miasta Bra\u0144sk<br \/>\nul. Rynek 8<br \/>\n17-120 Bra\u0144sk<\/td>\n<td width=\"132\">\u0141ukasz \u017bmuda<\/p>\n<p>Pracownik ROPS:<br \/>\nEwa Pietroczuk<\/td>\n<td width=\"76\">1<\/td>\n<td width=\"208\">TAK<\/p>\n<p>https:\/\/rops-bialystok.pl\/fers\/harmonogram-wsparcia\/<\/td>\n<td width=\"123\">TAK<\/p>\n<p>31.12.2024 r.<\/td>\n<\/tr>\n<tr>\n<td width=\"33\"><span style=\"text-decoration: line-through;\">22.<\/span><\/td>\n<td width=\"107\"><span style=\"text-decoration: line-through;\">Wsparcie w ramach us\u0142ugi doradczej w zakresie opracowania i aktualizacji dokument\u00f3w strategicznych dla jednostek samorz\u0105du terytorialnego (JST) poprzez wprowadzenie do dokument\u00f3w strategicznych JST zapis\u00f3w dotycz\u0105cych ekonomii spo\u0142ecznej (ES) lub tworzenia lokalnych plan\u00f3w rozwoju ES<\/span><\/td>\n<td width=\"94\"><span style=\"text-decoration: line-through;\">31.01.2025 r.<\/span><\/td>\n<td width=\"85\"><span style=\"text-decoration: line-through;\">08.00 \u2013 12.00<\/span><\/td>\n<td width=\"132\"><span style=\"text-decoration: line-through;\">Gminny O\u015brodek Pomocy Spo\u0142ecznej w Bielsku Podlaskim<br \/>\nul. A. Mickiewicza 46<br \/>\n17-100 Bielsk Podlaski<\/span><\/td>\n<td width=\"132\"><span style=\"text-decoration: line-through;\">Anna Tomulewicz <\/span><\/p>\n<p><span style=\"text-decoration: line-through;\">Pracownik ROPS:<br \/>\nEwa Pietroczuk<\/span><\/td>\n<td width=\"76\"><span style=\"text-decoration: line-through;\">1<\/span><\/td>\n<td width=\"208\"><span style=\"text-decoration: line-through;\">TAK<\/span><\/p>\n<p><span style=\"text-decoration: line-through;\">https:\/\/rops-bialystok.pl\/fers\/harmonogram-wsparcia\/<\/span><\/td>\n<td width=\"123\"><span style=\"text-decoration: line-through;\">TAK<\/span><\/p>\n<p><span style=\"text-decoration: line-through;\">31.12.2024 r.<\/span><\/td>\n<\/tr>\n<\/tbody>\n<\/table>\n<\/div>\n<p>&nbsp;<\/p>\n","protected":false},"excerpt":{"rendered":"<p>Szczeg\u00f3\u0142owy Harmonogram Udzielania Wsparcia \/ Dzia\u0142a\u0144 w Projekcie Nazwa Beneficjenta: Wojew\u00f3dztwo Podlaskie\/Regionalny O\u015brodek Polityki Spo\u0142ecznej w Bia\u0142ymstoku Numer projektu: FERS.04.13-IP.06-0016\/23 Tytu\u0142 projektu: \u201eKoordynacja dzia\u0142a\u0144 w zakresie polityki spo\u0142ecznej w wojew\u00f3dztwie podlaskim\u201d Harmonogram dotyczy dzia\u0142a\u0144 \/ wsparcia w projekcie w okresie: 01-31.01.2025 r. &nbsp; Materia\u0142y do pobrania:\u00a0 Harmonogram Wsparcia &#8211; stycze\u0144 2025 (skan orygina\u0142u) [PDF] Harmonogram &hellip; <a href=\"https:\/\/rops-bialystok.pl\/fers\/harmonogram-wsparcia-styczen-2025\/\" class=\"more-link\">Continue reading<span class=\"screen-reader-text\"> &#8222;Harmonogram wsparcia &#8211; stycze\u0144 2025&#8221;<\/span><\/a><\/p>\n","protected":false},"author":2,"featured_media":0,"parent":0,"menu_order":0,"comment_status":"closed","ping_status":"closed","template":"","meta":{"footnotes":""},"class_list":["post-24674","page","type-page","status-publish","hentry"],"_links":{"self":[{"href":"https:\/\/rops-bialystok.pl\/fers\/wp-json\/wp\/v2\/pages\/24674","targetHints":{"allow":["GET"]}}],"collection":[{"href":"https:\/\/rops-bialystok.pl\/fers\/wp-json\/wp\/v2\/pages"}],"about":[{"href":"https:\/\/rops-bialystok.pl\/fers\/wp-json\/wp\/v2\/types\/page"}],"author":[{"embeddable":true,"href":"https:\/\/rops-bialystok.pl\/fers\/wp-json\/wp\/v2\/users\/2"}],"replies":[{"embeddable":true,"href":"https:\/\/rops-bialystok.pl\/fers\/wp-json\/wp\/v2\/comments?post=24674"}],"version-history":[{"count":5,"href":"https:\/\/rops-bialystok.pl\/fers\/wp-json\/wp\/v2\/pages\/24674\/revisions"}],"predecessor-version":[{"id":26018,"href":"https:\/\/rops-bialystok.pl\/fers\/wp-json\/wp\/v2\/pages\/24674\/revisions\/26018"}],"wp:attachment":[{"href":"https:\/\/rops-bialystok.pl\/fers\/wp-json\/wp\/v2\/media?parent=24674"}],"curies":[{"name":"wp","href":"https:\/\/api.w.org\/{rel}","templated":true}]}}