{"id":24677,"date":"2025-01-28T12:08:48","date_gmt":"2025-01-28T11:08:48","guid":{"rendered":"https:\/\/rops-bialystok.pl\/fers\/?page_id=24677"},"modified":"2025-10-08T08:58:31","modified_gmt":"2025-10-08T06:58:31","slug":"harmonogram-wsparcia-luty-2025","status":"publish","type":"page","link":"https:\/\/rops-bialystok.pl\/fers\/harmonogram-wsparcia-luty-2025\/","title":{"rendered":"Harmonogram wsparcia &#8211; luty 2025"},"content":{"rendered":"<p><strong>Szczeg\u00f3\u0142owy Harmonogram Udzielania Wsparcia \/ Dzia\u0142a\u0144 w Projekcie<\/strong><\/p>\n<p><strong>Nazwa Beneficjenta:<\/strong> Wojew\u00f3dztwo Podlaskie\/Regionalny O\u015brodek Polityki Spo\u0142ecznej w Bia\u0142ymstoku<\/p>\n<p><strong>Numer projektu:<\/strong> FERS.04.13-IP.06-0016\/23<\/p>\n<p><strong>Tytu\u0142 projektu:<\/strong> \u201eKoordynacja dzia\u0142a\u0144 w zakresie polityki spo\u0142ecznej w wojew\u00f3dztwie podlaskim\u201d<\/p>\n<p><strong>Harmonogram dotyczy dzia\u0142a\u0144 \/ wsparcia w projekcie w okresie: 01-28.02.2025 r.<\/strong><\/p>\n<p>&nbsp;<\/p>\n<p><strong>Materia\u0142y do pobrania:<\/strong><\/p>\n<ul>\n<li><a href=\"https:\/\/rops-bialystok.pl\/fers\/wp-content\/uploads\/2025\/03\/harmonogram-wsparcia-luty-2025.pdf\">Harmonogram Wsparcia &#8211; luty 2025 (skan orygina\u0142u) [PDF]<\/a>\n<ul>\n<li><a href=\"https:\/\/rops-bialystok.pl\/fers\/wp-content\/uploads\/2025\/10\/harmonogram-wsparcia-luty-2025.docx\">Harmonogram Wsparcia &#8211; luty 2025 (dokument utworzony w strukturze u\u0142atwiaj\u0105cej dost\u0119pno\u015b\u0107) [.DOCX]<\/a><\/li>\n<\/ul>\n<\/li>\n<li><a href=\"https:\/\/rops-bialystok.pl\/fers\/wp-content\/uploads\/2025\/03\/aktualizacja-07.02.2025-r.pdf\">Harmonogram Wsparcia &#8211; aktualizacja 07.02.2025 r. (skan orygina\u0142u) [PDF]<\/a><\/li>\n<li><a href=\"https:\/\/rops-bialystok.pl\/fers\/wp-content\/uploads\/2025\/03\/aktualizacja-17.02.2025-r.pdf\">Harmonogram Wsparcia &#8211; aktualizacja 17.02.2025 r. (skan orygina\u0142u) [PDF]<\/a><\/li>\n<li><a href=\"https:\/\/rops-bialystok.pl\/fers\/wp-content\/uploads\/2025\/03\/aktualizacja-26.02.2025-r.pdf\">Harmonogram Wsparcia &#8211; aktualizacja 26.02.2025 r. (skan orygina\u0142u) [PDF]<\/a><\/li>\n<\/ul>\n<div class=\"rwd-table-large\">\n<table style=\"height: 5927px;\" width=\"1136\">\n<caption style=\"text-align: left;\">Tabela 1. Szczeg\u00f3\u0142owy Harmonogram Udzielania Wsparcia \/ Dzia\u0142a\u0144 w Projekcie (luty 2025)<\/caption>\n<thead class=\"table-corner\">\n<tr>\n<th width=\"33\"><strong>Lp.<\/strong><\/th>\n<th width=\"113\"><strong>Rodzaj wsparcia\/ dzia\u0142ania (w przypadku szkole\u0144, spotka\u0144, posiedze\u0144 &#8211; dok\u0142adna nazwa szkolenia)<\/strong><\/th>\n<th width=\"93\"><strong>Data udzielania wsparcia \/ dzia\u0142ania<\/strong><\/p>\n<p>&nbsp;<\/th>\n<th width=\"84\"><strong>Godziny udzielania wsparcia \/ dzia\u0142ania<\/strong><\/p>\n<p>&nbsp;<\/th>\n<th width=\"131\"><strong>Dok\u0142adny adres realizacji wsparcia \/ dzia\u0142ania <\/strong><\/p>\n<p>&nbsp;<\/th>\n<th width=\"132\"><strong>Nazwa wykonawcy (np. w przypadku szkole\u0144, doradztwa, konferencji\u2026) \/ osoby do kontaktu w sprawie wydarzenia\/dzia\u0142ania<\/strong><\/p>\n<p>&nbsp;<\/th>\n<th width=\"76\"><strong>Planowana liczba uczestnik\u00f3w<\/strong><\/p>\n<p>&nbsp;<\/th>\n<th width=\"206\"><strong>Czy zamieszczono harmonogram udzielania wsparcia\/dzia\u0142a\u0144 na stronie internetowej projektu lub innej stronie www Beneficjenta (TAK\/NIE). Je\u017celi Tak, nale\u017cy poda\u0107 adres strony www.<\/strong><\/p>\n<p>&nbsp;<\/th>\n<th width=\"122\"><strong>Czy przekazano harmonogram udzielania wsparcia z wykorzystaniem systemu CST (TAK\/NIE)? Nale\u017cy poda\u0107 dat\u0119 przes\u0142ania harmonogramu do IP poprzez CST<\/strong><\/th>\n<\/tr>\n<\/thead>\n<tbody class=\"table-corner\">\n<tr>\n<td width=\"33\">1.<\/td>\n<td width=\"107\">Wsparcie w ramach us\u0142ugi doradczej w zakresie opracowania i aktualizacji dokument\u00f3w strategicznych dla jednostek samorz\u0105du terytorialnego (JST) poprzez wprowadzenie do dokument\u00f3w strategicznych JST zapis\u00f3w dotycz\u0105cych ekonomii spo\u0142ecznej (ES) lub tworzenia lokalnych plan\u00f3w rozwoju ES<\/td>\n<td width=\"94\">03.02.2025 r.<\/td>\n<td width=\"85\">09.00 \u2013 15.00<\/td>\n<td width=\"132\">Gminny O\u015brodek Pomocy Spo\u0142ecznej w Bra\u0144sku<br \/>\nul. Ko\u015bciuszki 19<br \/>\n17-120 Bra\u0144sk<\/td>\n<td width=\"132\">Anna Tomulewicz<\/p>\n<p>Pracownik ROPS:<br \/>\nEwa Pietroczuk<\/td>\n<td width=\"76\">1<\/td>\n<td width=\"208\">TAK<\/p>\n<p>https:\/\/rops-bialystok.pl\/fers\/harmonogram-wsparcia\/<\/td>\n<td width=\"123\">TAK<\/p>\n<p>27.01.2025 r.<\/p>\n<p>&nbsp;<\/p>\n<p>Nast\u0105pi\u0142a zmiana beneficjenta wsparcia<\/td>\n<\/tr>\n<tr>\n<td width=\"33\">2.<\/td>\n<td width=\"107\">Wsparcie w ramach us\u0142ugi doradczej w zakresie tworzenia i wdra\u017cania lokalnych plan\u00f3w deinstytucjonalizacji us\u0142ug spo\u0142ecznych (LPDI)<\/td>\n<td width=\"94\">03.02.2025 r.<\/td>\n<td width=\"85\">9.00 \u2013 10.00<\/p>\n<p>11.00 \u2013 12.00<\/p>\n<p>&nbsp;<\/p>\n<p>&nbsp;<\/td>\n<td width=\"132\">Powiatowe Centrum Pomocy Rodzinie w Bielsku Podlaskim<br \/>\nul. 3 Maja 17<br \/>\n17-100 Bielsk PodlaskiMiejski O\u015brodek Pomocy Spo\u0142ecznej w Bielsku Podlaskim<br \/>\nul. Kazimierzowska 18\/3<br \/>\n17-100 Bielsk Podlaski&nbsp;<\/td>\n<td width=\"132\">\u0141ukasz \u017bmuda<\/p>\n<p>Pracownik ROPS:<br \/>\nEwa Pietroczuk<\/td>\n<td width=\"76\">1<\/td>\n<td width=\"208\">TAK<\/p>\n<p>https:\/\/rops-bialystok.pl\/fers\/harmonogram-wsparcia\/<\/td>\n<td width=\"123\">TAK<\/p>\n<p>27.01.2025 r.<\/td>\n<\/tr>\n<tr>\n<td width=\"33\">3.<\/td>\n<td width=\"107\">Wsparcie w ramach us\u0142ugi doradczej w zakresie tworzenia i wdra\u017cania lokalnych plan\u00f3w deinstytucjonalizacji us\u0142ug spo\u0142ecznych (LPDI)<\/td>\n<td width=\"94\">05.02.2025 r.<\/td>\n<td width=\"85\">9.00 \u2013 12.00<\/p>\n<p>13.00 \u2013 16.00<\/p>\n<p>&nbsp;<\/p>\n<p>&nbsp;<\/p>\n<p>&nbsp;<\/p>\n<p>&nbsp;<\/td>\n<td width=\"132\">Miejski O\u015brodek Pomocy Spo\u0142ecznej \u00a0w Zab\u0142udowie<br \/>\nul. Mickiewicza 5<br \/>\n16-060 Zab\u0142ud\u00f3wMiejsko \u2013 Gminny O\u015brodek Pomocy Spo\u0142ecznej w Sura\u017cu<br \/>\nul. 11 Listopada 16<br \/>\n18-105 Sura\u017c<\/td>\n<td width=\"132\">\u0141ukasz \u017bmuda<\/p>\n<p>Pracownik ROPS:<br \/>\nEwa Pietroczuk<\/p>\n<p>&nbsp;<\/p>\n<p>&nbsp;<\/td>\n<td width=\"76\">1<\/td>\n<td width=\"208\">TAK<\/p>\n<p>https:\/\/rops-bialystok.pl\/fers\/harmonogram-wsparcia\/<\/td>\n<td width=\"123\">TAK<\/p>\n<p>27.01.2025 r.<\/td>\n<\/tr>\n<tr>\n<td width=\"33\">4.<\/td>\n<td width=\"107\">Wsparcie w ramach us\u0142ugi doradczej w zakresie planowania oraz prowadzenia bada\u0144, diagnoz, analiz<\/td>\n<td width=\"94\">05.02.2025 r.<\/td>\n<td width=\"85\">9.00 \u2013 10.00<\/td>\n<td width=\"132\">online<\/td>\n<td width=\"132\">Anna Matejczuk-Rosa Badania i Analizy<\/p>\n<p>Pracownik ROPS:<br \/>\nMarzena Bojarzy\u0144ska<\/p>\n<p>&nbsp;<\/td>\n<td width=\"76\">2<\/td>\n<td width=\"208\">TAK<\/p>\n<p>https:\/\/rops-bialystok.pl\/fers\/harmonogram-wsparcia\/<\/td>\n<td width=\"123\">TAK<\/p>\n<p>30.01.2025 r.<\/td>\n<\/tr>\n<tr>\n<td width=\"33\">5.<\/td>\n<td width=\"107\">Wsparcie w ramach us\u0142ugi doradczej w zakresie tworzenia i wdra\u017cania lokalnych plan\u00f3w deinstytucjonalizacji us\u0142ug spo\u0142ecznych (LPDI)<\/td>\n<td width=\"94\">06.02.2025 r.<\/td>\n<td width=\"85\">8.00 \u2013 10.00<\/p>\n<p>11.00 \u2013 14.00<\/td>\n<td width=\"132\">Gminny O\u015brodek Pomocy Spo\u0142ecznej w Czeremsze<br \/>\nul. Duboisa 14<br \/>\n17-240 CzeremchaO\u015brodek Pomocy Spo\u0142ecznej w Dubiczach Cerkiewnych<br \/>\nul. G\u0142\u00f3wna 65<br \/>\n17-204 Dubicze Cerkiewne&nbsp;<\/td>\n<td width=\"132\">\u0141ukasz \u017bmuda<\/p>\n<p>Pracownik ROPS:<br \/>\nEwa Pietroczuk<\/td>\n<td width=\"76\">1<\/td>\n<td width=\"208\">TAK<\/p>\n<p>https:\/\/rops-bialystok.pl\/fers\/harmonogram-wsparcia\/<\/td>\n<td width=\"123\">TAK<\/p>\n<p>27.01.2025 r.<\/td>\n<\/tr>\n<tr>\n<td width=\"33\">6.<\/td>\n<td width=\"107\">Wsparcie w ramach us\u0142ugi doradczej w zakresie tworzenia i wdra\u017cania lokalnych plan\u00f3w deinstytucjonalizacji us\u0142ug spo\u0142ecznych (LPDI)<\/td>\n<td width=\"94\">07.02.2025 r.<\/td>\n<td width=\"85\">8.00 \u2013 11.00<\/p>\n<p>12.00 \u2013 15.30<\/td>\n<td width=\"132\">Gminny O\u015brodek Pomocy Spo\u0142ecznej w Juchnowcu Ko\u015bcielnym<br \/>\nul. Lipowa 10<br \/>\n16-061 Juchnowiec Ko\u015bcielnyGminny O\u015brodek Pomocy Spo\u0142ecznej O\u015brodek Pomocy w Gr\u00f3dku<br \/>\nul. Fabryczna 6<br \/>\n16-040 Gr\u00f3dek&nbsp;<\/td>\n<td width=\"132\">\u0141ukasz \u017bmuda<\/p>\n<p>Pracownik ROPS:<br \/>\nEwa Pietroczuk<\/td>\n<td width=\"76\">1<\/td>\n<td width=\"208\">TAK<\/p>\n<p>https:\/\/rops-bialystok.pl\/fers\/harmonogram-wsparcia\/<\/td>\n<td width=\"123\">TAK<\/p>\n<p>27.01.2025 r.<\/td>\n<\/tr>\n<tr>\n<td width=\"33\">7.<\/td>\n<td width=\"107\">Wsparcie w ramach us\u0142ugi doradczej w zakresie planowania oraz prowadzenia bada\u0144, diagnoz, analiz<\/td>\n<td width=\"94\">10.02.2025 r.<\/td>\n<td width=\"85\">8:30-9:30<\/td>\n<td width=\"132\">online<\/td>\n<td width=\"132\">Anna Matejczuk-Rosa Badania i Analizy<\/p>\n<p>Pracownik ROPS:<br \/>\nMarzena Bojarzy\u0144ska<\/td>\n<td width=\"76\">3<\/td>\n<td width=\"208\">TAK<\/p>\n<p>https:\/\/rops-bialystok.pl\/fers\/harmonogram-wsparcia\/<\/td>\n<td width=\"123\">TAK<\/p>\n<p>07.02.2025 r.<\/td>\n<\/tr>\n<tr>\n<td width=\"33\">8.<\/td>\n<td width=\"107\">Wsparcie w ramach us\u0142ugi doradczej w zakresie planowania oraz prowadzenia bada\u0144, diagnoz, analiz<\/td>\n<td width=\"94\">17.02.2025 r.<\/td>\n<td width=\"85\">10.00 \u2013 11.00<\/td>\n<td width=\"132\">online<\/td>\n<td width=\"132\">Anna Matejczuk-Rosa Badania i Analizy<\/p>\n<p>Pracownik ROPS:<br \/>\nMarzena Bojarzy\u0144ska<\/td>\n<td width=\"76\">3<\/td>\n<td width=\"208\">TAK<\/p>\n<p>https:\/\/rops-bialystok.pl\/fers\/harmonogram-wsparcia\/<\/td>\n<td width=\"123\">TAK<\/p>\n<p>07.02.2025 r.<\/td>\n<\/tr>\n<tr>\n<td width=\"33\">9.<\/td>\n<td width=\"107\">Wsparcie w ramach us\u0142ugi doradczej w zakresie opracowania i aktualizacji dokument\u00f3w strategicznych dla jednostek samorz\u0105du terytorialnego (JST) poprzez wprowadzenie do dokument\u00f3w strategicznych JST zapis\u00f3w dotycz\u0105cych ekonomii spo\u0142ecznej (ES) lub tworzenia lokalnych plan\u00f3w rozwoju ES<\/td>\n<td width=\"94\">21.02.2025 r.<\/td>\n<td width=\"85\">09.00 \u2013 15.00<\/td>\n<td width=\"132\">Gminny O\u015brodek Pomocy Spo\u0142ecznej w Turo\u015bni Ko\u015bcielnej<br \/>\nul. Bia\u0142ostocka 5<br \/>\n18-106 Turo\u015b\u0144 Ko\u015bcielna<\/td>\n<td width=\"132\">Anna Tomulewicz<\/p>\n<p>Pracownik ROPS:<br \/>\nEwa Pietroczuk<\/td>\n<td width=\"76\">1<\/td>\n<td width=\"208\">TAK<\/p>\n<p>https:\/\/rops-bialystok.pl\/fers\/harmonogram-wsparcia\/<\/td>\n<td width=\"123\">TAK<\/p>\n<p>27.01.2025 r.<\/td>\n<\/tr>\n<tr>\n<td width=\"33\">10.<\/td>\n<td width=\"107\">Wsparcie w ramach us\u0142ugi doradczej w zakresie opracowania i aktualizacji dokument\u00f3w strategicznych dla jednostek samorz\u0105du terytorialnego (JST) poprzez wprowadzenie do dokument\u00f3w strategicznych JST zapis\u00f3w dotycz\u0105cych ekonomii spo\u0142ecznej (ES) lub tworzenia lokalnych plan\u00f3w rozwoju ES<\/p>\n<p>&nbsp;<\/p>\n<p>&nbsp;<\/td>\n<td width=\"94\">24.02.2025 r.<\/td>\n<td width=\"85\">09.00 \u2013 15.00<\/td>\n<td width=\"132\">Miejsko-Gminny O\u015brodek Pomocy Spo\u0142ecznej w Choroszczy<br \/>\nul. Dominika\u0144ska 2<br \/>\n16-070 Choroszcz<\/td>\n<td width=\"132\">Anna Tomulewicz<\/p>\n<p>Pracownik ROPS:<br \/>\nEwa Pietroczuk<\/td>\n<td width=\"76\">1<\/td>\n<td width=\"208\">TAK<\/p>\n<p>https:\/\/rops-bialystok.pl\/fers\/harmonogram-wsparcia\/<\/td>\n<td width=\"123\">TAK<\/p>\n<p>07.02.2025 r.<\/td>\n<\/tr>\n<tr>\n<td width=\"33\">11.<\/td>\n<td width=\"107\">Wsparcie w ramach us\u0142ugi doradczej w zakresie tworzenia i wdra\u017cania lokalnych plan\u00f3w deinstytucjonalizacji us\u0142ug spo\u0142ecznych (LPDI)<\/td>\n<td width=\"94\">24.02.2025 r.<\/td>\n<td width=\"85\">9.00 &#8211; 11.00<\/td>\n<td width=\"132\">Miejski O\u015brodek Pomocy Spo\u0142ecznej w Zab\u0142udowie<br \/>\nul. A. Mickiewicza 5<br \/>\n16-060 Zab\u0142ud\u00f3w<\/td>\n<td width=\"132\">\u0141ukasz \u017bmuda<\/p>\n<p>Pracownik ROPS:<br \/>\nEwa Pietroczuk<\/td>\n<td width=\"76\">1<\/td>\n<td width=\"208\">TAK<\/p>\n<p>https:\/\/rops-bialystok.pl\/fers\/harmonogram-wsparcia\/<\/td>\n<td width=\"123\">TAK<\/p>\n<p>17.02.2025 r.<\/td>\n<\/tr>\n<tr>\n<td width=\"33\">12.<\/td>\n<td width=\"107\">Wsparcie w ramach us\u0142ugi doradczej w zakresie tworzenia i wdra\u017cania lokalnych plan\u00f3w deinstytucjonalizacji us\u0142ug spo\u0142ecznych (LPDI)<\/td>\n<td width=\"94\">24.02.2025 r.<\/td>\n<td width=\"85\">11.00 &#8211; 13.00<\/td>\n<td width=\"132\">Powiatowe Centrum Pomocy Rodzinie w Bielsku Podlaskim<br \/>\nul. 3 Maja 17<br \/>\n17-100 Bielsk Podlaski<\/td>\n<td width=\"132\">\u0141ukasz \u017bmuda<\/p>\n<p>Pracownik ROPS:<br \/>\nEwa Pietroczuk<\/td>\n<td width=\"76\">1<\/td>\n<td width=\"208\">TAK<\/p>\n<p>https:\/\/rops-bialystok.pl\/fers\/harmonogram-wsparcia\/<\/td>\n<td width=\"123\">TAK<\/p>\n<p>17.02.2025 r.<\/td>\n<\/tr>\n<tr>\n<td width=\"33\">13.<\/td>\n<td width=\"107\">Wsparcie w ramach us\u0142ugi doradczej w zakresie tworzenia i wdra\u017cania lokalnych plan\u00f3w deinstytucjonalizacji us\u0142ug spo\u0142ecznych (LPDI)<\/td>\n<td width=\"94\">24.02.2025 r.<\/td>\n<td width=\"85\">13.00-15.00<\/td>\n<td width=\"132\">Miejski O\u015brodek Pomocy Spo\u0142ecznej w Bielsku Podlaskim<br \/>\nul. Kazimierzowska 18\/3<br \/>\n17-100 Bielsk Podlaski<\/td>\n<td width=\"132\">\u0141ukasz \u017bmuda<\/p>\n<p>Pracownik ROPS:<br \/>\nEwa Pietroczuk<\/td>\n<td width=\"76\">1<\/td>\n<td width=\"208\">TAK<\/p>\n<p>https:\/\/rops-bialystok.pl\/fers\/harmonogram-wsparcia\/<\/td>\n<td width=\"123\">TAK<\/p>\n<p>17.02.2025 r.<\/td>\n<\/tr>\n<tr>\n<td width=\"33\">14.<\/td>\n<td width=\"107\"><span style=\"text-decoration: line-through;\">Wsparcie w ramach us\u0142ugi doradczej w zakresie tworzenia i wdra\u017cania lokalnych plan\u00f3w deinstytucjonalizacji us\u0142ug spo\u0142ecznych (LPDI)<\/span><\/td>\n<td width=\"94\"><span style=\"text-decoration: line-through;\">25.02.2025 r. <\/span><\/td>\n<td width=\"85\"><span style=\"text-decoration: line-through;\">08.00 &#8211; 11.00<\/span><\/td>\n<td width=\"132\"><span style=\"text-decoration: line-through;\">Powiatowe Centrum Pomocy Rodzinie w Hajn\u00f3wce<br \/>\nul. Pi\u0142sudskiego 10A,<br \/>\n17-200 Hajn\u00f3wka<\/span><\/td>\n<td width=\"132\"><span style=\"text-decoration: line-through;\">\u0141ukasz \u017bmuda <\/span><\/p>\n<p><span style=\"text-decoration: line-through;\">Pracownik ROPS:<br \/>\nEwa Pietroczuk<\/span><\/td>\n<td width=\"76\"><span style=\"text-decoration: line-through;\">1<\/span><\/td>\n<td width=\"208\"><span style=\"text-decoration: line-through;\">TAK<\/span><\/p>\n<p><span style=\"text-decoration: line-through;\">https:\/\/rops-bialystok.pl\/fers\/harmonogram-wsparcia\/<\/span><\/td>\n<td width=\"123\"><span style=\"text-decoration: line-through;\">TAK<\/span><\/p>\n<p><span style=\"text-decoration: line-through;\">17.02.2025 r.<\/span><\/td>\n<\/tr>\n<tr>\n<td width=\"33\">15.<\/td>\n<td width=\"107\"><span style=\"text-decoration: line-through;\">Wsparcie w ramach us\u0142ugi doradczej w zakresie tworzenia i wdra\u017cania lokalnych plan\u00f3w deinstytucjonalizacji us\u0142ug spo\u0142ecznych (LPDI)<\/span><\/td>\n<td width=\"94\"><span style=\"text-decoration: line-through;\">25.02.2025 r.<\/span><\/td>\n<td width=\"85\"><span style=\"text-decoration: line-through;\">12.00 &#8211; 16.00<\/span><\/td>\n<td width=\"132\"><span style=\"text-decoration: line-through;\">Powiatowe Centrum Pomocy Rodzinie w Bielsku Podlaskim<br \/>\nul. 3 Maja 17<br \/>\n17-100 Bielsk Podlaski <\/span><\/td>\n<td width=\"132\"><span style=\"text-decoration: line-through;\">\u0141ukasz \u017bmuda <\/span><\/p>\n<p><span style=\"text-decoration: line-through;\">Pracownik ROPS:<br \/>\nEwa Pietroczuk<\/span><\/td>\n<td width=\"76\"><span style=\"text-decoration: line-through;\">1 <\/span><\/td>\n<td width=\"208\"><span style=\"text-decoration: line-through;\">TAK<\/span><\/p>\n<p><span style=\"text-decoration: line-through;\">https:\/\/rops-bialystok.pl\/fers\/harmonogram-wsparcia\/<\/span><\/td>\n<td width=\"123\"><span style=\"text-decoration: line-through;\">TAK<\/span><\/p>\n<p><span style=\"text-decoration: line-through;\">17.02.2025 r.<\/span><\/td>\n<\/tr>\n<tr>\n<td width=\"33\">16.<\/td>\n<td width=\"107\"><span style=\"text-decoration: line-through;\">Wsparcie w ramach us\u0142ugi doradczej w zakresie tworzenia i wdra\u017cania lokalnych plan\u00f3w deinstytucjonalizacji us\u0142ug spo\u0142ecznych (LPDI)<\/span><\/td>\n<td width=\"94\"><span style=\"text-decoration: line-through;\">26.02.2025 r. <\/span><\/td>\n<td width=\"85\"><span style=\"text-decoration: line-through;\">08.00 \u2013 11.00<\/span><\/td>\n<td width=\"132\"><span style=\"text-decoration: line-through;\">Urz\u0105d Miasta Bra\u0144sk<br \/>\nul. Rynek 8<br \/>\n17-120 Bra\u0144sk<\/span><\/td>\n<td width=\"132\"><span style=\"text-decoration: line-through;\">\u0141ukasz \u017bmuda <\/span><\/p>\n<p><span style=\"text-decoration: line-through;\">Pracownik ROPS:<br \/>\nEwa Pietroczuk<\/span><\/td>\n<td width=\"76\"><span style=\"text-decoration: line-through;\">1 <\/span><\/td>\n<td width=\"208\"><span style=\"text-decoration: line-through;\">TAK<\/span><\/p>\n<p><span style=\"text-decoration: line-through;\">https:\/\/rops-bialystok.pl\/fers\/harmonogram-wsparcia\/<\/span><\/td>\n<td width=\"123\"><span style=\"text-decoration: line-through;\">TAK<\/span><\/p>\n<p><span style=\"text-decoration: line-through;\">17.02.2025 r.<\/span><\/td>\n<\/tr>\n<tr>\n<td width=\"33\">17.<\/td>\n<td width=\"107\"><span style=\"text-decoration: line-through;\">Wsparcie w ramach us\u0142ugi doradczej w zakresie tworzenia i wdra\u017cania lokalnych plan\u00f3w deinstytucjonalizacji us\u0142ug spo\u0142ecznych (LPDI)<\/span><\/td>\n<td width=\"94\"><span style=\"text-decoration: line-through;\">26.02.2025 r.<\/span><\/td>\n<td width=\"85\"><span style=\"text-decoration: line-through;\">12.00 \u2013 15.00<\/span><\/td>\n<td width=\"132\"><span style=\"text-decoration: line-through;\">O\u015brodek Pomocy Spo\u0142ecznej w Dubiczach Cerkiewnych<br \/>\nul. G\u0142\u00f3wna 65,<br \/>\n17-204 Dubicze Cerkiewne<\/span><\/td>\n<td width=\"132\"><span style=\"text-decoration: line-through;\">\u0141ukasz \u017bmuda <\/span><\/p>\n<p><span style=\"text-decoration: line-through;\">Pracownik ROPS:<br \/>\nEwa Pietroczuk<\/span><\/td>\n<td width=\"76\"><span style=\"text-decoration: line-through;\">1 <\/span><\/td>\n<td width=\"208\"><span style=\"text-decoration: line-through;\">TAK<\/span><\/p>\n<p><span style=\"text-decoration: line-through;\">https:\/\/rops-bialystok.pl\/fers\/harmonogram-wsparcia\/<\/span><\/td>\n<td width=\"123\"><span style=\"text-decoration: line-through;\">TAK<\/span><\/p>\n<p><span style=\"text-decoration: line-through;\">17.02.2025 r.<\/span><\/td>\n<\/tr>\n<tr>\n<td width=\"33\">18.<\/td>\n<td width=\"107\"><span style=\"text-decoration: line-through;\">Wsparcie w ramach us\u0142ugi doradczej w zakresie tworzenia i wdra\u017cania lokalnych plan\u00f3w deinstytucjonalizacji us\u0142ug spo\u0142ecznych (LPDI) <\/span><\/td>\n<td width=\"94\"><span style=\"text-decoration: line-through;\">27.02.2025<\/span><\/td>\n<td width=\"85\"><span style=\"text-decoration: line-through;\">14.00 \u2013 15.30 <\/span><\/td>\n<td width=\"132\"><span style=\"text-decoration: line-through;\">Miejski O\u015brodek Pomocy Spo\u0142ecznej w Bielsku Podlaskim<br \/>\nul. Kazimierzowska 18\/3<br \/>\n17-100 Bielsk Podlaski<\/span><\/td>\n<td width=\"132\"><span style=\"text-decoration: line-through;\">\u0141ukasz \u017bmuda <\/span><\/p>\n<p><span style=\"text-decoration: line-through;\">Pracownik ROPS:<br \/>\nEwa Pietroczuk<\/span><\/td>\n<td width=\"76\"><span style=\"text-decoration: line-through;\">1<\/span><\/td>\n<td width=\"208\"><span style=\"text-decoration: line-through;\">TAK<\/span><\/p>\n<p><span style=\"text-decoration: line-through;\">https:\/\/rops-bialystok.pl\/fers\/harmonogram-wsparcia\/<\/span><\/td>\n<td width=\"123\"><span style=\"text-decoration: line-through;\">TAK<\/span><\/p>\n<p><span style=\"text-decoration: line-through;\">17.02.2025 r.<\/span><\/td>\n<\/tr>\n<tr>\n<td width=\"33\">19.<\/td>\n<td width=\"107\"><span style=\"text-decoration: line-through;\">Wsparcie w ramach us\u0142ugi doradczej w zakresie tworzenia i wdra\u017cania lokalnych plan\u00f3w deinstytucjonalizacji us\u0142ug spo\u0142ecznych (LPDI)<\/span><\/td>\n<td width=\"94\"><span style=\"text-decoration: line-through;\">28.02.2025 r.<\/span><\/td>\n<td width=\"85\"><span style=\"text-decoration: line-through;\">09.00 \u2013 14.00<\/span><\/td>\n<td width=\"132\"><span style=\"text-decoration: line-through;\">Miejski \u00a0O\u015brodek Pomocy Spo\u0142ecznej w Zab\u0142udowie<br \/>\nul. <\/span><span style=\"text-decoration: line-through;\">A. \u00a0Mickiewicza 5<br \/>\n16-060 Zab\u0142ud\u00f3w<\/span><span style=\"text-decoration: line-through;\">\u00a0<\/span><\/td>\n<td width=\"132\"><span style=\"text-decoration: line-through;\">\u0141ukasz \u017bmuda <\/span><\/p>\n<p><span style=\"text-decoration: line-through;\">Pracownik ROPS:<br \/>\nEwa Pietroczuk<\/span><\/td>\n<td width=\"76\"><span style=\"text-decoration: line-through;\">1<\/span><\/td>\n<td width=\"208\"><span style=\"text-decoration: line-through;\">TAK<\/span><\/p>\n<p><span style=\"text-decoration: line-through;\">https:\/\/rops-bialystok.pl\/fers\/harmonogram-wsparcia\/<\/span><\/td>\n<td width=\"123\"><span style=\"text-decoration: line-through;\">TAK<\/span><\/p>\n<p><span style=\"text-decoration: line-through;\">17.02.2025 r.<\/span><\/td>\n<\/tr>\n<\/tbody>\n<\/table>\n<\/div>\n","protected":false},"excerpt":{"rendered":"<p>Szczeg\u00f3\u0142owy Harmonogram Udzielania Wsparcia \/ Dzia\u0142a\u0144 w Projekcie Nazwa Beneficjenta: Wojew\u00f3dztwo Podlaskie\/Regionalny O\u015brodek Polityki Spo\u0142ecznej w Bia\u0142ymstoku Numer projektu: FERS.04.13-IP.06-0016\/23 Tytu\u0142 projektu: \u201eKoordynacja dzia\u0142a\u0144 w zakresie polityki spo\u0142ecznej w wojew\u00f3dztwie podlaskim\u201d Harmonogram dotyczy dzia\u0142a\u0144 \/ wsparcia w projekcie w okresie: 01-28.02.2025 r. &nbsp; Materia\u0142y do pobrania: Harmonogram Wsparcia &#8211; luty 2025 (skan orygina\u0142u) [PDF] Harmonogram &hellip; <a href=\"https:\/\/rops-bialystok.pl\/fers\/harmonogram-wsparcia-luty-2025\/\" class=\"more-link\">Continue reading<span class=\"screen-reader-text\"> &#8222;Harmonogram wsparcia &#8211; luty 2025&#8221;<\/span><\/a><\/p>\n","protected":false},"author":2,"featured_media":0,"parent":0,"menu_order":0,"comment_status":"closed","ping_status":"closed","template":"","meta":{"footnotes":""},"class_list":["post-24677","page","type-page","status-publish","hentry"],"_links":{"self":[{"href":"https:\/\/rops-bialystok.pl\/fers\/wp-json\/wp\/v2\/pages\/24677","targetHints":{"allow":["GET"]}}],"collection":[{"href":"https:\/\/rops-bialystok.pl\/fers\/wp-json\/wp\/v2\/pages"}],"about":[{"href":"https:\/\/rops-bialystok.pl\/fers\/wp-json\/wp\/v2\/types\/page"}],"author":[{"embeddable":true,"href":"https:\/\/rops-bialystok.pl\/fers\/wp-json\/wp\/v2\/users\/2"}],"replies":[{"embeddable":true,"href":"https:\/\/rops-bialystok.pl\/fers\/wp-json\/wp\/v2\/comments?post=24677"}],"version-history":[{"count":14,"href":"https:\/\/rops-bialystok.pl\/fers\/wp-json\/wp\/v2\/pages\/24677\/revisions"}],"predecessor-version":[{"id":26013,"href":"https:\/\/rops-bialystok.pl\/fers\/wp-json\/wp\/v2\/pages\/24677\/revisions\/26013"}],"wp:attachment":[{"href":"https:\/\/rops-bialystok.pl\/fers\/wp-json\/wp\/v2\/media?parent=24677"}],"curies":[{"name":"wp","href":"https:\/\/api.w.org\/{rel}","templated":true}]}}