{"id":25031,"date":"2025-04-24T09:34:42","date_gmt":"2025-04-24T07:34:42","guid":{"rendered":"https:\/\/rops-bialystok.pl\/fers\/?page_id=25031"},"modified":"2025-04-24T09:52:58","modified_gmt":"2025-04-24T07:52:58","slug":"klauzula-informacyjna-regionalnego-osrodka-polityki-spolecznej-w-bialymstoku","status":"publish","type":"page","link":"https:\/\/rops-bialystok.pl\/fers\/klauzula-informacyjna-regionalnego-osrodka-polityki-spolecznej-w-bialymstoku\/","title":{"rendered":"Klauzula informacyjna Regionalnego O\u015brodka Polityki Spo\u0142ecznej w Bia\u0142ymstoku"},"content":{"rendered":"\n    \n    <section class=\"u-clearfix u-white u-section-2\" id=\"block-2\">\n      <div class=\"u-clearfix u-sheet u-valign-middle-lg u-valign-middle-md u-valign-middle-sm u-valign-middle-xl u-valign-middle-xs u-sheet-1\">\n        <h3 class=\"u-text u-text-1\"><b>Klauzula informacyjna ROPS w Bia\u0142ymstoku<\/b>\n        <\/h3>\n        <p class=\"u-text u-text-2\"> Zgodnie z art. 13 i 14 Rozporz\u0105dzenia Parlamentu\nEuropejskiego i Rady (UE) Nr 2016\/679 z dnia 27 kwietnia 2016 r. w sprawie\nochrony os\u00f3b fizycznych w zwi\u0105zku z przetwarzaniem danych osobowych i w sprawie\nswobodnego przep\u0142ywu takich danych oraz uchylenia dyrektywy 95\/46\/WE (og\u00f3lne\nrozporz\u0105dzenie o ochronie danych), zwanego dalej RODO, informujemy o zasadach\nprzetwarzania Pa\u0144stwa danych osobowych:\n&nbsp;<br><b>I.\nOdr\u0119bnym Administratorem Pa\u0144stwa danych<\/b> jest\nRegionalny O\u015brodek Polityki Spo\u0142ecznej w Bia\u0142ymstoku, ul. gen. George\u2019a Smitha\nPattona 8, 15-688 Bia\u0142ystok (dalej: \u201eROPS\u201d). <br><b>II. Dane kontaktowe Inspektora Ochrony Danych<\/b>: <a href=\"mailto:iod@rops-bialystok.pl\" class=\"u-active-none u-border-none u-btn u-button-style u-hover-none u-none u-text-custom-color-45 u-btn-1\">iod@rops-bialystok.pl<\/a>. <br><b>III. Cel\nprzetwarzania danych <\/b> Dane osobowe b\u0119d\u0105 przetwarzane w zwi\u0105zku z\nrealizacj\u0105 Projektu \u201eKoordynacja dzia\u0142a\u0144 w zakresie polityki spo\u0142ecznej w\nwojew\u00f3dztwie podlaskim\u201d, finansowanym z FERS, w szczeg\u00f3lno\u015bci w celu\nmonitorowania, sprawozdawczo\u015bci, komunikacji, publikacji, zarz\u0105dzania\nfinansowego, weryfikacji i audyt\u00f3w oraz do cel\u00f3w okre\u015blania kwalifikowalno\u015bci i\nrekrutacji uczestnik\u00f3w.\nPodanie danych jest dobrowolne, ale konieczne do\nrealizacji wy\u017cej wymienionego celu. Odmowa ich podania jest r\u00f3wnoznaczna z\nbrakiem mo\u017cliwo\u015bci podj\u0119cia stosownych dzia\u0142a\u0144. <br><b>IV. Podstawa\nprzetwarzania <\/b> Przetwarzanie Pana\/Pani danych osobowych jest\nzgodne z prawem i odbywa si\u0119 na podstawie: <!--[if !supportLists]-->\n          <br><b>1.&nbsp;&nbsp;&nbsp; <\/b><!--[endif]-->art.\n6 ust. 1 lit. c RODO i art. 9 ust. 2 lit. g RODO \u2013 w celu realizacji przez Administratora\nzada\u0144 finansowanych ze \u015brodk\u00f3w europejskich, w tym potwierdzenia\nkwalifikowalno\u015bci wydatk\u00f3w, udzielenia wsparcia, monitoringu, kontroli, audytu\ni sprawozdawczo\u015bci oraz dzia\u0142a\u0144 informacyjno-promocyjnych, realizacji innych\nzada\u0144 wynikaj\u0105cych z przepis\u00f3w prawa w tym w zakresie zam\u00f3wie\u0144 publicznych,\n&nbsp;a tak\u017ce w celu ustalenia, dochodzenia roszcze\u0144 lub obrony przed\nroszczeniami zwi\u0105zanymi z zawart\u0105 umow\u0105 oraz wype\u0142nienia obowi\u0105zk\u00f3w zwi\u0105zanych z\narchiwizowaniem dokument\u00f3w, na podstawie: <br><!--[if !supportLists]-->a)&nbsp;&nbsp;&nbsp; <!--[endif]-->rozporz\u0105dzenia Parlamentu Europejskiego i Rady\n(UE) 2021\/1060 z dnia 24 czerwca 2021 r.; <!--[if !supportLists]-->\n          <br>b)&nbsp;&nbsp; <!--[endif]-->rozporz\u0105dzenia Parlamentu Europejskiego i Rady\n(UE) 2021\/1057 z dnia 24 czerwca 2021 r.; <!--[if !supportLists]-->\n          <br>c)&nbsp;&nbsp;&nbsp; <!--[endif]-->ustawy z dnia 28 kwietnia 2022 r. o zasadach\nrealizacji zada\u0144 finansowanych ze \u015brodk\u00f3w europejskich w perspektywie\nfinansowej 2021\u20132027; <!--[if !supportLists]-->\n          <br>d)&nbsp;&nbsp; <!--[endif]-->ustawy z dnia 27 sierpnia 2009 r o finansach\npublicznych; <br><!--[if !supportLists]-->e)&nbsp;&nbsp; <!--[endif]-->ustawy z dnia 11 wrze\u015bnia 2019 r. Prawo zam\u00f3wie\u0144\npublicznych.<br>&nbsp;<b>2.&nbsp;&nbsp;&nbsp; <\/b><!--[endif]-->art.\n6 ust. 1 lit. b RODO - w celu przygotowania, zawarcia i wykonania umowy, kt\u00f3rej\nstron\u0105 jest osoba, kt\u00f3rej dane dotycz\u0105. <br><b>V. Spos\u00f3b\npozyskiwania danych<\/b>. \nDane pozyskujemy bezpo\u015brednio od os\u00f3b, kt\u00f3rych one\ndotycz\u0105, albo od instytucji i podmiot\u00f3w zaanga\u017cowanych w realizacj\u0119 Programu, w\ntym w szczeg\u00f3lno\u015bci od wnioskodawc\u00f3w, beneficjent\u00f3w, partner\u00f3w. <br><b>VI. Dost\u0119p\ndo danych osobowych<\/b> Odbiorc\u0105 danych osobowych b\u0119d\u0105 podmioty, kt\u00f3rych\nuprawnienie dost\u0119pu do danych wynika z obowi\u0105zuj\u0105cych przepis\u00f3w, organy\nsprawuj\u0105ce funkcje nadzoru i kontroli nad realizacj\u0105 zada\u0144 przez ROPS w\nBia\u0142ymstoku, a tak\u017ce podmioty przetwarzaj\u0105ce dane osobowe na polecenie\nAdministratora na podstawie zawartych um\u00f3w. Innymi odbiorcami mog\u0105 by\u0107:\noperatorzy pocztowi, dostawcy us\u0142ug zwi\u0105zanych z elektroniczn\u0105 korespondencj\u0105,\nobs\u0142uga prawna. <br><b>VII. Okres\nprzechowywania danych<\/b> Dane osobowe b\u0119d\u0105 przechowywane przez okres\nniezb\u0119dny do realizacji celu dla jakiego zosta\u0142y\nzebrane, a nast\u0119pnie archiwizowane przez okres wynikaj\u0105cy z instrukcji\nkancelaryjnej. <br><b>VIII. Prawa\nos\u00f3b, kt\u00f3rych dane dotycz\u0105<\/b> Przys\u0142uguj\u0105 Pa\u0144stwu nast\u0119puj\u0105ce prawa: <!--[if !supportLists]-->\n          <br>1.&nbsp;&nbsp;&nbsp; <!--[endif]-->prawo dost\u0119pu do swoich danych oraz otrzymania\nich kopii (art. 15 RODO); <!--[if !supportLists]-->\n          <br>2.&nbsp;&nbsp;&nbsp; <!--[endif]-->prawo do sprostowania swoich danych (art. 16\nRODO); <!--[if !supportLists]-->\n          <br>3.&nbsp;&nbsp;&nbsp; <!--[endif]-->prawo do usuni\u0119cia swoich danych (art. 17 RODO)\n- je\u015bli nie zaistnia\u0142y okoliczno\u015bci, o kt\u00f3rych mowa w art. 17 ust. 3 RODO; <!--[if !supportLists]-->\n          <br>4.&nbsp;&nbsp;&nbsp; <!--[endif]-->prawo do \u017c\u0105dania od administratora ograniczenia\nprzetwarzania swoich danych (art. 18 RODO),; <br><!--[if !supportLists]-->5.&nbsp;&nbsp;&nbsp; <!--[endif]-->prawo do przenoszenia swoich danych (art. 20\nRODO) - je\u015bli przetwarzanie odbywa si\u0119 na podstawie umowy: w celu jej zawarcia\nlub realizacji (w my\u015bl art.6 ust. 1 lit. b RODO) oraz w spos\u00f3b\nzautomatyzowany<a href=\"#_ftn1\" name=\"_ftnref1\" title=\"\" class=\"u-active-none u-border-none u-btn u-button-style u-hover-none u-none u-text-custom-color-45 u-btn-2\"><!--[if !supportFootnotes]-->[1]<!--[endif]--><\/a>; <br><!--[if !supportLists]-->6.&nbsp;&nbsp;&nbsp; <!--[endif]-->prawo wniesienia skargi do organu nadzorczego\nPrezesa Urz\u0119du Ochrony Danych Osobowych (art. 77 RODO) - w przypadku, gdy osoba\nuzna, i\u017c przetwarzanie jej danych osobowych narusza przepisy RODO lub inne\nkrajowe przepisy reguluj\u0105ce kwesti\u0119 ochrony danych osobowych, obowi\u0105zuj\u0105ce w\nPolsce. <br><b>IX.\nZautomatyzowane podejmowanie decyzji<\/b> Dane osobowe nie b\u0119d\u0105 podlega\u0142y zautomatyzowanemu\npodejmowaniu decyzji, w tym profilowaniu. <br><b>X.\nPrzekazywanie danych do pa\u0144stwa trzeciego <\/b> Pa\u0144stwa dane osobowe nie b\u0119d\u0105 przekazywane do\npa\u0144stwa trzeciego. <br><!--[if !supportFootnotes]-->\n          <br><!--[endif]-->\n          <br>\n          <a href=\"#_ftnref1\" name=\"_ftn1\" title=\"\" class=\"u-active-none u-border-none u-btn u-button-style u-hover-none u-none u-text-custom-color-45 u-btn-3\"><!--[if !supportFootnotes]-->[1]<!--[endif]--><\/a>Automatyzacja\nprocesu przetwarzania danych osobowych oznacza, \u017ce dane te s\u0105 zapisane na dysku\nkomputera \n        <\/p>\n      <\/div>\n    <\/section>\n    \n    \n    \n  \n","protected":false},"excerpt":{"rendered":"<p>Klauzula informacyjna ROPS w Bia\u0142ymstoku Zgodnie z art. 13 i 14 Rozporz\u0105dzenia Parlamentu Europejskiego i Rady (UE) Nr 2016\/679 z dnia 27 kwietnia 2016 r. w sprawie ochrony os\u00f3b fizycznych w zwi\u0105zku z przetwarzaniem danych osobowych i w sprawie swobodnego przep\u0142ywu takich danych oraz uchylenia dyrektywy 95\/46\/WE (og\u00f3lne rozporz\u0105dzenie o ochronie danych), zwanego dalej RODO, &hellip; <a href=\"https:\/\/rops-bialystok.pl\/fers\/klauzula-informacyjna-regionalnego-osrodka-polityki-spolecznej-w-bialymstoku\/\" class=\"more-link\">Continue reading<span class=\"screen-reader-text\"> &#8222;Klauzula informacyjna Regionalnego O\u015brodka Polityki Spo\u0142ecznej w Bia\u0142ymstoku&#8221;<\/span><\/a><\/p>\n","protected":false},"author":1,"featured_media":0,"parent":0,"menu_order":0,"comment_status":"closed","ping_status":"closed","template":"","meta":{"footnotes":""},"class_list":["post-25031","page","type-page","status-publish","hentry"],"_links":{"self":[{"href":"https:\/\/rops-bialystok.pl\/fers\/wp-json\/wp\/v2\/pages\/25031","targetHints":{"allow":["GET"]}}],"collection":[{"href":"https:\/\/rops-bialystok.pl\/fers\/wp-json\/wp\/v2\/pages"}],"about":[{"href":"https:\/\/rops-bialystok.pl\/fers\/wp-json\/wp\/v2\/types\/page"}],"author":[{"embeddable":true,"href":"https:\/\/rops-bialystok.pl\/fers\/wp-json\/wp\/v2\/users\/1"}],"replies":[{"embeddable":true,"href":"https:\/\/rops-bialystok.pl\/fers\/wp-json\/wp\/v2\/comments?post=25031"}],"version-history":[{"count":3,"href":"https:\/\/rops-bialystok.pl\/fers\/wp-json\/wp\/v2\/pages\/25031\/revisions"}],"predecessor-version":[{"id":25036,"href":"https:\/\/rops-bialystok.pl\/fers\/wp-json\/wp\/v2\/pages\/25031\/revisions\/25036"}],"wp:attachment":[{"href":"https:\/\/rops-bialystok.pl\/fers\/wp-json\/wp\/v2\/media?parent=25031"}],"curies":[{"name":"wp","href":"https:\/\/api.w.org\/{rel}","templated":true}]}}