{"id":25265,"date":"2025-07-02T14:15:32","date_gmt":"2025-07-02T12:15:32","guid":{"rendered":"https:\/\/rops-bialystok.pl\/fers\/?page_id=25265"},"modified":"2025-07-02T14:18:59","modified_gmt":"2025-07-02T12:18:59","slug":"bezplatna-usluga-doradcza","status":"publish","type":"page","link":"https:\/\/rops-bialystok.pl\/fers\/bezplatna-usluga-doradcza\/","title":{"rendered":"Bezp\u0142atna us\u0142uga doradcza"},"content":{"rendered":"<style>.wp-show-posts-columns#wpsp-25268 {margin-left: -2em; }.wp-show-posts-columns#wpsp-25268 .wp-show-posts-inner {margin: 0 0 2em 2em; }<\/style><section id=\"wpsp-25268\" class=\" wp-show-posts\" style=\"\"><article class=\" wp-show-posts-single wpsp-clearfix post-26904 post type-post status-publish format-standard hentry category-aktualnosci category-aktualnosci_es category-bezplatna_usluga_doradcza\" itemtype=\"http:\/\/schema.org\/CreativeWork\" itemscope><div class=\"wp-show-posts-inner\" style=\"\"><!--MY EDIT\n\t\t\t\t\t\t<header class=\"wp-show-posts-entry-header\">\n-->\n\t\t\t\t\t\t\t<h3 class=\"wp-show-posts-entry-title\" itemprop=\"headline\"><a href=\"https:\/\/rops-bialystok.pl\/fers\/2026\/03\/30\/bezplatna-usluga-doradcza-dla-jednostek-samorzadu-terytorialnego-z-terenu-wojewodztwa-podlaskiego-w-zakresie-tworzenia-i-prowadzenia-podmiotow-zatrudnienia-socjalnego-pzs\/\" rel=\"bookmark\">Bezp\u0142atna us\u0142uga doradcza dla Jednostek Samorz\u0105du Terytorialnego z terenu wojew\u00f3dztwa podlaskiego w zakresie tworzenia i prowadzenia podmiot\u00f3w zatrudnienia socjalnego (PZS)<\/a><\/h3><div class=\"wp-show-posts-entry-meta wp-show-posts-entry-meta-below-title post-meta-inline\"><span class=\"wp-show-posts-posted-on wp-show-posts-meta\">\n\t\t\t\t\t<time class=\"wp-show-posts-entry-date published\" datetime=\"2026-03-30T15:29:56+02:00\" itemprop=\"datePublished\">2026-03-30<\/time>\n\t\t\t\t<\/span><\/div><!--MY EDIT\n\t\t\t\t\t\t<\/header>\n-->\n\t\t\t\t\t\t<!-- .entry-header -->\n<!--\n-->\n\t\t\t\t\t\t\t\t\t\t\t<div class=\"wp-show-posts-entry-summary\" itemprop=\"text\">\n\t\t\t\t\t\t\t<p>Regionalny O\u015brodek Polityki Spo\u0142ecznej w Bia\u0142ymstoku informuje, i\u017c prowadzi bezp\u0142atn\u0105 specjalistyczn\u0105 us\u0142ug\u0119 doradcz\u0105 w zakresie tworzenia i prowadzenia podmiot\u00f3w zatrudnienia socjalnego (PZS). Zakres doradztwa obejmuje m. in.: wsparcie merytoryczne w zakresie aktywizacji spo\u0142ecznej i reintegracji zawodowej, dzia\u0142alno\u015bci PZS i roli JST w ich tworzeniu; zapoznanie z podstawami prawnymi, procedurami i trybami tworzenia PZS, w my\u015bl ustawy z dnia 13 czerwca&#8230;<\/p>\n\t\t\t\t\t\t<\/div><!-- .entry-summary -->\n\t\t\t\t\t<\/div><!-- wp-show-posts-inner --><div class=\"wpsp-clear\"><\/div><\/article><article class=\" wp-show-posts-single wpsp-clearfix post-26885 post type-post status-publish format-standard hentry category-bezplatna_usluga_doradcza\" itemtype=\"http:\/\/schema.org\/CreativeWork\" itemscope><div class=\"wp-show-posts-inner\" style=\"\"><!--MY EDIT\n\t\t\t\t\t\t<header class=\"wp-show-posts-entry-header\">\n-->\n\t\t\t\t\t\t\t<h3 class=\"wp-show-posts-entry-title\" itemprop=\"headline\"><a href=\"https:\/\/rops-bialystok.pl\/fers\/2026\/03\/23\/bezplatna-usluga-doradcza-dla-jednostek-samorzadu-terytorialnego-z-terenu-wojewodztwa-podlaskiego-w-zakresie-wspomagania-wiezi-rodzinnych-i-di-systemu-pieczy-zastepczej-rozwoju-rodzinnych-form-pieczy\/\" rel=\"bookmark\">Bezp\u0142atna us\u0142uga doradcza dla Jednostek Samorz\u0105du Terytorialnego z terenu wojew\u00f3dztwa podlaskiego w zakresie wspomagania wi\u0119zi rodzinnych i DI systemu pieczy zast\u0119pczej, rozwoju rodzinnych form pieczy zast\u0119pczej<\/a><\/h3><div class=\"wp-show-posts-entry-meta wp-show-posts-entry-meta-below-title post-meta-inline\"><span class=\"wp-show-posts-posted-on wp-show-posts-meta\">\n\t\t\t\t\t<time class=\"wp-show-posts-entry-date published\" datetime=\"2026-03-23T13:23:09+01:00\" itemprop=\"datePublished\">2026-03-23<\/time>\n\t\t\t\t<\/span><\/div><!--MY EDIT\n\t\t\t\t\t\t<\/header>\n-->\n\t\t\t\t\t\t<!-- .entry-header -->\n<!--\n-->\n\t\t\t\t\t\t\t\t\t\t\t<div class=\"wp-show-posts-entry-summary\" itemprop=\"text\">\n\t\t\t\t\t\t\t<p>Regionalny O\u015brodek Polityki Spo\u0142ecznej w Bia\u0142ymstoku informuje, i\u017c prowadzi bezp\u0142atn\u0105 specjalistyczn\u0105 us\u0142ug\u0119 doradcz\u0105 w zakresie wspomagania wi\u0119zi rodzinnych i DI systemu pieczy zast\u0119pczej, rozwoju rodzinnych form pieczy zast\u0119pczej. Zakres doradztwa obejmuje m. in.: pomoc przy analizie lokalnych potrzeb i uwarunkowa\u0144 w zakresie utrzymywania i wzmacniania wi\u0119zi rodzinnych dzieci obj\u0119tych piecz\u0105 zast\u0119pcz\u0105; pomoc przy analizie struktury lokalnej pieczy instytucjonalnej (liczba dzieci,&#8230;<\/p>\n\t\t\t\t\t\t<\/div><!-- .entry-summary -->\n\t\t\t\t\t<\/div><!-- wp-show-posts-inner --><div class=\"wpsp-clear\"><\/div><\/article><article class=\" wp-show-posts-single wpsp-clearfix post-26750 post type-post status-publish format-standard hentry category-aktualnosci category-bezplatna_usluga_doradcza category-wpisy_fers\" itemtype=\"http:\/\/schema.org\/CreativeWork\" itemscope><div class=\"wp-show-posts-inner\" style=\"\"><!--MY EDIT\n\t\t\t\t\t\t<header class=\"wp-show-posts-entry-header\">\n-->\n\t\t\t\t\t\t\t<h3 class=\"wp-show-posts-entry-title\" itemprop=\"headline\"><a href=\"https:\/\/rops-bialystok.pl\/fers\/2026\/02\/20\/bezplatna-usluga-doradcza-w-zakresie-tworzenia-i-wdrazania-lokalnych-planow-deinstytucjonalizacji-uslug-spolecznych-lpdi-dla-gmin-i-powiatow-z-terenu-wojewodztwa-podlaskiego-2\/\" rel=\"bookmark\">Bezp\u0142atna us\u0142uga doradcza w zakresie tworzenia i wdra\u017cania lokalnych plan\u00f3w deinstytucjonalizacji us\u0142ug spo\u0142ecznych (LPDI) dla gmin i powiat\u00f3w z terenu wojew\u00f3dztwa podlaskiego<\/a><\/h3><div class=\"wp-show-posts-entry-meta wp-show-posts-entry-meta-below-title post-meta-inline\"><span class=\"wp-show-posts-posted-on wp-show-posts-meta\">\n\t\t\t\t\t<time class=\"wp-show-posts-entry-date published\" datetime=\"2026-02-20T14:26:18+01:00\" itemprop=\"datePublished\">2026-02-20<\/time>\n\t\t\t\t<\/span><\/div><!--MY EDIT\n\t\t\t\t\t\t<\/header>\n-->\n\t\t\t\t\t\t<!-- .entry-header -->\n<!--\n-->\n\t\t\t\t\t\t\t\t\t\t\t<div class=\"wp-show-posts-entry-summary\" itemprop=\"text\">\n\t\t\t\t\t\t\t<p>Regionalny O\u015brodek Polityki Spo\u0142ecznej w Bia\u0142ymstoku informuje, \u017ce zako\u0144czono realizacj\u0119 bezp\u0142atnej specjalistycznej us\u0142ugi doradczej w zakresie tworzenia i wdra\u017cania lokalnych plan\u00f3w deinstytucjonalizacji us\u0142ug spo\u0142ecznych (LPDI). Obecnie trwaj\u0105 prace zwi\u0105zane z wyborem nowego doradcy. JST mog\u0105 ju\u017c zg\u0142asza\u0107 swoje zapotrzebowanie na doradztwo do ROPS. Wi\u0119cej informacji podamy wkr\u00f3tce. Zakres doradztwa obejmuje m. in.: Edukowanie przedstawicieli jednostek samorz\u0105du terytorialnego (JST) z terenu&#8230;<\/p>\n\t\t\t\t\t\t<\/div><!-- .entry-summary -->\n\t\t\t\t\t<\/div><!-- wp-show-posts-inner --><div class=\"wpsp-clear\"><\/div><\/article><article class=\" wp-show-posts-single wpsp-clearfix post-26684 post type-post status-publish format-standard hentry category-aktualnosci category-bezplatna_usluga_doradcza category-wpisy_fers\" itemtype=\"http:\/\/schema.org\/CreativeWork\" itemscope><div class=\"wp-show-posts-inner\" style=\"\"><!--MY EDIT\n\t\t\t\t\t\t<header class=\"wp-show-posts-entry-header\">\n-->\n\t\t\t\t\t\t\t<h3 class=\"wp-show-posts-entry-title\" itemprop=\"headline\"><a href=\"https:\/\/rops-bialystok.pl\/fers\/2026\/02\/06\/bezplatna-usluga-doradcza-w-zakresie-opracowania-i-aktualizacji-dokumentow-strategicznych-dla-jednostek-samorzadu-terytorialnego-jst-poprzez-wprowadzanie-do-dokumentow-strategicznych-jst-zapisow-dot-3\/\" rel=\"bookmark\">Bezp\u0142atna us\u0142uga doradcza w zakresie opracowania i aktualizacji dokument\u00f3w strategicznych dla jednostek samorz\u0105du terytorialnego (JST) poprzez wprowadzanie do dokument\u00f3w strategicznych JST zapis\u00f3w dotycz\u0105cych ekonomii spo\u0142ecznej lub tworzenia lokalnych plan\u00f3w rozwoju ES<\/a><\/h3><div class=\"wp-show-posts-entry-meta wp-show-posts-entry-meta-below-title post-meta-inline\"><span class=\"wp-show-posts-posted-on wp-show-posts-meta\">\n\t\t\t\t\t<time class=\"wp-show-posts-entry-date published\" datetime=\"2026-02-06T15:05:18+01:00\" itemprop=\"datePublished\">2026-02-06<\/time>\n\t\t\t\t<\/span><\/div><!--MY EDIT\n\t\t\t\t\t\t<\/header>\n-->\n\t\t\t\t\t\t<!-- .entry-header -->\n<!--\n-->\n\t\t\t\t\t\t\t\t\t\t\t<div class=\"wp-show-posts-entry-summary\" itemprop=\"text\">\n\t\t\t\t\t\t\t<p>Regionalny O\u015brodek Polityki Spo\u0142ecznej w Bia\u0142ymstoku informuje, i\u017c w zwi\u0105zku ze znacznym zainteresowaniem ze strony jednostek samorz\u0105du terytorialnego (JST) uruchomiono na nowo realizacj\u0119 bezp\u0142atnej specjalistycznej us\u0142ugi doradczej dotycz\u0105cej opracowania i aktualizacji dokument\u00f3w strategicznych JST w obszarze ekonomii spo\u0142ecznej. Us\u0142uga obejmuje bezp\u0142atne, specjalistyczne doradztwo dotycz\u0105ce opracowania i aktualizacji dokument\u00f3w strategicznych jednostek samorz\u0105du terytorialnego, w szczeg\u00f3lno\u015bci w zakresie wprowadzania zapis\u00f3w dotycz\u0105cych ekonomii&#8230;<\/p>\n\t\t\t\t\t\t<\/div><!-- .entry-summary -->\n\t\t\t\t\t<\/div><!-- wp-show-posts-inner --><div class=\"wpsp-clear\"><\/div><\/article><article class=\" wp-show-posts-single wpsp-clearfix post-26236 post type-post status-publish format-standard hentry category-aktualnosci category-bezplatna_usluga_doradcza category-wpisy_fers\" itemtype=\"http:\/\/schema.org\/CreativeWork\" itemscope><div class=\"wp-show-posts-inner\" style=\"\"><!--MY EDIT\n\t\t\t\t\t\t<header class=\"wp-show-posts-entry-header\">\n-->\n\t\t\t\t\t\t\t<h3 class=\"wp-show-posts-entry-title\" itemprop=\"headline\"><a href=\"https:\/\/rops-bialystok.pl\/fers\/2025\/10\/29\/bezplatna-usluga-doradcza-w-zakresie-tworzenia-oraz-wspierania-istniejacych-centrow-uslug-spolecznych-cus-rozwoju-i-integracji-uslug-zdrowotnych-i-spolecznych-oraz-procesu-di\/\" rel=\"bookmark\">Bezp\u0142atna us\u0142uga doradcza w zakresie tworzenia oraz wspierania istniej\u0105cych centr\u00f3w us\u0142ug spo\u0142ecznych (CUS), rozwoju i integracji us\u0142ug zdrowotnych i spo\u0142ecznych oraz procesu DI<\/a><\/h3><div class=\"wp-show-posts-entry-meta wp-show-posts-entry-meta-below-title post-meta-inline\"><span class=\"wp-show-posts-posted-on wp-show-posts-meta\">\n\t\t\t\t\t<time class=\"wp-show-posts-entry-date published\" datetime=\"2025-10-29T13:06:55+01:00\" itemprop=\"datePublished\">2025-10-29<\/time>\n\t\t\t\t<\/span><\/div><!--MY EDIT\n\t\t\t\t\t\t<\/header>\n-->\n\t\t\t\t\t\t<!-- .entry-header -->\n<!--\n-->\n\t\t\t\t\t\t\t\t\t\t\t<div class=\"wp-show-posts-entry-summary\" itemprop=\"text\">\n\t\t\t\t\t\t\t<p>Regionalny O\u015brodek Polityki Spo\u0142ecznej w Bia\u0142ymstoku informuje, i\u017c prowadzi bezp\u0142atn\u0105 specjalistyczn\u0105 us\u0142ug\u0119 doradcz\u0105 w zakresie tworzenia oraz wspierania istniej\u0105cych centr\u00f3w us\u0142ug spo\u0142ecznych (CUS), rozwoju i integracji us\u0142ug zdrowotnych i spo\u0142ecznych oraz procesu DI realizowan\u0105 ramach projektu \u201eKoordynacja dzia\u0142a\u0144 w zakresie polityki spo\u0142ecznej w wojew\u00f3dztwie podlaskim\u201d w ramach Dzia\u0142ania 04.13: Wysokiej jako\u015bci system w\u0142\u0105czenia spo\u0142ecznego, Programu Fundusze Europejskie dla Rozwoju Spo\u0142ecznego&#8230;<\/p>\n\t\t\t\t\t\t<\/div><!-- .entry-summary -->\n\t\t\t\t\t<\/div><!-- wp-show-posts-inner --><div class=\"wpsp-clear\"><\/div><\/article><article class=\" wp-show-posts-single wpsp-clearfix post-25316 post type-post status-publish format-standard hentry category-aktualnosci category-bezplatna_usluga_doradcza\" itemtype=\"http:\/\/schema.org\/CreativeWork\" itemscope><div class=\"wp-show-posts-inner\" style=\"\"><!--MY EDIT\n\t\t\t\t\t\t<header class=\"wp-show-posts-entry-header\">\n-->\n\t\t\t\t\t\t\t<h3 class=\"wp-show-posts-entry-title\" itemprop=\"headline\"><a href=\"https:\/\/rops-bialystok.pl\/fers\/2025\/07\/08\/25316\/\" rel=\"bookmark\">Bezp\u0142atna us\u0142uga doradcza w zakresie tworzenia oraz wspierania istniej\u0105cych centr\u00f3w us\u0142ug spo\u0142ecznych (CUS), rozwoju i integracji us\u0142ug zdrowotnych i spo\u0142ecznych oraz procesu DI<\/a><\/h3><div class=\"wp-show-posts-entry-meta wp-show-posts-entry-meta-below-title post-meta-inline\"><span class=\"wp-show-posts-posted-on wp-show-posts-meta\">\n\t\t\t\t\t<time class=\"wp-show-posts-entry-date published\" datetime=\"2025-07-08T12:26:21+02:00\" itemprop=\"datePublished\">2025-07-08<\/time>\n\t\t\t\t<\/span><\/div><!--MY EDIT\n\t\t\t\t\t\t<\/header>\n-->\n\t\t\t\t\t\t<!-- .entry-header -->\n<!--\n-->\n\t\t\t\t\t\t\t\t\t\t\t<div class=\"wp-show-posts-entry-summary\" itemprop=\"text\">\n\t\t\t\t\t\t\t<p>Regionalny O\u015brodek Polityki Spo\u0142ecznej w Bia\u0142ymstoku informuje, i\u017c prowadzi bezp\u0142atn\u0105 specjalistyczn\u0105 us\u0142ug\u0119 doradcz\u0105 w zakresie tworzenia oraz wspierania istniej\u0105cych centr\u00f3w us\u0142ug spo\u0142ecznych (CUS), rozwoju i integracji us\u0142ug zdrowotnych i spo\u0142ecznych oraz procesu DI realizowan\u0105 ramach projektu \u201eKoordynacja dzia\u0142a\u0144 w zakresie polityki spo\u0142ecznej w wojew\u00f3dztwie podlaskim\u201d w ramach Dzia\u0142ania 04.13: Wysokiej jako\u015bci system w\u0142\u0105czenia spo\u0142ecznego, Programu Fundusze Europejskie dla Rozwoju Spo\u0142ecznego&#8230;<\/p>\n\t\t\t\t\t\t<\/div><!-- .entry-summary -->\n\t\t\t\t\t<\/div><!-- wp-show-posts-inner --><div class=\"wpsp-clear\"><\/div><\/article><article class=\" wp-show-posts-single wpsp-clearfix post-25083 post type-post status-publish format-standard hentry category-aktualnosci category-bezplatna_usluga_doradcza category-wpisy_fers\" itemtype=\"http:\/\/schema.org\/CreativeWork\" itemscope><div class=\"wp-show-posts-inner\" style=\"\"><!--MY EDIT\n\t\t\t\t\t\t<header class=\"wp-show-posts-entry-header\">\n-->\n\t\t\t\t\t\t\t<h3 class=\"wp-show-posts-entry-title\" itemprop=\"headline\"><a href=\"https:\/\/rops-bialystok.pl\/fers\/2025\/05\/13\/bezplatna-usluga-doradcza-dla-jednostek-samorzadu-terytorialnego-z-terenu-wojewodztwa-podlaskiego-w-zakresie-wspolpracy-jednostek-samorzadu-terytorialnego-jst-z-osrodkami-wsparcia-ekonomii-spoleczne\/\" rel=\"bookmark\">Bezp\u0142atna us\u0142uga doradcza dla Jednostek Samorz\u0105du Terytorialnego z terenu wojew\u00f3dztwa podlaskiego w zakresie wsp\u00f3\u0142pracy jednostek samorz\u0105du terytorialnego (JST) z o\u015brodkami wsparcia ekonomii spo\u0142ecznej (OWES) w zakresie zwi\u0119kszania skali wykorzystania aspekt\u00f3w spo\u0142ecznych w zam\u00f3wieniach publicznych<\/a><\/h3><div class=\"wp-show-posts-entry-meta wp-show-posts-entry-meta-below-title post-meta-inline\"><span class=\"wp-show-posts-posted-on wp-show-posts-meta\">\n\t\t\t\t\t<time class=\"wp-show-posts-entry-date published\" datetime=\"2025-05-13T12:18:42+02:00\" itemprop=\"datePublished\">2025-05-13<\/time>\n\t\t\t\t<\/span><\/div><!--MY EDIT\n\t\t\t\t\t\t<\/header>\n-->\n\t\t\t\t\t\t<!-- .entry-header -->\n<!--\n-->\n\t\t\t\t\t\t\t\t\t\t\t<div class=\"wp-show-posts-entry-summary\" itemprop=\"text\">\n\t\t\t\t\t\t\t<p>Regionalny O\u015brodek Polityki Spo\u0142ecznej w Bia\u0142ymstoku informuje, i\u017c prowadzi bezp\u0142atn\u0105 specjalistyczn\u0105 us\u0142ug\u0119 doradcz\u0105 w zakresie wsp\u00f3\u0142pracy jednostek samorz\u0105du terytorialnego (JST) z o\u015brodkami wsparcia ekonomii spo\u0142ecznej (OWES) w zakresie zwi\u0119kszania skali wykorzystania aspekt\u00f3w spo\u0142ecznych w zam\u00f3wieniach publicznych realizowan\u0105 ramach projektu \u201eKoordynacja dzia\u0142a\u0144 w zakresie polityki spo\u0142ecznej w wojew\u00f3dztwie podlaskim\u201d w ramach Dzia\u0142ania 04.13: Wysokiej jako\u015bci system w\u0142\u0105czenia spo\u0142ecznego, Programu Fundusze Europejskie&#8230;<\/p>\n\t\t\t\t\t\t<\/div><!-- .entry-summary -->\n\t\t\t\t\t<\/div><!-- wp-show-posts-inner --><div class=\"wpsp-clear\"><\/div><\/article><\/section><!-- .wp-show-posts -->\n","protected":false},"excerpt":{"rendered":"","protected":false},"author":2,"featured_media":0,"parent":0,"menu_order":0,"comment_status":"closed","ping_status":"closed","template":"","meta":{"footnotes":""},"class_list":["post-25265","page","type-page","status-publish","hentry"],"_links":{"self":[{"href":"https:\/\/rops-bialystok.pl\/fers\/wp-json\/wp\/v2\/pages\/25265","targetHints":{"allow":["GET"]}}],"collection":[{"href":"https:\/\/rops-bialystok.pl\/fers\/wp-json\/wp\/v2\/pages"}],"about":[{"href":"https:\/\/rops-bialystok.pl\/fers\/wp-json\/wp\/v2\/types\/page"}],"author":[{"embeddable":true,"href":"https:\/\/rops-bialystok.pl\/fers\/wp-json\/wp\/v2\/users\/2"}],"replies":[{"embeddable":true,"href":"https:\/\/rops-bialystok.pl\/fers\/wp-json\/wp\/v2\/comments?post=25265"}],"version-history":[{"count":2,"href":"https:\/\/rops-bialystok.pl\/fers\/wp-json\/wp\/v2\/pages\/25265\/revisions"}],"predecessor-version":[{"id":25269,"href":"https:\/\/rops-bialystok.pl\/fers\/wp-json\/wp\/v2\/pages\/25265\/revisions\/25269"}],"wp:attachment":[{"href":"https:\/\/rops-bialystok.pl\/fers\/wp-json\/wp\/v2\/media?parent=25265"}],"curies":[{"name":"wp","href":"https:\/\/api.w.org\/{rel}","templated":true}]}}