{"id":25469,"date":"2025-07-28T10:33:57","date_gmt":"2025-07-28T08:33:57","guid":{"rendered":"https:\/\/rops-bialystok.pl\/fers\/?page_id=25469"},"modified":"2025-10-23T13:37:16","modified_gmt":"2025-10-23T11:37:16","slug":"placowki-wsparcia-dziennego","status":"publish","type":"page","link":"https:\/\/rops-bialystok.pl\/fers\/placowki-wsparcia-dziennego\/","title":{"rendered":"Plac\u00f3wki wsparcia dziennego"},"content":{"rendered":"<p>To jednostki organizacyjne, kt\u00f3re wspieraj\u0105 rodziny w wype\u0142nianiu funkcji opieku\u0144czo-wychowawczych, zapewniaj\u0105c dzieciom i m\u0142odzie\u017cy opiek\u0119, pomoc w nauce, organizacj\u0119 czasu wolnego i rozw\u00f3j zainteresowa\u0144. Dzia\u0142alno\u015b\u0107 ta ma na celu zapobieganie problemom spo\u0142ecznym i wspieranie rozwoju m\u0142odych ludzi.<\/p>\n<figure id=\"attachment_25491\" aria-describedby=\"caption-attachment-25491\" style=\"width: 1124px\" class=\"wp-caption aligncenter\"><a href=\"https:\/\/rops-bialystok.pl\/fers\/wp-content\/uploads\/2025\/07\/placowki-wsparcia-dziennego.png\"><img loading=\"lazy\" decoding=\"async\" class=\"wp-image-25491 size-full\" src=\"https:\/\/rops-bialystok.pl\/fers\/wp-content\/uploads\/2025\/07\/placowki-wsparcia-dziennego.png\" alt=\"Mapa - plac\u00f3wki wsparcia dziennego w wojew\u00f3dztwie podlaskim.\" width=\"1124\" height=\"795\" srcset=\"https:\/\/rops-bialystok.pl\/fers\/wp-content\/uploads\/2025\/07\/placowki-wsparcia-dziennego.png 1124w, https:\/\/rops-bialystok.pl\/fers\/wp-content\/uploads\/2025\/07\/placowki-wsparcia-dziennego-300x212.png 300w, https:\/\/rops-bialystok.pl\/fers\/wp-content\/uploads\/2025\/07\/placowki-wsparcia-dziennego-1024x724.png 1024w, https:\/\/rops-bialystok.pl\/fers\/wp-content\/uploads\/2025\/07\/placowki-wsparcia-dziennego-768x543.png 768w\" sizes=\"auto, (max-width: 709px) 85vw, (max-width: 909px) 67vw, (max-width: 1362px) 62vw, 840px\" \/><\/a><figcaption id=\"caption-attachment-25491\" class=\"wp-caption-text\">Mapa &#8211; plac\u00f3wki wsparcia dziennego w wojew\u00f3dztwie podlaskim 2024 r.<\/figcaption><\/figure>\n<p><strong>Za\u0142\u0105czniki:<\/strong><\/p>\n<ul>\n<li><a href=\"https:\/\/rops-bialystok.pl\/fers\/wp-content\/uploads\/2025\/07\/Wykaz-placowek-wsparcia-dziennego.pdf\">Wykaz plac\u00f3wek wsparcia dziennego [.PDF]<\/a><\/li>\n<\/ul>\n","protected":false},"excerpt":{"rendered":"<p>To jednostki organizacyjne, kt\u00f3re wspieraj\u0105 rodziny w wype\u0142nianiu funkcji opieku\u0144czo-wychowawczych, zapewniaj\u0105c dzieciom i m\u0142odzie\u017cy opiek\u0119, pomoc w nauce, organizacj\u0119 czasu wolnego i rozw\u00f3j zainteresowa\u0144. Dzia\u0142alno\u015b\u0107 ta ma na celu zapobieganie problemom spo\u0142ecznym i wspieranie rozwoju m\u0142odych ludzi. Za\u0142\u0105czniki: Wykaz plac\u00f3wek wsparcia dziennego [.PDF]<\/p>\n","protected":false},"author":2,"featured_media":0,"parent":0,"menu_order":0,"comment_status":"closed","ping_status":"closed","template":"","meta":{"footnotes":""},"class_list":["post-25469","page","type-page","status-publish","hentry"],"_links":{"self":[{"href":"https:\/\/rops-bialystok.pl\/fers\/wp-json\/wp\/v2\/pages\/25469","targetHints":{"allow":["GET"]}}],"collection":[{"href":"https:\/\/rops-bialystok.pl\/fers\/wp-json\/wp\/v2\/pages"}],"about":[{"href":"https:\/\/rops-bialystok.pl\/fers\/wp-json\/wp\/v2\/types\/page"}],"author":[{"embeddable":true,"href":"https:\/\/rops-bialystok.pl\/fers\/wp-json\/wp\/v2\/users\/2"}],"replies":[{"embeddable":true,"href":"https:\/\/rops-bialystok.pl\/fers\/wp-json\/wp\/v2\/comments?post=25469"}],"version-history":[{"count":5,"href":"https:\/\/rops-bialystok.pl\/fers\/wp-json\/wp\/v2\/pages\/25469\/revisions"}],"predecessor-version":[{"id":26147,"href":"https:\/\/rops-bialystok.pl\/fers\/wp-json\/wp\/v2\/pages\/25469\/revisions\/26147"}],"wp:attachment":[{"href":"https:\/\/rops-bialystok.pl\/fers\/wp-json\/wp\/v2\/media?parent=25469"}],"curies":[{"name":"wp","href":"https:\/\/api.w.org\/{rel}","templated":true}]}}