{"id":25471,"date":"2025-07-28T10:35:04","date_gmt":"2025-07-28T08:35:04","guid":{"rendered":"https:\/\/rops-bialystok.pl\/fers\/?page_id=25471"},"modified":"2025-10-29T14:42:32","modified_gmt":"2025-10-29T13:42:32","slug":"instytucje-pieczy-zastepczej","status":"publish","type":"page","link":"https:\/\/rops-bialystok.pl\/fers\/instytucje-pieczy-zastepczej\/","title":{"rendered":"Instytucje pieczy zast\u0119pczej"},"content":{"rendered":"<p>To plac\u00f3wki, kt\u00f3re zapewniaj\u0105 opiek\u0119 i wychowanie dzieciom, kt\u00f3rych rodzice biologiczni nie s\u0105 w stanie si\u0119 nimi zajmowa\u0107. Stanowi\u0105 one jedn\u0105 z form pieczy zast\u0119pczej, obok pieczy rodzinnej. Dzia\u0142aj\u0105 w oparciu o przepisy ustawy o wspieraniu rodziny i systemie pieczy zast\u0119pczej.<\/p>\n<figure id=\"attachment_26112\" aria-describedby=\"caption-attachment-26112\" style=\"width: 1124px\" class=\"wp-caption aligncenter\"><a href=\"https:\/\/rops-bialystok.pl\/fers\/wp-content\/uploads\/2025\/10\/placowki-opiekunczo-wychowawcze.png\"><img loading=\"lazy\" decoding=\"async\" class=\"wp-image-26112 size-full\" src=\"https:\/\/rops-bialystok.pl\/fers\/wp-content\/uploads\/2025\/10\/placowki-opiekunczo-wychowawcze.png\" alt=\"Mapa - instytucje pieczy zast\u0119pczej w wojew\u00f3dztwie podlaskim.\" width=\"1124\" height=\"795\" srcset=\"https:\/\/rops-bialystok.pl\/fers\/wp-content\/uploads\/2025\/10\/placowki-opiekunczo-wychowawcze.png 1124w, https:\/\/rops-bialystok.pl\/fers\/wp-content\/uploads\/2025\/10\/placowki-opiekunczo-wychowawcze-300x212.png 300w, https:\/\/rops-bialystok.pl\/fers\/wp-content\/uploads\/2025\/10\/placowki-opiekunczo-wychowawcze-1024x724.png 1024w, https:\/\/rops-bialystok.pl\/fers\/wp-content\/uploads\/2025\/10\/placowki-opiekunczo-wychowawcze-768x543.png 768w\" sizes=\"auto, (max-width: 709px) 85vw, (max-width: 909px) 67vw, (max-width: 1362px) 62vw, 840px\" \/><\/a><figcaption id=\"caption-attachment-26112\" class=\"wp-caption-text\">Plac\u00f3wki opieku\u0144czo wychowawcze i Regionalne plac\u00f3wki opieku\u0144czo-wychowawcze w wojew\u00f3dztwie podlaskim w 2024 roku<\/figcaption><\/figure>\n<p><strong>Za\u0142\u0105czniki:<\/strong><\/p>\n<ul>\n<li><a href=\"https:\/\/rops-bialystok.pl\/fers\/wp-content\/uploads\/2025\/10\/Wykaz_placowek_na_24_maja_2024.pdf\">Wykaz plac\u00f3wek opieku\u0144czo-wychowawczych na 15 lipca 2025 [.PDF]<\/a><\/li>\n<\/ul>\n","protected":false},"excerpt":{"rendered":"<p>To plac\u00f3wki, kt\u00f3re zapewniaj\u0105 opiek\u0119 i wychowanie dzieciom, kt\u00f3rych rodzice biologiczni nie s\u0105 w stanie si\u0119 nimi zajmowa\u0107. Stanowi\u0105 one jedn\u0105 z form pieczy zast\u0119pczej, obok pieczy rodzinnej. Dzia\u0142aj\u0105 w oparciu o przepisy ustawy o wspieraniu rodziny i systemie pieczy zast\u0119pczej. Za\u0142\u0105czniki: Wykaz plac\u00f3wek opieku\u0144czo-wychowawczych na 15 lipca 2025 [.PDF]<\/p>\n","protected":false},"author":2,"featured_media":0,"parent":0,"menu_order":0,"comment_status":"closed","ping_status":"closed","template":"","meta":{"footnotes":""},"class_list":["post-25471","page","type-page","status-publish","hentry"],"_links":{"self":[{"href":"https:\/\/rops-bialystok.pl\/fers\/wp-json\/wp\/v2\/pages\/25471","targetHints":{"allow":["GET"]}}],"collection":[{"href":"https:\/\/rops-bialystok.pl\/fers\/wp-json\/wp\/v2\/pages"}],"about":[{"href":"https:\/\/rops-bialystok.pl\/fers\/wp-json\/wp\/v2\/types\/page"}],"author":[{"embeddable":true,"href":"https:\/\/rops-bialystok.pl\/fers\/wp-json\/wp\/v2\/users\/2"}],"replies":[{"embeddable":true,"href":"https:\/\/rops-bialystok.pl\/fers\/wp-json\/wp\/v2\/comments?post=25471"}],"version-history":[{"count":6,"href":"https:\/\/rops-bialystok.pl\/fers\/wp-json\/wp\/v2\/pages\/25471\/revisions"}],"predecessor-version":[{"id":26246,"href":"https:\/\/rops-bialystok.pl\/fers\/wp-json\/wp\/v2\/pages\/25471\/revisions\/26246"}],"wp:attachment":[{"href":"https:\/\/rops-bialystok.pl\/fers\/wp-json\/wp\/v2\/media?parent=25471"}],"curies":[{"name":"wp","href":"https:\/\/api.w.org\/{rel}","templated":true}]}}