{"id":25473,"date":"2025-07-28T10:35:52","date_gmt":"2025-07-28T08:35:52","guid":{"rendered":"https:\/\/rops-bialystok.pl\/fers\/?page_id=25473"},"modified":"2025-10-23T13:58:04","modified_gmt":"2025-10-23T11:58:04","slug":"uslugi-opiekuncze","status":"publish","type":"page","link":"https:\/\/rops-bialystok.pl\/fers\/uslugi-opiekuncze\/","title":{"rendered":"Us\u0142ugi opieku\u0144cze"},"content":{"rendered":"<p>Us\u0142ugi opieku\u0144cze to r\u00f3\u017cnorodne formy wsparcia os\u00f3b, kt\u00f3re z r\u00f3\u017cnych powod\u00f3w nie mog\u0105 samodzielnie zadba\u0107 o swoje podstawowe potrzeby. Mog\u0105 one obejmowa\u0107 zar\u00f3wno proste czynno\u015bci, jak i bardziej specjalistyczne dzia\u0142ania, dostosowane do indywidualnych potrzeb podopiecznych. Us\u0142ugi opieku\u0144cze dziel\u0105 si\u0119 na: zwyk\u0142e us\u0142ugi opieku\u0144cze, specjalistyczne us\u0142ugi opieku\u0144cze oraz us\u0142ugi s\u0105siedzkie.<\/p>\n<p>Us\u0142ugi opieku\u0144cze w uj\u0119ciu og\u00f3lnym oznaczaj\u0105 pomoc w zaspokajaniu codziennych potrzeb \u017cyciowych, takich jak: pomoc w utrzymaniu higieny osobistej, przygotowaniu posi\u0142k\u00f3w oraz w robieniu zakup\u00f3w i za\u0142atwianiu spraw urz\u0119dowych, pomoc w utrzymaniu porz\u0105dku w domu, czy Zapewnienie kontakt\u00f3w z otoczeniem.<\/p>\n<p>Specjalistyczne us\u0142ugi opieku\u0144cze s\u0105 to us\u0142ugi opieku\u0144cze, kt\u00f3re wymagaj\u0105 specjalistycznej wiedzy i umiej\u0119tno\u015bci. Mog\u0105 z nich korzysta\u0107 osoby z r\u00f3\u017cnymi schorzeniami, niepe\u0142nosprawno\u015bciami lub zaburzeniami psychicznymi. Osoby \u015bwiadcz\u0105ce specjalistyczne us\u0142ugi opieku\u0144cze powinny posiada\u0107 odpowiednie przygotowanie zawodowe, np. piel\u0119gniarskie, psychologiczne, pedagogiczne, logopedyczne, terapeutyczne, rehabilitacyjne.<\/p>\n<p>Us\u0142ugi s\u0105siedzkie to forma pomocy opieku\u0144czej \u015bwiadczonej przez osob\u0119 mieszkaj\u0105c\u0105 w pobli\u017cu, w miejscu zamieszkania osoby potrzebuj\u0105cej. Us\u0142ugi s\u0105siedzkie obejmuj\u0105 zazwyczaj prost\u0105 pomoc w zaspokajaniu podstawowych potrzeb \u017cyciowych, jak: robienie zakup\u00f3w, przygotowanie posi\u0142k\u00f3w, pomoc w prostych czynno\u015bciach higienicznych, Zapewnienie kontaktu z otoczeniem.<\/p>\n<figure id=\"attachment_26114\" aria-describedby=\"caption-attachment-26114\" style=\"width: 2560px\" class=\"wp-caption aligncenter\"><a href=\"https:\/\/rops-bialystok.pl\/fers\/wp-content\/uploads\/2025\/10\/uslugi-2024-scaled.jpeg\"><img loading=\"lazy\" decoding=\"async\" class=\"wp-image-26114 size-full\" src=\"https:\/\/rops-bialystok.pl\/fers\/wp-content\/uploads\/2025\/10\/uslugi-2024-scaled.jpeg\" alt=\"Mapa - us\u0142ugi opieku\u0144cze w wojew\u00f3dztwie podlaskim.\" width=\"2560\" height=\"1810\" srcset=\"https:\/\/rops-bialystok.pl\/fers\/wp-content\/uploads\/2025\/10\/uslugi-2024-scaled.jpeg 2560w, https:\/\/rops-bialystok.pl\/fers\/wp-content\/uploads\/2025\/10\/uslugi-2024-300x212.jpeg 300w, https:\/\/rops-bialystok.pl\/fers\/wp-content\/uploads\/2025\/10\/uslugi-2024-1024x724.jpeg 1024w, https:\/\/rops-bialystok.pl\/fers\/wp-content\/uploads\/2025\/10\/uslugi-2024-768x543.jpeg 768w, https:\/\/rops-bialystok.pl\/fers\/wp-content\/uploads\/2025\/10\/uslugi-2024-1536x1086.jpeg 1536w, https:\/\/rops-bialystok.pl\/fers\/wp-content\/uploads\/2025\/10\/uslugi-2024-2048x1448.jpeg 2048w, https:\/\/rops-bialystok.pl\/fers\/wp-content\/uploads\/2025\/10\/uslugi-2024-1200x849.jpeg 1200w\" sizes=\"auto, (max-width: 709px) 85vw, (max-width: 909px) 67vw, (max-width: 1362px) 62vw, 840px\" \/><\/a><figcaption id=\"caption-attachment-26114\" class=\"wp-caption-text\">Us\u0142ugi opieku\u0144cze, specjalistyczne i s\u0105siedzkie w wojew\u00f3dztwie podlaskim w 2024 roku<\/figcaption><\/figure>\n<p><strong>Za\u0142\u0105czniki:<\/strong><\/p>\n<ul>\n<li><a href=\"https:\/\/rops-bialystok.pl\/fers\/wp-content\/uploads\/2025\/10\/Uslugi-opiekuncze-specjalistyczne-sasiedzkie.pdf\">Us\u0142ugi opieku\u0144cze, specjalistyczne, s\u0105siedzkie [.PDF]<\/a>\n<ul>\n<li><a href=\"https:\/\/rops-bialystok.pl\/fers\/wp-content\/uploads\/2025\/10\/Uslugi-opiekuncze-specjalistyczne-sasiedzkie.xlsx\">Us\u0142ugi opieku\u0144cze, specjalistyczne, s\u0105siedzkie [.XLSX]<\/a><\/li>\n<\/ul>\n<\/li>\n<\/ul>\n","protected":false},"excerpt":{"rendered":"<p>Us\u0142ugi opieku\u0144cze to r\u00f3\u017cnorodne formy wsparcia os\u00f3b, kt\u00f3re z r\u00f3\u017cnych powod\u00f3w nie mog\u0105 samodzielnie zadba\u0107 o swoje podstawowe potrzeby. Mog\u0105 one obejmowa\u0107 zar\u00f3wno proste czynno\u015bci, jak i bardziej specjalistyczne dzia\u0142ania, dostosowane do indywidualnych potrzeb podopiecznych. Us\u0142ugi opieku\u0144cze dziel\u0105 si\u0119 na: zwyk\u0142e us\u0142ugi opieku\u0144cze, specjalistyczne us\u0142ugi opieku\u0144cze oraz us\u0142ugi s\u0105siedzkie. Us\u0142ugi opieku\u0144cze w uj\u0119ciu og\u00f3lnym oznaczaj\u0105 &hellip; <a href=\"https:\/\/rops-bialystok.pl\/fers\/uslugi-opiekuncze\/\" class=\"more-link\">Continue reading<span class=\"screen-reader-text\"> &#8222;Us\u0142ugi opieku\u0144cze&#8221;<\/span><\/a><\/p>\n","protected":false},"author":2,"featured_media":0,"parent":0,"menu_order":0,"comment_status":"closed","ping_status":"closed","template":"","meta":{"footnotes":""},"class_list":["post-25473","page","type-page","status-publish","hentry"],"_links":{"self":[{"href":"https:\/\/rops-bialystok.pl\/fers\/wp-json\/wp\/v2\/pages\/25473","targetHints":{"allow":["GET"]}}],"collection":[{"href":"https:\/\/rops-bialystok.pl\/fers\/wp-json\/wp\/v2\/pages"}],"about":[{"href":"https:\/\/rops-bialystok.pl\/fers\/wp-json\/wp\/v2\/types\/page"}],"author":[{"embeddable":true,"href":"https:\/\/rops-bialystok.pl\/fers\/wp-json\/wp\/v2\/users\/2"}],"replies":[{"embeddable":true,"href":"https:\/\/rops-bialystok.pl\/fers\/wp-json\/wp\/v2\/comments?post=25473"}],"version-history":[{"count":5,"href":"https:\/\/rops-bialystok.pl\/fers\/wp-json\/wp\/v2\/pages\/25473\/revisions"}],"predecessor-version":[{"id":26164,"href":"https:\/\/rops-bialystok.pl\/fers\/wp-json\/wp\/v2\/pages\/25473\/revisions\/26164"}],"wp:attachment":[{"href":"https:\/\/rops-bialystok.pl\/fers\/wp-json\/wp\/v2\/media?parent=25473"}],"curies":[{"name":"wp","href":"https:\/\/api.w.org\/{rel}","templated":true}]}}