{"id":25475,"date":"2025-07-28T11:01:29","date_gmt":"2025-07-28T09:01:29","guid":{"rendered":"https:\/\/rops-bialystok.pl\/fers\/?page_id=25475"},"modified":"2025-10-23T13:38:09","modified_gmt":"2025-10-23T11:38:09","slug":"kluby-seniora","status":"publish","type":"page","link":"https:\/\/rops-bialystok.pl\/fers\/kluby-seniora\/","title":{"rendered":"Kluby Seniora"},"content":{"rendered":"<p>Klub seniora to\u00a0miejsce spotka\u0144 i aktywno\u015bci dla os\u00f3b starszych, maj\u0105ce na celu integracj\u0119, aktywizacj\u0119 i zapewnienie towarzystwa.\u00a0Funkcjonuj\u0105 zazwyczaj przy r\u00f3\u017cnego rodzaju organizacjach, takich jak domy kultury, o\u015brodki pomocy spo\u0142ecznej czy parafie, oferuj\u0105c seniorom przestrze\u0144 do sp\u0119dzania czasu wolnego i rozwijania zainteresowa\u0144.<\/p>\n<figure id=\"attachment_26105\" aria-describedby=\"caption-attachment-26105\" style=\"width: 696px\" class=\"wp-caption aligncenter\"><a href=\"https:\/\/rops-bialystok.pl\/fers\/wp-content\/uploads\/2025\/10\/klub-senior.png\"><img loading=\"lazy\" decoding=\"async\" class=\"wp-image-26105 size-full\" src=\"https:\/\/rops-bialystok.pl\/fers\/wp-content\/uploads\/2025\/10\/klub-senior.png\" alt=\"Mapa - kluby seniora w wojew\u00f3dztwie podlaskim.\" width=\"696\" height=\"777\" srcset=\"https:\/\/rops-bialystok.pl\/fers\/wp-content\/uploads\/2025\/10\/klub-senior.png 696w, https:\/\/rops-bialystok.pl\/fers\/wp-content\/uploads\/2025\/10\/klub-senior-269x300.png 269w\" sizes=\"auto, (max-width: 696px) 85vw, 696px\" \/><\/a><figcaption id=\"caption-attachment-26105\" class=\"wp-caption-text\">Mapa &#8211; kluby seniora w wojew\u00f3dztwie podlaskim 2024 r.<\/figcaption><\/figure>\n<p><strong>Za\u0142\u0105czniki:<\/strong><\/p>\n<ul>\n<li><a href=\"https:\/\/rops-bialystok.pl\/fers\/wp-content\/uploads\/2025\/10\/Wykaz-Klubow-i-Domow-Senior-stan-na-dzien-31.12.2024-r.pdf\">Wykaz Klub\u00f3w i Dom\u00f3w Senior + &#8211; stan na dzie\u0144 31.12.2024 r. [.PDF]<\/a>\n<ul>\n<li><a href=\"https:\/\/rops-bialystok.pl\/fers\/wp-content\/uploads\/2025\/10\/Wykaz-Klubow-i-Domow-Senior-stan-na-dzien-31.12.2024-r.xls\">Wykaz Klub\u00f3w i Dom\u00f3w Senior + &#8211; stan na dzie\u0144 31.12.2024 r. [.XLS]<\/a><\/li>\n<\/ul>\n<\/li>\n<\/ul>\n","protected":false},"excerpt":{"rendered":"<p>Klub seniora to\u00a0miejsce spotka\u0144 i aktywno\u015bci dla os\u00f3b starszych, maj\u0105ce na celu integracj\u0119, aktywizacj\u0119 i zapewnienie towarzystwa.\u00a0Funkcjonuj\u0105 zazwyczaj przy r\u00f3\u017cnego rodzaju organizacjach, takich jak domy kultury, o\u015brodki pomocy spo\u0142ecznej czy parafie, oferuj\u0105c seniorom przestrze\u0144 do sp\u0119dzania czasu wolnego i rozwijania zainteresowa\u0144. Za\u0142\u0105czniki: Wykaz Klub\u00f3w i Dom\u00f3w Senior + &#8211; stan na dzie\u0144 31.12.2024 r. [.PDF] &hellip; <a href=\"https:\/\/rops-bialystok.pl\/fers\/kluby-seniora\/\" class=\"more-link\">Continue reading<span class=\"screen-reader-text\"> &#8222;Kluby Seniora&#8221;<\/span><\/a><\/p>\n","protected":false},"author":2,"featured_media":0,"parent":0,"menu_order":0,"comment_status":"closed","ping_status":"closed","template":"","meta":{"footnotes":""},"class_list":["post-25475","page","type-page","status-publish","hentry"],"_links":{"self":[{"href":"https:\/\/rops-bialystok.pl\/fers\/wp-json\/wp\/v2\/pages\/25475","targetHints":{"allow":["GET"]}}],"collection":[{"href":"https:\/\/rops-bialystok.pl\/fers\/wp-json\/wp\/v2\/pages"}],"about":[{"href":"https:\/\/rops-bialystok.pl\/fers\/wp-json\/wp\/v2\/types\/page"}],"author":[{"embeddable":true,"href":"https:\/\/rops-bialystok.pl\/fers\/wp-json\/wp\/v2\/users\/2"}],"replies":[{"embeddable":true,"href":"https:\/\/rops-bialystok.pl\/fers\/wp-json\/wp\/v2\/comments?post=25475"}],"version-history":[{"count":6,"href":"https:\/\/rops-bialystok.pl\/fers\/wp-json\/wp\/v2\/pages\/25475\/revisions"}],"predecessor-version":[{"id":26149,"href":"https:\/\/rops-bialystok.pl\/fers\/wp-json\/wp\/v2\/pages\/25475\/revisions\/26149"}],"wp:attachment":[{"href":"https:\/\/rops-bialystok.pl\/fers\/wp-json\/wp\/v2\/media?parent=25475"}],"curies":[{"name":"wp","href":"https:\/\/api.w.org\/{rel}","templated":true}]}}