{"id":25477,"date":"2025-07-28T11:01:54","date_gmt":"2025-07-28T09:01:54","guid":{"rendered":"https:\/\/rops-bialystok.pl\/fers\/?page_id=25477"},"modified":"2025-10-23T13:38:52","modified_gmt":"2025-10-23T11:38:52","slug":"domy-pomocy-spolecznej","status":"publish","type":"page","link":"https:\/\/rops-bialystok.pl\/fers\/domy-pomocy-spolecznej\/","title":{"rendered":"Domy Pomocy Spo\u0142ecznej"},"content":{"rendered":"<p>To jednostki organizacyjne pomocy spo\u0142ecznej, kt\u00f3ra zapewniaj\u0105 ca\u0142odobow\u0105 opiek\u0119 osobom, kt\u00f3re z powodu wieku, choroby lub niepe\u0142nosprawno\u015bci nie s\u0105 w stanie samodzielnie funkcjonowa\u0107 w codziennym \u017cyciu i nie mog\u0105 otrzyma\u0107 niezb\u0119dnej pomocy w formie us\u0142ug opieku\u0144czych.\u00a0DPS-y dzia\u0142aj\u0105 na poziomie obowi\u0105zuj\u0105cego standardu i oferuj\u0105 m.in.\u00a0zakwaterowanie, wy\u017cywienie, pomoc w utrzymaniu higieny osobistej, wsparcie medyczne i psychologiczne, a tak\u017ce pomoc w organizacji czasu wolnego.<\/p>\n<figure id=\"attachment_26116\" aria-describedby=\"caption-attachment-26116\" style=\"width: 1124px\" class=\"wp-caption aligncenter\"><a href=\"https:\/\/rops-bialystok.pl\/fers\/wp-content\/uploads\/2025\/10\/dps-2024.png\"><img loading=\"lazy\" decoding=\"async\" class=\"wp-image-26116 size-full\" src=\"https:\/\/rops-bialystok.pl\/fers\/wp-content\/uploads\/2025\/10\/dps-2024.png\" alt=\"Mapa - domy pomocy spo\u0142ecznej w wojew\u00f3dztwie podlaskim.\" width=\"1124\" height=\"795\" srcset=\"https:\/\/rops-bialystok.pl\/fers\/wp-content\/uploads\/2025\/10\/dps-2024.png 1124w, https:\/\/rops-bialystok.pl\/fers\/wp-content\/uploads\/2025\/10\/dps-2024-300x212.png 300w, https:\/\/rops-bialystok.pl\/fers\/wp-content\/uploads\/2025\/10\/dps-2024-1024x724.png 1024w, https:\/\/rops-bialystok.pl\/fers\/wp-content\/uploads\/2025\/10\/dps-2024-768x543.png 768w\" sizes=\"auto, (max-width: 709px) 85vw, (max-width: 909px) 67vw, (max-width: 1362px) 62vw, 840px\" \/><\/a><figcaption id=\"caption-attachment-26116\" class=\"wp-caption-text\">Domy Pomocy Spo\u0142ecznej w wojew\u00f3dztwie podlaskim w 2024 roku<\/figcaption><\/figure>\n<p><strong>Za\u0142\u0105czniki:<\/strong><\/p>\n<ul>\n<li style=\"list-style-type: none;\">\n<ul>\n<li><a href=\"https:\/\/rops-bialystok.pl\/fers\/wp-content\/uploads\/2025\/10\/Wykaz-domow-pomocy-spolecznej-stan-na-dzien-31.12.2024-r.pdf\">Wykaz dom\u00f3w pomocy spo\u0142ecznej stan &#8211; na dzie\u0144 31.12.2024 r. [.PDF]<\/a><\/li>\n<\/ul>\n<\/li>\n<\/ul>\n<p>&nbsp;<\/p>\n","protected":false},"excerpt":{"rendered":"<p>To jednostki organizacyjne pomocy spo\u0142ecznej, kt\u00f3ra zapewniaj\u0105 ca\u0142odobow\u0105 opiek\u0119 osobom, kt\u00f3re z powodu wieku, choroby lub niepe\u0142nosprawno\u015bci nie s\u0105 w stanie samodzielnie funkcjonowa\u0107 w codziennym \u017cyciu i nie mog\u0105 otrzyma\u0107 niezb\u0119dnej pomocy w formie us\u0142ug opieku\u0144czych.\u00a0DPS-y dzia\u0142aj\u0105 na poziomie obowi\u0105zuj\u0105cego standardu i oferuj\u0105 m.in.\u00a0zakwaterowanie, wy\u017cywienie, pomoc w utrzymaniu higieny osobistej, wsparcie medyczne i psychologiczne, a &hellip; <a href=\"https:\/\/rops-bialystok.pl\/fers\/domy-pomocy-spolecznej\/\" class=\"more-link\">Continue reading<span class=\"screen-reader-text\"> &#8222;Domy Pomocy Spo\u0142ecznej&#8221;<\/span><\/a><\/p>\n","protected":false},"author":2,"featured_media":0,"parent":0,"menu_order":0,"comment_status":"closed","ping_status":"closed","template":"","meta":{"footnotes":""},"class_list":["post-25477","page","type-page","status-publish","hentry"],"_links":{"self":[{"href":"https:\/\/rops-bialystok.pl\/fers\/wp-json\/wp\/v2\/pages\/25477","targetHints":{"allow":["GET"]}}],"collection":[{"href":"https:\/\/rops-bialystok.pl\/fers\/wp-json\/wp\/v2\/pages"}],"about":[{"href":"https:\/\/rops-bialystok.pl\/fers\/wp-json\/wp\/v2\/types\/page"}],"author":[{"embeddable":true,"href":"https:\/\/rops-bialystok.pl\/fers\/wp-json\/wp\/v2\/users\/2"}],"replies":[{"embeddable":true,"href":"https:\/\/rops-bialystok.pl\/fers\/wp-json\/wp\/v2\/comments?post=25477"}],"version-history":[{"count":4,"href":"https:\/\/rops-bialystok.pl\/fers\/wp-json\/wp\/v2\/pages\/25477\/revisions"}],"predecessor-version":[{"id":26150,"href":"https:\/\/rops-bialystok.pl\/fers\/wp-json\/wp\/v2\/pages\/25477\/revisions\/26150"}],"wp:attachment":[{"href":"https:\/\/rops-bialystok.pl\/fers\/wp-json\/wp\/v2\/media?parent=25477"}],"curies":[{"name":"wp","href":"https:\/\/api.w.org\/{rel}","templated":true}]}}