{"id":25479,"date":"2025-07-28T11:02:18","date_gmt":"2025-07-28T09:02:18","guid":{"rendered":"https:\/\/rops-bialystok.pl\/fers\/?page_id=25479"},"modified":"2025-10-23T13:39:18","modified_gmt":"2025-10-23T11:39:18","slug":"placowki-calodobowe","status":"publish","type":"page","link":"https:\/\/rops-bialystok.pl\/fers\/placowki-calodobowe\/","title":{"rendered":"Plac\u00f3wki ca\u0142odobowe"},"content":{"rendered":"<p>Plac\u00f3wki \u015bwiadcz\u0105ce przez ca\u0142\u0105 dob\u0119 us\u0142ugi opieku\u0144cze zapewniaj\u0105ce: udzielanie pomocy w podstawowych czynno\u015bciach \u017cyciowych, piel\u0119gnacj\u0119, opiek\u0119 higieniczn\u0105, niezb\u0119dn\u0105 pomoc w za\u0142atwianiu spraw osobistych, kontakty z otoczeniem oraz us\u0142ugi bytowe w zakresie: miejsca pobytu, wy\u017cywienia, utrzymania czysto\u015bci.<\/p>\n<figure id=\"attachment_26120\" aria-describedby=\"caption-attachment-26120\" style=\"width: 1124px\" class=\"wp-caption aligncenter\"><a href=\"https:\/\/rops-bialystok.pl\/fers\/wp-content\/uploads\/2025\/10\/placowka-calodobowa.png\"><img loading=\"lazy\" decoding=\"async\" class=\"wp-image-26120 size-full\" src=\"https:\/\/rops-bialystok.pl\/fers\/wp-content\/uploads\/2025\/10\/placowka-calodobowa.png\" alt=\"Mapa - plac\u00f3wki ca\u0142odobowe w wojew\u00f3dztwie podlaskim.\" width=\"1124\" height=\"795\" srcset=\"https:\/\/rops-bialystok.pl\/fers\/wp-content\/uploads\/2025\/10\/placowka-calodobowa.png 1124w, https:\/\/rops-bialystok.pl\/fers\/wp-content\/uploads\/2025\/10\/placowka-calodobowa-300x212.png 300w, https:\/\/rops-bialystok.pl\/fers\/wp-content\/uploads\/2025\/10\/placowka-calodobowa-1024x724.png 1024w, https:\/\/rops-bialystok.pl\/fers\/wp-content\/uploads\/2025\/10\/placowka-calodobowa-768x543.png 768w\" sizes=\"auto, (max-width: 709px) 85vw, (max-width: 909px) 67vw, (max-width: 1362px) 62vw, 840px\" \/><\/a><figcaption id=\"caption-attachment-26120\" class=\"wp-caption-text\">Plac\u00f3wki zapewniaj\u0105ce ca\u0142odobow\u0105 opiek\u0119 osobom niepe\u0142nosprawnym, przewlekle chorym lub osobom w podesz\u0142ym wieku w wojew\u00f3dztwie podlaskim w 2024 r.<\/figcaption><\/figure>\n<p><strong>Za\u0142\u0105czniki:<\/strong><\/p>\n<ul>\n<li><a href=\"https:\/\/rops-bialystok.pl\/fers\/wp-content\/uploads\/2025\/10\/Wykaz-placowek-zapewniajacych-calodobowa-opieke.pdf\">Wykaz plac\u00f3wek zapewniaj\u0105cych ca\u0142odobow\u0105 opiek\u0119 [.PDF]<\/a><\/li>\n<\/ul>\n","protected":false},"excerpt":{"rendered":"<p>Plac\u00f3wki \u015bwiadcz\u0105ce przez ca\u0142\u0105 dob\u0119 us\u0142ugi opieku\u0144cze zapewniaj\u0105ce: udzielanie pomocy w podstawowych czynno\u015bciach \u017cyciowych, piel\u0119gnacj\u0119, opiek\u0119 higieniczn\u0105, niezb\u0119dn\u0105 pomoc w za\u0142atwianiu spraw osobistych, kontakty z otoczeniem oraz us\u0142ugi bytowe w zakresie: miejsca pobytu, wy\u017cywienia, utrzymania czysto\u015bci. Za\u0142\u0105czniki: Wykaz plac\u00f3wek zapewniaj\u0105cych ca\u0142odobow\u0105 opiek\u0119 [.PDF]<\/p>\n","protected":false},"author":2,"featured_media":0,"parent":0,"menu_order":0,"comment_status":"closed","ping_status":"closed","template":"","meta":{"footnotes":""},"class_list":["post-25479","page","type-page","status-publish","hentry"],"_links":{"self":[{"href":"https:\/\/rops-bialystok.pl\/fers\/wp-json\/wp\/v2\/pages\/25479","targetHints":{"allow":["GET"]}}],"collection":[{"href":"https:\/\/rops-bialystok.pl\/fers\/wp-json\/wp\/v2\/pages"}],"about":[{"href":"https:\/\/rops-bialystok.pl\/fers\/wp-json\/wp\/v2\/types\/page"}],"author":[{"embeddable":true,"href":"https:\/\/rops-bialystok.pl\/fers\/wp-json\/wp\/v2\/users\/2"}],"replies":[{"embeddable":true,"href":"https:\/\/rops-bialystok.pl\/fers\/wp-json\/wp\/v2\/comments?post=25479"}],"version-history":[{"count":3,"href":"https:\/\/rops-bialystok.pl\/fers\/wp-json\/wp\/v2\/pages\/25479\/revisions"}],"predecessor-version":[{"id":26151,"href":"https:\/\/rops-bialystok.pl\/fers\/wp-json\/wp\/v2\/pages\/25479\/revisions\/26151"}],"wp:attachment":[{"href":"https:\/\/rops-bialystok.pl\/fers\/wp-json\/wp\/v2\/media?parent=25479"}],"curies":[{"name":"wp","href":"https:\/\/api.w.org\/{rel}","templated":true}]}}