{"id":25481,"date":"2025-07-28T11:02:46","date_gmt":"2025-07-28T09:02:46","guid":{"rendered":"https:\/\/rops-bialystok.pl\/fers\/?page_id=25481"},"modified":"2025-10-23T14:00:02","modified_gmt":"2025-10-23T12:00:02","slug":"rodzinny-dom-pomocy","status":"publish","type":"page","link":"https:\/\/rops-bialystok.pl\/fers\/rodzinny-dom-pomocy\/","title":{"rendered":"Rodzinny Dom Pomocy"},"content":{"rendered":"<p>To forma ca\u0142odobowej opieki i wsparcia dla os\u00f3b starszych lub niepe\u0142nosprawnych, kt\u00f3re z powodu wieku lub stanu zdrowia nie s\u0105 w stanie samodzielnie funkcjonowa\u0107 w codziennym \u017cyciu, ale nie wymagaj\u0105 jeszcze opieki w domu pomocy spo\u0142ecznej.\u00a0RDP zapewnia miejsce zamieszkania, wy\u017cywienie, pomoc w codziennych czynno\u015bciach, opiek\u0119 piel\u0119gniarsk\u0105 oraz organizacj\u0119 czasu wolnego dla nie mniej ni\u017c trzech i nie wi\u0119cej ni\u017c o\u015bmiu mieszka\u0144c\u00f3w.<\/p>\n<figure id=\"attachment_26123\" aria-describedby=\"caption-attachment-26123\" style=\"width: 1124px\" class=\"wp-caption aligncenter\"><a href=\"https:\/\/rops-bialystok.pl\/fers\/wp-content\/uploads\/2025\/10\/rodzinne-domy-pomocy.png\"><img loading=\"lazy\" decoding=\"async\" class=\"wp-image-26123 size-full\" src=\"https:\/\/rops-bialystok.pl\/fers\/wp-content\/uploads\/2025\/10\/rodzinne-domy-pomocy.png\" alt=\"Mapa - rodzinny dom pomocy w wojew\u00f3dztwie podlaskim.\" width=\"1124\" height=\"795\" srcset=\"https:\/\/rops-bialystok.pl\/fers\/wp-content\/uploads\/2025\/10\/rodzinne-domy-pomocy.png 1124w, https:\/\/rops-bialystok.pl\/fers\/wp-content\/uploads\/2025\/10\/rodzinne-domy-pomocy-300x212.png 300w, https:\/\/rops-bialystok.pl\/fers\/wp-content\/uploads\/2025\/10\/rodzinne-domy-pomocy-1024x724.png 1024w, https:\/\/rops-bialystok.pl\/fers\/wp-content\/uploads\/2025\/10\/rodzinne-domy-pomocy-768x543.png 768w\" sizes=\"auto, (max-width: 709px) 85vw, (max-width: 909px) 67vw, (max-width: 1362px) 62vw, 840px\" \/><\/a><figcaption id=\"caption-attachment-26123\" class=\"wp-caption-text\">Rodzinne Domy Pomocy w wojew\u00f3dztwie podlaskim w 2024 roku.<\/figcaption><\/figure>\n<p><strong>Za\u0142\u0105czniki:<\/strong><\/p>\n<ul>\n<li><a href=\"https:\/\/rops-bialystok.pl\/fers\/wp-content\/uploads\/2025\/10\/Rodzinne-Domy-Pomocy.pdf\">Rodzinne Domy Pomocy [.PDF]<\/a>\n<ul>\n<li><a href=\"https:\/\/rops-bialystok.pl\/fers\/wp-content\/uploads\/2025\/10\/Rodzinne-Domy-Pomocy.xlsx\">Rodzinne Domy Pomocy [.XLSX]<\/a><\/li>\n<\/ul>\n<\/li>\n<\/ul>\n","protected":false},"excerpt":{"rendered":"<p>To forma ca\u0142odobowej opieki i wsparcia dla os\u00f3b starszych lub niepe\u0142nosprawnych, kt\u00f3re z powodu wieku lub stanu zdrowia nie s\u0105 w stanie samodzielnie funkcjonowa\u0107 w codziennym \u017cyciu, ale nie wymagaj\u0105 jeszcze opieki w domu pomocy spo\u0142ecznej.\u00a0RDP zapewnia miejsce zamieszkania, wy\u017cywienie, pomoc w codziennych czynno\u015bciach, opiek\u0119 piel\u0119gniarsk\u0105 oraz organizacj\u0119 czasu wolnego dla nie mniej ni\u017c trzech &hellip; <a href=\"https:\/\/rops-bialystok.pl\/fers\/rodzinny-dom-pomocy\/\" class=\"more-link\">Continue reading<span class=\"screen-reader-text\"> &#8222;Rodzinny Dom Pomocy&#8221;<\/span><\/a><\/p>\n","protected":false},"author":2,"featured_media":0,"parent":0,"menu_order":0,"comment_status":"closed","ping_status":"closed","template":"","meta":{"footnotes":""},"class_list":["post-25481","page","type-page","status-publish","hentry"],"_links":{"self":[{"href":"https:\/\/rops-bialystok.pl\/fers\/wp-json\/wp\/v2\/pages\/25481","targetHints":{"allow":["GET"]}}],"collection":[{"href":"https:\/\/rops-bialystok.pl\/fers\/wp-json\/wp\/v2\/pages"}],"about":[{"href":"https:\/\/rops-bialystok.pl\/fers\/wp-json\/wp\/v2\/types\/page"}],"author":[{"embeddable":true,"href":"https:\/\/rops-bialystok.pl\/fers\/wp-json\/wp\/v2\/users\/2"}],"replies":[{"embeddable":true,"href":"https:\/\/rops-bialystok.pl\/fers\/wp-json\/wp\/v2\/comments?post=25481"}],"version-history":[{"count":5,"href":"https:\/\/rops-bialystok.pl\/fers\/wp-json\/wp\/v2\/pages\/25481\/revisions"}],"predecessor-version":[{"id":26168,"href":"https:\/\/rops-bialystok.pl\/fers\/wp-json\/wp\/v2\/pages\/25481\/revisions\/26168"}],"wp:attachment":[{"href":"https:\/\/rops-bialystok.pl\/fers\/wp-json\/wp\/v2\/media?parent=25481"}],"curies":[{"name":"wp","href":"https:\/\/api.w.org\/{rel}","templated":true}]}}