{"id":25483,"date":"2025-07-28T11:03:19","date_gmt":"2025-07-28T09:03:19","guid":{"rendered":"https:\/\/rops-bialystok.pl\/fers\/?page_id=25483"},"modified":"2025-10-23T13:40:03","modified_gmt":"2025-10-23T11:40:03","slug":"mieszkania-treningowe-i-wspomagane","status":"publish","type":"page","link":"https:\/\/rops-bialystok.pl\/fers\/mieszkania-treningowe-i-wspomagane\/","title":{"rendered":"Mieszkania treningowe i wspomagane"},"content":{"rendered":"<p>Formy wsparcia w ramach pomocy spo\u0142ecznej, kt\u00f3rych celem jest przygotowanie os\u00f3b do samodzielnego \u017cycia lub pomoc w jego prowadzeniu.\u00a0Mieszkania te stanowi\u0105 pomost mi\u0119dzy opiek\u0105 instytucjonaln\u0105 a samodzielnym zamieszkiwaniem w \u015brodowisku lokalnym.<\/p>\n<p>Mieszkanie treningowe to miejsce, gdzie osoby, kt\u00f3re potrzebuj\u0105 wsparcia w nabywaniu umiej\u0119tno\u015bci samodzielnego \u017cycia, mog\u0105 je rozwija\u0107 i doskonali\u0107.\u00a0Celem pobytu w mieszkaniu treningowym jest przygotowanie do niezale\u017cnego funkcjonowania w spo\u0142ecze\u0144stwie, a wsparcie jest zazwyczaj udzielane na czas okre\u015blony.\u00a0Mieszkania te mog\u0105 by\u0107 wykorzystywane przez osoby opuszczaj\u0105ce plac\u00f3wki opieku\u0144czo-wychowawcze, m\u0142odzie\u017cowe o\u015brodki wychowawcze, zak\u0142ady dla nieletnich, a tak\u017ce osoby z niepe\u0142nosprawno\u015bciami czy do\u015bwiadczaj\u0105ce trudnej sytuacji \u017cyciowej.<\/p>\n<p>Mieszkanie wspomagane natomiast, to forma wsparcia dla os\u00f3b, kt\u00f3re potrzebuj\u0105 pomocy w codziennym funkcjonowaniu, ale nie wymagaj\u0105 sta\u0142ej, ca\u0142odobowej opieki.\u00a0W mieszkaniu wspomaganym \u015bwiadczone s\u0105 us\u0142ugi bytowe, praca socjalna oraz pomoc w wykonywaniu czynno\u015bci niezb\u0119dnych w codziennym funkcjonowaniu.\u00a0Celem jest utrzymanie lub rozwijanie niezale\u017cno\u015bci osoby na poziomie jej psychofizycznych mo\u017cliwo\u015bci.\u00a0Pobyt w mieszkaniu wspomaganym mo\u017ce by\u0107 przyznany na czas okre\u015blony, a w przypadku os\u00f3b z niepe\u0142nosprawno\u015bciami i w szczeg\u00f3lnie uzasadnionych przypadkach \u2013 na czas nieokre\u015blony.<\/p>\n<figure id=\"attachment_26126\" aria-describedby=\"caption-attachment-26126\" style=\"width: 1124px\" class=\"wp-caption aligncenter\"><a href=\"https:\/\/rops-bialystok.pl\/fers\/wp-content\/uploads\/2025\/10\/mieszkania-wspomagane-i-treningowe.png\"><img loading=\"lazy\" decoding=\"async\" class=\"wp-image-26126 size-full\" src=\"https:\/\/rops-bialystok.pl\/fers\/wp-content\/uploads\/2025\/10\/mieszkania-wspomagane-i-treningowe.png\" alt=\"Mapa - mieszkania treningowe i wspomagane w wojew\u00f3dztwie podlaskim.\" width=\"1124\" height=\"795\" srcset=\"https:\/\/rops-bialystok.pl\/fers\/wp-content\/uploads\/2025\/10\/mieszkania-wspomagane-i-treningowe.png 1124w, https:\/\/rops-bialystok.pl\/fers\/wp-content\/uploads\/2025\/10\/mieszkania-wspomagane-i-treningowe-300x212.png 300w, https:\/\/rops-bialystok.pl\/fers\/wp-content\/uploads\/2025\/10\/mieszkania-wspomagane-i-treningowe-1024x724.png 1024w, https:\/\/rops-bialystok.pl\/fers\/wp-content\/uploads\/2025\/10\/mieszkania-wspomagane-i-treningowe-768x543.png 768w\" sizes=\"auto, (max-width: 709px) 85vw, (max-width: 909px) 67vw, (max-width: 1362px) 62vw, 840px\" \/><\/a><figcaption id=\"caption-attachment-26126\" class=\"wp-caption-text\">Mieszkania treningowe i wspomagane w wojew\u00f3dztwie podlaskim.<\/figcaption><\/figure>\n<p><strong>Za\u0142\u0105czniki:<\/strong><\/p>\n<ul>\n<li><a href=\"https:\/\/rops-bialystok.pl\/fers\/wp-content\/uploads\/2025\/10\/Lista_mieszkan_treningowych_i_wspomaganych_-stan_na_13.01.2025.pdf\">Lista mieszka\u0144 treningowych i wspomaganych stan na 13.01.2025 [.PDF]<\/a>\n<ul>\n<li><a href=\"https:\/\/rops-bialystok.pl\/fers\/wp-content\/uploads\/2025\/10\/Lista_mieszkan_treningowych_i_wspomaganych_-stan_na_13.01.2025.xlsx\">Lista mieszka\u0144 treningowych i wspomaganych stan na 13.01.2025 [.XLSX]<\/a><\/li>\n<\/ul>\n<\/li>\n<li><a href=\"https:\/\/rops-bialystok.pl\/fers\/wp-content\/uploads\/2025\/10\/Rejestr_mieszkan_treningowych_i_wspomaganych_stan_na_28.02.2025r.pdf\">Rejestr mieszka\u0144 treningowych i wspomaganych stan na 28.02.2025r. [.PDF]<\/a>\n<ul>\n<li><a href=\"https:\/\/rops-bialystok.pl\/fers\/wp-content\/uploads\/2025\/10\/Rejestr_mieszkan_treningowych_i_wspomaganych_stan_na_28.02.2025r.xlsx\">Rejestr mieszka\u0144 treningowych i wspomaganych stan na 28.02.2025r. [.XLSX]<\/a><\/li>\n<\/ul>\n<\/li>\n<\/ul>\n","protected":false},"excerpt":{"rendered":"<p>Formy wsparcia w ramach pomocy spo\u0142ecznej, kt\u00f3rych celem jest przygotowanie os\u00f3b do samodzielnego \u017cycia lub pomoc w jego prowadzeniu.\u00a0Mieszkania te stanowi\u0105 pomost mi\u0119dzy opiek\u0105 instytucjonaln\u0105 a samodzielnym zamieszkiwaniem w \u015brodowisku lokalnym. Mieszkanie treningowe to miejsce, gdzie osoby, kt\u00f3re potrzebuj\u0105 wsparcia w nabywaniu umiej\u0119tno\u015bci samodzielnego \u017cycia, mog\u0105 je rozwija\u0107 i doskonali\u0107.\u00a0Celem pobytu w mieszkaniu treningowym jest &hellip; <a href=\"https:\/\/rops-bialystok.pl\/fers\/mieszkania-treningowe-i-wspomagane\/\" class=\"more-link\">Continue reading<span class=\"screen-reader-text\"> &#8222;Mieszkania treningowe i wspomagane&#8221;<\/span><\/a><\/p>\n","protected":false},"author":2,"featured_media":0,"parent":0,"menu_order":0,"comment_status":"closed","ping_status":"closed","template":"","meta":{"footnotes":""},"class_list":["post-25483","page","type-page","status-publish","hentry"],"_links":{"self":[{"href":"https:\/\/rops-bialystok.pl\/fers\/wp-json\/wp\/v2\/pages\/25483","targetHints":{"allow":["GET"]}}],"collection":[{"href":"https:\/\/rops-bialystok.pl\/fers\/wp-json\/wp\/v2\/pages"}],"about":[{"href":"https:\/\/rops-bialystok.pl\/fers\/wp-json\/wp\/v2\/types\/page"}],"author":[{"embeddable":true,"href":"https:\/\/rops-bialystok.pl\/fers\/wp-json\/wp\/v2\/users\/2"}],"replies":[{"embeddable":true,"href":"https:\/\/rops-bialystok.pl\/fers\/wp-json\/wp\/v2\/comments?post=25483"}],"version-history":[{"count":5,"href":"https:\/\/rops-bialystok.pl\/fers\/wp-json\/wp\/v2\/pages\/25483\/revisions"}],"predecessor-version":[{"id":26153,"href":"https:\/\/rops-bialystok.pl\/fers\/wp-json\/wp\/v2\/pages\/25483\/revisions\/26153"}],"wp:attachment":[{"href":"https:\/\/rops-bialystok.pl\/fers\/wp-json\/wp\/v2\/media?parent=25483"}],"curies":[{"name":"wp","href":"https:\/\/api.w.org\/{rel}","templated":true}]}}