{"id":25487,"date":"2025-07-28T11:04:10","date_gmt":"2025-07-28T09:04:10","guid":{"rendered":"https:\/\/rops-bialystok.pl\/fers\/?page_id=25487"},"modified":"2025-10-23T13:40:41","modified_gmt":"2025-10-23T11:40:41","slug":"srodowiskowe-domy-samopomocy","status":"publish","type":"page","link":"https:\/\/rops-bialystok.pl\/fers\/srodowiskowe-domy-samopomocy\/","title":{"rendered":"\u015arodowiskowe Domy Samopomocy"},"content":{"rendered":"<p>To plac\u00f3wki pobytu dziennego, kt\u00f3re wspieraj\u0105 osoby z zaburzeniami psychicznymi oraz osoby z niepe\u0142nosprawno\u015bci\u0105 intelektualn\u0105, autyzmem, czy chorob\u0105 Alzheimera. Ich celem jest pomoc w przezwyci\u0119\u017caniu trudno\u015bci \u017cyciowych, rozwijaniu umiej\u0119tno\u015bci samoobs\u0142ugi i funkcjonowania spo\u0142ecznego, a tak\u017ce integracja ze \u015brodowiskiem.<\/p>\n<figure id=\"attachment_26139\" aria-describedby=\"caption-attachment-26139\" style=\"width: 1124px\" class=\"wp-caption aligncenter\"><a href=\"https:\/\/rops-bialystok.pl\/fers\/wp-content\/uploads\/2025\/10\/sds.png\"><img loading=\"lazy\" decoding=\"async\" class=\"wp-image-26139 size-full\" src=\"https:\/\/rops-bialystok.pl\/fers\/wp-content\/uploads\/2025\/10\/sds.png\" alt=\"Mapa - \u015brodowiskowe domy samopomocy w wojew\u00f3dztwie podlaskim.\" width=\"1124\" height=\"795\" srcset=\"https:\/\/rops-bialystok.pl\/fers\/wp-content\/uploads\/2025\/10\/sds.png 1124w, https:\/\/rops-bialystok.pl\/fers\/wp-content\/uploads\/2025\/10\/sds-300x212.png 300w, https:\/\/rops-bialystok.pl\/fers\/wp-content\/uploads\/2025\/10\/sds-1024x724.png 1024w, https:\/\/rops-bialystok.pl\/fers\/wp-content\/uploads\/2025\/10\/sds-768x543.png 768w\" sizes=\"auto, (max-width: 709px) 85vw, (max-width: 909px) 67vw, (max-width: 1362px) 62vw, 840px\" \/><\/a><figcaption id=\"caption-attachment-26139\" class=\"wp-caption-text\">\u015arodowiskowe Domy Samopomocy w wojew\u00f3dztwie podlaskim w 2024 roku.<\/figcaption><\/figure>\n<p><strong>Za\u0142\u0105czniki:<\/strong><\/p>\n<ul>\n<li><a href=\"https:\/\/rops-bialystok.pl\/fers\/wp-content\/uploads\/2025\/10\/Wykaz-Srodowiskowych-Domow-Samopomocy-stan-na-dzien-31.12.2024-r.pdf\">Wykaz \u015arodowiskowych Dom\u00f3w Samopomocy &#8211; stan na dzie\u0144 31.12.2024 r. [.PDF]<\/a><\/li>\n<\/ul>\n","protected":false},"excerpt":{"rendered":"<p>To plac\u00f3wki pobytu dziennego, kt\u00f3re wspieraj\u0105 osoby z zaburzeniami psychicznymi oraz osoby z niepe\u0142nosprawno\u015bci\u0105 intelektualn\u0105, autyzmem, czy chorob\u0105 Alzheimera. Ich celem jest pomoc w przezwyci\u0119\u017caniu trudno\u015bci \u017cyciowych, rozwijaniu umiej\u0119tno\u015bci samoobs\u0142ugi i funkcjonowania spo\u0142ecznego, a tak\u017ce integracja ze \u015brodowiskiem. Za\u0142\u0105czniki: Wykaz \u015arodowiskowych Dom\u00f3w Samopomocy &#8211; stan na dzie\u0144 31.12.2024 r. [.PDF]<\/p>\n","protected":false},"author":2,"featured_media":0,"parent":0,"menu_order":0,"comment_status":"closed","ping_status":"closed","template":"","meta":{"footnotes":""},"class_list":["post-25487","page","type-page","status-publish","hentry"],"_links":{"self":[{"href":"https:\/\/rops-bialystok.pl\/fers\/wp-json\/wp\/v2\/pages\/25487","targetHints":{"allow":["GET"]}}],"collection":[{"href":"https:\/\/rops-bialystok.pl\/fers\/wp-json\/wp\/v2\/pages"}],"about":[{"href":"https:\/\/rops-bialystok.pl\/fers\/wp-json\/wp\/v2\/types\/page"}],"author":[{"embeddable":true,"href":"https:\/\/rops-bialystok.pl\/fers\/wp-json\/wp\/v2\/users\/2"}],"replies":[{"embeddable":true,"href":"https:\/\/rops-bialystok.pl\/fers\/wp-json\/wp\/v2\/comments?post=25487"}],"version-history":[{"count":3,"href":"https:\/\/rops-bialystok.pl\/fers\/wp-json\/wp\/v2\/pages\/25487\/revisions"}],"predecessor-version":[{"id":26155,"href":"https:\/\/rops-bialystok.pl\/fers\/wp-json\/wp\/v2\/pages\/25487\/revisions\/26155"}],"wp:attachment":[{"href":"https:\/\/rops-bialystok.pl\/fers\/wp-json\/wp\/v2\/media?parent=25487"}],"curies":[{"name":"wp","href":"https:\/\/api.w.org\/{rel}","templated":true}]}}