{"id":26349,"date":"2025-11-20T09:21:25","date_gmt":"2025-11-20T08:21:25","guid":{"rendered":"https:\/\/rops-bialystok.pl\/fers\/?page_id=26349"},"modified":"2025-11-20T14:19:13","modified_gmt":"2025-11-20T13:19:13","slug":"zawiazanie-podlaskiej-sieci-wspolpracy-wtz-i-zaz","status":"publish","type":"page","link":"https:\/\/rops-bialystok.pl\/fers\/zawiazanie-podlaskiej-sieci-wspolpracy-wtz-i-zaz\/","title":{"rendered":"Podlaska Sieci Wsp\u00f3\u0142pracy WTZ i ZAZ"},"content":{"rendered":"<p>Regionalny O\u015brodek Polityki Spo\u0142ecznej w Bia\u0142ymstoku informuje o zawi\u0105zaniu <strong>Podlaskiej Sieci Wsp\u00f3\u0142pracy Warsztat\u00f3w Terapii Zaj\u0119ciowej i Zak\u0142ad\u00f3w Aktywno\u015bci Zawodowej<\/strong>. Sie\u0107 zosta\u0142a powo\u0142ana jako platforma wsp\u00f3\u0142pracy pomi\u0119dzy WTZ, ZAZ oraz innymi podmiotami dzia\u0142aj\u0105cymi na rzecz os\u00f3b z niepe\u0142nosprawno\u015bciami.<\/p>\n<p>Sie\u0107 s\u0142u\u017cy przede wszystkim:<\/p>\n<ul>\n<li>wzajemnemu wsparciu merytorycznemu oraz wymianie do\u015bwiadcze\u0144 mi\u0119dzy podmiotami pracuj\u0105cymi z osobami z niepe\u0142nosprawno\u015bciami,<\/li>\n<li>udzia\u0142owi w regularnych spotkaniach, wizytach studyjnych i dzia\u0142aniach s\u0142u\u017c\u0105cych prezentacji dobrych praktyk,<\/li>\n<li>podejmowaniu wsp\u00f3lnych inicjatyw i projekt\u00f3w,<\/li>\n<li>integrowaniu \u015brodowiska WTZ i ZAZ na poziomie lokalnym, ponadlokalnym i wojew\u00f3dzkim,<\/li>\n<li>prowadzeniu dialogu dotycz\u0105cego potrzeb i sytuacji odbiorc\u00f3w wsparcia,<\/li>\n<li>wymianie wiedzy o ciekawych inicjatywach realizowanych w regionie.<\/li>\n<\/ul>\n<p><strong>Zasady funkcjonowania i cz\u0142onkostwo<\/strong><\/p>\n<p>Sie\u0107 ma charakter <strong>otwarty i dobrowolny<\/strong>, a jej cz\u0142onkami mog\u0105 zosta\u0107 wszystkie WTZ, ZAZ oraz podmioty prowadz\u0105ce dzia\u0142ania na rzecz os\u00f3b z niepe\u0142nosprawno\u015bciami, kt\u00f3re z\u0142o\u017c\u0105 deklaracj\u0119 przyst\u0105pienia i zostan\u0105 pozytywnie zweryfikowane przez Lidera Sieci \u2013 ROPS w Bia\u0142ymstoku. Spotkania robocze organizowane s\u0105 przez Lidera i odbywaj\u0105 si\u0119 zgodnie z potrzebami cz\u0142onk\u00f3w. Uczestniczy\u0107 w nich mog\u0105 r\u00f3wnie\u017c eksperci, przedstawiciele instytucji wsp\u00f3\u0142pracuj\u0105cych, \u015brodowiska naukowego czy Regionalnego Komitetu Rozwoju Ekonomii Spo\u0142ecznej. Porozumienie nie tworzy stosunku podleg\u0142o\u015bci mi\u0119dzy stronami, nie nak\u0142ada te\u017c \u017cadnych obci\u0105\u017ce\u0144 finansowych na cz\u0142onk\u00f3w Sieci. Ka\u017cdy podmiot mo\u017ce w dowolnym momencie zrezygnowa\u0107 z uczestnictwa poprzez z\u0142o\u017cenie stosownego o\u015bwiadczenia.<\/p>\n<p>Inicjatywa realizowana jest w ramach projektu <strong>\u201eKoordynacja dzia\u0142a\u0144 w zakresie polityki spo\u0142ecznej w wojew\u00f3dztwie podlaskim\u201d<\/strong>, wsp\u00f3\u0142finansowanego ze \u015brodk\u00f3w Europejskiego Funduszu Spo\u0142ecznego Plus w ramach Programu Fundusze Europejskie dla Rozwoju Spo\u0142ecznego 2021\u20132027.<\/p>\n<p>&nbsp;<\/p>\n<p><strong>Za\u0142\u0105czniki:<\/strong><\/p>\n<ol>\n<li><a href=\"https:\/\/rops-bialystok.pl\/fers\/wp-content\/uploads\/2025\/11\/porozumienie-WTZ-i-ZAZ.docx\">Porozumienie o wsp\u00f3\u0142pracy w ramach Podlaskiej Sieci Wsp\u00f3\u0142pracy Warsztat\u00f3w Terapii Zaj\u0119ciowej (WTZ) i Zak\u0142ad\u00f3w Aktywno\u015bci Zawodowej (ZAZ) [.DOCX]<\/a><\/li>\n<li><a href=\"https:\/\/rops-bialystok.pl\/fers\/wp-content\/uploads\/2025\/11\/deklaracja-przystapienia-do-sieci-WTZ-i-ZAZ.docx\">Deklaracja zg\u0142oszeniowa przyst\u0105pienia do sieci [.DOCX]<\/a><\/li>\n<\/ol>\n","protected":false},"excerpt":{"rendered":"<p>Regionalny O\u015brodek Polityki Spo\u0142ecznej w Bia\u0142ymstoku informuje o zawi\u0105zaniu Podlaskiej Sieci Wsp\u00f3\u0142pracy Warsztat\u00f3w Terapii Zaj\u0119ciowej i Zak\u0142ad\u00f3w Aktywno\u015bci Zawodowej. Sie\u0107 zosta\u0142a powo\u0142ana jako platforma wsp\u00f3\u0142pracy pomi\u0119dzy WTZ, ZAZ oraz innymi podmiotami dzia\u0142aj\u0105cymi na rzecz os\u00f3b z niepe\u0142nosprawno\u015bciami. Sie\u0107 s\u0142u\u017cy przede wszystkim: wzajemnemu wsparciu merytorycznemu oraz wymianie do\u015bwiadcze\u0144 mi\u0119dzy podmiotami pracuj\u0105cymi z osobami z niepe\u0142nosprawno\u015bciami, udzia\u0142owi &hellip; <a href=\"https:\/\/rops-bialystok.pl\/fers\/zawiazanie-podlaskiej-sieci-wspolpracy-wtz-i-zaz\/\" class=\"more-link\">Continue reading<span class=\"screen-reader-text\"> &#8222;Podlaska Sieci Wsp\u00f3\u0142pracy WTZ i ZAZ&#8221;<\/span><\/a><\/p>\n","protected":false},"author":2,"featured_media":0,"parent":0,"menu_order":0,"comment_status":"closed","ping_status":"closed","template":"","meta":{"footnotes":""},"class_list":["post-26349","page","type-page","status-publish","hentry"],"_links":{"self":[{"href":"https:\/\/rops-bialystok.pl\/fers\/wp-json\/wp\/v2\/pages\/26349","targetHints":{"allow":["GET"]}}],"collection":[{"href":"https:\/\/rops-bialystok.pl\/fers\/wp-json\/wp\/v2\/pages"}],"about":[{"href":"https:\/\/rops-bialystok.pl\/fers\/wp-json\/wp\/v2\/types\/page"}],"author":[{"embeddable":true,"href":"https:\/\/rops-bialystok.pl\/fers\/wp-json\/wp\/v2\/users\/2"}],"replies":[{"embeddable":true,"href":"https:\/\/rops-bialystok.pl\/fers\/wp-json\/wp\/v2\/comments?post=26349"}],"version-history":[{"count":3,"href":"https:\/\/rops-bialystok.pl\/fers\/wp-json\/wp\/v2\/pages\/26349\/revisions"}],"predecessor-version":[{"id":26356,"href":"https:\/\/rops-bialystok.pl\/fers\/wp-json\/wp\/v2\/pages\/26349\/revisions\/26356"}],"wp:attachment":[{"href":"https:\/\/rops-bialystok.pl\/fers\/wp-json\/wp\/v2\/media?parent=26349"}],"curies":[{"name":"wp","href":"https:\/\/api.w.org\/{rel}","templated":true}]}}