{"id":26361,"date":"2025-11-20T14:22:55","date_gmt":"2025-11-20T13:22:55","guid":{"rendered":"https:\/\/rops-bialystok.pl\/fers\/?page_id=26361"},"modified":"2025-11-20T14:22:55","modified_gmt":"2025-11-20T13:22:55","slug":"podlaska-siec-wspolpracy-ngo-pracujacych-z-osobami-w-kryzysie-bezdomnosci","status":"publish","type":"page","link":"https:\/\/rops-bialystok.pl\/fers\/podlaska-siec-wspolpracy-ngo-pracujacych-z-osobami-w-kryzysie-bezdomnosci\/","title":{"rendered":"Podlaska Sie\u0107 Wsp\u00f3\u0142pracy NGO Pracuj\u0105cych z Osobami w Kryzysie Bezdomno\u015bci"},"content":{"rendered":"<p>Regionalny O\u015brodek Polityki Spo\u0142ecznej w Bia\u0142ymstoku informuje o powo\u0142aniu <strong>Podlaskiej Sieci Wsp\u00f3\u0142pracy Organizacji Pozarz\u0105dowych Pracuj\u0105cych z Osobami w kryzysie Bezdomno\u015bci<\/strong> \u2013 inicjatywy \u0142\u0105cz\u0105cej przedsi\u0119biorstwa spo\u0142eczne, podmioty ekonomii spo\u0142ecznej, organizacje pozarz\u0105dowe, ko\u015bcio\u0142y i zwi\u0105zki wyznaniowe dzia\u0142aj\u0105ce na rzecz os\u00f3b do\u015bwiadczaj\u0105cych bezdomno\u015bci lub zagro\u017conych jej wyst\u0105pieniem.<\/p>\n<p>Sie\u0107 ma na celu m.in.:<\/p>\n<ul>\n<li>wzajemne wsparcie merytoryczne oraz wymian\u0119 do\u015bwiadcze\u0144 podmiot\u00f3w pracuj\u0105cych na rzecz os\u00f3b w kryzysie bezdomno\u015bci,<\/li>\n<li>udzia\u0142 w regularnych spotkaniach sieciuj\u0105cych, wizytach studyjnych i innych wydarzeniach o charakterze wymiany dobrych praktyk,<\/li>\n<li>podejmowanie wsp\u00f3lnych inicjatyw i dzia\u0142a\u0144 s\u0142u\u017c\u0105cych wzmocnieniu systemu wsparcia,<\/li>\n<li>integracj\u0119 \u015brodowiska organizacji i instytucji zaanga\u017cowanych w pomoc osobom w kryzysie bezdomno\u015bci na poziomie lokalnym, ponadlokalnym i wojew\u00f3dzkim,<\/li>\n<li>omawianie potrzeb, problem\u00f3w i sytuacji klient\u00f3w korzystaj\u0105cych z bezpo\u015bredniego wsparcia,<\/li>\n<li>usprawnienie przep\u0142ywu informacji na temat projekt\u00f3w i dzia\u0142a\u0144 realizowanych w regionie.<\/li>\n<\/ul>\n<p><strong>Cz\u0142onkostwo i zasady funkcjonowania<\/strong><\/p>\n<p>Sie\u0107 ma charakter <strong>otwarty i dobrowolny<\/strong>. Cz\u0142onkami mog\u0105 zosta\u0107 przedsi\u0119biorstwa spo\u0142eczne, podmioty ekonomii spo\u0142ecznej oraz organizacje religijne i pozarz\u0105dowe prowadz\u0105ce dzia\u0142ania na rzecz os\u00f3b w kryzysie bezdomno\u015bci, po z\u0142o\u017ceniu deklaracji i pozytywnej weryfikacji przez Lidera Sieci.<\/p>\n<p>Spotkania robocze organizowane s\u0105 przez ROPS w Bia\u0142ymstoku, a tematyka omawiana podczas nich jest ustalana zgodnie z potrzebami cz\u0142onk\u00f3w. W pracach Sieci mog\u0105 bra\u0107 udzia\u0142 r\u00f3wnie\u017c przedstawiciele instytucji wsp\u00f3\u0142pracuj\u0105cych, w tym s\u0142u\u017cb mundurowych, ochrony zdrowia, \u015brodowiska naukowego oraz Regionalnego Komitetu Rozwoju Ekonomii Spo\u0142ecznej. Porozumienie nie tworzy stosunku podleg\u0142o\u015bci pomi\u0119dzy uczestnikami i nie nak\u0142ada na nich zobowi\u0105za\u0144 finansowych. Ka\u017cdy podmiot mo\u017ce wyst\u0105pi\u0107 z Sieci w dowolnym momencie poprzez z\u0142o\u017cenie odpowiedniego o\u015bwiadczenia.<\/p>\n<p>Sie\u0107 zosta\u0142a utworzona w ramach projektu <strong>\u201eKoordynacja dzia\u0142a\u0144 w zakresie polityki spo\u0142ecznej w wojew\u00f3dztwie podlaskim\u201d<\/strong>, wsp\u00f3\u0142finansowanego ze \u015brodk\u00f3w Europejskiego Funduszu Spo\u0142ecznego Plus w ramach Programu Fundusze Europejskie dla Rozwoju Spo\u0142ecznego 2021\u20132027. Liderem Sieci jest Regionalny O\u015brodek Polityki Spo\u0142ecznej w Bia\u0142ymstoku.<\/p>\n<p>&nbsp;<\/p>\n<p><strong>Za\u0142\u0105czniki:<\/strong><\/p>\n<ol>\n<li><a href=\"https:\/\/rops-bialystok.pl\/fers\/wp-content\/uploads\/2025\/11\/porozumienie-NGO.docx\">Porozumienie o wsp\u00f3\u0142pracy w ramach Podlaskiej Sieci Wsp\u00f3\u0142pracy Organizacji Pozarz\u0105dowych pracuj\u0105cych z osobami w kryzysie Bezdomno\u015bci [.DOCX]<\/a><\/li>\n<li><a href=\"https:\/\/rops-bialystok.pl\/fers\/wp-content\/uploads\/2025\/11\/deklaracja-przystapienia-do-sieci-NGO.docx\">Deklaracja zg\u0142oszeniowa przyst\u0105pienia do sieci [.DOCX]<\/a><\/li>\n<\/ol>\n","protected":false},"excerpt":{"rendered":"<p>Regionalny O\u015brodek Polityki Spo\u0142ecznej w Bia\u0142ymstoku informuje o powo\u0142aniu Podlaskiej Sieci Wsp\u00f3\u0142pracy Organizacji Pozarz\u0105dowych Pracuj\u0105cych z Osobami w kryzysie Bezdomno\u015bci \u2013 inicjatywy \u0142\u0105cz\u0105cej przedsi\u0119biorstwa spo\u0142eczne, podmioty ekonomii spo\u0142ecznej, organizacje pozarz\u0105dowe, ko\u015bcio\u0142y i zwi\u0105zki wyznaniowe dzia\u0142aj\u0105ce na rzecz os\u00f3b do\u015bwiadczaj\u0105cych bezdomno\u015bci lub zagro\u017conych jej wyst\u0105pieniem. Sie\u0107 ma na celu m.in.: wzajemne wsparcie merytoryczne oraz wymian\u0119 do\u015bwiadcze\u0144 &hellip; <a href=\"https:\/\/rops-bialystok.pl\/fers\/podlaska-siec-wspolpracy-ngo-pracujacych-z-osobami-w-kryzysie-bezdomnosci\/\" class=\"more-link\">Continue reading<span class=\"screen-reader-text\"> &#8222;Podlaska Sie\u0107 Wsp\u00f3\u0142pracy NGO Pracuj\u0105cych z Osobami w Kryzysie Bezdomno\u015bci&#8221;<\/span><\/a><\/p>\n","protected":false},"author":2,"featured_media":0,"parent":0,"menu_order":0,"comment_status":"closed","ping_status":"closed","template":"","meta":{"footnotes":""},"class_list":["post-26361","page","type-page","status-publish","hentry"],"_links":{"self":[{"href":"https:\/\/rops-bialystok.pl\/fers\/wp-json\/wp\/v2\/pages\/26361","targetHints":{"allow":["GET"]}}],"collection":[{"href":"https:\/\/rops-bialystok.pl\/fers\/wp-json\/wp\/v2\/pages"}],"about":[{"href":"https:\/\/rops-bialystok.pl\/fers\/wp-json\/wp\/v2\/types\/page"}],"author":[{"embeddable":true,"href":"https:\/\/rops-bialystok.pl\/fers\/wp-json\/wp\/v2\/users\/2"}],"replies":[{"embeddable":true,"href":"https:\/\/rops-bialystok.pl\/fers\/wp-json\/wp\/v2\/comments?post=26361"}],"version-history":[{"count":1,"href":"https:\/\/rops-bialystok.pl\/fers\/wp-json\/wp\/v2\/pages\/26361\/revisions"}],"predecessor-version":[{"id":26364,"href":"https:\/\/rops-bialystok.pl\/fers\/wp-json\/wp\/v2\/pages\/26361\/revisions\/26364"}],"wp:attachment":[{"href":"https:\/\/rops-bialystok.pl\/fers\/wp-json\/wp\/v2\/media?parent=26361"}],"curies":[{"name":"wp","href":"https:\/\/api.w.org\/{rel}","templated":true}]}}