{"id":26365,"date":"2025-11-20T14:23:35","date_gmt":"2025-11-20T13:23:35","guid":{"rendered":"https:\/\/rops-bialystok.pl\/fers\/?page_id=26365"},"modified":"2025-11-20T14:23:35","modified_gmt":"2025-11-20T13:23:35","slug":"podlaska-sieci-wspolpracy-rops-i-owes","status":"publish","type":"page","link":"https:\/\/rops-bialystok.pl\/fers\/podlaska-sieci-wspolpracy-rops-i-owes\/","title":{"rendered":"Podlaska Sieci Wsp\u00f3\u0142pracy ROPS i OWES"},"content":{"rendered":"<p>Regionalny O\u015brodek Polityki Spo\u0142ecznej w Bia\u0142ymstoku informuje o powstaniu <strong>Podlaskiej Sieci Wsp\u00f3\u0142pracy ROPS i OWES<\/strong> \u2013 platformy wsp\u00f3\u0142pracy \u0142\u0105cz\u0105cej Regionalny O\u015brodek Polityki Spo\u0142ecznej w Bia\u0142ymstoku, O\u015brodek Wsparcia Ekonomii Spo\u0142ecznej w Bia\u0142ymstoku (subregion bia\u0142ostocki), O\u015brodek Wsparcia Ekonomii Spo\u0142ecznej w Subregionie Bielskim, \u0141om\u017cy\u0144ski O\u015brodek Wsparcia Ekonomii Spo\u0142ecznej oraz O\u015brodek Wsparcia Ekonomii Spo\u0142ecznej w Suwa\u0142kach.<\/p>\n<p>Celem g\u0142\u00f3wnym funkcjonowania Sieci jest <strong>podniesienie jako\u015bci i efektywno\u015bci systemu wsparcia ekonomii spo\u0142ecznej w regionie<\/strong>. W\u015br\u00f3d cel\u00f3w szczeg\u00f3\u0142owych znalaz\u0142y si\u0119 m.in.:<\/p>\n<ul>\n<li>zwi\u0119kszenie sp\u00f3jno\u015bci i komplementarno\u015bci dzia\u0142a\u0144 ROPS i OWES,<\/li>\n<li>poszukiwanie i wdra\u017canie innowacyjnych rozwi\u0105za\u0144 wspieraj\u0105cych ekonomi\u0119 spo\u0142eczn\u0105,<\/li>\n<li>wzmacnianie wp\u0142ywu \u015brodowiska na polityki regionalne i krajowe poprzez wypracowywanie wsp\u00f3lnych stanowisk,<\/li>\n<li>realizacja zapis\u00f3w Wytycznych EFS+ dotycz\u0105cych podzia\u0142u r\u00f3l pomi\u0119dzy ROPS a OWES.<\/li>\n<\/ul>\n<p>W ramach Sieci ROPS i OWES prowadzone b\u0119d\u0105 dzia\u0142ania w trzech g\u0142\u00f3wnych obszarach:<\/p>\n<ol>\n<li><strong> Wymiana informacji i do\u015bwiadcze\u0144, w tym:<\/strong><\/li>\n<\/ol>\n<ul>\n<li>udzia\u0142 w regularnych spotkaniach roboczych i pracach Regionalnego Komitetu Rozwoju Ekonomii Spo\u0142ecznej,<\/li>\n<li>wsp\u00f3lne interpretowanie wytycznych i przepis\u00f3w,<\/li>\n<li>rozwi\u0105zywanie sytuacji trudnych,<\/li>\n<li>opracowanie jednolitego regulaminu udzielania dotacji,<\/li>\n<li>promowanie innowacyjnych rozwi\u0105za\u0144 i dobrych praktyk,<\/li>\n<li>zapewnienie przep\u0142ywu wiedzy o realizowanych projektach.<\/li>\n<\/ul>\n<ol start=\"2\">\n<li><strong> Wzajemne wsparcie merytoryczne, m.in.:<\/strong><\/li>\n<\/ol>\n<ul>\n<li>animowanie wsp\u00f3\u0142pracy OWES z CUS, PUP oraz Powiatowymi Radami Rynku Pracy,<\/li>\n<li>podnoszenie kompetencji kadr,<\/li>\n<li>wsp\u00f3lne inicjatywy na rzecz samorz\u0105d\u00f3w i sektora us\u0142ug spo\u0142ecznych,<\/li>\n<li>konsultacje dotycz\u0105ce program\u00f3w rozwoju ekonomii spo\u0142ecznej,<\/li>\n<li>monitorowanie sektora i wymiana danych,<\/li>\n<li>wsp\u00f3\u0142praca z organizacjami pozarz\u0105dowymi, samorz\u0105dami i przedsi\u0119biorcami,<\/li>\n<li>wsp\u00f3lne dzia\u0142ania animacyjne i promocyjne, w tym Targi Ekonomii Spo\u0142ecznej,<\/li>\n<li>wsp\u00f3\u0142uczestnictwo w wizytach studyjnych, konferencjach i seminariach,<\/li>\n<li>promowanie podmiot\u00f3w ekonomii spo\u0142ecznej.<\/li>\n<\/ul>\n<ol start=\"3\">\n<li><strong> Monitoring i ewaluacja, obejmuj\u0105ce:<\/strong><\/li>\n<\/ol>\n<ul>\n<li>wymian\u0119 informacji o realizacji dzia\u0142a\u0144 i osi\u0105ganych wska\u017anikach,<\/li>\n<li>wsp\u00f3\u0142prac\u0119 przy badaniach, analizach i ekspertyzach w obszarze ekonomii spo\u0142ecznej oraz upowszechnianie ich wynik\u00f3w.<\/li>\n<\/ul>\n<p>Dzia\u0142ania Sieci s\u0105 realizowane w ramach projektu <strong>\u201eKoordynacja dzia\u0142a\u0144 w zakresie polityki spo\u0142ecznej w wojew\u00f3dztwie podlaskim\u201d<\/strong>, finansowanego z Europejskiego Funduszu Spo\u0142ecznego Plus w Programie Fundusze Europejskie dla Rozwoju Spo\u0142ecznego 2021\u20132027.<\/p>\n","protected":false},"excerpt":{"rendered":"<p>Regionalny O\u015brodek Polityki Spo\u0142ecznej w Bia\u0142ymstoku informuje o powstaniu Podlaskiej Sieci Wsp\u00f3\u0142pracy ROPS i OWES \u2013 platformy wsp\u00f3\u0142pracy \u0142\u0105cz\u0105cej Regionalny O\u015brodek Polityki Spo\u0142ecznej w Bia\u0142ymstoku, O\u015brodek Wsparcia Ekonomii Spo\u0142ecznej w Bia\u0142ymstoku (subregion bia\u0142ostocki), O\u015brodek Wsparcia Ekonomii Spo\u0142ecznej w Subregionie Bielskim, \u0141om\u017cy\u0144ski O\u015brodek Wsparcia Ekonomii Spo\u0142ecznej oraz O\u015brodek Wsparcia Ekonomii Spo\u0142ecznej w Suwa\u0142kach. Celem g\u0142\u00f3wnym funkcjonowania &hellip; <a href=\"https:\/\/rops-bialystok.pl\/fers\/podlaska-sieci-wspolpracy-rops-i-owes\/\" class=\"more-link\">Continue reading<span class=\"screen-reader-text\"> &#8222;Podlaska Sieci Wsp\u00f3\u0142pracy ROPS i OWES&#8221;<\/span><\/a><\/p>\n","protected":false},"author":2,"featured_media":0,"parent":0,"menu_order":0,"comment_status":"closed","ping_status":"closed","template":"","meta":{"footnotes":""},"class_list":["post-26365","page","type-page","status-publish","hentry"],"_links":{"self":[{"href":"https:\/\/rops-bialystok.pl\/fers\/wp-json\/wp\/v2\/pages\/26365","targetHints":{"allow":["GET"]}}],"collection":[{"href":"https:\/\/rops-bialystok.pl\/fers\/wp-json\/wp\/v2\/pages"}],"about":[{"href":"https:\/\/rops-bialystok.pl\/fers\/wp-json\/wp\/v2\/types\/page"}],"author":[{"embeddable":true,"href":"https:\/\/rops-bialystok.pl\/fers\/wp-json\/wp\/v2\/users\/2"}],"replies":[{"embeddable":true,"href":"https:\/\/rops-bialystok.pl\/fers\/wp-json\/wp\/v2\/comments?post=26365"}],"version-history":[{"count":1,"href":"https:\/\/rops-bialystok.pl\/fers\/wp-json\/wp\/v2\/pages\/26365\/revisions"}],"predecessor-version":[{"id":26366,"href":"https:\/\/rops-bialystok.pl\/fers\/wp-json\/wp\/v2\/pages\/26365\/revisions\/26366"}],"wp:attachment":[{"href":"https:\/\/rops-bialystok.pl\/fers\/wp-json\/wp\/v2\/media?parent=26365"}],"curies":[{"name":"wp","href":"https:\/\/api.w.org\/{rel}","templated":true}]}}