{"id":26805,"date":"2026-02-27T12:18:49","date_gmt":"2026-02-27T11:18:49","guid":{"rendered":"https:\/\/rops-bialystok.pl\/fers\/?page_id=26805"},"modified":"2026-02-27T12:18:49","modified_gmt":"2026-02-27T11:18:49","slug":"aktualnosci-es","status":"publish","type":"page","link":"https:\/\/rops-bialystok.pl\/fers\/aktualnosci-es\/","title":{"rendered":"Aktualno\u015bci ES"},"content":{"rendered":"<style>.wp-show-posts-columns#wpsp-26804 {margin-left: -2em; }.wp-show-posts-columns#wpsp-26804 .wp-show-posts-inner {margin: 0 0 2em 2em; }<\/style><section id=\"wpsp-26804\" class=\" wp-show-posts\" style=\"\"><article class=\" wp-show-posts-single wpsp-clearfix post-26959 post type-post status-publish format-standard hentry category-aktualnosci category-aktualnosci_es category-wpisy_fers\" itemtype=\"http:\/\/schema.org\/CreativeWork\" itemscope><div class=\"wp-show-posts-inner\" style=\"\"><!--MY EDIT\n\t\t\t\t\t\t<header class=\"wp-show-posts-entry-header\">\n-->\n\t\t\t\t\t\t\t<h3 class=\"wp-show-posts-entry-title\" itemprop=\"headline\"><a href=\"https:\/\/rops-bialystok.pl\/fers\/2026\/04\/07\/zaproszenie-na-wizyte-studyjna-do-subregionu-bielskiego-23-24-kwietnia-2026-r\/\" rel=\"bookmark\">Zaproszenie na wizyt\u0119 studyjn\u0105 do subregionu bielskiego (23\u201324 kwietnia 2026 r.)<\/a><\/h3><div class=\"wp-show-posts-entry-meta wp-show-posts-entry-meta-below-title post-meta-inline\"><span class=\"wp-show-posts-posted-on wp-show-posts-meta\">\n\t\t\t\t\t<time class=\"wp-show-posts-entry-date published\" datetime=\"2026-04-07T14:14:57+02:00\" itemprop=\"datePublished\">2026-04-07<\/time>\n\t\t\t\t<\/span><\/div><!--MY EDIT\n\t\t\t\t\t\t<\/header>\n-->\n\t\t\t\t\t\t<!-- .entry-header -->\n<!--\n-->\n\t\t\t\t\t\t\t\t\t\t\t<div class=\"wp-show-posts-entry-summary\" itemprop=\"text\">\n\t\t\t\t\t\t\t<p>Regionalny O\u015brodek Polityki Spo\u0142ecznej w Bia\u0142ymstoku zaprasza pracownik\u00f3w o\u015brodk\u00f3w wsparcia ekonomii spo\u0142ecznej, centr\u00f3w us\u0142ug spo\u0142ecznych, powiatowych urz\u0119d\u00f3w pracy z terenu woj. podlaskiego oraz Regionalnego O\u015brodka Polityki Spo\u0142ecznej w Bia\u0142ymstoku do udzia\u0142u w dwudniowej wizycie studyjnej do subregionu bielskiego. Uczestnikom zapewniony zostanie bezp\u0142atny transport w obie strony, zakwaterowanie w Hotelu UNIBUS w Bielsku Podlaskim oraz pe\u0142ne wy\u017cywienie. Termin: 23\u201324 kwietnia 2026&#8230;<\/p>\n\t\t\t\t\t\t<\/div><!-- .entry-summary -->\n\t\t\t\t\t<\/div><!-- wp-show-posts-inner --><div class=\"wpsp-clear\"><\/div><\/article><article class=\" wp-show-posts-single wpsp-clearfix post-26930 post type-post status-publish format-standard hentry category-aktualnosci category-aktualnosci_es category-wpisy_fers\" itemtype=\"http:\/\/schema.org\/CreativeWork\" itemscope><div class=\"wp-show-posts-inner\" style=\"\"><!--MY EDIT\n\t\t\t\t\t\t<header class=\"wp-show-posts-entry-header\">\n-->\n\t\t\t\t\t\t\t<h3 class=\"wp-show-posts-entry-title\" itemprop=\"headline\"><a href=\"https:\/\/rops-bialystok.pl\/fers\/2026\/03\/31\/wizyta-studyjna-do-woj-mazowieckiego\/\" rel=\"bookmark\">Wizyta studyjna do woj. mazowieckiego<\/a><\/h3><div class=\"wp-show-posts-entry-meta wp-show-posts-entry-meta-below-title post-meta-inline\"><span class=\"wp-show-posts-posted-on wp-show-posts-meta\">\n\t\t\t\t\t<time class=\"wp-show-posts-entry-date published\" datetime=\"2026-03-31T15:04:32+02:00\" itemprop=\"datePublished\">2026-03-31<\/time>\n\t\t\t\t<\/span><\/div><!--MY EDIT\n\t\t\t\t\t\t<\/header>\n-->\n\t\t\t\t\t\t<!-- .entry-header -->\n<!--\n-->\n\t\t\t\t\t\t\t\t\t\t\t<div class=\"wp-show-posts-entry-summary\" itemprop=\"text\">\n\t\t\t\t\t\t\t<p>W dniach 17\u201320 marca 2026 r. Regionalny O\u015brodek Polityki Spo\u0142ecznej w Bia\u0142ymstoku zorganizowa\u0142 czterodniow\u0105 wizyt\u0119 studyjn\u0105 do woj. mazowieckiego dla cz\u0142onk\u00f3w Podlaskich Sieci Wsp\u00f3\u0142pracy. W wydarzeniu udzia\u0142 wzi\u0119\u0142y 24 osoby reprezentuj\u0105ce m.in. WTZ, ZAZ, CIS, KIS, NGO pracuj\u0105ce z osobami w kryzysie bezdomno\u015bci oraz ROPS i OWES. Cel wizyty Poznanie dobrych praktyk w zakresie funkcjonowania podmiot\u00f3w ekonomii spo\u0142ecznej, a tak\u017ce&#8230;<\/p>\n\t\t\t\t\t\t<\/div><!-- .entry-summary -->\n\t\t\t\t\t<\/div><!-- wp-show-posts-inner --><div class=\"wpsp-clear\"><\/div><\/article><article class=\" wp-show-posts-single wpsp-clearfix post-26904 post type-post status-publish format-standard hentry category-aktualnosci category-aktualnosci_es category-bezplatna_usluga_doradcza\" itemtype=\"http:\/\/schema.org\/CreativeWork\" itemscope><div class=\"wp-show-posts-inner\" style=\"\"><!--MY EDIT\n\t\t\t\t\t\t<header class=\"wp-show-posts-entry-header\">\n-->\n\t\t\t\t\t\t\t<h3 class=\"wp-show-posts-entry-title\" itemprop=\"headline\"><a href=\"https:\/\/rops-bialystok.pl\/fers\/2026\/03\/30\/bezplatna-usluga-doradcza-dla-jednostek-samorzadu-terytorialnego-z-terenu-wojewodztwa-podlaskiego-w-zakresie-tworzenia-i-prowadzenia-podmiotow-zatrudnienia-socjalnego-pzs\/\" rel=\"bookmark\">Bezp\u0142atna us\u0142uga doradcza dla Jednostek Samorz\u0105du Terytorialnego z terenu wojew\u00f3dztwa podlaskiego w zakresie tworzenia i prowadzenia podmiot\u00f3w zatrudnienia socjalnego (PZS)<\/a><\/h3><div class=\"wp-show-posts-entry-meta wp-show-posts-entry-meta-below-title post-meta-inline\"><span class=\"wp-show-posts-posted-on wp-show-posts-meta\">\n\t\t\t\t\t<time class=\"wp-show-posts-entry-date published\" datetime=\"2026-03-30T15:29:56+02:00\" itemprop=\"datePublished\">2026-03-30<\/time>\n\t\t\t\t<\/span><\/div><!--MY EDIT\n\t\t\t\t\t\t<\/header>\n-->\n\t\t\t\t\t\t<!-- .entry-header -->\n<!--\n-->\n\t\t\t\t\t\t\t\t\t\t\t<div class=\"wp-show-posts-entry-summary\" itemprop=\"text\">\n\t\t\t\t\t\t\t<p>Regionalny O\u015brodek Polityki Spo\u0142ecznej w Bia\u0142ymstoku informuje, i\u017c prowadzi bezp\u0142atn\u0105 specjalistyczn\u0105 us\u0142ug\u0119 doradcz\u0105 w zakresie tworzenia i prowadzenia podmiot\u00f3w zatrudnienia socjalnego (PZS). Zakres doradztwa obejmuje m. in.: wsparcie merytoryczne w zakresie aktywizacji spo\u0142ecznej i reintegracji zawodowej, dzia\u0142alno\u015bci PZS i roli JST w ich tworzeniu; zapoznanie z podstawami prawnymi, procedurami i trybami tworzenia PZS, w my\u015bl ustawy z dnia 13 czerwca&#8230;<\/p>\n\t\t\t\t\t\t<\/div><!-- .entry-summary -->\n\t\t\t\t\t<\/div><!-- wp-show-posts-inner --><div class=\"wpsp-clear\"><\/div><\/article><article class=\" wp-show-posts-single wpsp-clearfix post-26891 post type-post status-publish format-standard hentry category-aktualnosci category-aktualnosci_es category-wpisy_fers\" itemtype=\"http:\/\/schema.org\/CreativeWork\" itemscope><div class=\"wp-show-posts-inner\" style=\"\"><!--MY EDIT\n\t\t\t\t\t\t<header class=\"wp-show-posts-entry-header\">\n-->\n\t\t\t\t\t\t\t<h3 class=\"wp-show-posts-entry-title\" itemprop=\"headline\"><a href=\"https:\/\/rops-bialystok.pl\/fers\/2026\/03\/30\/ekonomia-spoleczna-tu-licza-sie-wartosci-wspolne-haslo-dla-sektora\/\" rel=\"bookmark\">Ekonomia spo\u0142eczna. Tu licz\u0105 si\u0119 warto\u015bci \u2013 wsp\u00f3lne has\u0142o dla sektora<\/a><\/h3><div class=\"wp-show-posts-entry-meta wp-show-posts-entry-meta-below-title post-meta-inline\"><span class=\"wp-show-posts-posted-on wp-show-posts-meta\">\n\t\t\t\t\t<time class=\"wp-show-posts-entry-date published\" datetime=\"2026-03-30T15:12:33+02:00\" itemprop=\"datePublished\">2026-03-30<\/time>\n\t\t\t\t<\/span><\/div><!--MY EDIT\n\t\t\t\t\t\t<\/header>\n-->\n\t\t\t\t\t\t<!-- .entry-header -->\n<!--\n-->\n\t\t\t\t\t\t\t\t\t\t\t<div class=\"wp-show-posts-entry-summary\" itemprop=\"text\">\n\t\t\t\t\t\t\t<p>Has\u0142o \u201eEkonomia spo\u0142eczna. Tu licz\u0105 si\u0119 warto\u015bci\u201d zosta\u0142o og\u0142oszone 13 listopada 2025 r. podczas pierwszego dnia Og\u00f3lnopolskiego Forum Ekonomii Spo\u0142ecznej. Stanowi ono wsp\u00f3lny komunikat dla ca\u0142ego sektora ekonomii spo\u0142ecznej w Polsce i podkre\u015bla jego najwa\u017cniejsze fundamenty. Has\u0142o zwraca uwag\u0119 na podw\u00f3jne znaczenie sformu\u0142owania \u201elicz\u0105 si\u0119\u201d. Z jednej strony wskazuje na kluczow\u0105 rol\u0119 warto\u015bci \u2013 takich jak dobro wsp\u00f3lne, wsp\u00f3\u0142praca, solidarno\u015b\u0107&#8230;<\/p>\n\t\t\t\t\t\t<\/div><!-- .entry-summary -->\n\t\t\t\t\t<\/div><!-- wp-show-posts-inner --><div class=\"wpsp-clear\"><\/div><\/article><article class=\" wp-show-posts-single wpsp-clearfix post-26861 post type-post status-publish format-standard hentry category-aktualnosci category-aktualnosci_es category-szkolenia_bwps category-wpisy_fers\" itemtype=\"http:\/\/schema.org\/CreativeWork\" itemscope><div class=\"wp-show-posts-inner\" style=\"\"><!--MY EDIT\n\t\t\t\t\t\t<header class=\"wp-show-posts-entry-header\">\n-->\n\t\t\t\t\t\t\t<h3 class=\"wp-show-posts-entry-title\" itemprop=\"headline\"><a href=\"https:\/\/rops-bialystok.pl\/fers\/2026\/03\/12\/relacja-ze-szkolenia-pn-budowanie-partnerstw-na-rzecz-rozwoju-lokalnego\/\" rel=\"bookmark\">Szkolenie pn.:\u201d Budowanie partnerstw na rzecz rozwoju lokalnego\u201d<\/a><\/h3><div class=\"wp-show-posts-entry-meta wp-show-posts-entry-meta-below-title post-meta-inline\"><span class=\"wp-show-posts-posted-on wp-show-posts-meta\">\n\t\t\t\t\t<time class=\"wp-show-posts-entry-date published\" datetime=\"2026-03-12T13:04:49+01:00\" itemprop=\"datePublished\">2026-03-12<\/time>\n\t\t\t\t<\/span><\/div><!--MY EDIT\n\t\t\t\t\t\t<\/header>\n-->\n\t\t\t\t\t\t<!-- .entry-header -->\n<!--\n-->\n\t\t\t\t\t\t\t\t\t\t\t<div class=\"wp-show-posts-entry-summary\" itemprop=\"text\">\n\t\t\t\t\t\t\t<p>W dniu 06.03.2026 r. w Hotelu 3 Trio w Bia\u0142ymstoku, Regionalny O\u015brodek Polityki Spo\u0142ecznej w Bia\u0142ymstoku w ramach projektu \u201eKoordynacja dzia\u0142a\u0144 w zakresie polityki spo\u0142ecznej w wojew\u00f3dztwie podlaskim\u201d Dzia\u0142anie 04.13: Wysokiej jako\u015bci system w\u0142\u0105czenia spo\u0142ecznego, Programu Fundusze Europejskie dla Rozwoju Spo\u0142ecznego 2021-2027 (FERS), wsp\u00f3\u0142finansowanego ze \u015brodk\u00f3w Europejskiego Funduszu Spo\u0142ecznego Plus, w ramach typu projekt\u00f3w pn. Dzia\u0142ania ROPS w zakresie us\u0142ug&#8230;<\/p>\n\t\t\t\t\t\t<\/div><!-- .entry-summary -->\n\t\t\t\t\t<\/div><!-- wp-show-posts-inner --><div class=\"wpsp-clear\"><\/div><\/article><article class=\" wp-show-posts-single wpsp-clearfix post-26770 post type-post status-publish format-standard hentry category-aktualnosci category-aktualnosci_es category-wpisy_fers\" itemtype=\"http:\/\/schema.org\/CreativeWork\" itemscope><div class=\"wp-show-posts-inner\" style=\"\"><!--MY EDIT\n\t\t\t\t\t\t<header class=\"wp-show-posts-entry-header\">\n-->\n\t\t\t\t\t\t\t<h3 class=\"wp-show-posts-entry-title\" itemprop=\"headline\"><a href=\"https:\/\/rops-bialystok.pl\/fers\/2026\/02\/24\/zaproszenie-do-udzialu-w-czterodniowej-wizycie-studyjnej-do-wojewodztwa-mazowieckiego-17-20-marca-2026-r\/\" rel=\"bookmark\">Zaproszenie do udzia\u0142u w czterodniowej wizycie studyjnej do wojew\u00f3dztwa mazowieckiego &#8211; 17-20 marca 2026 r.<\/a><\/h3><div class=\"wp-show-posts-entry-meta wp-show-posts-entry-meta-below-title post-meta-inline\"><span class=\"wp-show-posts-posted-on wp-show-posts-meta\">\n\t\t\t\t\t<time class=\"wp-show-posts-entry-date published\" datetime=\"2026-02-24T08:21:16+01:00\" itemprop=\"datePublished\">2026-02-24<\/time>\n\t\t\t\t<\/span><\/div><!--MY EDIT\n\t\t\t\t\t\t<\/header>\n-->\n\t\t\t\t\t\t<!-- .entry-header -->\n<!--\n-->\n\t\t\t\t\t\t\t\t\t\t\t<div class=\"wp-show-posts-entry-summary\" itemprop=\"text\">\n\t\t\t\t\t\t\t<p>Regionalny O\u015brodek Polityki Spo\u0142ecznej w Bia\u0142ymstoku, realizuj\u0105cy projekt \u201eKoordynacja dzia\u0142a\u0144 w zakresie polityki spo\u0142ecznej w wojew\u00f3dztwie podlaskim\u201d w ramach Dzia\u0142ania 04.13: Wysokiej jako\u015bci system w\u0142\u0105czenia spo\u0142ecznego, Programu Fundusze Europejskie dla Rozwoju Spo\u0142ecznego 2021-2027 (FERS), wsp\u00f3\u0142finansowanego ze \u015brodk\u00f3w Europejskiego Funduszu Spo\u0142ecznego Plus, w ramach typu projekt\u00f3w pn. Dzia\u0142ania ROPS w zakresie us\u0142ug spo\u0142ecznych, pomocy spo\u0142ecznej, ES i aktywnej integracji, s\u0142u\u017c\u0105ce w\u0142\u0105czeniu&#8230;<\/p>\n\t\t\t\t\t\t<\/div><!-- .entry-summary -->\n\t\t\t\t\t<\/div><!-- wp-show-posts-inner --><div class=\"wpsp-clear\"><\/div><\/article><article class=\" wp-show-posts-single wpsp-clearfix post-26756 post type-post status-publish format-standard hentry category-aktualnosci category-aktualnosci_es category-szkolenia_bwps category-wpisy_fers\" itemtype=\"http:\/\/schema.org\/CreativeWork\" itemscope><div class=\"wp-show-posts-inner\" style=\"\"><!--MY EDIT\n\t\t\t\t\t\t<header class=\"wp-show-posts-entry-header\">\n-->\n\t\t\t\t\t\t\t<h3 class=\"wp-show-posts-entry-title\" itemprop=\"headline\"><a href=\"https:\/\/rops-bialystok.pl\/fers\/2026\/02\/23\/zaproszenie-do-udzialu-w-szkoleniu-budowanie-partnerstw-na-rzecz-rozwoju-lokalnego-02-03-2026-r\/\" rel=\"bookmark\">Zaproszenie do udzia\u0142u w szkoleniu \u201eBudowanie partnerstw na rzecz rozwoju lokalnego\u201d \u2013 06.03.2026 r.<\/a><\/h3><div class=\"wp-show-posts-entry-meta wp-show-posts-entry-meta-below-title post-meta-inline\"><span class=\"wp-show-posts-posted-on wp-show-posts-meta\">\n\t\t\t\t\t<time class=\"wp-show-posts-entry-date published\" datetime=\"2026-02-23T14:00:30+01:00\" itemprop=\"datePublished\">2026-02-23<\/time>\n\t\t\t\t<\/span><\/div><!--MY EDIT\n\t\t\t\t\t\t<\/header>\n-->\n\t\t\t\t\t\t<!-- .entry-header -->\n<!--\n-->\n\t\t\t\t\t\t\t\t\t\t\t<div class=\"wp-show-posts-entry-summary\" itemprop=\"text\">\n\t\t\t\t\t\t\t<p>Regionalny O\u015brodek Polityki Spo\u0142ecznej w Bia\u0142ymstoku realizuj\u0105cy projekt \u201eKoordynacja dzia\u0142a\u0144 w zakresie polityki spo\u0142ecznej w wojew\u00f3dztwie podlaskim\u201d w ramach Dzia\u0142ania 04.13: Wysokiej jako\u015bci system w\u0142\u0105czenia spo\u0142ecznego, Programu Fundusze Europejskie dla Rozwoju Spo\u0142ecznego 2021-2027 (FERS), wsp\u00f3\u0142finansowanego ze \u015brodk\u00f3w Europejskiego Funduszu Spo\u0142ecznego Plus, w ramach typu projekt\u00f3w pn. Dzia\u0142ania ROPS w zakresie us\u0142ug spo\u0142ecznych, pomocy spo\u0142ecznej, ES i aktywnej integracji, s\u0142u\u017c\u0105ce w\u0142\u0105czeniu&#8230;<\/p>\n\t\t\t\t\t\t<\/div><!-- .entry-summary -->\n\t\t\t\t\t<\/div><!-- wp-show-posts-inner --><div class=\"wpsp-clear\"><\/div><\/article><article class=\" wp-show-posts-single wpsp-clearfix post-26743 post type-post status-publish format-standard hentry category-aktualnosci category-aktualnosci_es category-szkolenia_bwps category-wpisy_fers\" itemtype=\"http:\/\/schema.org\/CreativeWork\" itemscope><div class=\"wp-show-posts-inner\" style=\"\"><!--MY EDIT\n\t\t\t\t\t\t<header class=\"wp-show-posts-entry-header\">\n-->\n\t\t\t\t\t\t\t<h3 class=\"wp-show-posts-entry-title\" itemprop=\"headline\"><a href=\"https:\/\/rops-bialystok.pl\/fers\/2026\/02\/20\/relacja-ze-szkolenia-pn-uslugi-spoleczne-w-przedsiebiorstwie-spolecznym\/\" rel=\"bookmark\">Szkolenie pn.:\u201dUs\u0142ugi spo\u0142eczne w przedsi\u0119biorstwie spo\u0142ecznym\u201d<\/a><\/h3><div class=\"wp-show-posts-entry-meta wp-show-posts-entry-meta-below-title post-meta-inline\"><span class=\"wp-show-posts-posted-on wp-show-posts-meta\">\n\t\t\t\t\t<time class=\"wp-show-posts-entry-date published\" datetime=\"2026-02-20T12:04:29+01:00\" itemprop=\"datePublished\">2026-02-20<\/time>\n\t\t\t\t<\/span><\/div><!--MY EDIT\n\t\t\t\t\t\t<\/header>\n-->\n\t\t\t\t\t\t<!-- .entry-header -->\n<!--\n-->\n\t\t\t\t\t\t\t\t\t\t\t<div class=\"wp-show-posts-entry-summary\" itemprop=\"text\">\n\t\t\t\t\t\t\t<p>W dniu 16.02.2026 r. w Hotelu 3 Trio w Bia\u0142ymstoku, Regionalny O\u015brodek Polityki Spo\u0142ecznej w Bia\u0142ymstoku w ramach projektu \u201eKoordynacja dzia\u0142a\u0144 w zakresie polityki spo\u0142ecznej w wojew\u00f3dztwie podlaskim\u201d Dzia\u0142anie 04.13: Wysokiej jako\u015bci system w\u0142\u0105czenia spo\u0142ecznego, Programu Fundusze Europejskie dla Rozwoju Spo\u0142ecznego 2021-2027 (FERS), wsp\u00f3\u0142finansowanego ze \u015brodk\u00f3w Europejskiego Funduszu Spo\u0142ecznego Plus, w ramach typu projekt\u00f3w pn. Dzia\u0142ania ROPS w zakresie us\u0142ug&#8230;<\/p>\n\t\t\t\t\t\t<\/div><!-- .entry-summary -->\n\t\t\t\t\t<\/div><!-- wp-show-posts-inner --><div class=\"wpsp-clear\"><\/div><\/article><article class=\" wp-show-posts-single wpsp-clearfix post-26670 post type-post status-publish format-standard hentry category-aktualnosci category-aktualnosci_es category-szkolenia_bwps category-wpisy_fers\" itemtype=\"http:\/\/schema.org\/CreativeWork\" itemscope><div class=\"wp-show-posts-inner\" style=\"\"><!--MY EDIT\n\t\t\t\t\t\t<header class=\"wp-show-posts-entry-header\">\n-->\n\t\t\t\t\t\t\t<h3 class=\"wp-show-posts-entry-title\" itemprop=\"headline\"><a href=\"https:\/\/rops-bialystok.pl\/fers\/2026\/02\/06\/zaproszenie-do-udzialu-w-jednodniowym-szkolenie-pn-uslugi-spoleczne-w-przedsiebiorstwie-spolecznym-16-02-2026-r\/\" rel=\"bookmark\">Zaproszenie do udzia\u0142u w jednodniowym szkoleniu pn. \u201eUs\u0142ugi spo\u0142eczne w przedsi\u0119biorstwie spo\u0142ecznym\u201d \u2013 16.02.2026 r.<\/a><\/h3><div class=\"wp-show-posts-entry-meta wp-show-posts-entry-meta-below-title post-meta-inline\"><span class=\"wp-show-posts-posted-on wp-show-posts-meta\">\n\t\t\t\t\t<time class=\"wp-show-posts-entry-date published\" datetime=\"2026-02-06T14:32:16+01:00\" itemprop=\"datePublished\">2026-02-06<\/time>\n\t\t\t\t<\/span><\/div><!--MY EDIT\n\t\t\t\t\t\t<\/header>\n-->\n\t\t\t\t\t\t<!-- .entry-header -->\n<!--\n-->\n\t\t\t\t\t\t\t\t\t\t\t<div class=\"wp-show-posts-entry-summary\" itemprop=\"text\">\n\t\t\t\t\t\t\t<p>Szanowni Pa\u0144stwo, Regionalny O\u015brodek Polityki Spo\u0142ecznej w Bia\u0142ymstoku zaprasza do udzia\u0142u w szkoleniu pn.\u00a0\u201eUs\u0142ugi spo\u0142eczne w przedsi\u0119biorstwie spo\u0142ecznym\u201d, kt\u00f3re odb\u0119dzie si\u0119 w terminie 16 lutego 2026 roku\u00a0 w Hotelu 3 Trio w Bia\u0142ymstoku.\u00a0Serdecznie zapraszamy pracownik\u00f3w zatrudnionych w O\u015brodkach Wsparcia Ekonomii Spo\u0142ecznej (OWES) z terenu wojew\u00f3dztwa podlaskiego.\u00a0Szkolenie organizowane jest w zwi\u0105zku z realizacj\u0105 projektu \u201eKoordynacja dzia\u0142a\u0144 w zakresie polityki spo\u0142ecznej w&#8230;<\/p>\n\t\t\t\t\t\t<\/div><!-- .entry-summary -->\n\t\t\t\t\t<\/div><!-- wp-show-posts-inner --><div class=\"wpsp-clear\"><\/div><\/article><article class=\" wp-show-posts-single wpsp-clearfix post-26653 post type-post status-publish format-standard hentry category-aktualnosci category-aktualnosci_es category-szkolenia_bwps category-wpisy_fers\" itemtype=\"http:\/\/schema.org\/CreativeWork\" itemscope><div class=\"wp-show-posts-inner\" style=\"\"><!--MY EDIT\n\t\t\t\t\t\t<header class=\"wp-show-posts-entry-header\">\n-->\n\t\t\t\t\t\t\t<h3 class=\"wp-show-posts-entry-title\" itemprop=\"headline\"><a href=\"https:\/\/rops-bialystok.pl\/fers\/2026\/02\/02\/relacja-ze-szkolenia-pn-aspekty-spoleczne-w-zamowieniach-publicznych\/\" rel=\"bookmark\">Szkolenie pn.: &#8222;Aspekty Spo\u0142eczne w Zam\u00f3wieniach Publicznych&#8221;<\/a><\/h3><div class=\"wp-show-posts-entry-meta wp-show-posts-entry-meta-below-title post-meta-inline\"><span class=\"wp-show-posts-posted-on wp-show-posts-meta\">\n\t\t\t\t\t<time class=\"wp-show-posts-entry-date published\" datetime=\"2026-02-02T14:34:39+01:00\" itemprop=\"datePublished\">2026-02-02<\/time>\n\t\t\t\t<\/span><\/div><!--MY EDIT\n\t\t\t\t\t\t<\/header>\n-->\n\t\t\t\t\t\t<!-- .entry-header -->\n<!--\n-->\n\t\t\t\t\t\t\t\t\t\t\t<div class=\"wp-show-posts-entry-summary\" itemprop=\"text\">\n\t\t\t\t\t\t\t<p>W dniu 27.01.2026 r. w Hotelu 3 Trio w Bia\u0142ymstoku, Regionalny O\u015brodek Polityki Spo\u0142ecznej w Bia\u0142ymstoku w ramach projektu \u201eKoordynacja dzia\u0142a\u0144 w zakresie polityki spo\u0142ecznej w wojew\u00f3dztwie podlaskim\u201d Dzia\u0142anie 04.13: Wysokiej jako\u015bci system w\u0142\u0105czenia spo\u0142ecznego, Programu Fundusze Europejskie dla Rozwoju Spo\u0142ecznego 2021-2027 (FERS), wsp\u00f3\u0142finansowanego ze \u015brodk\u00f3w Europejskiego Funduszu Spo\u0142ecznego Plus, w ramach typu projekt\u00f3w pn. Dzia\u0142ania ROPS w zakresie us\u0142ug&#8230;<\/p>\n\t\t\t\t\t\t<\/div><!-- .entry-summary -->\n\t\t\t\t\t<\/div><!-- wp-show-posts-inner --><div class=\"wpsp-clear\"><\/div><\/article><\/section><!-- .wp-show-posts --><div class=\"wpsp-load-more\"><span aria-current=\"page\" class=\"page-numbers current\">1<\/span>\n<a class=\"page-numbers\" href=\"https:\/\/rops-bialystok.pl\/fers\/wp-json\/wp\/v2\/pages\/26805\/page\/2\/\">2<\/a>\n<span class=\"page-numbers dots\">&hellip;<\/span>\n<a class=\"page-numbers\" href=\"https:\/\/rops-bialystok.pl\/fers\/wp-json\/wp\/v2\/pages\/26805\/page\/7\/\">7<\/a>\n<a class=\"next page-numbers\" href=\"https:\/\/rops-bialystok.pl\/fers\/wp-json\/wp\/v2\/pages\/26805\/page\/2\/\">Nast\u0119pny &rarr;<\/a><\/div>\n","protected":false},"excerpt":{"rendered":"","protected":false},"author":2,"featured_media":0,"parent":0,"menu_order":0,"comment_status":"closed","ping_status":"closed","template":"","meta":{"footnotes":""},"class_list":["post-26805","page","type-page","status-publish","hentry"],"_links":{"self":[{"href":"https:\/\/rops-bialystok.pl\/fers\/wp-json\/wp\/v2\/pages\/26805","targetHints":{"allow":["GET"]}}],"collection":[{"href":"https:\/\/rops-bialystok.pl\/fers\/wp-json\/wp\/v2\/pages"}],"about":[{"href":"https:\/\/rops-bialystok.pl\/fers\/wp-json\/wp\/v2\/types\/page"}],"author":[{"embeddable":true,"href":"https:\/\/rops-bialystok.pl\/fers\/wp-json\/wp\/v2\/users\/2"}],"replies":[{"embeddable":true,"href":"https:\/\/rops-bialystok.pl\/fers\/wp-json\/wp\/v2\/comments?post=26805"}],"version-history":[{"count":1,"href":"https:\/\/rops-bialystok.pl\/fers\/wp-json\/wp\/v2\/pages\/26805\/revisions"}],"predecessor-version":[{"id":26807,"href":"https:\/\/rops-bialystok.pl\/fers\/wp-json\/wp\/v2\/pages\/26805\/revisions\/26807"}],"wp:attachment":[{"href":"https:\/\/rops-bialystok.pl\/fers\/wp-json\/wp\/v2\/media?parent=26805"}],"curies":[{"name":"wp","href":"https:\/\/api.w.org\/{rel}","templated":true}]}}