{"id":26819,"date":"2026-02-27T14:02:11","date_gmt":"2026-02-27T13:02:11","guid":{"rendered":"https:\/\/rops-bialystok.pl\/fers\/?page_id=26819"},"modified":"2026-03-30T15:20:29","modified_gmt":"2026-03-30T13:20:29","slug":"harmonogram-wsparcia-marzec-2026","status":"publish","type":"page","link":"https:\/\/rops-bialystok.pl\/fers\/harmonogram-wsparcia-marzec-2026\/","title":{"rendered":"Harmonogram wsparcia \u2013 marzec 2026"},"content":{"rendered":"<p><strong>SZCZEG\u00d3\u0141OWY HARMONOGRAM UDZIELANIA WSPARCIA \/ DZIA\u0141A\u0143 W PROJEKCIE<\/strong><\/p>\n<p><strong>Nazwa Beneficjenta: <\/strong>Wojew\u00f3dztwo Podlaskie\/Regionalny O\u015brodek Polityki Spo\u0142ecznej w Bia\u0142ymstoku<\/p>\n<p><strong>Numer projektu:<\/strong> FERS.04.13-IP.06-0016\/23<\/p>\n<p><strong>Tytu\u0142 projektu:<\/strong> \u201eKoordynacja dzia\u0142a\u0144 w zakresie polityki spo\u0142ecznej w wojew\u00f3dztwie podlaskim\u201d<\/p>\n<p><strong>Harmonogram dotyczy dzia\u0142a\u0144 \/ wsparcia w projekcie w okresie:<\/strong> 01.03.2026 \u2013 31.03.2026 r.<\/p>\n<p><strong>Materia\u0142y do pobrania:<\/strong><\/p>\n<ul>\n<li><a href=\"https:\/\/rops-bialystok.pl\/fers\/wp-content\/uploads\/2026\/02\/Harmonogram-wsparcia-marzec-2026.pdf\">Harmonogram Wsparcia \u2013 marzec 2026 (skan orygina\u0142u) [.PDF]<\/a>\n<ul>\n<li><a href=\"https:\/\/rops-bialystok.pl\/fers\/wp-content\/uploads\/2026\/02\/Harmonogram-wsparcia-marzec-2026.docx\">Harmonogram wsparcia &#8211; marzec 2026 r. (dokument utworzony w strukturze u\u0142atwiaj\u0105cej dost\u0119pno\u015b\u0107) [.DOCX]<\/a><\/li>\n<\/ul>\n<\/li>\n<li><a href=\"https:\/\/rops-bialystok.pl\/fers\/wp-content\/uploads\/2026\/03\/Harmonogram-wsparcia-marzec-2026-02.03.2026.pdf\">Harmonogram Wsparcia \u2013 marzec 2026 (aktualizacja z 02.03.2026) (skan orygina\u0142u) [.PDF]<\/a>\n<ul>\n<li><a href=\"https:\/\/rops-bialystok.pl\/fers\/wp-content\/uploads\/2026\/03\/Harmonogram-wsparcia-marzec-2026-02.03.2026.docx\">Harmonogram wsparcia &#8211; marzec 2026 r. (aktualizacja z 02.03.2026) (dokument utworzony w strukturze u\u0142atwiaj\u0105cej dost\u0119pno\u015b\u0107) [.DOCX]<\/a><\/li>\n<\/ul>\n<\/li>\n<li><a href=\"https:\/\/rops-bialystok.pl\/fers\/wp-content\/uploads\/2026\/03\/Harmonogram-wsparcia-marzec-2026_-aktualizacja-09.03.2026.pdf\">Harmonogram Wsparcia \u2013 marzec 2026 (aktualizacja z 09.03.2026) (skan orygina\u0142u) [.PDF]<\/a>\n<ul>\n<li><a href=\"https:\/\/rops-bialystok.pl\/fers\/wp-content\/uploads\/2026\/03\/Harmonogram-wsparcia-marzec-2026-09.03.2026.docx\">Harmonogram wsparcia &#8211; marzec 2026 r. (aktualizacja z 09.03.2026) (dokument utworzony w strukturze u\u0142atwiaj\u0105cej dost\u0119pno\u015b\u0107) [.DOCX]<\/a><\/li>\n<\/ul>\n<\/li>\n<li><a href=\"https:\/\/rops-bialystok.pl\/fers\/wp-content\/uploads\/2026\/03\/Harmonogram-wsparcia-marzec-2026-13.03.2026.pdf\">Harmonogram Wsparcia \u2013 marzec 2026 (aktualizacja z 13.03.2026) (skan orygina\u0142u) [.PDF]<\/a>\n<ul>\n<li><a href=\"https:\/\/rops-bialystok.pl\/fers\/wp-content\/uploads\/2026\/03\/Harmonogram-wsparcia-marzec-2026-13.03.2026.docx\">Harmonogram wsparcia &#8211; marzec 2026 r. (aktualizacja z 13.03.2026) (dokument utworzony w strukturze u\u0142atwiaj\u0105cej dost\u0119pno\u015b\u0107) [.DOCX]<\/a><\/li>\n<\/ul>\n<\/li>\n<li><a href=\"https:\/\/rops-bialystok.pl\/fers\/wp-content\/uploads\/2026\/03\/Harmonogram-wsparcia-marzec-2026-27.03.2026.pdf\">Harmonogram Wsparcia \u2013 marzec 2026 (aktualizacja z 27.03.2026) (skan orygina\u0142u) [.PDF]<\/a>\n<ul>\n<li><a href=\"https:\/\/rops-bialystok.pl\/fers\/wp-content\/uploads\/2026\/03\/Harmonogram-wsparcia-marzec-2026-27.03.2026.docx\">Harmonogram wsparcia &#8211; marzec 2026 r. (aktualizacja z 27.03.2026) (dokument utworzony w strukturze u\u0142atwiaj\u0105cej dost\u0119pno\u015b\u0107) [.DOCX]<\/a><\/li>\n<\/ul>\n<\/li>\n<\/ul>\n<p>&nbsp;<\/p>\n<div class=\"rwd-table-large\">\n<table width=\"0\">\n<tbody>\n<tr>\n<td width=\"29\"><strong>Lp.<\/strong><\/td>\n<td width=\"167\"><strong>Rodzaj wsparcia\/ dzia\u0142ania (w przypadku szkole\u0144, spotka\u0144, posiedze\u0144 &#8211; dok\u0142adna nazwa szkolenia)<\/strong><\/td>\n<td width=\"81\"><strong>Data udzielania wsparcia \/ dzia\u0142ania<\/strong><\/p>\n<p>&nbsp;<\/td>\n<td width=\"114\"><strong>Godziny udzielania wsparcia \/ dzia\u0142ania<\/strong><\/p>\n<p>&nbsp;<\/td>\n<td width=\"102\"><strong>Dok\u0142adny adres realizacji wsparcia \/ dzia\u0142ania<\/strong><\/p>\n<p>&nbsp;<\/td>\n<td width=\"119\"><strong>Nazwa wykonawcy (np. w przypadku szkole\u0144, doradztwa, konferencji\u2026) \/ osoby do kontaktu w sprawie wydarzenia\/dzia\u0142ania<\/strong><\/p>\n<p>&nbsp;<\/td>\n<td width=\"87\"><strong>Planowana liczba uczestnik\u00f3w<\/strong><\/p>\n<p>&nbsp;<\/td>\n<td width=\"158\"><strong>Czy zamieszczono harmonogram udzielania wsparcia\/dzia\u0142a\u0144 na stronie internetowej projektu lub innej stronie www Beneficjenta (TAK\/NIE). Je\u017celi Tak, nale\u017cy poda\u0107 adres strony www.<\/strong><\/td>\n<td width=\"103\"><strong>Czy przekazano harmonogram udzielania wsparcia z wykorzystaniem systemu CST (TAK\/NIE)? Nale\u017cy poda\u0107 dat\u0119 przes\u0142ania harmonogramu do IP poprzez CST<\/strong><\/td>\n<\/tr>\n<tr>\n<td width=\"32\">1<\/td>\n<td width=\"181\">Doradztwo w zakresie opracowania i aktualizacji dokument\u00f3w strategicznych dla jednostek samorz\u0105du terytorialnego (JST)<\/td>\n<td width=\"87\">02.03.2026<\/td>\n<td width=\"127\">8.00-15.00<\/td>\n<td width=\"107\">Online<\/p>\n<p>GOPS Bia\u0142owie\u017ca<\/td>\n<td width=\"121\">Consulting and Supervision Anna Tomulewicz<\/p>\n<p>Pracownik ROPS: Emilia Faszczewska\/Anna Marczuk<\/td>\n<td width=\"92\">1<\/td>\n<td width=\"106\">TAK<\/p>\n<p>https:\/\/rops-bialystok.pl\/fers\/harmonogram-wsparcia\/<\/td>\n<td width=\"108\">TAK<\/p>\n<p>27.02.2026 r.<\/td>\n<\/tr>\n<tr>\n<td width=\"32\">2<\/td>\n<td width=\"181\">Doradztwo w zakresie opracowania i aktualizacji dokument\u00f3w strategicznych dla jednostek samorz\u0105du terytorialnego (JST)<\/td>\n<td width=\"87\">06.03.2026<\/td>\n<td width=\"127\">8.00-15.00<\/td>\n<td width=\"107\">Online<\/p>\n<p>GOPS Hajn\u00f3wka<\/td>\n<td width=\"121\">Consulting and Supervision Anna Tomulewicz<\/p>\n<p>Pracownik ROPS: Emilia Faszczewska\/Anna Marczuk<\/td>\n<td width=\"92\">1<\/td>\n<td width=\"106\">TAK<\/p>\n<p>https:\/\/rops-bialystok.pl\/fers\/harmonogram-wsparcia\/<\/td>\n<td width=\"108\">TAK<\/p>\n<p>27.02.2026 r.<\/td>\n<\/tr>\n<tr>\n<td width=\"32\">3<\/td>\n<td width=\"181\">Szkolenie dla kadry OWES: pn.: \u201eBudowanie partnerstw na rzecz rozwoju lokalnego\u201d<\/td>\n<td width=\"87\">06.03.2026 r.<\/td>\n<td width=\"127\">9.00 \u2013 16.00<\/td>\n<td width=\"107\">Hotel 3 Trio w Bia\u0142ymstoku,<\/p>\n<p>ul. Hurtowa 3<\/td>\n<td width=\"121\">P&amp;P Pawe\u0142 Szabelski<\/p>\n<p>Pracownik ROPS: Anna Marczuk<\/td>\n<td width=\"92\">15<\/td>\n<td width=\"106\">TAK<\/p>\n<p>https:\/\/rops-bialystok.pl\/fers\/harmonogram-wsparcia\/<\/td>\n<td width=\"108\">TAK<\/p>\n<p>27.02.2026 r.<\/td>\n<\/tr>\n<tr>\n<td width=\"32\">4<\/td>\n<td width=\"181\">Posiedzenie cz\u0142onk\u00f3w Regionalnego Komitetu Rozwoju Ekonomii Spo\u0142ecznej, ROPS i OWES<\/td>\n<td width=\"87\">10.03.2026 r.<\/td>\n<td width=\"127\">8:30 \u2013 15:30<\/td>\n<td width=\"107\">Hotel 3 Trio w Bia\u0142ymstoku,<\/p>\n<p>ul. Hurtowa 3<\/td>\n<td width=\"121\">Moderator\/Ekspert \u2013 Krzysztof Leo\u0144czuk<\/p>\n<p>Pracownik ROPS: Monika Jod\u0142owska\/Micha\u0142 Pugacewicz<\/td>\n<td width=\"92\">35<\/td>\n<td width=\"106\">TAK<\/p>\n<p>https:\/\/rops-bialystok.pl\/fers\/harmonogram-wsparcia\/<\/td>\n<td width=\"108\">TAK<\/p>\n<p>27.02.2026 r.<\/td>\n<\/tr>\n<tr>\n<td width=\"32\">5<\/td>\n<td width=\"181\"><span style=\"text-decoration: line-through;\">Wsparcia w zakresie tworzenia oraz rozwoju centr\u00f3w us\u0142ug spo\u0142ecznych, integrowania us\u0142ug spo\u0142ecznych i zdrowotnych, a tak\u017ce wdra\u017cania procesu deinstytucjonalizacji<\/span><\/td>\n<td width=\"87\"><span style=\"text-decoration: line-through;\">10.03.2026 r.<\/span><\/td>\n<td width=\"127\"><span style=\"text-decoration: line-through;\">10:00 \u2013 14:00<\/span><\/td>\n<td width=\"107\"><span style=\"text-decoration: line-through;\">Miejsko \u2013 Gminny O\u015brodek Pomocy Spo\u0142ecznej w Micha\u0142owie<\/span><\/p>\n<p><span style=\"text-decoration: line-through;\">ul. Bia\u0142ostocka 11, <\/span><\/p>\n<p><span style=\"text-decoration: line-through;\">16-050 Micha\u0142owo<\/span><\/td>\n<td width=\"121\"><span style=\"text-decoration: line-through;\">Doradca \u2013 Katarzyna \u017bukowska \u2013 Koc<\/span><\/p>\n<p><span style=\"text-decoration: line-through;\">Pracownik ROPS: Natalia Jakimowicz<\/span><\/td>\n<td width=\"92\"><span style=\"text-decoration: line-through;\">2<\/span><\/td>\n<td width=\"106\"><span style=\"text-decoration: line-through;\">TAK<\/span><\/p>\n<p><span style=\"text-decoration: line-through;\">https:\/\/rops-bialystok.pl\/fers\/harmonogram-wsparcia\/<\/span><\/td>\n<td width=\"108\"><span style=\"text-decoration: line-through;\">TAK<\/span><\/p>\n<p><span style=\"text-decoration: line-through;\">02.03.2026 r.<\/span><\/p>\n<p><span style=\"text-decoration: line-through;\">09.03.2026 r.<\/span><\/p>\n<p>13.03.2026 r.<\/td>\n<\/tr>\n<tr>\n<td width=\"32\">6<\/td>\n<td width=\"181\">Wsparcie w ramach us\u0142ugi doradczej w zakresie wsp\u00f3\u0142pracy jednostek samorz\u0105du terytorialnego (JST) z o\u015brodkami wsparcia ekonomii spo\u0142ecznej (OWES) w zakresie zwi\u0119kszania skali wykorzystania aspekt\u00f3w spo\u0142ecznych w zam\u00f3wieniach publicznych<\/td>\n<td width=\"87\">11.03.2026 r.<\/td>\n<td width=\"127\">12:00 \u2013 15:00<\/td>\n<td width=\"107\">Miejski O\u015brodek Pomocy Rodzinie w Bia\u0142ymstoku<\/p>\n<p>ul. Icchoka Malmeda 8, 15-440 Bia\u0142ystok<\/td>\n<td width=\"121\">Doradca \u2013 Andrzej Wi\u015bniewski<\/p>\n<p>Pracownik ROPS: Emilia Faszczewska\/Anna Marczuk<\/td>\n<td width=\"92\">1<\/td>\n<td width=\"106\">TAK<\/p>\n<p>https:\/\/rops-bialystok.pl\/fers\/harmonogram-wsparcia\/<\/td>\n<td width=\"108\">TAK<\/p>\n<p>02.03.2026 r.<\/td>\n<\/tr>\n<tr>\n<td width=\"32\">7<\/td>\n<td width=\"181\"><span style=\"text-decoration: line-through;\">Wsparcia w zakresie tworzenia oraz rozwoju centr\u00f3w us\u0142ug spo\u0142ecznych, integrowania us\u0142ug spo\u0142ecznych i zdrowotnych, a tak\u017ce wdra\u017cania procesu deinstytucjonalizacji<\/span><\/td>\n<td width=\"87\"><span style=\"text-decoration: line-through;\">13.03.2026 r.<\/span><\/td>\n<td width=\"127\"><span style=\"text-decoration: line-through;\">10:00 \u2013 14:00<\/span><\/p>\n<p><span style=\"text-decoration: line-through;\">9.00-14.00<\/span><\/td>\n<td width=\"107\"><span style=\"text-decoration: line-through;\">Miejski O\u015brodek Pomocy Spo\u0142ecznej w Zab\u0142udowie<\/span><\/p>\n<p><span style=\"text-decoration: line-through;\">ul. A. Mickiewicza 5, 16-060 Zab\u0142ud\u00f3w<\/span><\/p>\n<p><span style=\"text-decoration: line-through;\">Centrum Us\u0142ug Spo\u0142ecznych w Mielniku, <\/span><\/p>\n<p><span style=\"text-decoration: line-through;\">ul. Graniczna 5, <\/span><\/p>\n<p><span style=\"text-decoration: line-through;\">17-307 Mielnik<\/span><\/td>\n<td width=\"121\"><span style=\"text-decoration: line-through;\">Doradca \u2013 Katarzyna \u017bukowska \u2013 Koc<\/span><\/p>\n<p><span style=\"text-decoration: line-through;\">Pracownik ROPS: Natalia Jakimowicz<\/span><\/td>\n<td width=\"92\"><span style=\"text-decoration: line-through;\">2<\/span><\/td>\n<td width=\"106\"><span style=\"text-decoration: line-through;\">TAK<\/span><\/p>\n<p><span style=\"text-decoration: line-through;\">https:\/\/rops-bialystok.pl\/fers\/harmonogram-wsparcia\/<\/span><\/td>\n<td width=\"108\"><span style=\"text-decoration: line-through;\">TAK<\/span><\/p>\n<p><span style=\"text-decoration: line-through;\">02.03.2026 r.<\/span><\/p>\n<p><span style=\"text-decoration: line-through;\">09.03.2026 r.<\/span><\/p>\n<p>13.03.2026 r.<\/td>\n<\/tr>\n<tr>\n<td width=\"32\">8<\/td>\n<td width=\"181\">Doradztwo w zakresie opracowania i aktualizacji dokument\u00f3w strategicznych dla jednostek samorz\u0105du terytorialnego (JST)<\/td>\n<td width=\"87\">13.03.2026<\/td>\n<td width=\"127\">8.00-15.00<\/td>\n<td width=\"107\">Online<\/p>\n<p>GOPS Krynki<\/td>\n<td width=\"121\">Consulting and Supervision Anna Tomulewicz<\/td>\n<td width=\"92\">2<\/td>\n<td width=\"106\">TAK<\/p>\n<p>https:\/\/rops-bialystok.pl\/fers\/harmonogram-wsparcia\/<\/td>\n<td width=\"108\">TAK<\/p>\n<p>27.02.2026 r.<\/td>\n<\/tr>\n<tr>\n<td width=\"32\"><span style=\"text-decoration: line-through;\">9<\/span><\/td>\n<td width=\"181\"><span style=\"text-decoration: line-through;\">Wsparcia w zakresie tworzenia oraz rozwoju centr\u00f3w us\u0142ug spo\u0142ecznych, integrowania us\u0142ug spo\u0142ecznych i zdrowotnych, a tak\u017ce wdra\u017cania procesu deinstytucjonalizacji<\/span><\/td>\n<td width=\"87\"><span style=\"text-decoration: line-through;\">10.03.2026 r.<\/span><\/p>\n<p><span style=\"text-decoration: line-through;\">16.03.2026 r.<\/span><\/td>\n<td width=\"127\"><span style=\"text-decoration: line-through;\">9:00 \u2013 15:00<\/span><\/td>\n<td width=\"107\"><span style=\"text-decoration: line-through;\">Centrum Us\u0142ug Spo\u0142ecznych w Przero\u015bli<\/span><\/p>\n<p><span style=\"text-decoration: line-through;\">ul. Rynek 2, 16-427 Przero\u015bl<\/span><\/td>\n<td width=\"121\"><span style=\"text-decoration: line-through;\">Doradca \u2013 Katarzyna \u017bukowska \u2013 Koc<\/span><\/p>\n<p><span style=\"text-decoration: line-through;\">Pracownik ROPS: Natalia Jakimowicz<\/span><\/td>\n<td width=\"92\"><span style=\"text-decoration: line-through;\">2<\/span><\/td>\n<td width=\"106\"><span style=\"text-decoration: line-through;\">TAK<\/span><\/p>\n<p><span style=\"text-decoration: line-through;\">https:\/\/rops-bialystok.pl\/fers\/harmonogram-wsparcia\/<\/span><\/td>\n<td width=\"108\"><span style=\"text-decoration: line-through;\">TAK<\/span><\/p>\n<p><span style=\"text-decoration: line-through;\">02.03.2026 r.<\/span><\/p>\n<p><span style=\"text-decoration: line-through;\">09.03.2026 r.<\/span><\/p>\n<p>13.03.2026 r.<\/td>\n<\/tr>\n<tr>\n<td width=\"32\">10<\/td>\n<td width=\"181\">Wizyta studyjna krajowa 4-dniowa dla cz\u0142onk\u00f3w Podlaskich Sieci Wsp\u00f3\u0142pracy do woj. mazowieckiego<\/td>\n<td width=\"87\">17-20.03.2026 r.<\/td>\n<td width=\"127\">8:45-15:00<\/td>\n<td width=\"107\">Nocleg na terenie Warszawy w Hotelu Holiday Park<br \/>\nul. Helord\u00f3w 1B,<br \/>\n01-991 Warszawa<\/td>\n<td width=\"121\">ATTIS Sp. z o.o. z siedzib\u0105 w Warszawie<\/p>\n<p>Pracownik ROPS: Anna Marczuk<\/td>\n<td width=\"92\">24<\/td>\n<td width=\"106\">TAK<\/p>\n<p>https:\/\/rops-bialystok.pl\/fers\/harmonogram-wsparcia\/<\/td>\n<td width=\"108\">TAK<\/p>\n<p>27.02.2026 r.<\/td>\n<\/tr>\n<tr>\n<td width=\"32\">11<\/td>\n<td width=\"181\">Wsparcie w ramach us\u0142ugi doradczej w zakresie wsp\u00f3\u0142pracy jednostek samorz\u0105du terytorialnego (JST) z o\u015brodkami wsparcia ekonomii spo\u0142ecznej (OWES) w zakresie zwi\u0119kszania skali wykorzystania aspekt\u00f3w spo\u0142ecznych w zam\u00f3wieniach publicznych<\/td>\n<td width=\"87\">20.03.2026 r.<\/td>\n<td width=\"127\">8:00 \u2013 11:00<\/td>\n<td width=\"107\">Powiatowe Centrum Pomocy Rodzinie w Zambrowie<\/p>\n<p>ul. Fabryczna 3, 18-300 Zambr\u00f3w<\/td>\n<td width=\"121\">Doradca \u2013 Andrzej Wi\u015bniewski<\/p>\n<p>Pracownik ROPS: Emilia Faszczewska\/Anna Marczuk<\/td>\n<td width=\"92\">1<\/td>\n<td width=\"106\">TAK<\/p>\n<p>https:\/\/rops-bialystok.pl\/fers\/harmonogram-wsparcia\/<\/td>\n<td width=\"108\">TAK<\/p>\n<p>02.03.2026 r.<\/td>\n<\/tr>\n<tr>\n<td width=\"32\">12<\/td>\n<td width=\"181\">Wsparcia w zakresie tworzenia oraz rozwoju centr\u00f3w us\u0142ug spo\u0142ecznych, integrowania us\u0142ug spo\u0142ecznych i zdrowotnych, a tak\u017ce wdra\u017cania procesu deinstytucjonalizacji<\/td>\n<td width=\"87\">26.03.2026 r.<\/td>\n<td width=\"127\">9:00 \u2013 14:00<\/td>\n<td width=\"107\">Centrum Us\u0142ug Spo\u0142ecznych w Mielniku, ul. Graniczna 5, 17-307 Mielnik<\/td>\n<td width=\"121\">Doradca \u2013 Katarzyna \u017bukowska \u2013 Koc<\/p>\n<p>Pracownik ROPS: Natalia Jakimowicz<\/td>\n<td width=\"92\">2<\/td>\n<td width=\"106\">TAK<\/p>\n<p>https:\/\/rops-bialystok.pl\/fers\/harmonogram-wsparcia\/<\/td>\n<td width=\"108\">TAK<\/p>\n<p>27.03.2026 r.<\/td>\n<\/tr>\n<tr>\n<td width=\"32\">13<\/td>\n<td width=\"181\"><span style=\"text-decoration: line-through;\">Wsparcie w ramach us\u0142ugi doradczej w zakresie wsp\u00f3\u0142pracy jednostek samorz\u0105du terytorialnego (JST) z o\u015brodkami wsparcia ekonomii spo\u0142ecznej (OWES) w zakresie zwi\u0119kszania skali wykorzystania aspekt\u00f3w spo\u0142ecznych w zam\u00f3wieniach publicznych<\/span><\/td>\n<td width=\"87\"><span style=\"text-decoration: line-through;\">27.03.2026 r.<\/span><\/td>\n<td width=\"127\"><span style=\"text-decoration: line-through;\">8:00 \u2013 13:00<\/span><\/td>\n<td width=\"107\"><span style=\"text-decoration: line-through;\">Urz\u0105d Gminy w Gr\u00f3dku<\/span><\/p>\n<p><span style=\"text-decoration: line-through;\">ul. Chodkiewicz\u00f3w 2, 16-040 Gr\u00f3dek<\/span><\/td>\n<td width=\"121\"><span style=\"text-decoration: line-through;\">Doradca \u2013 Andrzej Wi\u015bniewski<\/span><\/p>\n<p><span style=\"text-decoration: line-through;\">Pracownik ROPS: Emilia Faszczewska\/Anna Marczuk<\/span><\/td>\n<td width=\"92\"><span style=\"text-decoration: line-through;\">1<\/span><\/td>\n<td width=\"106\"><span style=\"text-decoration: line-through;\">TAK<\/span><\/p>\n<p><span style=\"text-decoration: line-through;\">https:\/\/rops-bialystok.pl\/fers\/harmonogram-wsparcia\/<\/span><\/td>\n<td width=\"108\"><span style=\"text-decoration: line-through;\">TAK<\/span><\/p>\n<p><span style=\"text-decoration: line-through;\">02.03.2026 r.<\/span><\/p>\n<p>27.03.2026 r.<\/td>\n<\/tr>\n<tr>\n<td width=\"32\">14<\/td>\n<td width=\"181\">Doradztwo w zakresie opracowania i aktualizacji dokument\u00f3w strategicznych dla jednostek samorz\u0105du terytorialnego (JST)<\/td>\n<td width=\"87\">27.03.2026<\/td>\n<td width=\"127\">8.00-15.00<\/td>\n<td width=\"107\">Online<\/p>\n<p>GOPS Krynki<\/td>\n<td width=\"121\">Consulting and Supervision Anna Tomulewicz<\/p>\n<p>Pracownik ROPS: Emilia Faszczewska\/Anna Marczuk<\/td>\n<td width=\"92\">1<\/td>\n<td width=\"106\">TAK<\/p>\n<p>https:\/\/rops-bialystok.pl\/fers\/harmonogram-wsparcia\/<\/td>\n<td width=\"108\">TAK<\/p>\n<p>13.03.2026 r.<\/td>\n<\/tr>\n<tr>\n<td width=\"32\">15<\/td>\n<td width=\"181\">Wsparcie w ramach us\u0142ugi doradczej w zakresie wsp\u00f3\u0142pracy jednostek samorz\u0105du terytorialnego (JST) z o\u015brodkami wsparcia ekonomii spo\u0142ecznej (OWES) w zakresie zwi\u0119kszania skali wykorzystania aspekt\u00f3w spo\u0142ecznych w zam\u00f3wieniach publicznych<\/td>\n<td width=\"87\">30.03.2026 r.<\/td>\n<td width=\"127\">14:00 \u2013 16:00<\/td>\n<td width=\"107\">Powiatowe Centrum Pomocy Rodzinie w Zambrowie<\/p>\n<p>ul. Fabryczna 3, 18-300 Zambr\u00f3w<\/td>\n<td width=\"121\">Doradca \u2013 Andrzej Wi\u015bniewski<\/p>\n<p>Pracownik ROPS: Emilia Faszczewska\/Anna Marczuk<\/td>\n<td width=\"92\">1<\/td>\n<td width=\"106\">TAK<\/p>\n<p>https:\/\/rops-bialystok.pl\/fers\/harmonogram-wsparcia\/<\/td>\n<td width=\"108\">TAK<\/p>\n<p>27.03.2026 r.<\/td>\n<\/tr>\n<\/tbody>\n<\/table>\n<\/div>\n","protected":false},"excerpt":{"rendered":"<p>SZCZEG\u00d3\u0141OWY HARMONOGRAM UDZIELANIA WSPARCIA \/ DZIA\u0141A\u0143 W PROJEKCIE Nazwa Beneficjenta: Wojew\u00f3dztwo Podlaskie\/Regionalny O\u015brodek Polityki Spo\u0142ecznej w Bia\u0142ymstoku Numer projektu: FERS.04.13-IP.06-0016\/23 Tytu\u0142 projektu: \u201eKoordynacja dzia\u0142a\u0144 w zakresie polityki spo\u0142ecznej w wojew\u00f3dztwie podlaskim\u201d Harmonogram dotyczy dzia\u0142a\u0144 \/ wsparcia w projekcie w okresie: 01.03.2026 \u2013 31.03.2026 r. Materia\u0142y do pobrania: Harmonogram Wsparcia \u2013 marzec 2026 (skan orygina\u0142u) [.PDF] &hellip; <a href=\"https:\/\/rops-bialystok.pl\/fers\/harmonogram-wsparcia-marzec-2026\/\" class=\"more-link\">Continue reading<span class=\"screen-reader-text\"> &#8222;Harmonogram wsparcia \u2013 marzec 2026&#8221;<\/span><\/a><\/p>\n","protected":false},"author":2,"featured_media":0,"parent":0,"menu_order":0,"comment_status":"closed","ping_status":"closed","template":"","meta":{"footnotes":""},"class_list":["post-26819","page","type-page","status-publish","hentry"],"_links":{"self":[{"href":"https:\/\/rops-bialystok.pl\/fers\/wp-json\/wp\/v2\/pages\/26819","targetHints":{"allow":["GET"]}}],"collection":[{"href":"https:\/\/rops-bialystok.pl\/fers\/wp-json\/wp\/v2\/pages"}],"about":[{"href":"https:\/\/rops-bialystok.pl\/fers\/wp-json\/wp\/v2\/types\/page"}],"author":[{"embeddable":true,"href":"https:\/\/rops-bialystok.pl\/fers\/wp-json\/wp\/v2\/users\/2"}],"replies":[{"embeddable":true,"href":"https:\/\/rops-bialystok.pl\/fers\/wp-json\/wp\/v2\/comments?post=26819"}],"version-history":[{"count":6,"href":"https:\/\/rops-bialystok.pl\/fers\/wp-json\/wp\/v2\/pages\/26819\/revisions"}],"predecessor-version":[{"id":26895,"href":"https:\/\/rops-bialystok.pl\/fers\/wp-json\/wp\/v2\/pages\/26819\/revisions\/26895"}],"wp:attachment":[{"href":"https:\/\/rops-bialystok.pl\/fers\/wp-json\/wp\/v2\/media?parent=26819"}],"curies":[{"name":"wp","href":"https:\/\/api.w.org\/{rel}","templated":true}]}}