{"id":27019,"date":"2026-04-29T14:20:44","date_gmt":"2026-04-29T12:20:44","guid":{"rendered":"https:\/\/rops-bialystok.pl\/fers\/?page_id=27019"},"modified":"2026-05-15T10:51:52","modified_gmt":"2026-05-15T08:51:52","slug":"harmonogram-wsparcia-maj-2026","status":"publish","type":"page","link":"https:\/\/rops-bialystok.pl\/fers\/harmonogram-wsparcia-maj-2026\/","title":{"rendered":"Harmonogram wsparcia \u2013 maj 2026"},"content":{"rendered":"<p><strong>SZCZEG\u00d3\u0141OWY HARMONOGRAM UDZIELANIA WSPARCIA \/ DZIA\u0141A\u0143 W PROJEKCIE<\/strong><\/p>\n<p><strong>Nazwa Beneficjenta: <\/strong>Wojew\u00f3dztwo Podlaskie\/Regionalny O\u015brodek Polityki Spo\u0142ecznej w Bia\u0142ymstoku<\/p>\n<p><strong>Numer projektu:<\/strong> FERS.04.13-IP.06-0016\/23<\/p>\n<p><strong>Tytu\u0142 projektu:<\/strong> \u201eKoordynacja dzia\u0142a\u0144 w zakresie polityki spo\u0142ecznej w wojew\u00f3dztwie podlaskim\u201d<\/p>\n<p><strong>Harmonogram dotyczy dzia\u0142a\u0144 \/ wsparcia w projekcie w okresie:<\/strong> 01.05.2026 \u2013 31.05.2026 r.<\/p>\n<ul>\n<li><a href=\"https:\/\/rops-bialystok.pl\/fers\/wp-content\/uploads\/2026\/04\/Harmonogram-wsparcia-maj-2026.pdf\">Harmonogram wsparcia maj 2026 (skan orygina\u0142u) [.PDF]<\/a>\n<ul>\n<li><a href=\"https:\/\/rops-bialystok.pl\/fers\/wp-content\/uploads\/2026\/04\/Harmonogram-wsparcia-maj-2026.docx\">Harmonogram wsparcia \u2013 maj 2026 r. (dokument utworzony w strukturze u\u0142atwiaj\u0105cej dost\u0119pno\u015b\u0107) [.DOCX]<\/a><\/li>\n<\/ul>\n<\/li>\n<li><a href=\"https:\/\/rops-bialystok.pl\/fers\/wp-content\/uploads\/2026\/05\/Harmonogram-wsparcia-maj-2026-05.05.2026.pdf\">Harmonogram Wsparcia \u2013 maj 2026 (aktualizacja z 05.05.2026) (skan orygina\u0142u) [.PDF]<\/a>\n<ul>\n<li><a href=\"https:\/\/rops-bialystok.pl\/fers\/wp-content\/uploads\/2026\/05\/Harmonogram-wsparcia-maj-2026-05.05.2026.docx\">Harmonogram wsparcia \u2013 maj 2026 r. (aktualizacja z 05.05.2026) (dokument utworzony w strukturze u\u0142atwiaj\u0105cej dost\u0119pno\u015b\u0107) [.DOCX]<\/a><\/li>\n<\/ul>\n<\/li>\n<li><a href=\"https:\/\/rops-bialystok.pl\/fers\/wp-content\/uploads\/2026\/05\/Harmonogram-wsparcia-maj-2026-11.05.2026.pdf\">Harmonogram Wsparcia \u2013 maj 2026 (aktualizacja z 11.05.2026) (skan orygina\u0142u) [.PDF]<\/a>\n<ul>\n<li><a href=\"https:\/\/rops-bialystok.pl\/fers\/wp-content\/uploads\/2026\/05\/Harmonogram-wsparcia-maj-2026-11.05.2026.docx\">Harmonogram wsparcia \u2013 maj 2026 r. (aktualizacja z 11.05.2026) (dokument utworzony w strukturze u\u0142atwiaj\u0105cej dost\u0119pno\u015b\u0107) [.DOCX]<\/a><\/li>\n<\/ul>\n<\/li>\n<li><a href=\"https:\/\/rops-bialystok.pl\/fers\/wp-content\/uploads\/2026\/05\/Harmonogram-wsparcia-maj-2026-14.05.2026.pdf\">Harmonogram Wsparcia \u2013 maj 2026 (aktualizacja z 14.05.2026) (skan orygina\u0142u) [.PDF]<\/a>\n<ul>\n<li><a href=\"https:\/\/rops-bialystok.pl\/fers\/wp-content\/uploads\/2026\/05\/Harmonogram-wsparcia-maj-2026-14.05.2026.docx\">Harmonogram wsparcia \u2013 maj 2026 r. (aktualizacja z 14.05.2026) (dokument utworzony w strukturze u\u0142atwiaj\u0105cej dost\u0119pno\u015b\u0107) [.DOCX]<\/a><\/li>\n<\/ul>\n<\/li>\n<\/ul>\n<p>&nbsp;<\/p>\n<div class=\"rwd-table-large\">\n<table width=\"0\">\n<tbody>\n<tr>\n<td width=\"29\"><strong>Lp.<\/strong><\/td>\n<td width=\"167\"><strong>Rodzaj wsparcia\/ dzia\u0142ania (w przypadku szkole\u0144, spotka\u0144, posiedze\u0144 &#8211; dok\u0142adna nazwa szkolenia)<\/strong><\/td>\n<td width=\"81\"><strong>Data udzielania wsparcia \/ dzia\u0142ania<\/strong><\/p>\n<p>&nbsp;<\/td>\n<td width=\"114\"><strong>Godziny udzielania wsparcia \/ dzia\u0142ania<\/strong><\/p>\n<p>&nbsp;<\/td>\n<td width=\"102\"><strong>Dok\u0142adny adres realizacji wsparcia \/ dzia\u0142ania<\/strong><\/p>\n<p>&nbsp;<\/td>\n<td width=\"119\"><strong>Nazwa wykonawcy (np. w przypadku szkole\u0144, doradztwa, konferencji\u2026) \/ osoby do kontaktu w sprawie wydarzenia\/dzia\u0142ania<\/strong><\/p>\n<p>&nbsp;<\/td>\n<td width=\"87\"><strong>Planowana liczba uczestnik\u00f3w<\/strong><\/p>\n<p>&nbsp;<\/td>\n<td width=\"158\"><strong>Czy zamieszczono harmonogram udzielania wsparcia\/dzia\u0142a\u0144 na stronie internetowej projektu lub innej stronie www Beneficjenta (TAK\/NIE). Je\u017celi Tak, nale\u017cy poda\u0107 adres strony www.<\/strong><\/td>\n<td width=\"103\"><strong>Czy przekazano harmonogram udzielania wsparcia z wykorzystaniem systemu CST (TAK\/NIE)? Nale\u017cy poda\u0107 dat\u0119 przes\u0142ania harmonogramu do IP poprzez CST<\/strong><\/td>\n<\/tr>\n<tr>\n<td width=\"32\">1<\/td>\n<td width=\"181\">Doradztwo w zakresie opracowania i aktualizacji dokument\u00f3w strategicznych dla jednostek samorz\u0105du terytorialnego (JST)<\/td>\n<td width=\"87\">05.05.2026 r.<\/td>\n<td width=\"127\"><span style=\"text-decoration: line-through;\">7:30 \u2013 11:30<\/span><\/p>\n<p>7:30 \u2013 8:30<\/td>\n<td width=\"107\">Online<\/p>\n<p>GOPS Czeremcha<\/td>\n<td width=\"121\">Consulting and Supervision Anna Tomulewicz<\/p>\n<p>Pracownik ROPS: Emilia Faszczewska\/Natalia Jakimowicz<\/td>\n<td width=\"92\">1<\/td>\n<td width=\"106\">TAK<\/p>\n<p>https:\/\/rops-bialystok.pl\/fers\/harmonogram-wsparcia\/<\/td>\n<td width=\"108\">TAK<\/p>\n<p><span style=\"text-decoration: line-through;\">28.04.2026 r.<\/span><\/p>\n<p>05.05.2026 r.<\/td>\n<\/tr>\n<tr>\n<td width=\"32\">2<\/td>\n<td width=\"181\">Wsparcie w ramach us\u0142ugi doradczej w zakresie wsp\u00f3\u0142pracy jednostek samorz\u0105du terytorialnego (JST) z o\u015brodkami wsparcia ekonomii spo\u0142ecznej (OWES) w zakresie zwi\u0119kszania skali wykorzystania aspekt\u00f3w spo\u0142ecznych w zam\u00f3wieniach publicznych<\/td>\n<td width=\"87\">05.05.2026 r.<\/td>\n<td width=\"127\">08:00-12:00<\/td>\n<td width=\"107\">Powiatowe Centrum Pomocy Rodzinie w Bia\u0142ymstoku<\/p>\n<p>ul. S\u0142onimska 15\/1, 15-028 Bia\u0142ystok<\/td>\n<td width=\"121\">Doradca \u2013 Andrzej Wi\u015bniewski<\/p>\n<p>Pracownik ROPS: Emilia Faszczewska\/ Natalia Jakimowicz<\/td>\n<td width=\"92\">1<\/td>\n<td width=\"106\">TAK<\/p>\n<p>https:\/\/rops-bialystok.pl\/fers\/harmonogram-wsparcia\/<\/td>\n<td width=\"108\">TAK<\/p>\n<p>28.04.2026 r.<\/td>\n<\/tr>\n<tr>\n<td width=\"32\"><span style=\"text-decoration: line-through;\">3<\/span><\/td>\n<td width=\"181\"><span style=\"text-decoration: line-through;\">Wsparcie w zakresie tworzenia oraz rozwoju centr\u00f3w us\u0142ug spo\u0142ecznych, integrowania us\u0142ug spo\u0142ecznych i zdrowotnych, a tak\u017ce wdra\u017cania procesu deinstytucjonalizacji<\/span><\/td>\n<td width=\"87\"><span style=\"text-decoration: line-through;\">06.05.2026 r.<\/span><\/td>\n<td width=\"127\"><span style=\"text-decoration: line-through;\">9.00-13.00<\/span><\/td>\n<td width=\"107\"><span style=\"text-decoration: line-through;\">Doradztwo stacjonarnie<\/span><\/p>\n<p><span style=\"text-decoration: line-through;\">Gminny O\u015brodek Pomocy Spo\u0142ecznej w Bielsku Podlaskim<\/span><\/p>\n<p><span style=\"text-decoration: line-through;\">ul. 3 Maja 17<\/span><\/p>\n<p><span style=\"text-decoration: line-through;\">17-100 Bielsk Podlaski<\/span><\/p>\n<p>&nbsp;<\/td>\n<td width=\"121\"><span style=\"text-decoration: line-through;\">Doradca \u2013 Katarzyna \u017bukowska \u2013 Koc<\/span><\/p>\n<p><span style=\"text-decoration: line-through;\">Pracownik ROPS: Natalia Jakimowicz<\/span><\/td>\n<td width=\"92\"><span style=\"text-decoration: line-through;\">2<\/span><\/td>\n<td width=\"106\"><span style=\"text-decoration: line-through;\">TAK<\/span><\/p>\n<p><span style=\"text-decoration: line-through;\">https:\/\/rops-bialystok.pl\/fers\/harmonogram-wsparcia\/<\/span><\/td>\n<td width=\"108\"><span style=\"text-decoration: line-through;\">TAK<\/span><\/p>\n<p><span style=\"text-decoration: line-through;\">28.04.2026 r.<\/span><\/p>\n<p>05.05.2026 r.<\/td>\n<\/tr>\n<tr>\n<td width=\"32\">4<\/td>\n<td width=\"181\">Doradztwo w zakresie tworzenia<br \/>\ni prowadzenia podmiot\u00f3w zatrudnienia socjalnego (PZS)<\/td>\n<td width=\"87\">07.05.2026 r.<\/td>\n<td width=\"127\">8:00-10:00<\/td>\n<td width=\"107\">Doradztwo on-line, Kontakt<\/p>\n<p>telefoniczny,<\/p>\n<p>mailowy<\/p>\n<p>&nbsp;<\/p>\n<p>Miejski O\u015brodek<br \/>\nPomocy Spo\u0142ecznej<br \/>\nw Augustowie<\/p>\n<p>ul. 3 Maja 60<br \/>\n16-300 August\u00f3w<\/td>\n<td width=\"121\">AR Szkolenia Superwizja Doradztwo Aneta Ruszczyk<\/p>\n<p>&nbsp;<\/p>\n<p>Pracownik ROPS: Emilia Faszczewska\/Natalia Jakimowicz<\/td>\n<td width=\"92\">1<\/td>\n<td width=\"106\">TAK<\/p>\n<p>https:\/\/rops-bialystok.pl\/fers\/harmonogram-wsparcia<\/td>\n<td width=\"108\">TAK<\/p>\n<p>28.04.2026 r.<\/td>\n<\/tr>\n<tr>\n<td width=\"32\">5<\/td>\n<td width=\"181\">Doradztwo w zakresie wspomagania wi\u0119zi rodzinnych i DI systemu pieczy zast\u0119pczej, rozwoju rodzinnych form pieczy zast\u0119pczej<\/td>\n<td width=\"87\">08.05.2026 r.<\/td>\n<td width=\"127\">8:00 \u2013 10:00<\/td>\n<td width=\"107\">O\u015brodek Pomocy Spo\u0142ecznej<\/p>\n<p>ul. G\u0142\u00f3wna 6<\/p>\n<p>18-208 Kulesze Ko\u015bcielne<\/p>\n<p>Doradztwo on-line, Kontakt telefoniczny,\u00a0 mailowy<\/td>\n<td width=\"121\">Fundacja Zr\u00f3\u017cnicowani \u2013 \u0141ukasz \u017bmuda<\/p>\n<p>Pracownik ROPS: Emilia Faszczewska\/Natalia Jakimowicz<\/p>\n<p>&nbsp;<\/td>\n<td width=\"92\">1<\/td>\n<td width=\"106\">TAK<\/p>\n<p>https:\/\/rops-bialystok.pl\/fers\/harmonogram-wsparcia\/<\/td>\n<td width=\"108\">TAK<\/p>\n<p>28.04.2026 r.<\/td>\n<\/tr>\n<tr>\n<td width=\"32\">6<\/td>\n<td width=\"181\">Doradztwo w zakresie wspomagania wi\u0119zi rodzinnych i DI systemu pieczy zast\u0119pczej, rozwoju rodzinnych form pieczy zast\u0119pczej<\/td>\n<td width=\"87\">08.05.2026 r.<\/td>\n<td width=\"127\">10:30 \u2013 12:30<\/td>\n<td width=\"107\">Powiatowe Centrum Pomocy Rodzinie<\/p>\n<p>ul. Leg. Pi\u0142sudskiego 3<\/p>\n<p>17-300 Siemiatycze<\/p>\n<p>Doradztwo on-line, Kontakt telefoniczny,\u00a0 mailowy<\/td>\n<td width=\"121\">Fundacja Zr\u00f3\u017cnicowani \u2013 \u0141ukasz \u017bmuda<\/p>\n<p>Pracownik ROPS: Emilia Faszczewska\/Natalia Jakimowicz<\/p>\n<p>&nbsp;<\/td>\n<td width=\"92\">1<\/td>\n<td width=\"106\">TAK<\/p>\n<p>https:\/\/rops-bialystok.pl\/fers\/harmonogram-wsparcia\/<\/td>\n<td width=\"108\">TAK<\/p>\n<p>28.04.2026 r.<\/td>\n<\/tr>\n<tr>\n<td width=\"32\">7<\/td>\n<td width=\"181\">Doradztwo w zakresie wspomagania wi\u0119zi rodzinnych i DI systemu pieczy zast\u0119pczej, rozwoju rodzinnych form pieczy zast\u0119pczej<\/td>\n<td width=\"87\">08.05.2026 r.<\/td>\n<td width=\"127\">13:00 \u2013 15:00<\/td>\n<td width=\"107\">O\u015brodek Pomocy Spo\u0142ecznej<\/p>\n<p>ul. 11 Listopada 7<\/p>\n<p>18-312 Rutki-Kossaki<\/p>\n<p>Doradztwo on-line, Kontakt telefoniczny,\u00a0 mailowy<\/td>\n<td width=\"121\">Fundacja Zr\u00f3\u017cnicowani \u2013 \u0141ukasz \u017bmuda<\/p>\n<p>Pracownik ROPS: Emilia Faszczewska\/Natalia Jakimowicz<\/p>\n<p>&nbsp;<\/td>\n<td width=\"92\">1<\/td>\n<td width=\"106\">TAK<\/p>\n<p>https:\/\/rops-bialystok.pl\/fers\/harmonogram-wsparcia\/<\/td>\n<td width=\"108\">TAK<\/p>\n<p>28.04.2026 r.<\/td>\n<\/tr>\n<tr>\n<td width=\"32\">8<\/td>\n<td width=\"181\">Doradztwo w zakresie opracowania i aktualizacji dokument\u00f3w strategicznych dla jednostek samorz\u0105du terytorialnego (JST)<\/td>\n<td width=\"87\">11.05.2026 r.<\/td>\n<td width=\"127\">8:00 \u2013 15:00<\/td>\n<td width=\"107\">Online<\/p>\n<p>PCPR Wysokie Mazowieckie<\/td>\n<td width=\"121\">Consulting and Supervision Anna Tomulewicz<\/p>\n<p>Pracownik ROPS: Emilia Faszczewska\/Natalia Jakimowicz<\/td>\n<td width=\"92\">1<\/td>\n<td width=\"106\">TAK<\/p>\n<p>https:\/\/rops-bialystok.pl\/fers\/harmonogram-wsparcia\/<\/td>\n<td width=\"108\">TAK<\/p>\n<p>11.05.2026 r.<\/td>\n<\/tr>\n<tr>\n<td width=\"32\">9<\/td>\n<td width=\"181\">Wsparcie w ramach us\u0142ugi doradczej w zakresie wsp\u00f3\u0142pracy jednostek samorz\u0105du terytorialnego (JST) z o\u015brodkami wsparcia ekonomii spo\u0142ecznej (OWES) w zakresie zwi\u0119kszania skali wykorzystania aspekt\u00f3w spo\u0142ecznych w zam\u00f3wieniach publicznych<\/td>\n<td width=\"87\">11.05.2026 r.<\/td>\n<td width=\"127\">08:00-10:00<\/td>\n<td width=\"107\">Powiatowe Centrum Pomocy Rodzinie w Bia\u0142ymstoku<\/p>\n<p>ul. S\u0142onimska 15\/1, 15-028 Bia\u0142ystok<\/td>\n<td width=\"121\">Doradca \u2013 Andrzej Wi\u015bniewski<\/p>\n<p>Pracownik ROPS: Emilia Faszczewska\/ Natalia Jakimowicz<\/td>\n<td width=\"92\">1<\/td>\n<td width=\"106\">TAK<\/p>\n<p>https:\/\/rops-bialystok.pl\/fers\/harmonogram-wsparcia\/<\/td>\n<td width=\"108\">TAK<\/p>\n<p>28.04.2026 r.<\/td>\n<\/tr>\n<tr>\n<td width=\"32\">10<\/td>\n<td width=\"181\">Wsparcie w zakresie tworzenia oraz rozwoju centr\u00f3w us\u0142ug spo\u0142ecznych, integrowania us\u0142ug spo\u0142ecznych i zdrowotnych, a tak\u017ce wdra\u017cania procesu deinstytucjonalizacji<\/td>\n<td width=\"87\"><span style=\"text-decoration: line-through;\">14.05.2026 r.<\/span><\/p>\n<p>15.05.2026 r.<\/td>\n<td width=\"127\"><span style=\"text-decoration: line-through;\">9:00 \u2013 12:00<\/span><\/p>\n<p>9:00 \u2013 13:00<\/td>\n<td width=\"107\">Doradztwo stacjonarnie<\/p>\n<p>Miejski O\u015brodek Pomocy Spo\u0142ecznej w Zab\u0142udowie<\/p>\n<p>Adama Mickiewicza 5<\/p>\n<p>16-060 Zab\u0142ud\u00f3w<\/p>\n<p>&nbsp;<\/td>\n<td width=\"121\">Doradca \u2013 Katarzyna \u017bukowska \u2013 Koc<\/p>\n<p>Pracownik ROPS: Natalia Jakimowicz<\/td>\n<td width=\"92\">2<\/td>\n<td width=\"106\">TAK<\/p>\n<p>https:\/\/rops-bialystok.pl\/fers\/harmonogram-wsparcia\/<\/td>\n<td width=\"108\">TAK<\/p>\n<p><span style=\"text-decoration: line-through;\">28.04.2026 r.<\/span><\/p>\n<p>14.05.2026 r.<\/td>\n<\/tr>\n<tr>\n<td width=\"32\">11<\/td>\n<td width=\"181\">Wsparcie w zakresie tworzenia oraz rozwoju centr\u00f3w us\u0142ug spo\u0142ecznych, integrowania us\u0142ug spo\u0142ecznych i zdrowotnych, a tak\u017ce wdra\u017cania procesu deinstytucjonalizacji<\/td>\n<td width=\"87\">14.05.2026 r.<\/td>\n<td width=\"127\"><span style=\"text-decoration: line-through;\">12:30 \u2013 15:30<\/span><\/p>\n<p>9:00 \u2013 13:00<\/td>\n<td width=\"107\">Doradztwo stacjonarnie<\/p>\n<p>Gminny O\u015brodek Pomocy Spo\u0142ecznej w Gr\u00f3dku<\/p>\n<p>Fabryczna 6<\/p>\n<p>16-040 Gr\u00f3dek<\/td>\n<td width=\"121\">Doradca \u2013 Katarzyna \u017bukowska \u2013 Koc<\/p>\n<p>Pracownik ROPS: Natalia Jakimowicz<\/td>\n<td width=\"92\">2<\/td>\n<td width=\"106\">TAK<\/p>\n<p>https:\/\/rops-bialystok.pl\/fers\/harmonogram-wsparcia\/<\/td>\n<td width=\"108\">TAK<\/p>\n<p><span style=\"text-decoration: line-through;\">28.04.2026 r.<\/span><\/p>\n<p>14.05.2026 r.<\/td>\n<\/tr>\n<tr>\n<td width=\"32\">12<\/td>\n<td width=\"181\">Doradztwo w zakresie wspomagania wi\u0119zi rodzinnych i DI systemu pieczy zast\u0119pczej, rozwoju rodzinnych form pieczy zast\u0119pczej<\/td>\n<td width=\"87\">15.05.2026 r.<\/td>\n<td width=\"127\">8:00 \u2013 11:30<\/td>\n<td width=\"107\">O\u015brodek Pomocy Spo\u0142ecznej<\/p>\n<p>ul. G\u0142\u00f3wna 6<\/p>\n<p>18-208 Kulesze Ko\u015bcielne<\/td>\n<td width=\"121\">Fundacja Zr\u00f3\u017cnicowani \u2013 \u0141ukasz \u017bmuda<\/p>\n<p>Pracownik ROPS: Emilia Faszczewska\/Natalia Jakimowicz<\/p>\n<p>&nbsp;<\/td>\n<td width=\"92\">1<\/td>\n<td width=\"106\">TAK<\/p>\n<p>https:\/\/rops-bialystok.pl\/fers\/harmonogram-wsparcia\/<\/td>\n<td width=\"108\">TAK<\/p>\n<p>28.04.2026 r.<\/td>\n<\/tr>\n<tr>\n<td width=\"32\">13<\/td>\n<td width=\"181\">Doradztwo w zakresie wspomagania wi\u0119zi rodzinnych i DI systemu pieczy zast\u0119pczej, rozwoju rodzinnych form pieczy zast\u0119pczej<\/td>\n<td width=\"87\">15.05.2026 r.<\/td>\n<td width=\"127\">12:00 \u2013 15:30<\/td>\n<td width=\"107\">Centrum Us\u0142ug Spo\u0142ecznych<\/p>\n<p>ul. G\u0142\u00f3wna 50<\/p>\n<p>18-100 \u0141apy<\/td>\n<td width=\"121\">Fundacja Zr\u00f3\u017cnicowani \u2013 \u0141ukasz \u017bmuda<\/p>\n<p>Pracownik ROPS: Emilia Faszczewska\/Natalia Jakimowicz<\/p>\n<p>&nbsp;<\/td>\n<td width=\"92\">1<\/td>\n<td width=\"106\">TAK<\/p>\n<p>https:\/\/rops-bialystok.pl\/fers\/harmonogram-wsparcia\/<\/td>\n<td width=\"108\">TAK<\/p>\n<p>28.04.2026 r.<\/td>\n<\/tr>\n<tr>\n<td width=\"32\">14<\/td>\n<td width=\"181\">Wsparcie w zakresie tworzenia oraz rozwoju centr\u00f3w us\u0142ug spo\u0142ecznych, integrowania us\u0142ug spo\u0142ecznych i zdrowotnych, a tak\u017ce wdra\u017cania procesu deinstytucjonalizacji<\/td>\n<td width=\"87\">19.05.2026 r.<\/td>\n<td width=\"127\">9:00-13:00<\/td>\n<td width=\"107\">Doradztwo stacjonarnie<\/p>\n<p>Miejski O\u015brodek Pomocy Spo\u0142ecznej w Supra\u015blu<\/p>\n<p>ul. J\u00f3zefa Pi\u0142sudskiego 58<\/p>\n<p>16-030 Supra\u015bl<\/td>\n<td width=\"121\">Doradca \u2013 Katarzyna \u017bukowska \u2013 Koc<\/p>\n<p>Pracownik ROPS: Natalia Jakimowicz<\/td>\n<td width=\"92\">2<\/td>\n<td width=\"106\">TAK<\/p>\n<p>https:\/\/rops-bialystok.pl\/fers\/harmonogram-wsparcia\/<\/td>\n<td width=\"108\">TAK<\/p>\n<p>28.04.2026 r.<\/td>\n<\/tr>\n<tr>\n<td width=\"32\">15<\/td>\n<td width=\"181\">Wizyta studyjna do wojew\u00f3dztwa pomorskiego<\/td>\n<td width=\"87\">19.05.2026 r. \u2013 22.05.2026 r.<\/td>\n<td width=\"127\">8:00-16:00<\/p>\n<p>&nbsp;<\/p>\n<p>&nbsp;<\/td>\n<td width=\"107\">Hotel Zatoka<br \/>\nul. Trakt \u015aw. Wojciecha 149<br \/>\n80-017 Gda\u0144sk<\/td>\n<td width=\"121\">ATTIS Sp. z o.o. z siedzib\u0105 w Warszawie<\/p>\n<p>Pracownik ROPS: Emilia Faszczewska<\/td>\n<td width=\"92\">24<\/td>\n<td width=\"106\">TAK<\/p>\n<p>https:\/\/rops-bialystok.pl\/fers\/harmonogram-wsparcia\/<\/td>\n<td width=\"108\">TAK<\/p>\n<p>28.04.2026 r.<\/td>\n<\/tr>\n<tr>\n<td width=\"32\">16<\/td>\n<td width=\"181\">Doradztwo w zakresie tworzenia<br \/>\ni prowadzenia podmiot\u00f3w zatrudnienia socjalnego (PZS)<\/td>\n<td width=\"87\">20.05.2026 r.<\/td>\n<td width=\"127\">9:00-11:00<\/td>\n<td width=\"107\">Miejski O\u015brodek<br \/>\nPomocy Spo\u0142ecznej<br \/>\nw Augustowieul. 3 Maja 60<br \/>\n16-300 August\u00f3w<\/td>\n<td width=\"121\">AR Szkolenia Superwizja Doradztwo Aneta Ruszczyk<\/p>\n<p>&nbsp;<\/p>\n<p>Pracownik ROPS: Emilia Faszczewska\/Natalia Jakimowicz<\/td>\n<td width=\"92\">1<\/td>\n<td width=\"106\">TAK<\/p>\n<p>https:\/\/rops-bialystok.pl\/fers\/harmonogram-wsparcia\/<\/td>\n<td width=\"108\">TAK<\/p>\n<p>28.04.2026 r.<\/td>\n<\/tr>\n<tr>\n<td width=\"32\">17<\/td>\n<td width=\"181\">Doradztwo w zakresie tworzenia<br \/>\ni prowadzenia podmiot\u00f3w zatrudnienia socjalnego (PZS)<\/td>\n<td width=\"87\">20.05.2026 r.<\/td>\n<td width=\"127\">11:30-14:30<\/td>\n<td width=\"107\">Gminny O\u015brodek Pomocy Spo\u0142ecznej<\/p>\n<p>Nowinka 33<br \/>\n16-304 Nowinka<\/td>\n<td width=\"121\">AR Szkolenia Superwizja Doradztwo Aneta Ruszczyk<\/p>\n<p>&nbsp;<\/p>\n<p>Pracownik ROPS: Emilia Faszczewska\/Natalia Jakimowicz<\/td>\n<td width=\"92\">3<\/td>\n<td width=\"106\">TAK<\/p>\n<p>https:\/\/rops-bialystok.pl\/fers\/harmonogram-wsparcia\/<\/td>\n<td width=\"108\">TAK<\/p>\n<p>28.04.2026 r.<\/td>\n<\/tr>\n<tr>\n<td width=\"32\">18<\/td>\n<td width=\"181\">Doradztwo w zakresie tworzenia<br \/>\ni prowadzenia podmiot\u00f3w zatrudnienia socjalnego (PZS)<\/td>\n<td width=\"87\">21.05.2026 r.<\/td>\n<td width=\"127\">9:30-12:30<\/td>\n<td width=\"107\">Centrum Us\u0142ug Spo\u0142ecznych<br \/>\nw StawiskachUl. Polowa 26<\/p>\n<p>18-520 Stawiski<\/p>\n<p>&nbsp;<\/td>\n<td width=\"121\">AR Szkolenia Superwizja Doradztwo Aneta Ruszczyk<\/p>\n<p>&nbsp;<\/p>\n<p>Pracownik ROPS: Emilia Faszczewska\/Natalia Jakimowicz<\/td>\n<td width=\"92\">11<\/td>\n<td width=\"106\">TAK<\/p>\n<p>https:\/\/rops-bialystok.pl\/fers\/harmonogram-wsparcia\/<\/td>\n<td width=\"108\">TAK<\/p>\n<p>28.04.2026 r.<\/td>\n<\/tr>\n<tr>\n<td width=\"32\">19<\/td>\n<td width=\"181\">Wsparcie w ramach us\u0142ugi doradczej w zakresie wsp\u00f3\u0142pracy jednostek samorz\u0105du terytorialnego (JST) z o\u015brodkami wsparcia ekonomii spo\u0142ecznej (OWES) w zakresie zwi\u0119kszania skali wykorzystania aspekt\u00f3w spo\u0142ecznych w zam\u00f3wieniach publicznych<\/td>\n<td width=\"87\">22.05.2026 r.<\/td>\n<td width=\"127\">8:00-12:00<\/td>\n<td width=\"107\">Urz\u0105d Gminy w Soko\u0142ach<\/p>\n<p>ul. Rynek Mickiewicza 10<br \/>\n18-218 Soko\u0142y<\/p>\n<p>&nbsp;<\/p>\n<p>&nbsp;<\/td>\n<td width=\"121\">Doradca \u2013 Andrzej Wi\u015bniewski<\/p>\n<p>Pracownik ROPS: Emilia Faszczewska\/ Natalia Jakimowicz<\/td>\n<td width=\"92\">1<\/td>\n<td width=\"106\">TAK<\/p>\n<p>https:\/\/rops-bialystok.pl\/fers\/harmonogram-wsparcia\/<\/td>\n<td width=\"108\">TAK<\/p>\n<p>28.04.2026 r.<\/td>\n<\/tr>\n<tr>\n<td width=\"32\"><span style=\"text-decoration: line-through;\">20<\/span><\/td>\n<td width=\"181\"><span style=\"text-decoration: line-through;\">Doradztwo w zakresie opracowania i aktualizacji dokument\u00f3w strategicznych dla jednostek samorz\u0105du terytorialnego (JST)<\/span><\/td>\n<td width=\"87\"><span style=\"text-decoration: line-through;\">25.06.2025 r.<\/span><\/td>\n<td width=\"127\"><span style=\"text-decoration: line-through;\">9:00 \u2013 15:00<\/span><\/td>\n<td width=\"107\"><span style=\"text-decoration: line-through;\">Online<\/span><\/p>\n<p><span style=\"text-decoration: line-through;\">OPS Nowie Piekuty<\/span><\/td>\n<td width=\"121\"><span style=\"text-decoration: line-through;\">Consulting and Supervision Anna Tomulewicz<\/span><\/p>\n<p><span style=\"text-decoration: line-through;\">Pracownik ROPS: Emilia Faszczewska\/ Natalia Jakimowicz<\/span><\/td>\n<td width=\"92\"><span style=\"text-decoration: line-through;\">1<\/span><\/td>\n<td width=\"106\"><span style=\"text-decoration: line-through;\">TAK<\/span><\/p>\n<p><span style=\"text-decoration: line-through;\">https:\/\/rops-bialystok.pl\/fers\/harmonogram-wsparcia\/<\/span><\/td>\n<td width=\"108\"><span style=\"text-decoration: line-through;\">TAK<\/span><\/p>\n<p><span style=\"text-decoration: line-through;\">28.04.2026 r.<\/span><\/p>\n<p>11.05.2026 r.|<\/td>\n<\/tr>\n<tr>\n<td width=\"32\"><span style=\"text-decoration: line-through;\">21<\/span><\/td>\n<td width=\"181\"><span style=\"text-decoration: line-through;\">Doradztwo w zakresie opracowania i aktualizacji dokument\u00f3w strategicznych dla jednostek samorz\u0105du terytorialnego (JST)<\/span><\/td>\n<td width=\"87\"><span style=\"text-decoration: line-through;\">26.05.2026 r.<\/span><\/td>\n<td width=\"127\"><span style=\"text-decoration: line-through;\">9:00 \u2013 15:00<\/span><\/td>\n<td width=\"107\"><span style=\"text-decoration: line-through;\">Online<\/span><\/p>\n<p><span style=\"text-decoration: line-through;\">GOPS Krynki<\/span><\/td>\n<td width=\"121\"><span style=\"text-decoration: line-through;\">Consulting and Supervision Anna Tomulewicz\/ Natalia Jakimowicz<\/span><\/p>\n<p><span style=\"text-decoration: line-through;\">Pracownik ROPS: Emilia Faszczewska<\/span><\/td>\n<td width=\"92\"><span style=\"text-decoration: line-through;\">1<\/span><\/td>\n<td width=\"106\"><span style=\"text-decoration: line-through;\">TAK<\/span><\/p>\n<p><span style=\"text-decoration: line-through;\">https:\/\/rops-bialystok.pl\/fers\/harmonogram-wsparcia\/<\/span><\/td>\n<td width=\"108\"><span style=\"text-decoration: line-through;\">TAK<\/span><\/p>\n<p><span style=\"text-decoration: line-through;\">28.04.2026 r.<\/span><\/p>\n<p>11.05.2026 r.<\/td>\n<\/tr>\n<tr>\n<td width=\"32\">22<\/td>\n<td width=\"181\">Wsparcie w zakresie tworzenia oraz rozwoju centr\u00f3w us\u0142ug spo\u0142ecznych, integrowania us\u0142ug spo\u0142ecznych i zdrowotnych, a tak\u017ce wdra\u017cania procesu deinstytucjonalizacji<\/td>\n<td width=\"87\">27.05.2026 r.<\/td>\n<td width=\"127\">10:00 \u2013 14:00<\/td>\n<td width=\"107\"><u>Miejsce doradztwa<\/u>: CUS w \u0141apach, 18-100 \u0141apy, ul. G\u0142\u00f3wna 50<\/td>\n<td width=\"121\">Doradca \u2013 Katarzyna \u017bukowska \u2013 Koc<\/p>\n<p>Pracownik ROPS: Natalia Jakimowicz<\/td>\n<td width=\"92\">5<\/td>\n<td width=\"106\">TAK<\/p>\n<p>https:\/\/rops-bialystok.pl\/fers\/harmonogram-wsparcia\/<\/td>\n<td width=\"108\">TAK<\/p>\n<p>28.04.2026 r.<\/td>\n<\/tr>\n<\/tbody>\n<\/table>\n<\/div>\n","protected":false},"excerpt":{"rendered":"<p>SZCZEG\u00d3\u0141OWY HARMONOGRAM UDZIELANIA WSPARCIA \/ DZIA\u0141A\u0143 W PROJEKCIE Nazwa Beneficjenta: Wojew\u00f3dztwo Podlaskie\/Regionalny O\u015brodek Polityki Spo\u0142ecznej w Bia\u0142ymstoku Numer projektu: FERS.04.13-IP.06-0016\/23 Tytu\u0142 projektu: \u201eKoordynacja dzia\u0142a\u0144 w zakresie polityki spo\u0142ecznej w wojew\u00f3dztwie podlaskim\u201d Harmonogram dotyczy dzia\u0142a\u0144 \/ wsparcia w projekcie w okresie: 01.05.2026 \u2013 31.05.2026 r. Harmonogram wsparcia maj 2026 (skan orygina\u0142u) [.PDF] Harmonogram wsparcia \u2013 maj &hellip; <a href=\"https:\/\/rops-bialystok.pl\/fers\/harmonogram-wsparcia-maj-2026\/\" class=\"more-link\">Continue reading<span class=\"screen-reader-text\"> &#8222;Harmonogram wsparcia \u2013 maj 2026&#8221;<\/span><\/a><\/p>\n","protected":false},"author":1,"featured_media":0,"parent":0,"menu_order":0,"comment_status":"closed","ping_status":"closed","template":"","meta":{"footnotes":""},"class_list":["post-27019","page","type-page","status-publish","hentry"],"_links":{"self":[{"href":"https:\/\/rops-bialystok.pl\/fers\/wp-json\/wp\/v2\/pages\/27019","targetHints":{"allow":["GET"]}}],"collection":[{"href":"https:\/\/rops-bialystok.pl\/fers\/wp-json\/wp\/v2\/pages"}],"about":[{"href":"https:\/\/rops-bialystok.pl\/fers\/wp-json\/wp\/v2\/types\/page"}],"author":[{"embeddable":true,"href":"https:\/\/rops-bialystok.pl\/fers\/wp-json\/wp\/v2\/users\/1"}],"replies":[{"embeddable":true,"href":"https:\/\/rops-bialystok.pl\/fers\/wp-json\/wp\/v2\/comments?post=27019"}],"version-history":[{"count":11,"href":"https:\/\/rops-bialystok.pl\/fers\/wp-json\/wp\/v2\/pages\/27019\/revisions"}],"predecessor-version":[{"id":27068,"href":"https:\/\/rops-bialystok.pl\/fers\/wp-json\/wp\/v2\/pages\/27019\/revisions\/27068"}],"wp:attachment":[{"href":"https:\/\/rops-bialystok.pl\/fers\/wp-json\/wp\/v2\/media?parent=27019"}],"curies":[{"name":"wp","href":"https:\/\/api.w.org\/{rel}","templated":true}]}}