{"id":20,"date":"2012-07-20T21:47:57","date_gmt":"2012-07-20T19:47:57","guid":{"rendered":"http:\/\/www.rops-bialystok.pl\/ppwr\/?page_id=20"},"modified":"2023-07-07T14:41:08","modified_gmt":"2023-07-07T12:41:08","slug":"krzywdzenie-dzieci","status":"publish","type":"page","link":"https:\/\/rops-bialystok.pl\/ppwr\/?page_id=20","title":{"rendered":"Krzywdzenie dzieci"},"content":{"rendered":"<p style=\"text-align: left;\"><span style=\"font-size: 20px; font-family: arial, helvetica, sans-serif;\"><strong>CZYNNIKI RYZYKA KRZYWDZENIA DZIECKA<\/strong><\/span><\/p>\n<p style=\"text-align: left;\"><span style=\"font-family: arial, helvetica, sans-serif;\">Czynniki ryzyka krzywdzenia dziecka to wybrane informacje nt. warunk\u00f3w\/ sytuacji\/sposobu funkcjonowania rodziny sprzyjaj\u0105ce krzywdzeniu dzieci w danej rodzinie. Analizuje si\u0119 i ocenia czynniki le\u017c\u0105ce po stronie samego dziecka, rodzic\u00f3w i rodziny jako ca\u0142o\u015bci.<\/span><\/p>\n<p style=\"text-align: left;\"><span style=\"font-family: arial, helvetica, sans-serif;\"><strong><span style=\"font-size: 14px;\">CZYNNIKI RYZYKA ZWI\u0104ZANE Z OSOB\u0104 DZIECKA:<\/span><\/strong><\/span><\/p>\n<ul style=\"text-align: left;\">\n<li><span style=\"font-family: arial, helvetica, sans-serif;\">niepe\u0142nosprawno\u015b\u0107 fizyczna lub\\ i psychiczna<\/span><\/li>\n<li><span style=\"font-family: arial, helvetica, sans-serif;\">przewlek\u0142a choroba<\/span><\/li>\n<li><span style=\"font-family: arial, helvetica, sans-serif;\">specyficzne zachowania dziecka (nadpobudliwo\u015b\u0107, moczenie nocne, trudno\u015bci ze spaniem, trudno\u015bci z jedzeniem etc.)<\/span><\/li>\n<li><span style=\"font-family: arial, helvetica, sans-serif;\">deficyty rozwojowe (problemy z nauk\u0105)<\/span><\/li>\n<li><span style=\"font-family: arial, helvetica, sans-serif;\">dziecko z poprzedniego zwi\u0105zku (nieakceptowane przez drugiego partnera)<\/span><\/li>\n<li><span style=\"font-family: arial, helvetica, sans-serif;\">wcze\u015bniactwo, pochodzenie z ci\u0105\u017cy mnogiej, dzieci bli\u017aniacze<\/span><\/li>\n<li><span style=\"font-family: arial, helvetica, sans-serif;\">dziecko odseparowane od matki tu\u017c po urodzeniu<\/span><\/li>\n<li><span style=\"font-family: arial, helvetica, sans-serif;\">dziecko niespe\u0142niaj\u0105ce oczekiwa\u0144 rodzic\u00f3w (np. co do p\u0142ci)<\/span><\/li>\n<li><span style=\"font-family: arial, helvetica, sans-serif;\">dziecko urodzone po \u015bmierci poprzedniego dziecka<\/span><\/li>\n<\/ul>\n<p style=\"text-align: left;\"><span style=\"font-family: arial, helvetica, sans-serif;\">\u00a0<\/span><br \/>\n<span style=\"font-family: arial, helvetica, sans-serif;\"><strong><span style=\"font-size: 14px;\">CZYNNIKI RYZYKA ZWI\u0104ZANE Z OSOB\u0104 RODZICA:<\/span><\/strong><\/span><\/p>\n<ul style=\"text-align: left;\">\n<li><span style=\"font-family: arial, helvetica, sans-serif;\">wczesne lub p\u00f3\u017ane rodzicielstwo<\/span><\/li>\n<li><span style=\"font-family: arial, helvetica, sans-serif;\">znaczna r\u00f3\u017cnica wieku mi\u0119dzy matk\u0105 a ojcem (powy\u017cej 8 lat)<\/span><\/li>\n<li><span style=\"font-family: arial, helvetica, sans-serif;\">niechciana ci\u0105\u017ca, kr\u00f3tkie odst\u0119py pomi\u0119dzy kolejnymi porodami<\/span><\/li>\n<li><span style=\"font-family: arial, helvetica, sans-serif;\">por\u00f3d bez zawarcia zwi\u0105zku ma\u0142\u017ce\u0144skiego z ojcem dziecka<\/span><\/li>\n<li><span style=\"font-family: arial, helvetica, sans-serif;\">depresja poporodowa<\/span><\/li>\n<li><span style=\"font-family: arial, helvetica, sans-serif;\">aktualnie niesatysfakcjonuj\u0105cy zwi\u0105zek z partnerem<\/span><\/li>\n<li><span style=\"font-family: arial, helvetica, sans-serif;\">do\u015bwiadczanie krzywdzenia w obecnym zwi\u0105zku<\/span><\/li>\n<li><span style=\"font-family: arial, helvetica, sans-serif;\">krzywdzenie w historii poprzednich zwi\u0105zk\u00f3w<\/span><\/li>\n<li><span style=\"font-family: arial, helvetica, sans-serif;\">do\u015bwiadczanie krzywdzenia w dzieci\u0144stwie<\/span><\/li>\n<li><span style=\"font-family: arial, helvetica, sans-serif;\">upo\u015bledzenie umys\u0142owe, choroba psychiczna, zaburzenia osobowo\u015bci<\/span><\/li>\n<li><span style=\"font-family: arial, helvetica, sans-serif;\">niepe\u0142nosprawno\u015b\u0107 fizyczna<\/span><\/li>\n<li><span style=\"font-family: arial, helvetica, sans-serif;\">przewlek\u0142a choroba<\/span><\/li>\n<li><span style=\"font-family: arial, helvetica, sans-serif;\">uzale\u017cnienie od alkoholu, narkotyk\u00f3w, lekarstw etc.<\/span><\/li>\n<li><span style=\"font-family: arial, helvetica, sans-serif;\">prostytuowanie si\u0119<\/span><\/li>\n<\/ul>\n<p style=\"text-align: left;\"><span style=\"font-family: arial, helvetica, sans-serif;\">\u00a0<\/span><br \/>\n<span style=\"font-family: arial, helvetica, sans-serif;\"><strong><span style=\"font-size: 14px;\">CZYNNIKI RYZYKA WYNIKAJ\u0104CE ZE STRUKTURY I FUNKCJONOWANIA RODZINY:<\/span><\/strong><\/span><\/p>\n<ul style=\"text-align: left;\">\n<li><span style=\"font-family: arial, helvetica, sans-serif;\">struktura rodziny: rodzina rozbita, wielodzietna, zast\u0119pcza, adopcyjna<\/span><\/li>\n<li><span style=\"font-family: arial, helvetica, sans-serif;\">samotne rodzicielstwo<\/span><\/li>\n<li><span style=\"font-family: arial, helvetica, sans-serif;\">rodzina niepe\u0142na czasowo (np. z powodu wyjazd\u00f3w rodzic\u00f3w za granic\u0119)<\/span><\/li>\n<li><span style=\"font-family: arial, helvetica, sans-serif;\">posiadanie dzieci z r\u00f3\u017cnych zwi\u0105zk\u00f3w<\/span><\/li>\n<li><span style=\"font-family: arial, helvetica, sans-serif;\">zwi\u0105zek nieformalny<\/span><\/li>\n<li><span style=\"font-family: arial, helvetica, sans-serif;\">ma\u0142\u017ce\u0144stwo mieszane etnicznie<\/span><\/li>\n<li><span style=\"font-family: arial, helvetica, sans-serif;\">przewlek\u0142a choroba lub inwalidztwo w rodzinie<\/span><\/li>\n<li><span style=\"font-family: arial, helvetica, sans-serif;\">zak\u0142\u00f3cenia w zakresie r\u00f3l pe\u0142nionych przez poszczeg\u00f3lnych cz\u0142onk\u00f3w rodziny (np. pe\u0142nienie przez dzieci r\u00f3l doros\u0142ych)<\/span><\/li>\n<li><span style=\"font-family: arial, helvetica, sans-serif;\">niekorzystna sytuacja ekonomiczno-bytowa (np. trudne warunki mieszkaniowe &#8211; sanitarne, techniczne, zbyt du\u017ca liczba cz\u0142onk\u00f3w rodziny w jednym mieszkaniu\/domu, bezrobocie etc.)<\/span><\/li>\n<li><span style=\"font-family: arial, helvetica, sans-serif;\">rodzina wyizolowana spo\u0142ecznie<\/span><\/li>\n<li><span style=\"font-family: arial, helvetica, sans-serif;\">d\u0142ugotrwa\u0142e konflikty w po\u017cyciu ma\u0142\u017ce\u0144skim<\/span><\/li>\n<li><span style=\"font-family: arial, helvetica, sans-serif;\">uprzednia karalno\u015b\u0107, pozostawanie w zainteresowaniu s\u0105du\/Policji<\/span><\/li>\n<li><span style=\"font-family: arial, helvetica, sans-serif;\">pobyty w plac\u00f3wkach interwencyjnych.<\/span><\/li>\n<\/ul>\n<p style=\"text-align: left;\"><span style=\"font-family: arial, helvetica, sans-serif;\">\u00a0<\/span><br \/>\n<span style=\"font-family: arial, helvetica, sans-serif;\"><strong>ZESP\u00d3\u0141 DZIECKA POTRZ\u0104SANEGO<\/strong><\/span><\/p>\n<p style=\"text-align: left;\"><span style=\"font-family: arial, helvetica, sans-serif;\">Gwa\u0142towne potrz\u0105sanie niemowl\u0119ciem b\u0105d\u017a ma\u0142ym dzieckiem mo\u017ce doprowadzi\u0107 do powa\u017cnych uraz\u00f3w w obr\u0119bie m\u00f3zgu. Dzieje si\u0119 tak poniewa\u017c mi\u0119\u015bnie szyjne niemowl\u0105t nie s\u0105 dobrze rozwini\u0119te, co w wyniku potrz\u0105sania lub uderzenia powoduje niekontrolowane przemieszczanie si\u0119 m\u00f3zgu dziecka w obr\u0119bie delikatnej struktury czaszki. To z kolei mo\u017ce skutkowa\u0107 p\u0119kni\u0119ciami naczy\u0144 krwiono\u015bnych, uszkodzeniem tkanek m\u00f3zgu oraz urazami czaszki. Czynniki, kt\u00f3re w spos\u00f3b szczeg\u00f3lny predysponuj\u0105 dziecko do powy\u017cej opisanych uraz\u00f3w to: nieproporcjonalnie du\u017ca g\u0142\u00f3wka, w por\u00f3wnaniu do reszty cia\u0142a, s\u0142abe mi\u0119\u015bnie szyjne, nie zaro\u015bni\u0119te ciemi\u0105czko, rozleg\u0142a przestrze\u0144 podpaj\u0119czyn\u00f3wkowa oraz du\u017ca zawarto\u015b\u0107 wody w strukturach m\u00f3zgu. Bezpo\u015brednim nast\u0119pstwem potrz\u0105sania dziecka jest fakt, \u017ce staje si\u0119 ono ospa\u0142e i spokojniejsze, cz\u0119sto nie wykazuj\u0105c pocz\u0105tkowo \u017cadnych powa\u017cnych objaw\u00f3w, co mo\u017ce u\u015bwiadczy\u0107 rodzica w przekonaniu, \u017ce potrz\u0105sanie jest skuteczn\u0105 metod\u0105 na uspokojenie niemowl\u0119cia. Pierwszymi objawami syndromu dziecka potrz\u0105sanego mog\u0105 by\u0107:<\/span><\/p>\n<ul style=\"text-align: left;\">\n<li><span style=\"font-family: arial, helvetica, sans-serif;\">ospa\u0142o\u015b\u0107<\/span><\/li>\n<li><span style=\"font-family: arial, helvetica, sans-serif;\">dra\u017cliwo\u015b\u0107<\/span><\/li>\n<li><span style=\"font-family: arial, helvetica, sans-serif;\">wymioty<\/span><\/li>\n<li><span style=\"font-family: arial, helvetica, sans-serif;\">s\u0142aby odruch ssania<\/span><\/li>\n<li><span style=\"font-family: arial, helvetica, sans-serif;\">niezdolno\u015b\u0107 podnoszenia g\u0142\u00f3wki<\/span><\/li>\n<li><span style=\"font-family: arial, helvetica, sans-serif;\">brak u\u015bmiechu i gaworzenia<\/span><\/li>\n<li><span style=\"font-family: arial, helvetica, sans-serif;\">niezdolno\u015b\u0107 skupienia wzroku na poruszaj\u0105cym si\u0119 punkcie, itp.<\/span><\/li>\n<\/ul>\n<p style=\"text-align: left;\"><span style=\"font-family: arial, helvetica, sans-serif;\">Chwytanie za tu\u0142\u00f3w i ramiona oraz potrz\u0105sanie niemowl\u0119ciem b\u0105d\u017a ma\u0142ym dzieckiem mo\u017ce w konsekwencji doprowadzi\u0107 do szeregu nieodwracalnych uszkodze\u0144 i uraz\u00f3w, kt\u00f3re b\u0119d\u0105 skutkowa\u0107 przez ca\u0142e \u017cycie, s\u0105 to m.in.:<\/span><\/p>\n<ul style=\"text-align: left;\">\n<li><span style=\"font-family: arial, helvetica, sans-serif;\">cz\u0119\u015bciowa lub ca\u0142kowita \u015blepota<\/span><\/li>\n<li><span style=\"font-family: arial, helvetica, sans-serif;\">utrata s\u0142uchu<\/span><\/li>\n<li><span style=\"font-family: arial, helvetica, sans-serif;\">op\u00f3\u017anienie w rozwoju,<\/span><\/li>\n<li><span style=\"font-family: arial, helvetica, sans-serif;\">upo\u015bledzenia umys\u0142owe,<\/span><\/li>\n<li><span style=\"font-family: arial, helvetica, sans-serif;\">\u201egapowato\u015b\u0107\u201d,<\/span><\/li>\n<li><span style=\"font-family: arial, helvetica, sans-serif;\">trudno\u015bci w mowie i uczeniu si\u0119,<\/span><\/li>\n<li><span style=\"font-family: arial, helvetica, sans-serif;\">nawet stan wegetacji.<\/span><\/li>\n<\/ul>\n<p style=\"text-align: left;\"><span style=\"font-family: arial, helvetica, sans-serif;\"><span style=\"text-decoration: underline; color: #eb0017;\"><strong>Potrz\u0105sanie ma\u0142ym dzieckiem lub niemowl\u0119ciem mo\u017ce mie\u0107 powa\u017cne skutki dla jego zdrowia, <\/strong><\/span><span style=\"text-decoration: underline; color: #eb0017;\"><strong>a nawet \u017cycia!<\/strong><\/span><\/span><\/p>\n<p style=\"text-align: left;\"><span style=\"font-family: arial, helvetica, sans-serif;\"><strong>Szacuje si\u0119, \u017ce 20% niemowl\u0105t dotkni\u0119tych syndromem dziecka potrz\u0105sanego, umiera w przeci\u0105gu kilku dni po urazie. Natomiast wi\u0119kszo\u015b\u0107 pozostaj\u0105cych przy \u017cyciu dzieci jest dotkni\u0119ta upo\u015bledzeniami o r\u00f3\u017cnym stopniu nasilenia. <\/strong><a href=\"#_ftn1\" name=\"_ftnref1\">[1]<\/a><\/span><\/p>\n<hr \/>\n<p style=\"text-align: left;\">\n<p style=\"text-align: left;\"><span style=\"font-family: arial, helvetica, sans-serif;\"><a href=\"#_ftnref1\" name=\"_ftn1\">[1]<\/a> Roszkowska, M., (2009),\u00a0 <em>Zesp\u00f3\u0142 dziecka potrz\u0105sanego, <\/em>&#8222;Dziecko krzywdzone. Teoria. Badania. Praktyka&#8221;<\/span><br \/>\n<span style=\"font-family: arial, helvetica, sans-serif;\">Nr 19 (2007) Wczesna profilaktyka krzywdzenia dzieci. <em>\u00a0<\/em><\/span><\/p>\n<p style=\"text-align: left;\"><span style=\"font-family: arial, helvetica, sans-serif;\"><strong>\u00a0<\/strong><\/span><\/p>\n","protected":false},"excerpt":{"rendered":"<p>CZYNNIKI RYZYKA KRZYWDZENIA DZIECKA Czynniki ryzyka krzywdzenia dziecka to wybrane informacje nt. warunk\u00f3w\/ sytuacji\/sposobu funkcjonowania rodziny sprzyjaj\u0105ce krzywdzeniu dzieci w danej rodzinie. Analizuje si\u0119 i ocenia czynniki le\u017c\u0105ce po stronie samego dziecka, rodzic\u00f3w i rodziny jako ca\u0142o\u015bci. CZYNNIKI RYZYKA ZWI\u0104ZANE Z OSOB\u0104 DZIECKA: niepe\u0142nosprawno\u015b\u0107 fizyczna lub\\ i psychiczna przewlek\u0142a choroba specyficzne zachowania dziecka (nadpobudliwo\u015b\u0107, moczenie [&hellip;]<\/p>\n","protected":false},"author":6,"featured_media":0,"parent":0,"menu_order":1,"comment_status":"closed","ping_status":"closed","template":"","meta":{"footnotes":""},"class_list":["post-20","page","type-page","status-publish","hentry"],"_links":{"self":[{"href":"https:\/\/rops-bialystok.pl\/ppwr\/index.php?rest_route=\/wp\/v2\/pages\/20","targetHints":{"allow":["GET"]}}],"collection":[{"href":"https:\/\/rops-bialystok.pl\/ppwr\/index.php?rest_route=\/wp\/v2\/pages"}],"about":[{"href":"https:\/\/rops-bialystok.pl\/ppwr\/index.php?rest_route=\/wp\/v2\/types\/page"}],"author":[{"embeddable":true,"href":"https:\/\/rops-bialystok.pl\/ppwr\/index.php?rest_route=\/wp\/v2\/users\/6"}],"replies":[{"embeddable":true,"href":"https:\/\/rops-bialystok.pl\/ppwr\/index.php?rest_route=%2Fwp%2Fv2%2Fcomments&post=20"}],"version-history":[{"count":16,"href":"https:\/\/rops-bialystok.pl\/ppwr\/index.php?rest_route=\/wp\/v2\/pages\/20\/revisions"}],"predecessor-version":[{"id":1204,"href":"https:\/\/rops-bialystok.pl\/ppwr\/index.php?rest_route=\/wp\/v2\/pages\/20\/revisions\/1204"}],"wp:attachment":[{"href":"https:\/\/rops-bialystok.pl\/ppwr\/index.php?rest_route=%2Fwp%2Fv2%2Fmedia&parent=20"}],"curies":[{"name":"wp","href":"https:\/\/api.w.org\/{rel}","templated":true}]}}