{"id":967,"date":"2017-03-29T09:49:07","date_gmt":"2017-03-29T07:49:07","guid":{"rendered":"http:\/\/www.rops-bialystok.pl\/ppwr\/?page_id=967"},"modified":"2023-07-07T14:41:57","modified_gmt":"2023-07-07T12:41:57","slug":"nadchodzace-wydarzenia","status":"publish","type":"page","link":"https:\/\/rops-bialystok.pl\/ppwr\/?page_id=967","title":{"rendered":"Nadchodz\u0105ce wydarzenia"},"content":{"rendered":"<div class='pfpItem entry-content'><h4 class='entry-title'><a href='https:\/\/rops-bialystok.pl\/ppwr\/?p=1079'>Rekrutacja na warsztat: \u201ePraca z osob\u0105 stosuj\u0105c\u0105 przemoc\u201d<\/a><\/h4>Szanowni Pa\u0144stwo, Rozpoczynamy rekrutacj\u0119 na organizowany przez Regionalny O\u015brodek Polityki Spo\u0142ecznej w Bia\u0142ymstoku warsztat pod nazw\u0105 \u201ePraca z osob\u0105 stosuj\u0105c\u0105 przemoc\u201d. Celem warsztatu b\u0119dzie podniesienie kwalifikacji zawodowych os\u00f3b zaanga\u017cowanych w przeciwdzia\u0142anie przemocy w rodzinie. Warsztat adresowany jest do: os\u00f3b prowadz\u0105cych zaj\u0119cia korekcyjno \u2013 edukacyjne, os\u00f3b, kt\u00f3re chc\u0105 prowadzi\u0107 zaj\u0119cia korekcyjno \u2013 edukacyjne, ale nie posiadaj\u0105 [&hellip;]<a href='https:\/\/rops-bialystok.pl\/ppwr\/?p=1079' class='pfpReadMore'> Czytaj ca\u0142o\u015b\u0107 \u00bb<\/a><div class='clear'><\/div><hr><\/div><div class='pfpItem entry-content'><h4 class='entry-title'><a href='https:\/\/rops-bialystok.pl\/ppwr\/?p=962'>Szkolenia w ramach cyklu \u201ePomoc rodzinie uwik\u0142anej w przemoc\u201d<\/a><\/h4>W roku 2017 Regionalny O\u015brodek Polityki Spo\u0142ecznej w Bia\u0142ymstoku planuje zorganizowanie warsztat\u00f3w w ramach \u015brodk\u00f3w z dotacji bud\u017cetu pa\u0144stwa pn. \u201ePomoc rodzinie uwik\u0142anej w przemoc\u201d Warsztaty te b\u0119d\u0105 si\u0119 sk\u0142ada\u0142y w dw\u00f3ch cykli: I.\u00a0\u00a0 \u00a0Pierwszy z nich do\u015bwiadczy wiedzy, jak r\u00f3wnie\u017c praktycznych umiej\u0119tno\u015bci z zakresu metodologii pracy z rodzin\u0105 uwik\u0142an\u0105 w przemoc II.\u00a0\u00a0 \u00a0Drugi to [&hellip;]<a href='https:\/\/rops-bialystok.pl\/ppwr\/?p=962' class='pfpReadMore'> Czytaj ca\u0142o\u015b\u0107 \u00bb<\/a><div class='clear'><\/div><hr><\/div>\n","protected":false},"excerpt":{"rendered":"","protected":false},"author":6,"featured_media":0,"parent":0,"menu_order":0,"comment_status":"closed","ping_status":"closed","template":"","meta":{"footnotes":""},"class_list":["post-967","page","type-page","status-publish","hentry"],"_links":{"self":[{"href":"https:\/\/rops-bialystok.pl\/ppwr\/index.php?rest_route=\/wp\/v2\/pages\/967","targetHints":{"allow":["GET"]}}],"collection":[{"href":"https:\/\/rops-bialystok.pl\/ppwr\/index.php?rest_route=\/wp\/v2\/pages"}],"about":[{"href":"https:\/\/rops-bialystok.pl\/ppwr\/index.php?rest_route=\/wp\/v2\/types\/page"}],"author":[{"embeddable":true,"href":"https:\/\/rops-bialystok.pl\/ppwr\/index.php?rest_route=\/wp\/v2\/users\/6"}],"replies":[{"embeddable":true,"href":"https:\/\/rops-bialystok.pl\/ppwr\/index.php?rest_route=%2Fwp%2Fv2%2Fcomments&post=967"}],"version-history":[{"count":4,"href":"https:\/\/rops-bialystok.pl\/ppwr\/index.php?rest_route=\/wp\/v2\/pages\/967\/revisions"}],"predecessor-version":[{"id":1206,"href":"https:\/\/rops-bialystok.pl\/ppwr\/index.php?rest_route=\/wp\/v2\/pages\/967\/revisions\/1206"}],"wp:attachment":[{"href":"https:\/\/rops-bialystok.pl\/ppwr\/index.php?rest_route=%2Fwp%2Fv2%2Fmedia&parent=967"}],"curies":[{"name":"wp","href":"https:\/\/api.w.org\/{rel}","templated":true}]}}