{"id":987,"date":"2017-03-29T10:28:18","date_gmt":"2017-03-29T08:28:18","guid":{"rendered":"http:\/\/www.rops-bialystok.pl\/ppwr\/?page_id=987"},"modified":"2017-03-29T10:38:08","modified_gmt":"2017-03-29T08:38:08","slug":"archiwum-wiadomosci-2014","status":"publish","type":"page","link":"https:\/\/rops-bialystok.pl\/ppwr\/?page_id=987","title":{"rendered":"Archiwum wiadomo\u015bci 2014"},"content":{"rendered":"<div class='pfpItem entry-content'><h4 class='entry-title'><a href='https:\/\/rops-bialystok.pl\/ppwr\/?p=723'>Nieodp\u0142atna pomoc dla os\u00f3b pokrzywdzonych przest\u0119pstwem oraz cz\u0142onk\u00f3w ich rodzin<\/a><\/h4>W zwi\u0105zku z konieczno\u015bci\u0105 zapewnienia odpowiedniego wsparcia osobom pokrzywdzonym przest\u0119pstwem oraz cz\u0142onkom ich rodzin, Ministerstwo Sprawiedliwo\u015bci informuje, i\u017c osoby te maj\u0105 mo\u017cliwo\u015b\u0107 skorzystania z bezp\u0142atnej pomocy podmiot\u00f3w i organizacji pozarz\u0105dowych, otrzymuj\u0105cych na ten cel dofinansowanie ze \u015brodk\u00f3w Funduszu Pomocy Pokrzywdzonym oraz Pomocy Postpenitencjarnej. Szczeg\u00f3\u0142owe informacje znajduj\u0105 si\u0119 w za\u0142\u0105czeniu. Informacja<a href='https:\/\/rops-bialystok.pl\/ppwr\/?p=723' class='pfpReadMore'> Czytaj ca\u0142o\u015b\u0107 \u00bb<\/a><div class='clear'><\/div><hr><\/div><div class='pfpItem entry-content'><h4 class='entry-title'><a href='https:\/\/rops-bialystok.pl\/ppwr\/?p=690'>Seminarium \"Procedura odebrania dziecka\"<\/a><\/h4><img decoding=\"async\" class=\"ngg_displayed_gallery mceItem\" src=\"http:\/\/www.rops-bialystok.pl\/ppwr\/index.php\/nextgen-attach_to_post\/preview\/id--717\" alt=\"\" \/>W dniu 18.11.2014 r. Regionalny O\u015brodek Polityki Spo\u0142ecznej w Bia\u0142ymstoku zorganizowa\u0142 seminarium kierowane do przedstawicieli grup zawodowych pracuj\u0105cych w obszarze przeciwdzia\u0142ania przemocy pn. \u201eProcedura odebrania dziecka \u2013 aspekty prawne i psychologiczne\u201d. Ze wzgl\u0119du na wysok\u0105 warto\u015b\u0107 merytoryczn\u0105, przedsi\u0119wzi\u0119cie cieszy\u0142o si\u0119 du\u017cym zainteresowaniem oraz frekwencj\u0105 w\u015br\u00f3d ww. grup. Uczestniczy\u0142o w nim \u0142\u0105cznie ponad 120 os\u00f3b, m.in [&hellip;]<a href='https:\/\/rops-bialystok.pl\/ppwr\/?p=690' class='pfpReadMore'> Czytaj ca\u0142o\u015b\u0107 \u00bb<\/a><div class='clear'><\/div><hr><\/div><div class='pfpItem entry-content'><h4 class='entry-title'><a href='https:\/\/rops-bialystok.pl\/ppwr\/?p=685'>\u201eNie ufaj bezGRANICznie\u201d<\/a><\/h4>Zjawisko handlu lud\u017ami najcz\u0119\u015bciej uto\u017csamiane jest z handlem kobietami zmuszanymi do prostytucji. W rzeczywisto\u015bci handel lud\u017ami jest poj\u0119ciem o wiele szerszym, obejmuje m.in.: sprzedawanie ludzi do niewolniczej pracy, \u017cebractwa, kradzie\u017cy, nielegalne adopcje oraz handel narz\u0105dami. Dostrzegaj\u0105c wag\u0119 problemu, Komenda Wojew\u00f3dzka Policji w Bia\u0142ymstoku wsp\u00f3lnie z Regionalnym O\u015brodkiem Polityki Spo\u0142ecznej w Bia\u0142ymstoku, po raz kolejny, realizuje [&hellip;]<a href='https:\/\/rops-bialystok.pl\/ppwr\/?p=685' class='pfpReadMore'> Czytaj ca\u0142o\u015b\u0107 \u00bb<\/a><div class='clear'><\/div><hr><\/div><div class='pfpItem entry-content'><h4 class='entry-title'><a href='https:\/\/rops-bialystok.pl\/ppwr\/?p=681'>PATRONUS projekt realizowany przez Polskie Stowarzyszenie Pedagog\u00f3w i Animator\u00f3w KLANZA Oddzia\u0142 Bia\u0142ostocki<\/a><\/h4>Polskie Stowarzyszenie Pedagog\u00f3w i Animator\u00f3w KLANZA Oddzia\u0142 Bia\u0142ostocki realizuje program pn. \u201ePATRONUS \u2013 projekt podtrzymuj\u0105cy funkcjonowanie specjalistycznego wsparcia dla dzieci i rodzin z terenu woj. podlaskiego, b\u0119d\u0105cych w kryzysie &#8211; w tym zw\u0142aszcza ofiar przest\u0119pstw i krzywdzenia\u201d. Celem g\u0142\u00f3wnym projektu jest poprawa sytuacji rodzin oraz dzieci, z wojew\u00f3dztwa podlaskiego, b\u0119d\u0105cych w kryzysie. W ramach programu [&hellip;]<a href='https:\/\/rops-bialystok.pl\/ppwr\/?p=681' class='pfpReadMore'> Czytaj ca\u0142o\u015b\u0107 \u00bb<\/a><div class='clear'><\/div><hr><\/div><div class='pfpItem entry-content'><h4 class='entry-title'><a href='https:\/\/rops-bialystok.pl\/ppwr\/?p=675'>Projekt Polskiego Stowarzyszenia Pedagog\u00f3w i Animotor\u00f3w KLANZA  Oddzia\u0142 Bia\u0142ostocki -   \"Chc\u0119 inaczej...-bez przemocy\"<\/a><\/h4>Regionalny O\u015brodek Polityki Spo\u0142ecznej w Bia\u0142ymstoku informuje, i\u017c Polskie Stowarzyszenie Pedagog\u00f3w i Animator\u00f3w KLANZA Oddzia\u0142 Bia\u0142ostocki w okresie 1.08.2014- 15.12.2014 realizuje projekt pn. \u201eChc\u0119 inaczej \u2013 bez przemocy\u201d. Projekt kierowany jest do rodzic\u00f3w: &#8211; kt\u00f3rzy decyzj\u0105 s\u0105du maj\u0105 ograniczon\u0105 w\u0142adz\u0119 rodzicielsk\u0105 z uwagi na stosowanie przemocy, &#8211; kt\u00f3rzy zaniedbuj\u0105 swoje dzieci, stosuj\u0105 wobec nich przemoc [&hellip;]<a href='https:\/\/rops-bialystok.pl\/ppwr\/?p=675' class='pfpReadMore'> Czytaj ca\u0142o\u015b\u0107 \u00bb<\/a><div class='clear'><\/div><hr><\/div><div class='pfpItem entry-content'><h4 class='entry-title'><a href='https:\/\/rops-bialystok.pl\/ppwr\/?p=671'>O\u015brodek  Pomocy Osobom Pokrzywdzonym przez Przemoc<\/a><\/h4>O\u015brodek Pomocy dla Os\u00f3b Pokrzywdzonych Przest\u0119pstwem zapewnia nieodp\u0142atnie: pomoc prawn\u0105, pomoc psychologiczn\u0105, mediacje, pokrywanie koszt\u00f3w zakupu \u017cywno\u015bci lub bon\u00f3w \u017cywno\u015bciowych, pokrywanie koszt\u00f3w zakupu odzie\u017cy, bielizny, obuwia, \u015brodk\u00f3w czysto\u015bci i higieny osobistej, pokrywanie koszt\u00f3w czasowego zakwaterowania lub udzielania schronienia, finansowanie okresowych dop\u0142at do bie\u017c\u0105cych zobowi\u0105za\u0144 czynszowych za lokal mieszkalny, do kt\u00f3rego osoba uprawniona posiada tytu\u0142 prawny, [&hellip;]<a href='https:\/\/rops-bialystok.pl\/ppwr\/?p=671' class='pfpReadMore'> Czytaj ca\u0142o\u015b\u0107 \u00bb<\/a><div class='clear'><\/div><hr><\/div><div class='pfpItem entry-content'><h4 class='entry-title'><a href='https:\/\/rops-bialystok.pl\/ppwr\/?p=657'>Program pilota\u017cowy \u201eTo moja decyzja \u2013 zastosowanie element\u00f3w sprawiedliwo\u015bci naprawczej w systemie przeciwdzia\u0142ania przest\u0119pczo\u015bci nieletnich\u201d<\/a><\/h4>Przest\u0119pczo\u015b\u0107 w\u015br\u00f3d nieletnich jest istotnym problemem spo\u0142ecznym. Szczeg\u00f3lnie niepokoj\u0105cym zjawiskiem jest udzia\u0142 nieletnich w czynach z u\u017cyciem przemocy. Komenda Wojew\u00f3dzka Policji w Bia\u0142ymstoku, wychodz\u0105c naprzeciw problemowi, opracowa\u0142a program pilota\u017cowy pn. \u201eTo moja decyzja \u2013 zastosowanie element\u00f3w sprawiedliwo\u015bci naprawczej w systemie przeciwdzia\u0142ania przest\u0119pczo\u015bci nieletnich\u201d. Zamierzeniem projektu jest wdro\u017cenie element\u00f3w sprawiedliwo\u015bci naprawczej w systemie prawnym, dotycz\u0105cym post\u0119powania [&hellip;]<a href='https:\/\/rops-bialystok.pl\/ppwr\/?p=657' class='pfpReadMore'> Czytaj ca\u0142o\u015b\u0107 \u00bb<\/a><div class='clear'><\/div><hr><\/div><div class='pfpItem entry-content'><h4 class='entry-title'><a href='https:\/\/rops-bialystok.pl\/ppwr\/?p=631'>Szkolenie dla przedstawicieli Gminnych Komisji Rozwi\u0105zywania Problem\u00f3w Alkoholowych<\/a><\/h4><img decoding=\"async\" src=\"https:\/\/rops-bialystok.pl\/ppwr\/wp-content\/uploads\/2014\/05\/DSCF8556-150x150.jpg\" \/>Regionalny O\u015brodek Polityki Spo\u0142ecznej, kontynuuj\u0105c zainicjowane w latach poprzednich przedsi\u0119wzi\u0119cie pn. \u201eGminne Komisje Rozwi\u0105zywania Problem\u00f3w Alkoholowych \u2013 Szkolenie Podstawowe\u201d, zorganizowa\u0142 cykl jednodniowych szkole\u0144, z zakresu przeciwdzia\u0142ania przemocy w rodzinie i profilaktyki uzale\u017cnie\u0144, dla przedstawicieli Gminnych Komisji Rozwi\u0105zywania Problem\u00f3w Alkoholowych w powiatach: 12 maja 2014 r. w powiecie suwalskim, 13 maja 2014 r. w powiecie sok\u00f3lskim [&hellip;]<a href='https:\/\/rops-bialystok.pl\/ppwr\/?p=631' class='pfpReadMore'> Czytaj ca\u0142o\u015b\u0107 \u00bb<\/a><div class='clear'><\/div><hr><\/div><div class='pfpItem entry-content'><h4 class='entry-title'><a href='https:\/\/rops-bialystok.pl\/ppwr\/?p=610'>Nieodp\u0142atna pomoc dla os\u00f3b pokrzywdzonych przez przemoc<\/a><\/h4>W tym roku Centrum Aktywno\u015bci Spo\u0142ecznej PRYZMAT ponownie prowadzi O\u015brodek Pomocy Osobom Pokrzywdzonym przez Przemoc wsp\u00f3\u0142finansowany ze \u015brodk\u00f3w Funduszu Pomocy Pokrzywdzonym oraz Pomocy Postpenitencjarnej. O\u015brodek Pomocy dla Os\u00f3b Pokrzywdzonych Przest\u0119pstwem zapewnia nieodp\u0142atnie: pomoc prawn\u0105, pomoc psychologiczn\u0105, mediacje, pokrywanie koszt\u00f3w zakupu \u017cywno\u015bci lub bon\u00f3w \u017cywno\u015bciowych, pokrywanie koszt\u00f3w zakupu odzie\u017cy, bielizny, obuwia, \u015brodk\u00f3w czysto\u015bci i higieny osobistej, [&hellip;]<a href='https:\/\/rops-bialystok.pl\/ppwr\/?p=610' class='pfpReadMore'> Czytaj ca\u0142o\u015b\u0107 \u00bb<\/a><div class='clear'><\/div><hr><\/div><div class='pfpItem entry-content'><h4 class='entry-title'><a href='https:\/\/rops-bialystok.pl\/ppwr\/?p=614'>VII Edycja Og\u00f3lnopolskiego Konkursu \u201ePolicjant, kt\u00f3ry mi pom\u00f3g\u0142\u201d<\/a><\/h4>Regionalny O\u015brodek Polityki Spo\u0142ecznej w Bia\u0142ymstoku informuje o trwaj\u0105cej VII edycji og\u00f3lnopolskiego konkursu pod nazw\u0105 \u201ePolicjant, kt\u00f3ry mi pom\u00f3g\u0142\u201d s\u0142u\u017c\u0105cego wyr\u00f3\u017cnieniu policjant\u00f3w, kt\u00f3rzy w szczeg\u00f3lny spos\u00f3b dzia\u0142aj\u0105 na rzecz ochrony ofiar przemocy domowej. Zg\u0142oszenia w ramach obecnej edycji przyjmowane b\u0119d\u0105 do 31 maja 2014 roku. Konkurs odbywa si\u0119 pod patronatem Komendanta G\u0142\u00f3wnego Policji oraz Rz\u0105dowego [&hellip;]<a href='https:\/\/rops-bialystok.pl\/ppwr\/?p=614' class='pfpReadMore'> Czytaj ca\u0142o\u015b\u0107 \u00bb<\/a><div class='clear'><\/div><hr><\/div><div class='pfpItem entry-content'><h4 class='entry-title'><a href='https:\/\/rops-bialystok.pl\/ppwr\/?p=612'>Tydzie\u0144 Pomocy Osobom Pokrzywdzonym Przest\u0119pstwem<\/a><\/h4>W ramach \u201eTygodnia Pomocy Osobom Pokrzywdzonym Przest\u0119pstwem\u201d, w dniach 24 lutego \u2013 1 marca br. osoby pokrzywdzone przest\u0119pstwem b\u0119d\u0105 mog\u0142y skorzysta\u0107 z bezp\u0142atnych porad i informacji udzielanych przez prawnik\u00f3w, psycholog\u00f3w oraz przedstawicieli podmiot\u00f3w takich, jak Naczelna Rada Adwokacka, Krajowa Izba Radc\u00f3w Prawnych, Rzecznik Praw Obywatelskich, Komenda G\u0142\u00f3wna Policji, Komenda G\u0142\u00f3wna Stra\u017cy Granicznej, Prokuratura Generalna, Krajowa [&hellip;]<a href='https:\/\/rops-bialystok.pl\/ppwr\/?p=612' class='pfpReadMore'> Czytaj ca\u0142o\u015b\u0107 \u00bb<\/a><div class='clear'><\/div><hr><\/div>\n","protected":false},"excerpt":{"rendered":"","protected":false},"author":6,"featured_media":0,"parent":0,"menu_order":0,"comment_status":"closed","ping_status":"closed","template":"","meta":{"footnotes":""},"class_list":["post-987","page","type-page","status-publish","hentry"],"_links":{"self":[{"href":"https:\/\/rops-bialystok.pl\/ppwr\/index.php?rest_route=\/wp\/v2\/pages\/987","targetHints":{"allow":["GET"]}}],"collection":[{"href":"https:\/\/rops-bialystok.pl\/ppwr\/index.php?rest_route=\/wp\/v2\/pages"}],"about":[{"href":"https:\/\/rops-bialystok.pl\/ppwr\/index.php?rest_route=\/wp\/v2\/types\/page"}],"author":[{"embeddable":true,"href":"https:\/\/rops-bialystok.pl\/ppwr\/index.php?rest_route=\/wp\/v2\/users\/6"}],"replies":[{"embeddable":true,"href":"https:\/\/rops-bialystok.pl\/ppwr\/index.php?rest_route=%2Fwp%2Fv2%2Fcomments&post=987"}],"version-history":[{"count":1,"href":"https:\/\/rops-bialystok.pl\/ppwr\/index.php?rest_route=\/wp\/v2\/pages\/987\/revisions"}],"predecessor-version":[{"id":994,"href":"https:\/\/rops-bialystok.pl\/ppwr\/index.php?rest_route=\/wp\/v2\/pages\/987\/revisions\/994"}],"wp:attachment":[{"href":"https:\/\/rops-bialystok.pl\/ppwr\/index.php?rest_route=%2Fwp%2Fv2%2Fmedia&parent=987"}],"curies":[{"name":"wp","href":"https:\/\/api.w.org\/{rel}","templated":true}]}}