{"id":11225,"date":"2017-01-27T10:24:41","date_gmt":"2017-01-27T09:24:41","guid":{"rendered":"http:\/\/www.rops-bialystok.pl\/rops\/?page_id=11225"},"modified":"2017-01-27T10:24:41","modified_gmt":"2017-01-27T09:24:41","slug":"aktualnosci-polityka-rodzinna-2012","status":"publish","type":"page","link":"https:\/\/rops-bialystok.pl\/rops\/?page_id=11225","title":{"rendered":"Aktualno\u015bci &#8211; polityka rodzinna 2012"},"content":{"rendered":"<div class='pfpItem entry-content'><h2 class='entry-title'><a href='https:\/\/rops-bialystok.pl\/rops\/?p=1000'>Uroczyste zako\u0144czenie X Podlaskich Dni Rodziny w dn. 27 czerwca 2012 r<\/a><\/h2><div class='entry-meta'>Opublikowane 28 czerwca, 2012 r. <\/div><img decoding=\"async\" src=\"https:\/\/rops-bialystok.pl\/rops\/wp-content\/uploads\/2012\/06\/42311341382667-150x150.jpg\" \/>W dniu 27 czerwca 2012 roku nad Zalewem w Korycinie, odby\u0142a si\u0119 wojew\u00f3dzka inauguracja \u201eWakacji 2012\u201d na terenie Podlasia. Organizatorami imprezy byli: Komenda Wojew\u00f3dzka Policji w Bia\u0142ymstoku, Urz\u0105d Gminy w Korycinie oraz Regionalny O\u015brodek Polityki Spo\u0142ecznej w Bia\u0142ymstoku. Spotkanie by\u0142o r\u00f3wnie\u017c okazj\u0105 do uroczystego zako\u0144czenia X Podlaskich Dni Rodziny pn. \u201eKochaj i dawaj przyk\u0142ad\u201d oraz [&hellip;]<a href='https:\/\/rops-bialystok.pl\/rops\/?p=1000' class='pfpReadMore'> Przeczytaj ca\u0142o\u015b\u0107 \u00bb<\/a><div class='clear'><\/div><hr><\/div><div class='pfpItem entry-content'><h2 class='entry-title'><a href='https:\/\/rops-bialystok.pl\/rops\/?p=988'>Piknik rodzinny w Starym Zakrzewie w ramach X Podlaskich Dni Rodziny<\/a><\/h2><div class='entry-meta'>Opublikowane 4 maja, 2012 r. <\/div><img decoding=\"async\" src=\"https:\/\/rops-bialystok.pl\/rops\/wp-content\/uploads\/2012\/05\/40591336456292m-150x150.jpg\" \/>W pi\u0105tek 4 maja 2012 roku w ramach X\u00a0Podlaskich\u00a0Dni Rodziny pod has\u0142em \u201eKochaj i dawaj przyk\u0142ad\u201d odby\u0142 si\u0119 Piknik Rodzinny przy Szkole Podstawowej w Starym Zakrzewie, gmina Zambr\u00f3w. Powy\u017csza uroczysto\u015b\u0107\u00a0zosta\u0142a zorganizowana\u00a0przez Dyrektora i Rad\u0119 Pedagogiczn\u0105. Podczas imprezy uczniowie zaprezentowali talenty muzyczne, recytatorskie i taneczne. Rodzice z uwag\u0105 i podziwem wys\u0142uchali i obejrzeli wyst\u0119py swoich pociech. [&hellip;]<a href='https:\/\/rops-bialystok.pl\/rops\/?p=988' class='pfpReadMore'> Przeczytaj ca\u0142o\u015b\u0107 \u00bb<\/a><div class='clear'><\/div><hr><\/div><div class='pfpItem entry-content'><h2 class='entry-title'><a href='https:\/\/rops-bialystok.pl\/rops\/?p=986'>X Podlaskie Dni Rodziny \u2013 zaproszenie<\/a><\/h2><div class='entry-meta'>Opublikowane 26 kwietnia, 2012 r. <\/div>X PODLASKIE DNI RODZINY pod has\u0142em \u201eKochaj i dawaj przyk\u0142ad\u201d 1 maja \u2013\u00a030\u00a0czerwca 2012 roku Regionalny O\u015brodek Polityki Spo\u0142ecznej w Bia\u0142ymstoku pragnie zaprosi\u0107 samorz\u0105dy lokalne, organizacje pozarz\u0105dowe, szko\u0142y oraz instytucje administracji rz\u0105dowej wojew\u00f3dztwa do aktywnego w\u0142\u0105czenia si\u0119 w realizacj\u0119 idei i misji jubileuszowych X Podlaskich Dni Rodziny pod has\u0142em \u201eKochaj i dawaj przyk\u0142ad\u201d Janusza Korczaka. [&hellip;]<a href='https:\/\/rops-bialystok.pl\/rops\/?p=986' class='pfpReadMore'> Przeczytaj ca\u0142o\u015b\u0107 \u00bb<\/a><div class='clear'><\/div><hr><\/div>\n","protected":false},"excerpt":{"rendered":"","protected":false},"author":12,"featured_media":0,"parent":0,"menu_order":0,"comment_status":"closed","ping_status":"closed","template":"","meta":{"ngg_post_thumbnail":0,"footnotes":""},"class_list":["post-11225","page","type-page","status-publish","hentry"],"_links":{"self":[{"href":"https:\/\/rops-bialystok.pl\/rops\/index.php?rest_route=\/wp\/v2\/pages\/11225","targetHints":{"allow":["GET"]}}],"collection":[{"href":"https:\/\/rops-bialystok.pl\/rops\/index.php?rest_route=\/wp\/v2\/pages"}],"about":[{"href":"https:\/\/rops-bialystok.pl\/rops\/index.php?rest_route=\/wp\/v2\/types\/page"}],"author":[{"embeddable":true,"href":"https:\/\/rops-bialystok.pl\/rops\/index.php?rest_route=\/wp\/v2\/users\/12"}],"replies":[{"embeddable":true,"href":"https:\/\/rops-bialystok.pl\/rops\/index.php?rest_route=%2Fwp%2Fv2%2Fcomments&post=11225"}],"version-history":[{"count":1,"href":"https:\/\/rops-bialystok.pl\/rops\/index.php?rest_route=\/wp\/v2\/pages\/11225\/revisions"}],"predecessor-version":[{"id":11226,"href":"https:\/\/rops-bialystok.pl\/rops\/index.php?rest_route=\/wp\/v2\/pages\/11225\/revisions\/11226"}],"wp:attachment":[{"href":"https:\/\/rops-bialystok.pl\/rops\/index.php?rest_route=%2Fwp%2Fv2%2Fmedia&parent=11225"}],"curies":[{"name":"wp","href":"https:\/\/api.w.org\/{rel}","templated":true}]}}