{"id":11257,"date":"2017-01-27T11:18:39","date_gmt":"2017-01-27T10:18:39","guid":{"rendered":"http:\/\/www.rops-bialystok.pl\/rops\/?page_id=11257"},"modified":"2017-01-27T11:18:39","modified_gmt":"2017-01-27T10:18:39","slug":"podlaskie-dni-rodziny-2015","status":"publish","type":"page","link":"https:\/\/rops-bialystok.pl\/rops\/?page_id=11257","title":{"rendered":"Podlaskie Dni Rodziny 2015"},"content":{"rendered":"<div class='pfpItem entry-content'><h2 class='entry-title'><a href='https:\/\/rops-bialystok.pl\/rops\/?p=8295'>Wyprawki szkolne dla podopiecznych Stowarzyszenia Droga<\/a><\/h2><div class='entry-meta'>Opublikowane 3 wrze\u015bnia, 2015 r. <\/div><img\n\t\t\t\t\ttitle=\"11891012_933349913404431_9197519644475325292_n\"\n\t\t\t\t\talt=\"11891012_933349913404431_9197519644475325292_n\"\n\t\t\t\t\tsrc=\"https:\/\/rops-bialystok.pl\/rops\/wp-content\/gallery\/wyprawki-szkolne-dla-podopiecznych-stowarzyszenia-droga\/thumbs\/thumbs_11891012_933349913404431_9197519644475325292_n.jpg\"\n\t\t\t\t\twidth=\"200\"\n\t\t\t\t\theight=\"150\"\n\t\t\t\t\tstyle=\"max-width:100%;\"\n\t\t\t\t\/>W pi\u0105tek 28 sierpnia 2015 r. m\u0142odzi podopieczni Stowarzyszenia Droga w Bia\u0142ymstoku otrzymali wyprawki szkolne, kt\u00f3re zosta\u0142y zakupione przez Regionalny O\u015brodek Polityki Spo\u0142ecznej w Bia\u0142ymstoku. Dzia\u0142anie zosta\u0142o zrealizowane w ramach porozumienia zawartego pomi\u0119dzy obiema instytucjami w ramach realizacji dzia\u0142a\u0144 zwi\u0105zanych z XIII Podlaskimi Dniami Rodziny. Plecaki wraz artyku\u0142ami szkolnymi zosta\u0142y rozdysponowane w\u015br\u00f3d dzieci z rodzin [&hellip;]<a href='https:\/\/rops-bialystok.pl\/rops\/?p=8295' class='pfpReadMore'><br \/>\nPrzeczytaj ca\u0142o\u015b\u0107 \u00bb<\/a><div class='clear'><\/div><hr><\/div><div class='pfpItem entry-content'><h2 class='entry-title'><a href='https:\/\/rops-bialystok.pl\/rops\/?p=8190'>Festyn rodzinny w Szudzia\u0142owie<\/a><\/h2><div class='entry-meta'>Opublikowane 25 sierpnia, 2015 r. <\/div><img\n\t\t\t\t\ttitle=\"IMG_2716\"\n\t\t\t\t\talt=\"IMG_2716\"\n\t\t\t\t\tsrc=\"https:\/\/rops-bialystok.pl\/rops\/wp-content\/gallery\/festyn-rodzinny-w-szudzialowie\/thumbs\/thumbs_IMG_2716.JPG\"\n\t\t\t\t\twidth=\"200\"\n\t\t\t\t\theight=\"150\"\n\t\t\t\t\tstyle=\"max-width:100%;\"\n\t\t\t\t\/>23 sierpnia 2015 r na placu przy ko\u015bciele w Szudzia\u0142owie mia\u0142 miejsce coroczny Jarmark na Bart\u0142omieja. Impreza zorganizowana zosta\u0142a w ramach XIII Podlaskich Dni Rodziny, kt\u00f3re odbywaj\u0105 si\u0119 pod has\u0142em \u201eObierz kurs na rodzin\u0119\u201d. Organizatorami wydarzenia by\u0142 Regionalny O\u015brodek Polityki Spo\u0142ecznej w Bia\u0142ymstoku, W\u00f3jt Gminy Szudzia\u0142owo, Gminny O\u015brodek Animacji Kultury i Rekreacji w Szudzia\u0142owie oraz [&hellip;]<a href='https:\/\/rops-bialystok.pl\/rops\/?p=8190' class='pfpReadMore'><br \/>\nPrzeczytaj ca\u0142o\u015b\u0107 \u00bb<\/a><div class='clear'><\/div><hr><\/div><div class='pfpItem entry-content'><h2 class='entry-title'><a href='https:\/\/rops-bialystok.pl\/rops\/?p=8159'>Zaproszenie na festyn rodzinny w Szudzia\u0142owie<\/a><\/h2><div class='entry-meta'>Opublikowane 17 sierpnia, 2015 r. <\/div><img decoding=\"async\" src=\"https:\/\/rops-bialystok.pl\/rops\/wp-content\/uploads\/2015\/08\/plakat_jarmark-150x150.jpg\" \/>Regionalny O\u015brodek Polityki Spo\u0142ecznej w Bia\u0142ymstoku wraz z W\u00f3jtem Gminy Szudzia\u0142owo zapraszaj\u0105 na Jarmark na Bart\u0142omieja, kt\u00f3ry odb\u0119dzie si\u0119 23 sierpnia 2015 r. na placu przy ko\u015bciele w Szudzia\u0142owie. Impreza odb\u0119dzie si\u0119 w ramach XIII Podlaskich Dni Rodziny, kt\u00f3re odbywaj\u0105 si\u0119 pod has\u0142em \u201eObierz kurs na rodzin\u0119\u201d. W programie przewidziane s\u0105 liczne gry, zabawy oraz [&hellip;]<a href='https:\/\/rops-bialystok.pl\/rops\/?p=8159' class='pfpReadMore'><br \/>\nPrzeczytaj ca\u0142o\u015b\u0107 \u00bb<\/a><div class='clear'><\/div><hr><\/div><div class='pfpItem entry-content'><h2 class='entry-title'><a href='https:\/\/rops-bialystok.pl\/rops\/?p=7826'>Seminarium pn.: \u201eSzacunek i odpowiedzialno\u015b\u0107 jako wa\u017cny element wychowania dziecka\u201d zorganizowane w ramach XIII Podlaskich Dni Rodziny<\/a><\/h2><div class='entry-meta'>Opublikowane 21 maja, 2015 r. <\/div><img decoding=\"async\" width=&quot;160&quot; height=&quot;120&quot; style=\"width:160px; height:120px; border-width: 10px; border-color:#f1f1f1;border: 10px solid #f1f1f1\" alt=\"Dwie kobiety stoj\u0105 przy m\u00f3wnicy. W tle wida\u0107 prezentacje multimedialn\u0105.\" title=\"\" src=\"https:\/\/rops-bialystok.pl\/rops\/wp-content\/uploads\/2015\/05\/DSC06491-160x120.jpg\" rel=\"https:\/\/rops-bialystok.pl\/rops\/wp-content\/uploads\/2015\/05\/DSC06491.JPG\" \/>18 maja 2015 r. o godz. 16.00 w Kuratorium O\u015bwiaty w Bia\u0142ymstoku zosta\u0142o zrealizowane wsp\u00f3lne przedsi\u0119wzi\u0119cie Regionalnego O\u015brodka Polityki Spo\u0142ecznej w Bia\u0142ymstoku oraz Kuratorium O\u015bwiaty w Bia\u0142ymstoku \u2013 Seminarium pn.: \u201eSzacunek i odpowiedzialno\u015b\u0107 jako wa\u017cny element wychowania dziecka\u201d zorganizowane w ramach XIII Podlaskich Dni Rodziny pod has\u0142em \u201eObierz kurs na rodzin\u0119\u201d. W spotkaniu udzia\u0142 wzi\u0119li [&hellip;]<a href='https:\/\/rops-bialystok.pl\/rops\/?p=7826' class='pfpReadMore'><br \/>\nPrzeczytaj ca\u0142o\u015b\u0107 \u00bb<\/a><div class='clear'><\/div><hr><\/div><div class='pfpItem entry-content'><h2 class='entry-title'><a href='https:\/\/rops-bialystok.pl\/rops\/?p=7743'>Zapraszamy do zapoznania si\u0119 z kalendarium przedsi\u0119wzi\u0119\u0107 organizowanych w ramach XIII Podlaskich Dni Rodziny!<\/a><\/h2><div class='entry-meta'>Opublikowane 5 maja, 2015 r. <\/div><img loading=\"lazy\" decoding=\"async\" class=\"aligncenter wp-image-6072\" src=\"http:\/\/www.rops-bialystok.pl\/rops\/wp-content\/uploads\/2014\/04\/Logo-WP-pole-ochronne-300x189.jpg\" alt=\"Logo WP - pole ochronne\" width=\"202\" height=\"126\" \/>1 maja \u2013 31 sierpnia 2015 \u201eObierz kurs na rodzin\u0119\u201d \u2013 tegoroczne has\u0142o XIII Podlaskich Dni Rodziny nawo\u0142uje do zwr\u00f3cenia szczeg\u00f3lnej uwagi na rodzin\u0119, kt\u00f3ra okazuje wsparcie i zrozumienie, anga\u017cuje si\u0119, po\u015bwi\u0119ca czas i uwag\u0119, m\u0105drze wychowuje oraz pomaga w dokonywaniu w\u0142a\u015bciwych wybor\u00f3w \u017cyciowych. Przedsi\u0119wzi\u0119cia organizowane w ramach XIII Podlaskich Dni Rodziny w okresie od [&hellip;]<a href='https:\/\/rops-bialystok.pl\/rops\/?p=7743' class='pfpReadMore'><br \/>\nPrzeczytaj ca\u0142o\u015b\u0107 \u00bb<\/a><div class='clear'><\/div><hr><\/div><div class='pfpItem entry-content'><h2 class='entry-title'><a href='https:\/\/rops-bialystok.pl\/rops\/?p=7656'>Zaproszenie \u2013 XIII Podlaskie Dni Rodziny<\/a><\/h2><div class='entry-meta'>Opublikowane 16 marca, 2015 r. <\/div>Regionalny O\u015brodek Polityki Spo\u0142ecznej w Bia\u0142ymstoku zaprasza samorz\u0105dy lokalne, organizacje pozarz\u0105dowe, szko\u0142y oraz instytucje administracji rz\u0105dowej wojew\u00f3dztwa do aktywnego w\u0142\u0105czenia si\u0119 w realizacj\u0119 idei i misji XIII Podlaskich Dni Rodziny pod has\u0142em \u201eObierz kurs na rodzin\u0119\u201d. Przedsi\u0119wzi\u0119cia organizowane w ramach XIII Podlaskich Dni Rodziny w okresie od 1 maja do 31 sierpnia br. maj\u0105 na [&hellip;]<a href='https:\/\/rops-bialystok.pl\/rops\/?p=7656' class='pfpReadMore'><br \/>\nPrzeczytaj ca\u0142o\u015b\u0107 \u00bb<\/a><div class='clear'><\/div><hr><\/div>\n","protected":false},"excerpt":{"rendered":"","protected":false},"author":12,"featured_media":0,"parent":0,"menu_order":0,"comment_status":"closed","ping_status":"closed","template":"","meta":{"ngg_post_thumbnail":0,"footnotes":""},"class_list":["post-11257","page","type-page","status-publish","hentry"],"_links":{"self":[{"href":"https:\/\/rops-bialystok.pl\/rops\/index.php?rest_route=\/wp\/v2\/pages\/11257","targetHints":{"allow":["GET"]}}],"collection":[{"href":"https:\/\/rops-bialystok.pl\/rops\/index.php?rest_route=\/wp\/v2\/pages"}],"about":[{"href":"https:\/\/rops-bialystok.pl\/rops\/index.php?rest_route=\/wp\/v2\/types\/page"}],"author":[{"embeddable":true,"href":"https:\/\/rops-bialystok.pl\/rops\/index.php?rest_route=\/wp\/v2\/users\/12"}],"replies":[{"embeddable":true,"href":"https:\/\/rops-bialystok.pl\/rops\/index.php?rest_route=%2Fwp%2Fv2%2Fcomments&post=11257"}],"version-history":[{"count":1,"href":"https:\/\/rops-bialystok.pl\/rops\/index.php?rest_route=\/wp\/v2\/pages\/11257\/revisions"}],"predecessor-version":[{"id":11258,"href":"https:\/\/rops-bialystok.pl\/rops\/index.php?rest_route=\/wp\/v2\/pages\/11257\/revisions\/11258"}],"wp:attachment":[{"href":"https:\/\/rops-bialystok.pl\/rops\/index.php?rest_route=%2Fwp%2Fv2%2Fmedia&parent=11257"}],"curies":[{"name":"wp","href":"https:\/\/api.w.org\/{rel}","templated":true}]}}