{"id":11261,"date":"2017-01-27T11:26:00","date_gmt":"2017-01-27T10:26:00","guid":{"rendered":"http:\/\/www.rops-bialystok.pl\/rops\/?page_id=11261"},"modified":"2017-01-27T11:26:00","modified_gmt":"2017-01-27T10:26:00","slug":"podlaskie-dni-rodziny-2016","status":"publish","type":"page","link":"https:\/\/rops-bialystok.pl\/rops\/?page_id=11261","title":{"rendered":"Podlaskie Dni Rodziny 2016"},"content":{"rendered":"<div class='pfpItem entry-content'><h2 class='entry-title'><a href='https:\/\/rops-bialystok.pl\/rops\/?p=10216'>Przekazanie wyprawek szkolnych podopiecznym Stowarzyszenia Droga<\/a><\/h2><div class='entry-meta'>Opublikowane 2 wrze\u015bnia, 2016 r. <\/div><img\n\t\t\t\t\ttitle=\"9201_n\"\n\t\t\t\t\talt=\"9201_n\"\n\t\t\t\t\tsrc=\"https:\/\/rops-bialystok.pl\/rops\/wp-content\/gallery\/przekazanie-wyprawek-szkolnych-podopiecznym-stowarzyszenia-droga\/thumbs\/thumbs_9201_n.jpg\"\n\t\t\t\t\twidth=\"200\"\n\t\t\t\t\theight=\"150\"\n\t\t\t\t\tstyle=\"max-width:100%;\"\n\t\t\t\t\/>W \u015brod\u0119 31 sierpnia 2016 r., dzie\u0144 przed rozpocz\u0119ciem roku szkolnego, m\u0142odzi podopieczni Stowarzyszenia Droga w Bia\u0142ymstoku otrzymali wyprawki szkolne, kt\u00f3re zosta\u0142y zakupione mi\u0119dzy innymi przez Regionalny O\u015brodek Polityki Spo\u0142ecznej w Bia\u0142ymstoku. Dzia\u0142anie zosta\u0142o zrealizowane w ramach porozumienia zawartego pomi\u0119dzy obiema instytucjami w ramach realizacji dzia\u0142a\u0144 zwi\u0105zanych z XIV Podlaskimi Dniami Rodziny, kt\u00f3re w tym [&hellip;]<a href='https:\/\/rops-bialystok.pl\/rops\/?p=10216' class='pfpReadMore'><br \/>\nPrzeczytaj ca\u0142o\u015b\u0107 \u00bb<\/a><div class='clear'><\/div><hr><\/div><div class='pfpItem entry-content'><h2 class='entry-title'><a href='https:\/\/rops-bialystok.pl\/rops\/?p=9630'>\u201ePiknik Rodzinny Nad Neckiem\u201d w Augustowie<\/a><\/h2><div class='entry-meta'>Opublikowane 2 czerwca, 2016 r. <\/div><img\n\t\t\t\t\ttitle=\"DSC_0192#\"\n\t\t\t\t\talt=\"DSC_0192#\"\n\t\t\t\t\tsrc=\"https:\/\/rops-bialystok.pl\/rops\/wp-content\/gallery\/%E2%80%9EPiknik-Rodzinny-Nad-Neckiem%E2%80%9D-w-Augustowie\/thumbs\/thumbs_DSC_0192.JPG\"\n\t\t\t\t\twidth=\"200\"\n\t\t\t\t\theight=\"150\"\n\t\t\t\t\tstyle=\"max-width:100%;\"\n\t\t\t\t\/>W dniu 29 maja 2016 roku w Augustowie odby\u0142 si\u0119 \u201ePiknik Rodzinny nad Neckiem\u201d. Wydarzenie odby\u0142o si\u0119 w ramach XIV Podlaskich Dni Rodziny, kt\u00f3rych tegoroczne has\u0142o to \u201eW rodzinie si\u0142a\u201d a w jego organizacj\u0119 w\u0142\u0105czy\u0142 si\u0119 Regionalny O\u015brodek Polityki Spo\u0142ecznej w Bia\u0142ymstoku. W ramach przedsi\u0119wzi\u0119cia odby\u0142 si\u0119 tak\u017ce II Marsz dla \u017bycia i Rodziny, kt\u00f3ry [&hellip;]<a href='https:\/\/rops-bialystok.pl\/rops\/?p=9630' class='pfpReadMore'><br \/>\nPrzeczytaj ca\u0142o\u015b\u0107 \u00bb<\/a><div class='clear'><\/div><hr><\/div><div class='pfpItem entry-content'><h2 class='entry-title'><a href='https:\/\/rops-bialystok.pl\/rops\/?p=9467'>Kalendarium XIV Podlaskich Dni Rodziny pod has\u0142em  \u201eW rodzinie si\u0142a\u201d<\/a><\/h2><div class='entry-meta'>Opublikowane 29 kwietnia, 2016 r. <\/div>Zapraszamy do zapoznania si\u0119 z kalendarium przedsi\u0119wzi\u0119\u0107 organizowanych w ramach XIV Podlaskich Dni Rodziny! \u201eW rodzinie si\u0142a\u201d \u2013 tegoroczne has\u0142o zwraca szczeg\u00f3ln\u0105 uwag\u0119 na rodzin\u0119, kt\u00f3ra okazuje wsparcie i zrozumienie, dodaje pewno\u015bci i otuchy oraz pomaga w dokonywaniu w\u0142a\u015bciwych wybor\u00f3w \u017cyciowych. Przedsi\u0119wzi\u0119cia organizowane w ramach XIV Podlaskich Dni Rodziny w okresie od 1 maja do [&hellip;]<a href='https:\/\/rops-bialystok.pl\/rops\/?p=9467' class='pfpReadMore'><br \/>\nPrzeczytaj ca\u0142o\u015b\u0107 \u00bb<\/a><div class='clear'><\/div><hr><\/div>\n","protected":false},"excerpt":{"rendered":"","protected":false},"author":12,"featured_media":0,"parent":0,"menu_order":0,"comment_status":"closed","ping_status":"closed","template":"","meta":{"ngg_post_thumbnail":0,"footnotes":""},"class_list":["post-11261","page","type-page","status-publish","hentry"],"_links":{"self":[{"href":"https:\/\/rops-bialystok.pl\/rops\/index.php?rest_route=\/wp\/v2\/pages\/11261","targetHints":{"allow":["GET"]}}],"collection":[{"href":"https:\/\/rops-bialystok.pl\/rops\/index.php?rest_route=\/wp\/v2\/pages"}],"about":[{"href":"https:\/\/rops-bialystok.pl\/rops\/index.php?rest_route=\/wp\/v2\/types\/page"}],"author":[{"embeddable":true,"href":"https:\/\/rops-bialystok.pl\/rops\/index.php?rest_route=\/wp\/v2\/users\/12"}],"replies":[{"embeddable":true,"href":"https:\/\/rops-bialystok.pl\/rops\/index.php?rest_route=%2Fwp%2Fv2%2Fcomments&post=11261"}],"version-history":[{"count":2,"href":"https:\/\/rops-bialystok.pl\/rops\/index.php?rest_route=\/wp\/v2\/pages\/11261\/revisions"}],"predecessor-version":[{"id":13443,"href":"https:\/\/rops-bialystok.pl\/rops\/index.php?rest_route=\/wp\/v2\/pages\/11261\/revisions\/13443"}],"wp:attachment":[{"href":"https:\/\/rops-bialystok.pl\/rops\/index.php?rest_route=%2Fwp%2Fv2%2Fmedia&parent=11261"}],"curies":[{"name":"wp","href":"https:\/\/api.w.org\/{rel}","templated":true}]}}