{"id":11266,"date":"2017-01-27T11:34:28","date_gmt":"2017-01-27T10:34:28","guid":{"rendered":"http:\/\/www.rops-bialystok.pl\/rops\/?page_id=11266"},"modified":"2017-01-27T11:34:28","modified_gmt":"2017-01-27T10:34:28","slug":"wspieranie-rodziny-2013","status":"publish","type":"page","link":"https:\/\/rops-bialystok.pl\/rops\/?page_id=11266","title":{"rendered":"Wspieranie rodziny 2013"},"content":{"rendered":"<div class='pfpItem entry-content'><h2 class='entry-title'><a href='https:\/\/rops-bialystok.pl\/rops\/?p=5347'>Sprawozdanie z przeprowadzonych konsultacji spo\u0142ecznych projektu Programu Wspierania Rodziny i Systemu Pieczy Zast\u0119pczej Wojew\u00f3dztwa Podlaskiego na lata 2013 \u2013 2018<\/a><\/h2><div class='entry-meta'>Opublikowane 16 grudnia, 2013 r. <\/div>Regionalny O\u015brodek Polityki Spo\u0142ecznej w Bia\u0142ymstoku przedstawia sprawozdanie z przeprowadzonych w terminie od 8 listopada 2013 r. do 21 listopada 2013 r. dodatkowych konsultacji spo\u0142ecznych projektu Programu Wspierania Rodziny i Systemu Pieczy Zast\u0119pczej Wojew\u00f3dztwa Podlaskiego na lata 2013 \u2013 2018. Informacja jest dost\u0119pna tak\u017ce na stronie BIP UMWP oraz www.wrotapodlasia.pl Plik do pobrania: Sprawozdanie z [&hellip;]<a href='https:\/\/rops-bialystok.pl\/rops\/?p=5347' class='pfpReadMore'><br \/>\nPrzeczytaj ca\u0142o\u015b\u0107 \u00bb<\/a><div class='clear'><\/div><hr><\/div><div class='pfpItem entry-content'><h2 class='entry-title'><a href='https:\/\/rops-bialystok.pl\/rops\/?p=5197'>II edycja Konkursu \u201eDobry Klimat dla Rodziny\u201d o Nagrod\u0119 Pary Prezydenckiej<\/a><\/h2><div class='entry-meta'>Opublikowane 10 grudnia, 2013 r. <\/div>Zapraszamy samorz\u0105dy wojew\u00f3dzkie oraz gminy i powiaty realizuj\u0105ce ciekawe inicjatywy, kt\u00f3re maj\u0105 dawa\u0107 trwa\u0142e wsparcie rodzinom i pomaga\u0107 rozwi\u0105zywa\u0107 ich problemy do udzia\u0142u w II edycji Konkursu \u201eDobry Klimat dla Rodziny\u201d o Nagrod\u0119 Pary Prezydenckiej. Konkurs ma na celu upowszechnienie i wyr\u00f3\u017cnianie lokalnych rozwi\u0105za\u0144, kt\u00f3re likwiduj\u0105 bariery, jakie staj\u0105 na przeszkodzie realizacji marze\u0144 m\u0142odych Polak\u00f3w [&hellip;]<a href='https:\/\/rops-bialystok.pl\/rops\/?p=5197' class='pfpReadMore'><br \/>\nPrzeczytaj ca\u0142o\u015b\u0107 \u00bb<\/a><div class='clear'><\/div><hr><\/div><div class='pfpItem entry-content'><h2 class='entry-title'><a href='https:\/\/rops-bialystok.pl\/rops\/?p=5114'>Zaproszenie do dodatkowych konsultacji spo\u0142ecznych dotycz\u0105cych projektu  Programu wspierania rodziny i systemu pieczy zast\u0119pczej wojew\u00f3dztwa podlaskiego na lata 2013 \u2013 2018<\/a><\/h2><div class='entry-meta'>Opublikowane 8 listopada, 2013 r. <\/div>Zapraszamy wszystkie zainteresowane podmioty: jednostki samorz\u0105du terytorialnego, instytucje pomocy spo\u0142ecznej oraz organizacje pozarz\u0105dowe dzia\u0142aj\u0105ce na terenie wojew\u00f3dztwa podlaskiego o przes\u0142anie uwag do konsultowanego projektu aktu prawnego, kt\u00f3re pozwol\u0105 na wypracowanie ostatecznego kszta\u0142tu Programu w zakresie wspierania rodziny i systemu pieczy zast\u0119pczej wojew\u00f3dztwa podlaskiego na lata 2013 \u2013 2018 uwzgl\u0119dniaj\u0105cego zg\u0142oszone opinie oraz propozycje zmian. Ustawa [&hellip;]<a href='https:\/\/rops-bialystok.pl\/rops\/?p=5114' class='pfpReadMore'><br \/>\nPrzeczytaj ca\u0142o\u015b\u0107 \u00bb<\/a><div class='clear'><\/div><hr><\/div><div class='pfpItem entry-content'><h2 class='entry-title'><a href='https:\/\/rops-bialystok.pl\/rops\/?p=4893'>Informator dla samorz\u0105d\u00f3w \u201eJak wprowadzi\u0107 Kart\u0119 Du\u017cej Rodziny?\u201d opracowany przez Ministerstwo Pracy i Polityki Spo\u0142ecznej, Zwi\u0105zek Du\u017cych Rodzin \u201eTrzy Plus\u201d oraz samorz\u0105d Grodziska Mazowieckiego, \u017babiej Woli i Lublina<\/a><\/h2><div class='entry-meta'>Opublikowane 23 pa\u017adziernika, 2013 r. <\/div>Ministerstwo wsp\u00f3lnie z samorz\u0105dami: Grodziska Mazowieckiego, \u017babiej Woli i Lublina oraz Zwi\u0105zkiem Du\u017cych Rodzin 3+ przygotowa\u0142o poradnik dla samorz\u0105d\u00f3w\u00a0 \u201eJak wprowadzi\u0107 Kart\u0119 Du\u017cej Rodziny?\u201d. Znajduj\u0105 si\u0119 w nim m.in. wskaz\u00f3wki, jak &#8211; krok po kroku &#8211; wprowadzi\u0107 kart\u0119 w samorz\u0105dach, a tak\u017ce sprawdzone pomys\u0142y, jak najlepiej j\u0105 zastosowa\u0107. Opisano w nim r\u00f3wnie\u017c do\u015bwiadczenia samorz\u0105d\u00f3w, kt\u00f3re [&hellip;]<a href='https:\/\/rops-bialystok.pl\/rops\/?p=4893' class='pfpReadMore'><br \/>\nPrzeczytaj ca\u0142o\u015b\u0107 \u00bb<\/a><div class='clear'><\/div><hr><\/div><div class='pfpItem entry-content'><h2 class='entry-title'><a href='https:\/\/rops-bialystok.pl\/rops\/?p=4681'>Warsztaty umiej\u0119tno\u015bci wychowawczych oraz pierwszej pomocy przedmedycznej  dla rodzic\u00f3w \u2013 28.09.2013 r.<\/a><\/h2><div class='entry-meta'>Opublikowane 3 pa\u017adziernika, 2013 r. <\/div><img decoding=\"async\" width=&quot;120&quot; height=&quot;80&quot; style=\"width:120px; height:80px; border-width: 10px; border-color:#f1f1f1;border: 10px solid #f1f1f1\" alt=\"Warsztaty umiej\u0119tno\u015bci wychowawczych oraz pierwszej pomocy przedmedycznej  dla rodzic\u00f3w \u2013 28.09.2013 r.\" title=\"Warsztaty umiej\u0119tno\u015bci wychowawczych oraz pierwszej pomocy przedmedycznej  dla rodzic\u00f3w \u2013 28.09.2013 r.\" src=\"https:\/\/rops-bialystok.pl\/rops\/wp-content\/uploads\/2013\/10\/DSC050171-120x80.jpg\" \/>W dniu 28 wrze\u015bnia 2013 r. w siedzibie Regionalnego O\u015brodka Polityki Spo\u0142ecznej w Bia\u0142ymstoku odby\u0142y si\u0119 spotkania warsztatowe dotycz\u0105ce umiej\u0119tno\u015bci wychowawczych oraz pierwszej pomocy przedmedycznej dla rodzic\u00f3w. Celem pierwszej cz\u0119\u015bci by\u0142a edukacja rodzic\u00f3w na temat dzieci\u0119cych atak\u00f3w z\u0142o\u015bci oraz sposob\u00f3w poradzenia sobie z nimi. Warsztaty przybli\u017cy\u0142y rodzicom dzieci w wieku przedszkolnym przyczyny wybuch\u00f3w z\u0142o\u015bci u [&hellip;]<a href='https:\/\/rops-bialystok.pl\/rops\/?p=4681' class='pfpReadMore'><br \/>\nPrzeczytaj ca\u0142o\u015b\u0107 \u00bb<\/a><div class='clear'><\/div><hr><\/div><div class='pfpItem entry-content'><h2 class='entry-title'><a href='https:\/\/rops-bialystok.pl\/rops\/?p=4612'>Warsztaty umiej\u0119tno\u015bci wychowawczych oraz pierwszej pomocy przedmedycznej  dla kadry przedszkoli i \u017c\u0142obk\u00f3w\/klub\u00f3w malucha \u2013 21.09.2013 r.<\/a><\/h2><div class='entry-meta'>Opublikowane 27 wrze\u015bnia, 2013 r. <\/div><img decoding=\"async\" width=&quot;120&quot; height=&quot;80&quot; style=\"width:120px; height:80px; border-width: 10px; border-color:#f1f1f1;border: 10px solid #f1f1f1\" alt=\"Warsztaty umiej\u0119tno\u015bci wychowawczych oraz pierwszej pomocy przedmedycznej  dla kadry przedszkoli i \u017c\u0142obk\u00f3w\/klub\u00f3w malucha \u2013 21.09.2013 r.\" title=\"Warsztaty umiej\u0119tno\u015bci wychowawczych oraz pierwszej pomocy przedmedycznej  dla kadry przedszkoli i \u017c\u0142obk\u00f3w\/klub\u00f3w malucha \u2013 21.09.2013 r.\" src=\"https:\/\/rops-bialystok.pl\/rops\/wp-content\/uploads\/2013\/09\/DSC04969-120x80.jpg\" \/>W dniu 21 wrze\u015bnia 2013 r. w siedzibie Regionalnego O\u015brodka Polityki Spo\u0142ecznej w Bia\u0142ymstoku odby\u0142y si\u0119 warsztaty umiej\u0119tno\u015bci wychowawczych oraz pierwszej pomocy przedmedycznej. W dw\u00f3ch spotkaniach wzi\u0119li udzia\u0142 przedstawiciele kadry przedszkoli i \u017c\u0142obk\u00f3w\/klub\u00f3w malucha z terenu wojew\u00f3dztwa podlaskiego. Celem pierwszej cz\u0119\u015bci by\u0142o nabycie wiedzy i umiej\u0119tno\u015bci przez uczestnik\u00f3w na temat wychowania bez przemocy (tzw .\u201eklapsa\u201d), [&hellip;]<a href='https:\/\/rops-bialystok.pl\/rops\/?p=4612' class='pfpReadMore'><br \/>\nPrzeczytaj ca\u0142o\u015b\u0107 \u00bb<\/a><div class='clear'><\/div><hr><\/div><div class='pfpItem entry-content'><h2 class='entry-title'><a href='https:\/\/rops-bialystok.pl\/rops\/?p=4420'>Zaproszenie na warsztaty umiej\u0119tno\u015bci wychowawczych oraz warsztaty pierwszej pomocy przedmedycznej skierowane do rodzic\u00f3w z terenu wojew\u00f3dztwa podlaskiego \u2013 28 wrze\u015bnia 2013 r.<\/a><\/h2><div class='entry-meta'>Opublikowane 23 wrze\u015bnia, 2013 r. <\/div>Regionalny O\u015brodek Polityki Spo\u0142ecznej w Bia\u0142ymstoku serdecznie zaprasza rodzic\u00f3w dzieci w wieku od 0 do 6 lat, w szczeg\u00f3lno\u015bci 2 i 3 \u2013 latk\u00f3w, \u00a0z terenu wojew\u00f3dztwa podlaskiego do udzia\u0142u w jednodniowych warsztatach umiej\u0119tno\u015bci wychowawczych oraz pierwszej pomocy przedmedycznej. Udzia\u0142 w warsztatach jest bezp\u0142atny! Warsztaty b\u0119d\u0105 dotyczy\u0142y dw\u00f3ch blok\u00f3w tematycznych. Celem pierwszej cz\u0119\u015bci jest \u00a0edukacja [&hellip;]<a href='https:\/\/rops-bialystok.pl\/rops\/?p=4420' class='pfpReadMore'><br \/>\nPrzeczytaj ca\u0142o\u015b\u0107 \u00bb<\/a><div class='clear'><\/div><hr><\/div><div class='pfpItem entry-content'><h2 class='entry-title'><a href='https:\/\/rops-bialystok.pl\/rops\/?p=4412'>Zaproszenie na warsztaty umiej\u0119tno\u015bci wychowawczych oraz warsztaty pierwszej pomocy przedmedycznej skierowane do kadry przedszkoli i \u017c\u0142obk\u00f3w\/klub\u00f3w malucha z terenu wojew\u00f3dztwa podlaskiego \u2013 21 wrze\u015bnia 2013 r. - REKRUTACJA ZAKO\u0143CZONA!<\/a><\/h2><div class='entry-meta'>Opublikowane 10 wrze\u015bnia, 2013 r. <\/div>Regionalny O\u015brodek Polityki Spo\u0142ecznej w Bia\u0142ymstoku serdecznie zaprasza kadr\u0119 przedszkoli i \u017c\u0142obk\u00f3w\/klub\u00f3w malucha z terenu wojew\u00f3dztwa podlaskiego do udzia\u0142u w jednodniowych warsztatach umiej\u0119tno\u015bci wychowawczych oraz pierwszej pomocy przedmedycznej. Udzia\u0142 w warsztatach jest bezp\u0142atny! Warsztaty b\u0119d\u0105 dotyczy\u0142y dw\u00f3ch blok\u00f3w tematycznych. Celem pierwszej cz\u0119\u015bci jest \u00a0nabycie wiedzy i umiej\u0119tno\u015bci przez uczestnik\u00f3w na temat wychowania bez przemocy (tzw [&hellip;]<a href='https:\/\/rops-bialystok.pl\/rops\/?p=4412' class='pfpReadMore'><br \/>\nPrzeczytaj ca\u0142o\u015b\u0107 \u00bb<\/a><div class='clear'><\/div><hr><\/div><div class='pfpItem entry-content'><h2 class='entry-title'><a href='https:\/\/rops-bialystok.pl\/rops\/?p=3974'>Og\u0142oszenie o otwartym konkursie ofert \u201eMALUCH 2013 \u2013 edycja 2\u201d<\/a><\/h2><div class='entry-meta'>Opublikowane 22 lipca, 2013 r. <\/div>Minister Pracy i Polityki Spo\u0142ecznej informuje, \u017ce dzia\u0142aj\u0105c na podstawie art. 62 ustawy z dnia 4 lutego 2011 r. o opiece nad dzie\u0107mi w wieku do lat 3 (Dz. U. Nr 45, poz. 235, z p\u00f3\u017an.zm.), og\u0142asza &#8211; w ramach Resortowego programu rozwoju instytucji opieki nad dzie\u0107mi w wieku do lat 3 \u201eMALUCH\u201d, zwanego dalej [&hellip;]<a href='https:\/\/rops-bialystok.pl\/rops\/?p=3974' class='pfpReadMore'><br \/>\nPrzeczytaj ca\u0142o\u015b\u0107 \u00bb<\/a><div class='clear'><\/div><hr><\/div><div class='pfpItem entry-content'><h2 class='entry-title'><a href='https:\/\/rops-bialystok.pl\/rops\/?p=3873'>Og\u0142oszenie naboru wniosk\u00f3w do przeprowadzenia pilota\u017cowej cz\u0119\u015bci projektu \u201eSchematom STOP! Wsp\u00f3lne dzia\u0142ania instytucji pomocy spo\u0142ecznej i instytucji rynku pracy - pilota\u017c\u201d<\/a><\/h2><div class='entry-meta'>Opublikowane 8 lipca, 2013 r. <\/div>Centrum Rozwoju Zasob\u00f3w Ludzkich og\u0142asza nab\u00f3r wniosk\u00f3w do przeprowadzenia pilota\u017cowej cz\u0119\u015bci projektu \u201eSchematom STOP! Wsp\u00f3lne dzia\u0142ania instytucji pomocy spo\u0142ecznej i instytucji rynku pracy &#8211; pilota\u017c\u201d Dzia\u0142anie 1.2 Wsparcie systemowe instytucji pomocy i integracji spo\u0142ecznej Priorytet I Zatrudnienie i integracja spo\u0142eczna Programu Operacyjnego Kapita\u0142 Ludzki Zg\u0142oszenia podmiot\u00f3w uprawnionych do realizacji pilota\u017cowej cz\u0119\u015bci projektu mo\u017cna sk\u0142ada\u0107 osobi\u015bcie, [&hellip;]<a href='https:\/\/rops-bialystok.pl\/rops\/?p=3873' class='pfpReadMore'><br \/>\nPrzeczytaj ca\u0142o\u015b\u0107 \u00bb<\/a><div class='clear'><\/div><hr><\/div><div class='pfpItem entry-content'><h2 class='entry-title'><a href='https:\/\/rops-bialystok.pl\/rops\/?p=3622'>Sprawozdanie z przeprowadzonych konsultacji spo\u0142ecznych projektu Programu w zakresie wspierania rodziny i systemu pieczy zast\u0119pczej wojew\u00f3dztwa podlaskiego na lata 2013 \u2013 2016<\/a><\/h2><div class='entry-meta'>Opublikowane 12 czerwca, 2013 r. <\/div>Regionalny O\u015brodek Polityki Spo\u0142ecznej w Bia\u0142ymstoku przedstawia sprawozdanie z przeprowadzonych w terminie od 30 kwietnia 2013 r. do 14 maja 2013 r. konsultacji spo\u0142ecznych projektu Programu w zakresie wspierania rodziny i systemu pieczy zast\u0119pczej wojew\u00f3dztwa podlaskiego na lata 2013 \u2013 2016. W zwi\u0105zku z zaistnia\u0142\u0105 potrzeb\u0105 uzupe\u0142nienia diagnozy wsparcia rodziny i systemu pieczy zast\u0119pczej w [&hellip;]<a href='https:\/\/rops-bialystok.pl\/rops\/?p=3622' class='pfpReadMore'><br \/>\nPrzeczytaj ca\u0142o\u015b\u0107 \u00bb<\/a><div class='clear'><\/div><hr><\/div><div class='pfpItem entry-content'><h2 class='entry-title'><a href='https:\/\/rops-bialystok.pl\/rops\/?p=3486'>Rozstrzygni\u0119cie konkursu w ramach Programu \u201e\u015awietlica \u2013 Dzieci \u2013 Praca\u201d na rzecz wsparcia dziecka i rodziny w gminie w latach 2011-2015<\/a><\/h2><div class='entry-meta'>Opublikowane 4 czerwca, 2013 r. <\/div>Ministerstwo Pracy i Polityki Spo\u0142ecznej og\u0142osi\u0142o wyniki konkursu w ramach Programu \u201e\u015awietlica \u2013 Dzieci \u2013 Praca\u201d na rzecz wsparcia dziecka i rodziny w gminie w latach 2011-2015. Dotacj\u0119 w kwocie 40\u00a0000 z\u0142 otrzyma\u0142o 20 projekt\u00f3w. Lista podmiot\u00f3w, kt\u00f3re otrzyma\u0142y dotacj\u0119 znajduje si\u0119 na poni\u017cszej stronie internetowej: http:\/\/www.mpips.gov.pl\/aktualnosci-wszystkie\/pomoc-spoleczna\/art,6202,rozstrzygniecie-konkursu-w-programie-swietlica-dzieci-praca-.html Z wojew\u00f3dztwa podlaskiego dotacj\u0119 otrzyma\u0142 projekt Polskiego Stowarzyszenia [&hellip;]<a href='https:\/\/rops-bialystok.pl\/rops\/?p=3486' class='pfpReadMore'><br \/>\nPrzeczytaj ca\u0142o\u015b\u0107 \u00bb<\/a><div class='clear'><\/div><hr><\/div><div class='pfpItem entry-content'><h2 class='entry-title'><a href='https:\/\/rops-bialystok.pl\/rops\/?p=2513'>Zaproszenie do konsultacji spo\u0142ecznych dotycz\u0105cych projektu Programu w zakresie wspierania rodziny i systemu pieczy zast\u0119pczej wojew\u00f3dztwa podlaskiego na lata 2013 \u2013 2016<\/a><\/h2><div class='entry-meta'>Opublikowane 26 kwietnia, 2013 r. <\/div>Zapraszamy wszystkie zainteresowane podmioty: jednostki samorz\u0105du terytorialnego, instytucje pomocy spo\u0142ecznej oraz organizacje pozarz\u0105dowe dzia\u0142aj\u0105ce na terenie wojew\u00f3dztwa podlaskiego o przes\u0142anie uwag do konsultowanego projektu aktu prawnego, kt\u00f3re pozwol\u0105 na wypracowanie ostatecznego kszta\u0142tu Programu w zakresie wspierania rodziny i systemu pieczy zast\u0119pczej wojew\u00f3dztwa podlaskiego na lata 2013 \u2013 2016 uwzgl\u0119dniaj\u0105cego zg\u0142oszone opinie oraz propozycje zmian. Ustawa [&hellip;]<a href='https:\/\/rops-bialystok.pl\/rops\/?p=2513' class='pfpReadMore'><br \/>\nPrzeczytaj ca\u0142o\u015b\u0107 \u00bb<\/a><div class='clear'><\/div><hr><\/div>\n","protected":false},"excerpt":{"rendered":"","protected":false},"author":12,"featured_media":0,"parent":0,"menu_order":0,"comment_status":"closed","ping_status":"closed","template":"","meta":{"ngg_post_thumbnail":0,"footnotes":""},"class_list":["post-11266","page","type-page","status-publish","hentry"],"_links":{"self":[{"href":"https:\/\/rops-bialystok.pl\/rops\/index.php?rest_route=\/wp\/v2\/pages\/11266","targetHints":{"allow":["GET"]}}],"collection":[{"href":"https:\/\/rops-bialystok.pl\/rops\/index.php?rest_route=\/wp\/v2\/pages"}],"about":[{"href":"https:\/\/rops-bialystok.pl\/rops\/index.php?rest_route=\/wp\/v2\/types\/page"}],"author":[{"embeddable":true,"href":"https:\/\/rops-bialystok.pl\/rops\/index.php?rest_route=\/wp\/v2\/users\/12"}],"replies":[{"embeddable":true,"href":"https:\/\/rops-bialystok.pl\/rops\/index.php?rest_route=%2Fwp%2Fv2%2Fcomments&post=11266"}],"version-history":[{"count":1,"href":"https:\/\/rops-bialystok.pl\/rops\/index.php?rest_route=\/wp\/v2\/pages\/11266\/revisions"}],"predecessor-version":[{"id":11267,"href":"https:\/\/rops-bialystok.pl\/rops\/index.php?rest_route=\/wp\/v2\/pages\/11266\/revisions\/11267"}],"wp:attachment":[{"href":"https:\/\/rops-bialystok.pl\/rops\/index.php?rest_route=%2Fwp%2Fv2%2Fmedia&parent=11266"}],"curies":[{"name":"wp","href":"https:\/\/api.w.org\/{rel}","templated":true}]}}