{"id":1164,"date":"2012-10-10T19:50:20","date_gmt":"2012-10-10T17:50:20","guid":{"rendered":"http:\/\/www.rops-bialystok.pl\/rops\/?page_id=1164"},"modified":"2026-03-17T13:20:40","modified_gmt":"2026-03-17T12:20:40","slug":"konkursy","status":"publish","type":"page","link":"https:\/\/rops-bialystok.pl\/rops\/?page_id=1164","title":{"rendered":"Konkursy"},"content":{"rendered":"<div id=\"wpi_shortcode\" class=\"wpi_icon wpi_icon_star\">\n<div>\n<div id=\"wpi_shortcode\" class=\"wpi_icon wpi_icon_star\">\n<div><a href='https:\/\/rops-bialystok.pl\/rops\/?page_id=25114' onclick='' class='wpi_designer_button   wpi_shadow wpi_shadow_no wpi_text_shadow_no wpi_texture_no wpi_border_bottom wpi_padding_10px wpi_5px wpi_designer_button_9201 wpi_icon wpi_icon_no wpi_icon_left  ' target='' rel=''><i class=''><\/i><span class='wpi_text'>Konkursy z roku 2026<\/span><\/a><\/div>\n<div class=\"wpi_text\" style=\"text-align: center;\"><a href='https:\/\/rops-bialystok.pl\/rops\/?page_id=23432' onclick='' class='wpi_designer_button   wpi_shadow wpi_shadow_no wpi_text_shadow_no wpi_texture_no wpi_border_bottom wpi_padding_10px wpi_5px wpi_designer_button_9201 wpi_icon wpi_icon_no wpi_icon_left  ' target='' rel=''><i class=''><\/i><span class='wpi_text'>Konkursy z roku 2025<\/span><\/a><\/div>\n<\/div>\n<\/div>\n<div style=\"text-align: center;\"><a href='https:\/\/rops-bialystok.pl\/rops\/?page_id=21916&#038;preview=true' onclick='' class='wpi_designer_button   wpi_shadow wpi_shadow_no wpi_text_shadow_no wpi_texture_no wpi_border_bottom wpi_padding_10px wpi_5px wpi_designer_button_9201 wpi_icon wpi_icon_no wpi_icon_left  ' target='' rel=''><i class=''><\/i><span class='wpi_text'>Konkursy z roku 2024<\/span><\/a><\/div>\n<div class=\"wpi_text\" style=\"text-align: center;\"><a href='https:\/\/www.rops-bialystok.pl\/rops\/?page_id=20790' onclick='' class='wpi_designer_button   wpi_shadow wpi_shadow_no wpi_text_shadow_no wpi_texture_no wpi_border_bottom wpi_padding_10px wpi_5px wpi_designer_button_9201 wpi_icon wpi_icon_no wpi_icon_left  ' target='' rel=''><i class=''><\/i><span class='wpi_text'>Konkursy z roku 2023<\/span><\/a><\/div>\n<\/div>\n<p style=\"text-align: center;\"><a href='https:\/\/www.rops-bialystok.pl\/rops\/?page_id=19491' onclick='' class='wpi_designer_button   wpi_shadow wpi_shadow_no wpi_text_shadow_no wpi_texture_no wpi_border_bottom wpi_padding_10px wpi_5px wpi_designer_button_9201 wpi_icon wpi_icon_no wpi_icon_left  ' target='' rel=''><i class=''><\/i><span class='wpi_text'>Konkursy z roku 2022<\/span><\/a><\/p>\n<p style=\"text-align: center;\"><a href=' https:\/\/www.rops-bialystok.pl\/rops\/?page_id=17814' onclick='' class='wpi_designer_button   wpi_shadow wpi_shadow_no wpi_text_shadow_no wpi_texture_no wpi_border_bottom wpi_padding_10px wpi_5px wpi_designer_button_9201 wpi_icon wpi_icon_no wpi_icon_left  ' target='' rel=''><i class=''><\/i><span class='wpi_text'>Konkursy z roku 2021<\/span><\/a><\/p>\n<p style=\"text-align: center;\"><a href='https:\/\/www.rops-bialystok.pl\/rops\/?page_id=16320' onclick='' class='wpi_designer_button   wpi_shadow wpi_shadow_no wpi_text_shadow_no wpi_texture_no wpi_border_bottom wpi_padding_10px wpi_5px wpi_designer_button_9201 wpi_icon wpi_icon_no wpi_icon_left  ' target='' rel=''><i class=''><\/i><span class='wpi_text'>Konkursy z roku 2020<\/span><\/a><\/p>\n<p style=\"text-align: center;\"><a href='https:\/\/www.rops-bialystok.pl\/rops\/?page_id=14662' onclick='' class='wpi_designer_button   wpi_shadow wpi_shadow_no wpi_text_shadow_no wpi_texture_no wpi_border_bottom wpi_padding_10px wpi_5px wpi_designer_button_9201 wpi_icon wpi_icon_no wpi_icon_left  ' target='' rel=''><i class=''><\/i><span class='wpi_text'>Konkursy z roku 2019<\/span><\/a><\/p>\n<p style=\"text-align: center;\"><a href='https:\/\/www.rops-bialystok.pl\/rops\/?page_id=13121' onclick='' class='wpi_designer_button   wpi_shadow wpi_shadow_no wpi_text_shadow_no wpi_texture_no wpi_border_bottom wpi_padding_10px wpi_5px wpi_designer_button_9201 wpi_icon wpi_icon_no wpi_icon_left  ' target='' rel=''><i class=''><\/i><span class='wpi_text'>Konkursy z roku 2018<\/span><\/a><\/p>\n<p style=\"text-align: center;\"><a href='https:\/\/www.rops-bialystok.pl\/rops\/?page_id=11114' onclick='' class='wpi_designer_button   wpi_shadow wpi_shadow_no wpi_text_shadow_no wpi_texture_no wpi_border_bottom wpi_padding_10px wpi_5px wpi_designer_button_9201 wpi_icon wpi_icon_no wpi_icon_left  ' target='' rel=''><i class=''><\/i><span class='wpi_text'>Konkursy z roku 2017<\/span><\/a><\/p>\n<p style=\"text-align: center;\"><a href='https:\/\/www.rops-bialystok.pl\/rops\/?page_id=9058' onclick='' class='wpi_designer_button   wpi_shadow wpi_shadow_no wpi_text_shadow_no wpi_texture_no wpi_border_bottom wpi_padding_10px wpi_5px wpi_designer_button_9201 wpi_icon wpi_icon_no wpi_icon_left  ' target='' rel=''><i class=''><\/i><span class='wpi_text'>Konkursy z roku 2016<\/span><\/a><\/p>\n<p style=\"text-align: center;\"><a href='https:\/\/www.rops-bialystok.pl\/rops\/?page_id=7607' onclick='' class='wpi_designer_button   wpi_shadow wpi_shadow_no wpi_text_shadow_no wpi_texture_no wpi_border_bottom wpi_padding_10px wpi_5px wpi_designer_button_9201 wpi_icon wpi_icon_no wpi_icon_left  ' target='' rel=''><i class=''><\/i><span class='wpi_text'>Konkursy z roku 2015<\/span><\/a><\/p>\n<p style=\"text-align: center;\"><a href='https:\/\/www.rops-bialystok.pl\/rops\/?page_id=5958' onclick='' class='wpi_designer_button   wpi_shadow wpi_shadow_no wpi_text_shadow_no wpi_texture_no wpi_border_bottom wpi_padding_10px wpi_5px wpi_designer_button_9201 wpi_icon wpi_icon_no wpi_icon_left  ' target='' rel=''><i class=''><\/i><span class='wpi_text'>Konkursy z roku 2014<\/span><\/a><\/p>\n<p style=\"text-align: center;\"><a href='https:\/\/www.rops-bialystok.pl\/rops\/?page_id=5971' onclick='' class='wpi_designer_button   wpi_shadow wpi_shadow_no wpi_text_shadow_no wpi_texture_no wpi_border_bottom wpi_padding_10px wpi_5px wpi_designer_button_9201 wpi_icon wpi_icon_no wpi_icon_left  ' target='' rel=''><i class=''><\/i><span class='wpi_text'>Konkursy z roku 2013<\/span><\/a><\/p>\n<h5><a href=\"https:\/\/bip-rops.wrotapodlasia.pl\/uchwaly_zarzadu\/uchw_nr_169_2460_2013.htm\"><b>Konkurs ofert na prowadzenie domu pomocy spo\u0142ecznej&nbsp; <\/b><\/a><\/h5>\n<ul>\n<li><a href=\"https:\/\/bip-rops.wrotapodlasia.pl\/uchwaly_zarzadu\/uchw_nr_178_2583_2013.htm\">Rozstrzygni\u0119cie konkursu na prowadzenie domu pomocy spo\u0142ecznej<\/a><\/li>\n<\/ul>\n<p style=\"text-align: center;\"><a href='https:\/\/www.rops-bialystok.pl\/rops\/?page_id=2652' onclick='' class='wpi_designer_button   wpi_shadow wpi_shadow_2px wpi_text_shadow_1px wpi_texture_no wpi_border_bottom wpi_padding_10px wpi_10px wpi_designer_button_9208 wpi_icon wpi_icon_no wpi_icon_left  ' target='' rel=''><i class=''><\/i><span class='wpi_text'>Instrukcja dotycz\u0105ca rozliczania dotacji\r\nprzyznawanych <br>z bud\u017cetu wojew\u00f3dztwa podlaskiego\r\nprzez<br>\r\nRegionalny O\u015brodek Polityki Spo\u0142ecznej \r\nw Bia\u0142ymstoku<\/span><\/a><\/p>\n","protected":false},"excerpt":{"rendered":"<p>Konkurs ofert na prowadzenie domu pomocy spo\u0142ecznej&nbsp; Rozstrzygni\u0119cie konkursu na prowadzenie domu pomocy spo\u0142ecznej<\/p>\n","protected":false},"author":12,"featured_media":0,"parent":0,"menu_order":0,"comment_status":"closed","ping_status":"closed","template":"","meta":{"ngg_post_thumbnail":0,"footnotes":""},"class_list":["post-1164","page","type-page","status-publish","hentry"],"_links":{"self":[{"href":"https:\/\/rops-bialystok.pl\/rops\/index.php?rest_route=\/wp\/v2\/pages\/1164","targetHints":{"allow":["GET"]}}],"collection":[{"href":"https:\/\/rops-bialystok.pl\/rops\/index.php?rest_route=\/wp\/v2\/pages"}],"about":[{"href":"https:\/\/rops-bialystok.pl\/rops\/index.php?rest_route=\/wp\/v2\/types\/page"}],"author":[{"embeddable":true,"href":"https:\/\/rops-bialystok.pl\/rops\/index.php?rest_route=\/wp\/v2\/users\/12"}],"replies":[{"embeddable":true,"href":"https:\/\/rops-bialystok.pl\/rops\/index.php?rest_route=%2Fwp%2Fv2%2Fcomments&post=1164"}],"version-history":[{"count":91,"href":"https:\/\/rops-bialystok.pl\/rops\/index.php?rest_route=\/wp\/v2\/pages\/1164\/revisions"}],"predecessor-version":[{"id":25123,"href":"https:\/\/rops-bialystok.pl\/rops\/index.php?rest_route=\/wp\/v2\/pages\/1164\/revisions\/25123"}],"wp:attachment":[{"href":"https:\/\/rops-bialystok.pl\/rops\/index.php?rest_route=%2Fwp%2Fv2%2Fmedia&parent=1164"}],"curies":[{"name":"wp","href":"https:\/\/api.w.org\/{rel}","templated":true}]}}