{"id":13121,"date":"2018-01-12T11:21:17","date_gmt":"2018-01-12T10:21:17","guid":{"rendered":"http:\/\/www.rops-bialystok.pl\/rops\/?page_id=13121"},"modified":"2018-08-01T11:16:00","modified_gmt":"2018-08-01T09:16:00","slug":"konkursy-2018-roku","status":"publish","type":"page","link":"https:\/\/rops-bialystok.pl\/rops\/?page_id=13121","title":{"rendered":"Konkursy 2018 roku"},"content":{"rendered":"<div class=\"wpi_text\" style=\"text-align: center;\"><a href='https:\/\/www.rops-bialystok.pl\/rops\/?p=13125&#038;preview=true' onclick='' class='wpi_designer_button   wpi_shadow wpi_shadow_1px wpi_text_shadow_no wpi_texture_no wpi_border_bottom wpi_padding_10px wpi_5px wpi_designer_button_9202 wpi_icon wpi_icon_no wpi_icon_left  ' target='' rel=''><i class=''><\/i><span class='wpi_text'>Konkursy w sferze pomocy spo\u0142ecznej<\/span><\/a><\/div>\n<div>\n<div class=\"wpi_text\" style=\"text-align: center;\"><a href='https:\/\/www.rops-bialystok.pl\/rops\/?p=13613' onclick='' class='wpi_designer_button   wpi_shadow wpi_shadow_1px wpi_text_shadow_no wpi_texture_no wpi_border_bottom wpi_padding_10px wpi_5px wpi_designer_button_9203 wpi_icon wpi_icon_no wpi_icon_left  ' target='' rel=''><i class=''><\/i><span class='wpi_text'>Konkursy w sferze dzia\u0142a\u0144 na rzecz os\u00f3b niepe\u0142nosprawnych<\/span><\/a><\/div>\n<div>\n<div id=\"wpi_shortcode\" class=\"wpi_icon wpi_icon_star\" style=\"text-align: center;\"><a href='https:\/\/www.rops-bialystok.pl\/rops\/?p=13896' onclick='' class='wpi_designer_button   wpi_shadow wpi_shadow_1px wpi_text_shadow_no wpi_texture_no wpi_border_bottom wpi_padding_10px wpi_5px wpi_designer_button_9204 wpi_icon wpi_icon_no wpi_icon_left  ' target='' rel=''><i class=''><\/i><span class='wpi_text'>Konkursy w sferze przeciwdzia\u0142ania uzale\u017cnieniom i patologiom spo\u0142ecznym<\/span><\/a><\/div>\n<\/div>\n<\/div>\n","protected":false},"excerpt":{"rendered":"","protected":false},"author":12,"featured_media":0,"parent":0,"menu_order":0,"comment_status":"closed","ping_status":"closed","template":"","meta":{"ngg_post_thumbnail":0,"footnotes":""},"class_list":["post-13121","page","type-page","status-publish","hentry"],"_links":{"self":[{"href":"https:\/\/rops-bialystok.pl\/rops\/index.php?rest_route=\/wp\/v2\/pages\/13121","targetHints":{"allow":["GET"]}}],"collection":[{"href":"https:\/\/rops-bialystok.pl\/rops\/index.php?rest_route=\/wp\/v2\/pages"}],"about":[{"href":"https:\/\/rops-bialystok.pl\/rops\/index.php?rest_route=\/wp\/v2\/types\/page"}],"author":[{"embeddable":true,"href":"https:\/\/rops-bialystok.pl\/rops\/index.php?rest_route=\/wp\/v2\/users\/12"}],"replies":[{"embeddable":true,"href":"https:\/\/rops-bialystok.pl\/rops\/index.php?rest_route=%2Fwp%2Fv2%2Fcomments&post=13121"}],"version-history":[{"count":5,"href":"https:\/\/rops-bialystok.pl\/rops\/index.php?rest_route=\/wp\/v2\/pages\/13121\/revisions"}],"predecessor-version":[{"id":15552,"href":"https:\/\/rops-bialystok.pl\/rops\/index.php?rest_route=\/wp\/v2\/pages\/13121\/revisions\/15552"}],"wp:attachment":[{"href":"https:\/\/rops-bialystok.pl\/rops\/index.php?rest_route=%2Fwp%2Fv2%2Fmedia&parent=13121"}],"curies":[{"name":"wp","href":"https:\/\/api.w.org\/{rel}","templated":true}]}}