{"id":13480,"date":"2018-03-29T11:25:15","date_gmt":"2018-03-29T09:25:15","guid":{"rendered":"http:\/\/www.rops-bialystok.pl\/rops\/?page_id=13480"},"modified":"2018-03-29T11:25:15","modified_gmt":"2018-03-29T09:25:15","slug":"aktualnosci-pomocy-spolecznej-2017","status":"publish","type":"page","link":"https:\/\/rops-bialystok.pl\/rops\/?page_id=13480","title":{"rendered":"Aktualno\u015bci pomocy spo\u0142ecznej 2017"},"content":{"rendered":"<div class='pfpItem entry-content'><h2 class='entry-title'><a href='https:\/\/rops-bialystok.pl\/rops\/?p=13081'>Konferencja w ramach Podlaskich Dni Seniora \u2013 15 grudnia 2017 r.<\/a><\/h2><div class='entry-meta'>Opublikowane 29 grudnia, 2017 r. <\/div>W pi\u0105tek, w dniu 15 grudnia 2017 r. Regionalny O\u015brodek Polityki Spo\u0142ecznej w Bia\u0142ymstoku, w ramach cyklicznie organizowanych Podlaskich Dni Seniora, zorganizowa\u0142 wojew\u00f3dzk\u0105 konferencj\u0119 skierowan\u0105 do starszych mieszka\u0144c\u00f3w wojew\u00f3dztwa podlaskiego. Spotkanie mia\u0142o na celu upowszechnianie wiedzy i podniesienie \u015bwiadomo\u015bci na temat profilaktyki udaru m\u00f3zgu, warto\u015bci aktywno\u015bci spo\u0142ecznej os\u00f3b starszych oraz znaczenia ich potencja\u0142u w tworzeniu [&hellip;]<a href='https:\/\/rops-bialystok.pl\/rops\/?p=13081' class='pfpReadMore'><br \/>\nPrzeczytaj ca\u0142o\u015b\u0107 \u00bb<\/a><div class='clear'><\/div><hr><\/div><div class='pfpItem entry-content'><h2 class='entry-title'><a href='https:\/\/rops-bialystok.pl\/rops\/?p=13068'>Rekrutacja na szkolenie w zakresie II stopnia specjalizacji w zawodzie pracownika socjalnego praca z osob\u0105 i rodzin\u0105 z problemem przemocy<\/a><\/h2><div class='entry-meta'>Opublikowane 18 grudnia, 2017 r. <\/div>Wy\u017csza Szko\u0142a Pedagogiczna im. Janusza Korczaka w Warszawie Wydzia\u0142 Nauk Spo\u0142eczno-Pedagogicznych w Katowicach og\u0142asza nab\u00f3r na szkolenie w zakresie II stopnia specjalizacji w zawodzie pracownika socjalnego praca socjalna z osob\u0105 i rodzin\u0105 z problemem przemocy. Szczeg\u00f3\u0142owe informacje mo\u017cna znale\u017a\u0107 na stronie internetowej uczelni: www.pracownik-socjalny.wspkorczak.eu Informacja o projekcie Informacja o rekrutacji<a href='https:\/\/rops-bialystok.pl\/rops\/?p=13068' class='pfpReadMore'><br \/>\nPrzeczytaj ca\u0142o\u015b\u0107 \u00bb<\/a><div class='clear'><\/div><hr><\/div><div class='pfpItem entry-content'><h2 class='entry-title'><a href='https:\/\/rops-bialystok.pl\/rops\/?p=13066'>Minister Rodziny, Pracy i Polityki Spo\u0142ecznej og\u0142asza otwarty konkurs ofert w ramach Programu Wieloletniego \u201eSenior+\u201d na lata 2015-2020 \u2013 termin do 22 grudnia 2017 r.<\/a><\/h2><div class='entry-meta'>Opublikowane 18 grudnia, 2017 r. <\/div>Ruszy\u0142a edycja 2018 otwartego konkursu ofert w ramach programu wieloletniego \u201eSenior+\u201d na lata 2015-2020. Minister Rodziny, Pracy i Polityki Spo\u0142ecznej zaprasza jednostki samorz\u0105du terytorialnego szczebla gminnego, powiatowego oraz wojew\u00f3dzkiego, kt\u00f3rych strategie rozwoju pomocy spo\u0142ecznej uwzgl\u0119dniaj\u0105 rozw\u00f3j infrastruktury dla os\u00f3b starszych lub w kt\u00f3rych brak jest innej infrastruktury pomocy spo\u0142ecznej tego typu, do udzia\u0142u w otwartym [&hellip;]<a href='https:\/\/rops-bialystok.pl\/rops\/?p=13066' class='pfpReadMore'><br \/>\nPrzeczytaj ca\u0142o\u015b\u0107 \u00bb<\/a><div class='clear'><\/div><hr><\/div><div class='pfpItem entry-content'><h2 class='entry-title'><a href='https:\/\/rops-bialystok.pl\/rops\/?p=13064'>Podsumowanie dzia\u0142a\u0144 Fundacji \u201eSocLab\u201d w ramach projektu \u201eRady Senior\u00f3w w dzia\u0142aniu\u201d<\/a><\/h2><div class='entry-meta'>Opublikowane 18 grudnia, 2017 r. <\/div>Celem projektu \u201eRady Senior\u00f3w w dzia\u0142aniu&#8221; by\u0142o wzmocnienie istniej\u0105cych rad senior\u00f3w w wojew\u00f3dztwie podlaskim, a tak\u017ce wsparcie dla grup, kt\u00f3re chcia\u0142aby rad\u0119 senior\u00f3w zainicjowa\u0107 w swojej gminie. W projekcie brali udzia\u0142 mieszkanki i mieszka\u0144cy 7 gmin wojew\u00f3dztwa podlaskiego: Augustowa, Bia\u0142egostoku, Bielska Podlaskiego, \u0141ap, Kolna, Supra\u015bla i Wasilkowa. Projekt zrealizowano w 2017 roku, w ramach Programu [&hellip;]<a href='https:\/\/rops-bialystok.pl\/rops\/?p=13064' class='pfpReadMore'><br \/>\nPrzeczytaj ca\u0142o\u015b\u0107 \u00bb<\/a><div class='clear'><\/div><hr><\/div><div class='pfpItem entry-content'><h2 class='entry-title'><a href='https:\/\/rops-bialystok.pl\/rops\/?p=13045'>Zaproszenie na konferencj\u0119 w ramach Podlaskich Dni Seniora \u2013 15.12.2017 r.<\/a><\/h2><div class='entry-meta'>Opublikowane 5 grudnia, 2017 r. <\/div>Regionalny O\u015brodek Polityki Spo\u0142ecznej w Bia\u0142ymstoku, w ramach cyklicznie organizowanych Podlaskich Dni Seniora, zaprasza na wojew\u00f3dzk\u0105 konferencj\u0119 skierowan\u0105 do starszych mieszka\u0144c\u00f3w wojew\u00f3dztwa podlaskiego. Spotkanie ma na celu upowszechnianie wiedzy i podnoszenie \u015bwiadomo\u015bci na temat profilaktyki udaru m\u00f3zgu, warto\u015bci aktywno\u015bci spo\u0142ecznej os\u00f3b starszych oraz znaczenia ich potencja\u0142u w tworzeniu regionalnej polityki senioralnej (program w za\u0142\u0105czeniu). Konferencja [&hellip;]<a href='https:\/\/rops-bialystok.pl\/rops\/?p=13045' class='pfpReadMore'><br \/>\nPrzeczytaj ca\u0142o\u015b\u0107 \u00bb<\/a><div class='clear'><\/div><hr><\/div><div class='pfpItem entry-content'><h2 class='entry-title'><a href='https:\/\/rops-bialystok.pl\/rops\/?p=12934'>Uroczyste obchody Dnia Pracownika Socjalnego 2017 w wojew\u00f3dztwie podlaskim<\/a><\/h2><div class='entry-meta'>Opublikowane 24 listopada, 2017 r. <\/div><img decoding=\"async\" src=\"https:\/\/rops-bialystok.pl\/rops\/wp-content\/uploads\/2017\/11\/Oczo\u0142\u00f3wka-150x150.jpg\" \/>W dniu 22 listopada 2017 r. odby\u0142y si\u0119 uroczyste obchody Dnia Pracownika Socjalnego zorganizowane we wsp\u00f3\u0142pracy Regionalnego O\u015brodka Polityki Spo\u0142ecznej w Bia\u0142ymstoku oraz Podlaskiego Urz\u0119du Wojew\u00f3dzkiego. Podczas uroczysto\u015bci Wojewoda Podlaski Bohdan Paszkowski wr\u0119czy\u0142 Medale za d\u0142ugoletni\u0105 s\u0142u\u017cb\u0119 \u2013 Z\u0142ote, Srebrne i Br\u0105zowe \u2013 pracownikom s\u0142u\u017cb spo\u0142ecznych. Regionalny O\u015brodek Polityki Spo\u0142ecznej w Bia\u0142ymstoku przyzna\u0142 wyr\u00f3\u017cnienia o\u015brodkom [&hellip;]<a href='https:\/\/rops-bialystok.pl\/rops\/?p=12934' class='pfpReadMore'><br \/>\nPrzeczytaj ca\u0142o\u015b\u0107 \u00bb<\/a><div class='clear'><\/div><hr><\/div><div class='pfpItem entry-content'><h2 class='entry-title'><a href='https:\/\/rops-bialystok.pl\/rops\/?p=12869'>Bezp\u0142atne szkolenia specjalizacyjne I i II stopnia w zawodzie pracownik socjalny<\/a><\/h2><div class='entry-meta'>Opublikowane 23 listopada, 2017 r. <\/div>Wy\u017csza Szko\u0142a Pedagogiczna im. Janusza Korczaka rozpocz\u0119\u0142a realizacj\u0119 trzech projekt\u00f3w specjalistycznych &#8211; specjalizacji I i II stopnia w zawodzie pracownik socjalny i rozpocz\u0119\u0142a rekrutacj\u0119 uczestnik\u00f3w do projekt\u00f3w: KATOWICE &#8211; Specjalista pracy socjalnej z osob\u0105 i rodzin\u0105 z problemem przemocy, nr umowy POWR.02.05.00-00-0118\/17-00, szkolenie z zakresu II stopnia specjalizacji w zawodzie pracownik socjalny, specjalno\u015b\u0107: praca socjalna [&hellip;]<a href='https:\/\/rops-bialystok.pl\/rops\/?p=12869' class='pfpReadMore'><br \/>\nPrzeczytaj ca\u0142o\u015b\u0107 \u00bb<\/a><div class='clear'><\/div><hr><\/div><div class='pfpItem entry-content'><h2 class='entry-title'><a href='https:\/\/rops-bialystok.pl\/rops\/?p=12806'>Szkolenia dla pracownik\u00f3w socjalnych jednostek pomocy spo\u0142ecznej z terenu wojew\u00f3dztwa podlaskiego, pn.: \u201eNowatorskie metody pracy socjalnej z rodzin\u0105 \u2013 Dialog Motywuj\u0105cy jako metoda motywowania do zmiany\u201d \u2013 18 i 20 pa\u017adziernika oraz 6 i 15 listopada 2017 r.<\/a><\/h2><div class='entry-meta'>Opublikowane 17 listopada, 2017 r. <\/div>Regionalny O\u015brodek Polityki Spo\u0142ecznej w Bia\u0142ymstoku zorganizowa\u0142 4 szkolenia dla pracownik\u00f3w socjalnych jednostek pomocy spo\u0142ecznej z terenu wojew\u00f3dztwa podlaskiego, pn.: \u201eNowatorskie metody pracy socjalnej z rodzin\u0105\u201d. Celem szkolenia by\u0142o zapoznanie uczestnik\u00f3w z jedn\u0105 z innowacyjnych metod pracy z rodzin\u0105 jak\u0105 jest Dialog Motywuj\u0105cy. Szkolenie poprowadzi\u0142a Pani Katarzyna Kaszek-Id\u017akowska, kt\u00f3ra jest certyfikowanym terapeut\u0105 motywuj\u0105cym oraz certyfikowanym [&hellip;]<a href='https:\/\/rops-bialystok.pl\/rops\/?p=12806' class='pfpReadMore'><br \/>\nPrzeczytaj ca\u0142o\u015b\u0107 \u00bb<\/a><div class='clear'><\/div><hr><\/div><div class='pfpItem entry-content'><h2 class='entry-title'><a href='https:\/\/rops-bialystok.pl\/rops\/?p=12743'>Zaproszenie na III Podlaskie Forum Aktywno\u015bci Os\u00f3b Starszych \u201eSeniorzy w dzia\u0142aniu\u201d \u2013 9 listopada 2017 r.<\/a><\/h2><div class='entry-meta'>Opublikowane 30 pa\u017adziernika, 2017 r. <\/div>Zapraszamy na III Podlaskie Forum Aktywno\u015bci Os\u00f3b Starszych \u201eSeniorzy w dzia\u0142aniu\u201d, kt\u00f3re odb\u0119dzie si\u0119 9 listopada 2017 w sali konferencyjnej nr 115 Urz\u0119du Marsza\u0142kowskiego Wojew\u00f3dztwa Podlaskiego, przy ul. Wyszy\u0144skiego 1 w Bia\u0142ymstoku. W tym roku has\u0142o Forum to: \u201eSeniorzy w dzia\u0142aniu\u201d.&nbsp; Uczestnicy b\u0119d\u0105 mogli pos\u0142ucha\u0107 ekspert\u00f3w -praktyk\u00f3w, pozna\u0107 si\u0119 wzajemnie, nawi\u0105za\u0107 kontakty, wymieni\u0107 do\u015bwiadczeniami. Podczas [&hellip;]<a href='https:\/\/rops-bialystok.pl\/rops\/?p=12743' class='pfpReadMore'><br \/>\nPrzeczytaj ca\u0142o\u015b\u0107 \u00bb<\/a><div class='clear'><\/div><hr><\/div><div class='pfpItem entry-content'><h2 class='entry-title'><a href='https:\/\/rops-bialystok.pl\/rops\/?p=12731'>Podlaski Kongres na rzecz przeciwdzia\u0142ania przemocy w rodzinie wobec os\u00f3b starszych<\/a><\/h2><div class='entry-meta'>Opublikowane 30 pa\u017adziernika, 2017 r. <\/div>W dniu 23 pa\u017adziernika, w Sali Kolumnowej Uniwersytetu Medycznego w Bia\u0142ymstoku, odby\u0142 si\u0119 Podlaski Kongres na rzecz przeciwdzia\u0142ania przemocy w rodzinie wobec os\u00f3b starszych, stanowi\u0105cy inauguracj\u0119 programu \u201epoMOC, a nie przeMOC\u201d. Kongres zosta\u0142 zorganizowany przez Komend\u0119 Wojew\u00f3dzk\u0105 Policji w Bia\u0142ymstoku, wsp\u00f3lnie z Uniwersytetem Medycznym w Bia\u0142ymstoku, Okr\u0119gow\u0105 Izb\u0105 Piel\u0119gniarek&nbsp; i Po\u0142o\u017cnych w Bia\u0142ymstoku oraz Regionalnym [&hellip;]<a href='https:\/\/rops-bialystok.pl\/rops\/?p=12731' class='pfpReadMore'><br \/>\nPrzeczytaj ca\u0142o\u015b\u0107 \u00bb<\/a><div class='clear'><\/div><hr><\/div><div class='pfpItem entry-content'><h2 class='entry-title'><a href='https:\/\/rops-bialystok.pl\/rops\/?p=12672'>Specjalizacja I stopnia w zawodzie Pracownika Socjalnego<\/a><\/h2><div class='entry-meta'>Opublikowane 13 pa\u017adziernika, 2017 r. <\/div>Regionalny O\u015brodek Polityki Spo\u0142ecznej w Bia\u0142ymstoku na pro\u015bb\u0119 Towarzystwa Wiedzy Powszechnej Oddzia\u0142 w Szczecinie zaprasza do udzia\u0142u w projekcie 2.5 Skuteczna pomoc spo\u0142eczna \u2013 Specjalizacja I stopnia w zawodzie Pracownika Socjalnego. Materia\u0142y do pobrania: Informacja<a href='https:\/\/rops-bialystok.pl\/rops\/?p=12672' class='pfpReadMore'><br \/>\nPrzeczytaj ca\u0142o\u015b\u0107 \u00bb<\/a><div class='clear'><\/div><hr><\/div><div class='pfpItem entry-content'><h2 class='entry-title'><a href='https:\/\/rops-bialystok.pl\/rops\/?p=12650'>Zaproszenie do udzia\u0142u w szkoleniu \u201eNowatorskie metody pracy socjalnej z rodzin\u0105 \u2013 Dialog Motywuj\u0105cy jako metoda motywowania do zmiany\u201d skierowanego do pracownik\u00f3w socjalnych jednostek pomocy spo\u0142ecznej z terenu wojew\u00f3dztwa podlaskiego  \u2013 18 i 20 pa\u017adziernika 2017 r. - REKRUTACJA ZAKO\u0143CZONA<\/a><\/h2><div class='entry-meta'>Opublikowane 5 pa\u017adziernika, 2017 r. <\/div>Regionalny O\u015brodek Polityki Spo\u0142ecznej w Bia\u0142ymstoku serdecznie zaprasza na szkolenie&nbsp; pracownik\u00f3w socjalnych zatrudnionych w o\u015brodkach pomocy spo\u0142ecznej oraz innych jednostkach pomocy spo\u0142ecznej z terenu wojew\u00f3dztwa podlaskiego do udzia\u0142u w szkoleniu pn. \u201eNowatorskie metody pracy socjalnej z rodzin\u0105 \u2013 Dialog Motywuj\u0105cy jako metoda motywowania do zmiany\u201d. Celem szkolenia b\u0119dzie zapoznanie pracownik\u00f3w socjalnych instytucji pomocy spo\u0142ecznej z [&hellip;]<a href='https:\/\/rops-bialystok.pl\/rops\/?p=12650' class='pfpReadMore'><br \/>\nPrzeczytaj ca\u0142o\u015b\u0107 \u00bb<\/a><div class='clear'><\/div><hr><\/div><div class='pfpItem entry-content'><h2 class='entry-title'><a href='https:\/\/rops-bialystok.pl\/rops\/?p=12400'>Piknik Integracyjny dla Os\u00f3b Niepe\u0142nosprawnych - 26 sierpnia 2017 rok<\/a><\/h2><div class='entry-meta'>Opublikowane 1 wrze\u015bnia, 2017 r. <\/div>Regionalny O\u015brodek Polityki Spo\u0142ecznej w Bia\u0142ymstoku wsp\u00f3lnie z Fundacj\u0105 Aktywnej Rehabilitacji \u201eFAR\u201d Oddzia\u0142 Podlaski, zorganizowa\u0142 kolejny raz \u201ePiknik Integracyjny dla Os\u00f3b Niepe\u0142nosprawnych i ich rodzin\u201d. Piknik odby\u0142 si\u0119 26 sierpnia 2017 roku w Podlaskim Muzeum Kultury Ludowej&nbsp; w Wasilkowie i by\u0142 zorganizowany w ramach XV Podlaskich Dni Rodziny. Uczestnikami pikniku by\u0142y rodziny z wojew\u00f3dztwa podlaskiego, [&hellip;]<a href='https:\/\/rops-bialystok.pl\/rops\/?p=12400' class='pfpReadMore'><br \/>\nPrzeczytaj ca\u0142o\u015b\u0107 \u00bb<\/a><div class='clear'><\/div><hr><\/div><div class='pfpItem entry-content'><h2 class='entry-title'><a href='https:\/\/rops-bialystok.pl\/rops\/?p=12281'>PODLASKISENIOR.PL \u2013 powsta\u0142 portal internetowy dedykowany podlaskim Seniorom!<\/a><\/h2><div class='entry-meta'>Opublikowane 19 lipca, 2017 r. <\/div>Portal to przyjazne miejsce skierowane do wszystkich podlaskich senior\u00f3w i mieszka\u0144c\u00f3w wojew\u00f3dztwa podlaskiego. Znajd\u0105 tu Pa\u0144stwo artyku\u0142y, filmy \u2013 w kanale Telewizja TVS &#8211; przyk\u0142ady tw\u00f3rczo\u015bci i aktywno\u015bci Senior\u00f3w. Zach\u0119camy gor\u0105co do odwiedzenia strony www.podlaskisenior.pl oraz aktywnego w\u0142\u0105czenia si\u0119 w proces jej tworzenia! Portal podlaskisenior.pl powstaje w ramach w projektu Stowarzyszenia Szukamy Polski \u201ePodlascy Seniorzy [&hellip;]<a href='https:\/\/rops-bialystok.pl\/rops\/?p=12281' class='pfpReadMore'><br \/>\nPrzeczytaj ca\u0142o\u015b\u0107 \u00bb<\/a><div class='clear'><\/div><hr><\/div><div class='pfpItem entry-content'><h2 class='entry-title'><a href='https:\/\/rops-bialystok.pl\/rops\/?p=12084'>Nagrody dla pracownik\u00f3w socjalnych 2017<\/a><\/h2><div class='entry-meta'>Opublikowane 20 czerwca, 2017 r. <\/div>Jak co roku do 31 lipca 2017 r. w Wydzia\u0142ach Polityki Spo\u0142ecznej Urz\u0119d\u00f3w Wojew\u00f3dzkich mo\u017cna zg\u0142asza\u0107 wnioski o nagrody specjalne za wybitne, nowatorskie rozwi\u0105zania w zakresie pomocy spo\u0142ecznej. Z wnioskiem o w\/w mog\u0105 wyst\u0105pi\u0107 w formie pisemnej przedstawiciele jednostek organizacyjnych pomocy spo\u0142ecznej, organ\u00f3w administracji rz\u0105dowej i samorz\u0105dowej oraz organizacji pozarz\u0105dowych, ko\u015bcio\u0142\u00f3w, zwi\u0105zk\u00f3w wyznaniowych, dzia\u0142aj\u0105cych w [&hellip;]<a href='https:\/\/rops-bialystok.pl\/rops\/?p=12084' class='pfpReadMore'><br \/>\nPrzeczytaj ca\u0142o\u015b\u0107 \u00bb<\/a><div class='clear'><\/div><hr><\/div><div class='pfpItem entry-content'><h2 class='entry-title'><a href='https:\/\/rops-bialystok.pl\/rops\/?p=11910'>Obchody \u015awiatowego Dnia Inwalidy 2017<\/a><\/h2><div class='entry-meta'>Opublikowane 18 maja, 2017 r. <\/div>W \u015brod\u0119, 10 maja 2017 r. w Bia\u0142ymstoku odby\u0142y si\u0119 obchody \u015awiatowego Dnia Inwalidy zorganizowane przez Zarz\u0105d Oddzia\u0142u Okr\u0119gowego Polskiego Zwi\u0105zku Emeryt\u00f3w, Rencist\u00f3w i Inwalid\u00f3w oraz Regionalny O\u015brodek Polityki Spo\u0142ecznej. Otwarcia uroczysto\u015bci i powitania zaproszonych go\u015bci dokona\u0142 Pan Jan Kalinowski &#8211; Przewodnicz\u0105cy Oddzia\u0142u Okr\u0119gowego Polskiego Zwi\u0105zku Emeryt\u00f3w, Rencist\u00f3w i Inwalid\u00f3w z siedzib\u0105 w Bia\u0142ymstoku, kt\u00f3ry [&hellip;]<a href='https:\/\/rops-bialystok.pl\/rops\/?p=11910' class='pfpReadMore'><br \/>\nPrzeczytaj ca\u0142o\u015b\u0107 \u00bb<\/a><div class='clear'><\/div><hr><\/div><div class='pfpItem entry-content'><h2 class='entry-title'><a href='https:\/\/rops-bialystok.pl\/rops\/?p=11782'>Kampania \u201eBezpieczny i Aktywny Senior\u201d<\/a><\/h2><div class='entry-meta'>Opublikowane 26 kwietnia, 2017 r. <\/div>15 grudnia 2016 r. Minister Rodziny, Pracy i Polityki Spo\u0142ecznej El\u017cbieta Rafalska zainaugurowa\u0142a kampani\u0119 &#8222;Bezpieczny i Aktywny Senior&#8221;. Cel kampanii: Pobudzenie \u015bwiadomo\u015bci spo\u0142ecznej na temat bezpiecze\u0144stwa i aktywno\u015bci sportowej, spo\u0142ecznej, edukacyjnej i kulturalnej os\u00f3b starszych. D\u0105\u017cenie do ograniczenia liczby przest\u0119pstw pope\u0142nianych na szkod\u0119 os\u00f3b starszych, ochron\u0119 interes\u00f3w senior\u00f3w-konsument\u00f3w oraz promocja zdrowego i bezpiecznego stylu \u017cycia [&hellip;]<a href='https:\/\/rops-bialystok.pl\/rops\/?p=11782' class='pfpReadMore'><br \/>\nPrzeczytaj ca\u0142o\u015b\u0107 \u00bb<\/a><div class='clear'><\/div><hr><\/div><div class='pfpItem entry-content'><h2 class='entry-title'><a href='https:\/\/rops-bialystok.pl\/rops\/?p=11393'>Minister Rodziny, Pracy i Polityki Spo\u0142ecznej og\u0142asza otwarty konkurs ofert w ramach Programu Wieloletniego \u201eSenior+\u201d na lata 2015-2020 \u2013 termin do 13 marca 2017 r.<\/a><\/h2><div class='entry-meta'>Opublikowane 2 marca, 2017 r. <\/div>Ruszy\u0142a edycja 2017 otwartego konkursu ofert w ramach programu wieloletniego \u201eSenior+\u201d na lata 2015-2020. Ministerstwo Rodziny, Pracy i Polityki Spo\u0142ecznej przeznaczy\u0142o w tym roku na jego realizacj\u0119 30 mln z\u0142. Beneficjentami bezpo\u015brednimi programu s\u0105 nieaktywne zawodowo osoby w wieku 60+. W Dziennym Domu \u201eSenior+\u201d b\u0119dzie mo\u017cna sp\u0119dzi\u0107 co najmniej 8 godzin dziennie od poniedzia\u0142ku do [&hellip;]<a href='https:\/\/rops-bialystok.pl\/rops\/?p=11393' class='pfpReadMore'><br \/>\nPrzeczytaj ca\u0142o\u015b\u0107 \u00bb<\/a><div class='clear'><\/div><hr><\/div>\n","protected":false},"excerpt":{"rendered":"","protected":false},"author":12,"featured_media":0,"parent":0,"menu_order":0,"comment_status":"closed","ping_status":"closed","template":"","meta":{"ngg_post_thumbnail":0,"footnotes":""},"class_list":["post-13480","page","type-page","status-publish","hentry"],"_links":{"self":[{"href":"https:\/\/rops-bialystok.pl\/rops\/index.php?rest_route=\/wp\/v2\/pages\/13480","targetHints":{"allow":["GET"]}}],"collection":[{"href":"https:\/\/rops-bialystok.pl\/rops\/index.php?rest_route=\/wp\/v2\/pages"}],"about":[{"href":"https:\/\/rops-bialystok.pl\/rops\/index.php?rest_route=\/wp\/v2\/types\/page"}],"author":[{"embeddable":true,"href":"https:\/\/rops-bialystok.pl\/rops\/index.php?rest_route=\/wp\/v2\/users\/12"}],"replies":[{"embeddable":true,"href":"https:\/\/rops-bialystok.pl\/rops\/index.php?rest_route=%2Fwp%2Fv2%2Fcomments&post=13480"}],"version-history":[{"count":1,"href":"https:\/\/rops-bialystok.pl\/rops\/index.php?rest_route=\/wp\/v2\/pages\/13480\/revisions"}],"predecessor-version":[{"id":13481,"href":"https:\/\/rops-bialystok.pl\/rops\/index.php?rest_route=\/wp\/v2\/pages\/13480\/revisions\/13481"}],"wp:attachment":[{"href":"https:\/\/rops-bialystok.pl\/rops\/index.php?rest_route=%2Fwp%2Fv2%2Fmedia&parent=13480"}],"curies":[{"name":"wp","href":"https:\/\/api.w.org\/{rel}","templated":true}]}}