{"id":13566,"date":"2018-04-23T14:04:01","date_gmt":"2018-04-23T12:04:01","guid":{"rendered":"http:\/\/www.rops-bialystok.pl\/rops\/?page_id=13566"},"modified":"2026-03-26T11:00:34","modified_gmt":"2026-03-26T10:00:34","slug":"informacje-o-radzie-seniorow-przy-marszalku-wojewodztwa-podlaskiego","status":"publish","type":"page","link":"https:\/\/rops-bialystok.pl\/rops\/?page_id=13566","title":{"rendered":"Informacje o Radzie Senior\u00f3w przy Marsza\u0142ku Wojew\u00f3dztwa Podlaskiego"},"content":{"rendered":"<p><span style=\"font-size: 12pt;\"><strong>Rada Senior\u00f3w przy Marsza\u0142ku Wojew\u00f3dztwa Podlaskiego<\/strong><\/span><\/p>\n<p style=\"text-align: justify;\">Rada Senior\u00f3w przy Marsza\u0142ku Wojew\u00f3dztwa Podlaskiego jest cia\u0142em opiniuj\u0105co \u2013 doradczym oraz konsultacyjnym, powo\u0142anym celem reprezentowania \u015brodowiska senior\u00f3w w Samorz\u0105dzie Wojew\u00f3dztwa Podlaskiego, dzia\u0142aj\u0105cym na rzecz wzmocnienia i rozwoju regionalnej polityki senioralnej.<\/p>\n<p style=\"text-align: justify;\">Kadencja Rady trwa 4 lata. Rada liczy maksymalnie 15 cz\u0142onk\u00f3w, powo\u0142ywanych spo\u015br\u00f3d przedstawicieli reprezentuj\u0105cych osoby starsze oraz reprezentant\u00f3w podmiot\u00f3w zawodowo lub spo\u0142ecznie zajmuj\u0105cych si\u0119 problematyk\u0105 senioraln\u0105.<\/p>\n<p><strong>Zadania <\/strong><strong>Rady Senior\u00f3w przy Marsza\u0142ku Wojew\u00f3dztwa Podlaskiego:<\/strong><\/p>\n<ul>\n<li>wsp\u00f3\u0142tworzenie kierunk\u00f3w regionalnej polityki senioralnej w wojew\u00f3dztwie podlaskim, z uwzgl\u0119dnieniem dokument\u00f3w o charakterze strategicznym i wdro\u017ceniowym,<\/li>\n<li>proponowanie nowych rozwi\u0105za\u0144 i inicjowanie zmian w obszarze opieki zdrowotnej, pomocy spo\u0142ecznej, dzia\u0142alno\u015bci o\u015bwiatowej, kulturalnej i turystycznej, komunikacji publicznej i mi\u0119dzypokoleniowej, z uwzgl\u0119dnieniem potrzeb i oczekiwa\u0144 os\u00f3b starszych,<\/li>\n<li>opiniowanie projekt\u00f3w kluczowych dokument\u00f3w i propozycji rozwi\u0105za\u0144 regionalnych skierowanych do os\u00f3b starszych,<\/li>\n<li>wspieranie rozwoju i dzia\u0142a\u0144 organizacji pozarz\u0105dowych, klub\u00f3w seniora, uniwersytet\u00f3w trzeciego wieku i innych podmiot\u00f3w dzia\u0142aj\u0105cych na rzecz os\u00f3b starszych z terenu wojew\u00f3dztwa podlaskiego,<\/li>\n<li>w\u0142\u0105czanie si\u0119 w charakterze partnera w realizacj\u0119 inicjatyw na rzecz os\u00f3b starszych.<\/li>\n<\/ul>\n<p>Z cz\u0142onkami Rady Senior\u00f3w przy Marsza\u0142ku Wojew\u00f3dztwa Podlaskiego mo\u017cna kontaktowa\u0107 si\u0119 za po\u015brednictwem Pe\u0142nomocnika Zarz\u0105du Wojew\u00f3dztwa Podlaskiego ds. Senior\u00f3w Milen\u0105 Rogowsk\u0105, pod numerem telefonu: <strong>85 665 48 57&nbsp;&nbsp;<\/strong>lub za po\u015brednictwem poczty elektronicznej<strong>: <\/strong><a href=\"mailto:milena.rogowska@podlaskie.eu\">milena.rogowska@podlaskie.eu<\/a><\/p>\n<p><strong>Dokumenty reguluj\u0105ce sk\u0142ad i prac\u0119 Rady:<\/strong><\/p>\n<ul>\n<li><a href=\"https:\/\/bip-rops.wrotapodlasia.pl\/uchwaly_zarzadu\/uchwala-nr-24933822017-zarzadu-wojewodztwa-podlaskiego-z-dnia-17-pazdziernika-2017-roku.html\">Uchwa\u0142a Nr 249\/3382\/2017 Zarz\u0105du Wojew\u00f3dztwa Podlaskiego z dnia 17 pa\u017adziernika 2017 roku w sprawie przyj\u0119cia statutu Rady Senior\u00f3w przy Marsza\u0142ku Wojew\u00f3dztwa Podlaskiego<\/a><\/li>\n<li><a href=\"http:\/\/www.rops-bialystok.pl\/rops\/wp-content\/uploads\/2018\/01\/Zarz%C4%85dzenie-Nr-135-2017-Marsza%C5%82ka-Woje%C3%B3dztwa-Podlaskiego-z-dn.-11-grudnia-2017.pdf\">Zarz\u0105dzenie Nr 135\/2017 Marsza\u0142ka Wojew\u00f3dztwa Podlaskiego z dnia 11 grudnia 2017 roku w sprawie powo\u0142ania sk\u0142adu Rady Senior\u00f3w przy Marsza\u0142ku Wojew\u00f3dztwa Podlaskiego<\/a><\/li>\n<li><a href=\"https:\/\/bip-rops.wrotapodlasia.pl\/uchwaly_zarzadu\/uchwala-nr-31546012018-zarzadu-wojewodztwa-podlaskiego-z-dnia-28-sierpnia-2018-r.html\">Uchwa\u0142a Nr 315\/4601\/2018 Zarz\u0105du Wojew\u00f3dztwa Podlaskiego z dnia 28 sierpnia 2018 roku w sprawie zmiany statutu Rady Senior\u00f3w przy Marsza\u0142ku Wojew\u00f3dztwa Podlaskiego<\/a><\/li>\n<li><a href=\"http:\/\/www.rops-bialystok.pl\/rops\/wp-content\/uploads\/2021\/04\/uchwala-Zarzadu-Woj.-Podlaskiego-z-dnia-4-marca-2020.pdf\">Uchwa\u0142a Nr 191\/3209\/2021 Zarz\u0105du Wojew\u00f3dztwa Podlaskiego z dnia 4 marca 2021 r. w sprawie ustanowienia Pe\u0142nomocnika Zarz\u0105du Wojew\u00f3dztwa Podlaskiego ds. Senior\u00f3w<\/a><\/li>\n<\/ul>\n","protected":false},"excerpt":{"rendered":"<p>Rada Senior\u00f3w przy Marsza\u0142ku Wojew\u00f3dztwa Podlaskiego Rada Senior\u00f3w przy Marsza\u0142ku Wojew\u00f3dztwa Podlaskiego jest cia\u0142em opiniuj\u0105co \u2013 doradczym oraz konsultacyjnym, powo\u0142anym celem reprezentowania \u015brodowiska senior\u00f3w w Samorz\u0105dzie Wojew\u00f3dztwa Podlaskiego, dzia\u0142aj\u0105cym na rzecz wzmocnienia i rozwoju regionalnej polityki senioralnej. Kadencja Rady trwa 4 lata. Rada liczy maksymalnie 15 cz\u0142onk\u00f3w, powo\u0142ywanych spo\u015br\u00f3d przedstawicieli reprezentuj\u0105cych osoby starsze oraz reprezentant\u00f3w [&hellip;]<\/p>\n","protected":false},"author":12,"featured_media":0,"parent":0,"menu_order":0,"comment_status":"closed","ping_status":"closed","template":"","meta":{"ngg_post_thumbnail":0,"footnotes":""},"class_list":["post-13566","page","type-page","status-publish","hentry"],"_links":{"self":[{"href":"https:\/\/rops-bialystok.pl\/rops\/index.php?rest_route=\/wp\/v2\/pages\/13566","targetHints":{"allow":["GET"]}}],"collection":[{"href":"https:\/\/rops-bialystok.pl\/rops\/index.php?rest_route=\/wp\/v2\/pages"}],"about":[{"href":"https:\/\/rops-bialystok.pl\/rops\/index.php?rest_route=\/wp\/v2\/types\/page"}],"author":[{"embeddable":true,"href":"https:\/\/rops-bialystok.pl\/rops\/index.php?rest_route=\/wp\/v2\/users\/12"}],"replies":[{"embeddable":true,"href":"https:\/\/rops-bialystok.pl\/rops\/index.php?rest_route=%2Fwp%2Fv2%2Fcomments&post=13566"}],"version-history":[{"count":18,"href":"https:\/\/rops-bialystok.pl\/rops\/index.php?rest_route=\/wp\/v2\/pages\/13566\/revisions"}],"predecessor-version":[{"id":25167,"href":"https:\/\/rops-bialystok.pl\/rops\/index.php?rest_route=\/wp\/v2\/pages\/13566\/revisions\/25167"}],"wp:attachment":[{"href":"https:\/\/rops-bialystok.pl\/rops\/index.php?rest_route=%2Fwp%2Fv2%2Fmedia&parent=13566"}],"curies":[{"name":"wp","href":"https:\/\/api.w.org\/{rel}","templated":true}]}}