{"id":14740,"date":"2019-01-30T09:06:00","date_gmt":"2019-01-30T08:06:00","guid":{"rendered":"http:\/\/www.rops-bialystok.pl\/rops\/?page_id=14740"},"modified":"2024-04-19T11:45:25","modified_gmt":"2024-04-19T09:45:25","slug":"kontakt","status":"publish","type":"page","link":"https:\/\/rops-bialystok.pl\/rops\/?page_id=14740","title":{"rendered":"Kontakt &#8222;W poszukiwaniu modelowych rozwi\u0105za\u0144&#8221;"},"content":{"rendered":"<p><img loading=\"lazy\" decoding=\"async\" class=\"aligncenter wp-image-22358 size-full\" src=\"https:\/\/rops-bialystok.pl\/rops\/wp-content\/uploads\/2024\/04\/FE_POWER_barwy_RP_MR_EFS_poziom_pl-1_rgb-scaled.jpg\" alt=\"Stopka z logami Funduszu Europejskiego, Rzeczpospolitej polski, Ministerstwa Rozwoju oraz Unii Europejskiej.\" width=\"2560\" height=\"260\" srcset=\"https:\/\/rops-bialystok.pl\/rops\/wp-content\/uploads\/2024\/04\/FE_POWER_barwy_RP_MR_EFS_poziom_pl-1_rgb-scaled.jpg 2560w, https:\/\/rops-bialystok.pl\/rops\/wp-content\/uploads\/2024\/04\/FE_POWER_barwy_RP_MR_EFS_poziom_pl-1_rgb-300x30.jpg 300w, https:\/\/rops-bialystok.pl\/rops\/wp-content\/uploads\/2024\/04\/FE_POWER_barwy_RP_MR_EFS_poziom_pl-1_rgb-1024x104.jpg 1024w, https:\/\/rops-bialystok.pl\/rops\/wp-content\/uploads\/2024\/04\/FE_POWER_barwy_RP_MR_EFS_poziom_pl-1_rgb-768x78.jpg 768w, https:\/\/rops-bialystok.pl\/rops\/wp-content\/uploads\/2024\/04\/FE_POWER_barwy_RP_MR_EFS_poziom_pl-1_rgb-1536x156.jpg 1536w, https:\/\/rops-bialystok.pl\/rops\/wp-content\/uploads\/2024\/04\/FE_POWER_barwy_RP_MR_EFS_poziom_pl-1_rgb-2048x208.jpg 2048w\" sizes=\"auto, (max-width: 2560px) 100vw, 2560px\" \/><\/p>\n<p style=\"text-align: center;\"><span style=\"font-size: 13pt; font-family: georgia, palatino, serif;\">Projekt konkursowy &#8221; W poszukiwaniu modelowych rozwi\u0105za\u0144 &#8221; <\/span><br \/>\n<span style=\"font-size: 13pt; font-family: georgia, palatino, serif;\">realizowany w ramach Programu Operacyjnego Wiedza Edukacja Rozw\u00f3j na lata 2014-2020 wsp\u00f3\u0142finansowanego ze \u015brodk\u00f3w Europejskiego Funduszu Spo\u0142ecznego oraz z bud\u017cetu pa\u0144stwa<br \/>\n<\/span><\/p>\n<p style=\"text-align: left;\">&nbsp;<\/p>\n<p style=\"text-align: left;\"><strong>Kontakt<\/strong><\/p>\n<p style=\"text-align: left;\"><strong>Regionalny O\u015brodek Polityki Spo\u0142ecznej w Bia\u0142ymstoku<\/strong><\/p>\n<p style=\"text-align: left;\">Kombatant\u00f3w 7, 15 \u2013 110 Bia\u0142ystok<\/p>\n<p style=\"text-align: left;\">tel. 85&nbsp;744 72 72<\/p>\n<p style=\"text-align: left;\">fax: (85) 744 71 37&nbsp;<\/p>\n<p style=\"text-align: left;\">e-mail:&nbsp;<a href=\"mailto:rops@rops-bialystok.pl\"><strong>rops@rops-bialystok.pl<\/strong><\/a><\/p>\n<p style=\"text-align: left;\"><strong>&nbsp;<\/strong><\/p>\n<p style=\"text-align: left;\"><strong>Kontakt telefoniczny:<\/strong><\/p>\n<p style=\"text-align: left;\"><strong>Krystyna Bobrowska-D\u0105browska &#8211;&nbsp; <\/strong>regionalny ekspert ds. deinstytucjonalizacji us\u0142ug<\/p>\n<p style=\"text-align: left;\">&#8211; tel. 85&nbsp;744 71 43 w. 212<\/p>\n<p style=\"text-align: left;\"><strong>Aneta Filipowicz &#8211;&nbsp; <\/strong>regionalny ekspert ds. deinstytucjonalizacji us\u0142ug<\/p>\n<p style=\"text-align: left;\">&#8211; tel. 85 744 72 72 w. 210<\/p>\n<p style=\"text-align: left;\"><strong>Katarzyna J\u00f3zefowicz<\/strong> \u2013 ekspert merytoryczny ds. modelu<\/p>\n<p style=\"text-align: left;\">&#8211; tel. 85 744 72 72 w. 210<\/p>\n<p style=\"text-align: left;\">&nbsp;<\/p>\n<p style=\"text-align: left;\"><img loading=\"lazy\" decoding=\"async\" class=\"aligncenter wp-image-16921\" src=\"http:\/\/www.rops-bialystok.pl\/rops\/wp-content\/uploads\/2020\/07\/MieszkalFoot-1024x186.png\" alt=\"Stopka z czterema partnerami projektu - ROPS w Bia\u0142ymstoku, Wojew\u00f3dztwo Podlaskie, Otw\u00f3rzmy przed nimi \u017cycie, Centrum Integracji Spo\u0142ecznej w Augustowie.\" width=\"724\" height=\"131\" srcset=\"https:\/\/rops-bialystok.pl\/rops\/wp-content\/uploads\/2020\/07\/MieszkalFoot-1024x186.png 1024w, https:\/\/rops-bialystok.pl\/rops\/wp-content\/uploads\/2020\/07\/MieszkalFoot-300x54.png 300w, https:\/\/rops-bialystok.pl\/rops\/wp-content\/uploads\/2020\/07\/MieszkalFoot-768x139.png 768w\" sizes=\"auto, (max-width: 724px) 100vw, 724px\" \/><\/p>\n","protected":false},"excerpt":{"rendered":"<p>Projekt konkursowy &#8221; W poszukiwaniu modelowych rozwi\u0105za\u0144 &#8221; realizowany w ramach Programu Operacyjnego Wiedza Edukacja Rozw\u00f3j na lata 2014-2020 wsp\u00f3\u0142finansowanego ze \u015brodk\u00f3w Europejskiego Funduszu Spo\u0142ecznego oraz z bud\u017cetu pa\u0144stwa &nbsp; Kontakt Regionalny O\u015brodek Polityki Spo\u0142ecznej w Bia\u0142ymstoku Kombatant\u00f3w 7, 15 \u2013 110 Bia\u0142ystok tel. 85&nbsp;744 72 72 fax: (85) 744 71 37&nbsp; e-mail:&nbsp;rops@rops-bialystok.pl &nbsp; Kontakt [&hellip;]<\/p>\n","protected":false},"author":15,"featured_media":0,"parent":0,"menu_order":0,"comment_status":"closed","ping_status":"closed","template":"","meta":{"ngg_post_thumbnail":0,"footnotes":""},"class_list":["post-14740","page","type-page","status-publish","hentry"],"_links":{"self":[{"href":"https:\/\/rops-bialystok.pl\/rops\/index.php?rest_route=\/wp\/v2\/pages\/14740","targetHints":{"allow":["GET"]}}],"collection":[{"href":"https:\/\/rops-bialystok.pl\/rops\/index.php?rest_route=\/wp\/v2\/pages"}],"about":[{"href":"https:\/\/rops-bialystok.pl\/rops\/index.php?rest_route=\/wp\/v2\/types\/page"}],"author":[{"embeddable":true,"href":"https:\/\/rops-bialystok.pl\/rops\/index.php?rest_route=\/wp\/v2\/users\/15"}],"replies":[{"embeddable":true,"href":"https:\/\/rops-bialystok.pl\/rops\/index.php?rest_route=%2Fwp%2Fv2%2Fcomments&post=14740"}],"version-history":[{"count":23,"href":"https:\/\/rops-bialystok.pl\/rops\/index.php?rest_route=\/wp\/v2\/pages\/14740\/revisions"}],"predecessor-version":[{"id":22364,"href":"https:\/\/rops-bialystok.pl\/rops\/index.php?rest_route=\/wp\/v2\/pages\/14740\/revisions\/22364"}],"wp:attachment":[{"href":"https:\/\/rops-bialystok.pl\/rops\/index.php?rest_route=%2Fwp%2Fv2%2Fmedia&parent=14740"}],"curies":[{"name":"wp","href":"https:\/\/api.w.org\/{rel}","templated":true}]}}