{"id":15315,"date":"2019-05-24T13:49:57","date_gmt":"2019-05-24T11:49:57","guid":{"rendered":"http:\/\/www.rops-bialystok.pl\/rops\/?page_id=15315"},"modified":"2019-05-24T13:50:06","modified_gmt":"2019-05-24T11:50:06","slug":"podlaskie-dni-rodziny-2018","status":"publish","type":"page","link":"https:\/\/rops-bialystok.pl\/rops\/?page_id=15315","title":{"rendered":"Podlaskie dni rodziny 2018"},"content":{"rendered":"<div class='pfpItem entry-content'><h2 class='entry-title'><a href='https:\/\/rops-bialystok.pl\/rops\/?p=14494'>Przekazanie wyprawek szkolnych podopiecznym Stowarzyszenia Pomocy Rodzinie \u201eDroga\u201d<\/a><\/h2><div class='entry-meta'>Opublikowane 17 grudnia, 2018 r. <\/div><img decoding=\"async\" width=&quot;160&quot; height=&quot;120&quot; style=\"width:160px; height:120px; border-width: 10px; border-color:#f1f1f1;border: 10px solid #f1f1f1\" alt=\"Kilka kolorowych plecak\u00f3w.\" title=\"\" src=\"https:\/\/rops-bialystok.pl\/rops\/wp-content\/uploads\/2018\/12\/39957127_1859423870791364_7007161344386400256_n-160x120.jpg\" rel=\"https:\/\/rops-bialystok.pl\/rops\/wp-content\/uploads\/2018\/12\/39957127_1859423870791364_7007161344386400256_n.jpg\" \/>W dniach 3-7 wrze\u015bnia 2018 roku podopieczni Stowarzyszenia Pomocy Rodzinie \u201eDroga\u201d otrzymali wyprawki szkolne. Regionalny O\u015brodek Polityki Spo\u0142ecznej w Bia\u0142ymstoku zakupi\u0142 59 plecak\u00f3w wraz z przyborami i artyku\u0142ami szkolnymi, kt\u00f3re trafi\u0142y do dzieci potrzebuj\u0105cych wsparcia z terenu wojew\u00f3dztwa podlaskiego. Dzia\u0142anie zosta\u0142o zrealizowane w ramach XVI Podlaskich Dni Rodziny. &nbsp;<a href='https:\/\/rops-bialystok.pl\/rops\/?p=14494' class='pfpReadMore'><br \/>\nPrzeczytaj ca\u0142o\u015b\u0107 \u00bb<\/a><div class='clear'><\/div><hr><\/div><div class='pfpItem entry-content'><h2 class='entry-title'><a href='https:\/\/rops-bialystok.pl\/rops\/?p=13948'>Piknik Integracyjny dla Os\u00f3b Niepe\u0142nosprawnych i ich Rodzin<\/a><\/h2><div class='entry-meta'>Opublikowane 21 sierpnia, 2018 r. <\/div>W dniu 12 sierpnia 2018 roku, Regionalny O\u015brodek Polityki Spo\u0142ecznej w Bia\u0142ymstoku zorganizowa\u0142 \u201ePiknik Integracyjny dla Os\u00f3b Niepe\u0142nosprawnych i ich Rodzin\u201d. Impreza odby\u0142a si\u0119 w ramach XVI Podlaskich Dni Rodziny. W Pikniku wzi\u0119\u0142o udzia\u0142 50 os\u00f3b z wojew\u00f3dztwa podlaskiego w tym wi\u0119kszo\u015b\u0107 to osoby z niepe\u0142nosprawno\u015bci\u0105&nbsp; ruchow\u0105. Uczestnicy Pikniku sp\u0119dzili wolny czas na \u015bwie\u017cym powietrzu [&hellip;]<a href='https:\/\/rops-bialystok.pl\/rops\/?p=13948' class='pfpReadMore'><br \/>\nPrzeczytaj ca\u0142o\u015b\u0107 \u00bb<\/a><div class='clear'><\/div><hr><\/div><div class='pfpItem entry-content'><h2 class='entry-title'><a href='https:\/\/rops-bialystok.pl\/rops\/?p=13828'>Zaproszenie na Piknik Rodzinny w Zab\u0142udowie w ramach XVI Podlaskich Dni Rodziny<\/a><\/h2><div class='entry-meta'>Opublikowane 25 czerwca, 2018 r. <\/div><img loading=\"lazy\" decoding=\"async\" class=\"alignnone size-full wp-image-11856\" src=\"http:\/\/www.rops-bialystok.pl\/rops\/wp-content\/uploads\/2017\/05\/Marsza\u0142ek-wojew\u00f3dztwa-podlaskiego.jpg\" alt=\"\" width=\"296\" height=\"186\"\/>Regionalny O\u015brodek Polityki Spo\u0142ecznej w Bia\u0142ymstoku wraz z Parafi\u0105 Rzymskokatolick\u0105 Pw. \u015aw. App. Piotra i Paw\u0142a w Zab\u0142udowie zaprasza na Piknik Rodzinny w Zab\u0142udowie w ramach XVI Podlaskich Dni Rodziny. Piknik odb\u0119dzie si\u0119 dnia 29 czerwca 2018 r. w Zab\u0142udowie (plac za plebani\u0105), w godz. 19.00 \u2013 22.00). W programie Pikniku przewidziano mn\u00f3stwo atrakcji dla [&hellip;]<a href='https:\/\/rops-bialystok.pl\/rops\/?p=13828' class='pfpReadMore'><br \/>\nPrzeczytaj ca\u0142o\u015b\u0107 \u00bb<\/a><div class='clear'><\/div><hr><\/div><div class='pfpItem entry-content'><h2 class='entry-title'><a href='https:\/\/rops-bialystok.pl\/rops\/?p=13821'>Piknik z okazji Dnia Rodzicielstwa Zast\u0119pczego w ramach XVI Podlaskich Dni Rodziny<\/a><\/h2><div class='entry-meta'>Opublikowane 20 czerwca, 2018 r. <\/div><img loading=\"lazy\" decoding=\"async\" class=\"alignnone size-full wp-image-11856\" src=\"http:\/\/www.rops-bialystok.pl\/rops\/wp-content\/uploads\/2017\/05\/Marsza\u0142ek-wojew\u00f3dztwa-podlaskiego.jpg\" alt=\"\" width=\"296\" height=\"186\"\/>Dnia 10 czerwca 2018 roku, w Podlaskim Muzeum Kultury Ludowej w Wasilkowie odby\u0142 si\u0119 Piknik z okazji Dnia Rodzicielstwa Zast\u0119pczego w ramach XVI Podlaskich Dni Rodziny. Piknik zosta\u0142 zorganizowany w partnerstwie z Caritas Archidiecezji Bia\u0142ostockiej, Fundacj\u0105 Dialog, Fundacj\u0105 im. Rodziny Czarneckich, Podlaskim Muzeum Kultury Ludowej oraz Regionalnym O\u015brodkiem Polityki Spo\u0142ecznej w Bia\u0142ymstoku. Celem organizowanego przedsi\u0119wzi\u0119cia [&hellip;]<a href='https:\/\/rops-bialystok.pl\/rops\/?p=13821' class='pfpReadMore'><br \/>\nPrzeczytaj ca\u0142o\u015b\u0107 \u00bb<\/a><div class='clear'><\/div><hr><\/div><div class='pfpItem entry-content'><h2 class='entry-title'><a href='https:\/\/rops-bialystok.pl\/rops\/?p=13754'>Piknik z okazji Dnia Rodzicielstwa Zast\u0119pczego w ramach XVI Podlaskich Dni Rodziny<\/a><\/h2><div class='entry-meta'>Opublikowane 5 czerwca, 2018 r. <\/div><img loading=\"lazy\" decoding=\"async\" class=\"alignnone size-full wp-image-11856\" src=\"http:\/\/www.rops-bialystok.pl\/rops\/wp-content\/uploads\/2017\/05\/Marsza\u0142ek-wojew\u00f3dztwa-podlaskiego.jpg\" alt=\"\" width=\"296\" height=\"186\"\/>Regionalny O\u015brodek Polityki Spo\u0142ecznej w Bia\u0142ymstoku wraz z partnerami zaprasza wychowank\u00f3w pieczy zast\u0119pczej, rodziny zast\u0119pcze oraz ch\u0119tnych, kt\u00f3rzy chcieliby zosta\u0107 rodzin\u0105 zast\u0119pcz\u0105 na Piknik z okazji Dnia Rodzicielstwa Zast\u0119pczego w ramach XVI Podlaskich Dni Rodziny Piknik odb\u0119dzie si\u0119 dnia 10 czerwca 2018 r. w Podlaskim Muzeum Kultury Ludowej w Wasilkowie (dawniej Bia\u0142ostockie Muzeum Wsi, droga [&hellip;]<a href='https:\/\/rops-bialystok.pl\/rops\/?p=13754' class='pfpReadMore'><br \/>\nPrzeczytaj ca\u0142o\u015b\u0107 \u00bb<\/a><div class='clear'><\/div><hr><\/div><div class='pfpItem entry-content'><h2 class='entry-title'><a href='https:\/\/rops-bialystok.pl\/rops\/?p=13503'>Zapraszamy do zapoznania si\u0119 z kalendarium przedsi\u0119wzi\u0119\u0107 organizowanych w ramach XVI Podlaskich Dni Rodziny!<\/a><\/h2><div class='entry-meta'>Opublikowane 24 kwietnia, 2018 r. <\/div><img loading=\"lazy\" decoding=\"async\" class=\"alignnone size-full wp-image-11856\" src=\"http:\/\/www.rops-bialystok.pl\/rops\/wp-content\/uploads\/2017\/05\/Marsza\u0142ek-wojew\u00f3dztwa-podlaskiego.jpg\" alt=\"\" width=\"296\" height=\"186\"\/>Przedsi\u0119wzi\u0119cia projektowane w ramach XVI Podlaskich Dni Rodziny maj\u0105 na celu promocj\u0119 wizerunku rodzin i podkre\u015blenie ich znaczenia i presti\u017cu w spo\u0142ecze\u0144stwie. Ponadto, ju\u017c tradycyjnie, stwarzaj\u0105 rodzinom okazj\u0119 do aktywnego w\u0142\u0105czenia si\u0119 w wydarzenia edukacyjne, sportowe, integracyjne, profilaktyczne, promuj\u0105ce wi\u0119zi rodzinne i mi\u0119dzypokoleniowe. &nbsp;\u201eRodzina &#8211; mi\u0142o\u015b\u0107, wsparcie i tradycja\u201d \u2013 tegoroczna edycja zwraca szczeg\u00f3ln\u0105 uwag\u0119 [&hellip;]<a href='https:\/\/rops-bialystok.pl\/rops\/?p=13503' class='pfpReadMore'><br \/>\nPrzeczytaj ca\u0142o\u015b\u0107 \u00bb<\/a><div class='clear'><\/div><hr><\/div><div class='pfpItem entry-content'><h2 class='entry-title'><a href='https:\/\/rops-bialystok.pl\/rops\/?p=13440'>Zaproszenie do w\u0142\u0105czenia si\u0119 w XVI Podlaskie Dni Rodziny<\/a><\/h2><div class='entry-meta'>Opublikowane 14 marca, 2018 r. <\/div>Regionalny O\u015brodek Polityki Spo\u0142ecznej w Bia\u0142ymstoku zaprasza samorz\u0105dy lokalne, instytucje administracji rz\u0105dowej wojew\u00f3dztwa, organizacje pozarz\u0105dowe oraz szko\u0142y do aktywnego w\u0142\u0105czenia si\u0119 w realizacj\u0119 idei i misji XVI Podlaskich Dni Rodziny pod has\u0142em \u201eRodzina &#8211; mi\u0142o\u015b\u0107, wsparcie i tradycja\u201d. Podlaskie Dni Rodziny stanowi\u0105 atrakcyjn\u0105 form\u0119 promowania najwa\u017cniejszych warto\u015bci w \u017cyciu cz\u0142owieka. \u201eRodzina &#8211; mi\u0142o\u015b\u0107, wsparcie i [&hellip;]<a href='https:\/\/rops-bialystok.pl\/rops\/?p=13440' class='pfpReadMore'><br \/>\nPrzeczytaj ca\u0142o\u015b\u0107 \u00bb<\/a><div class='clear'><\/div><hr><\/div>\n","protected":false},"excerpt":{"rendered":"","protected":false},"author":15,"featured_media":0,"parent":0,"menu_order":0,"comment_status":"closed","ping_status":"closed","template":"","meta":{"ngg_post_thumbnail":0,"footnotes":""},"class_list":["post-15315","page","type-page","status-publish","hentry"],"_links":{"self":[{"href":"https:\/\/rops-bialystok.pl\/rops\/index.php?rest_route=\/wp\/v2\/pages\/15315","targetHints":{"allow":["GET"]}}],"collection":[{"href":"https:\/\/rops-bialystok.pl\/rops\/index.php?rest_route=\/wp\/v2\/pages"}],"about":[{"href":"https:\/\/rops-bialystok.pl\/rops\/index.php?rest_route=\/wp\/v2\/types\/page"}],"author":[{"embeddable":true,"href":"https:\/\/rops-bialystok.pl\/rops\/index.php?rest_route=\/wp\/v2\/users\/15"}],"replies":[{"embeddable":true,"href":"https:\/\/rops-bialystok.pl\/rops\/index.php?rest_route=%2Fwp%2Fv2%2Fcomments&post=15315"}],"version-history":[{"count":1,"href":"https:\/\/rops-bialystok.pl\/rops\/index.php?rest_route=\/wp\/v2\/pages\/15315\/revisions"}],"predecessor-version":[{"id":15316,"href":"https:\/\/rops-bialystok.pl\/rops\/index.php?rest_route=\/wp\/v2\/pages\/15315\/revisions\/15316"}],"wp:attachment":[{"href":"https:\/\/rops-bialystok.pl\/rops\/index.php?rest_route=%2Fwp%2Fv2%2Fmedia&parent=15315"}],"curies":[{"name":"wp","href":"https:\/\/api.w.org\/{rel}","templated":true}]}}