{"id":15653,"date":"2019-08-02T10:56:29","date_gmt":"2019-08-02T08:56:29","guid":{"rendered":"http:\/\/www.rops-bialystok.pl\/rops\/?page_id=15653"},"modified":"2024-04-19T11:45:46","modified_gmt":"2024-04-19T09:45:46","slug":"harmonogram-w-poszukiwaniu-modelowych-rozwiazan","status":"publish","type":"page","link":"https:\/\/rops-bialystok.pl\/rops\/?page_id=15653","title":{"rendered":"Harmonogram &#8222;W poszukiwaniu modelowych rozwi\u0105za\u0144&#8221;"},"content":{"rendered":"<p style=\"text-align: center;\"><img loading=\"lazy\" decoding=\"async\" class=\"aligncenter wp-image-22358 size-full\" src=\"https:\/\/rops-bialystok.pl\/rops\/wp-content\/uploads\/2024\/04\/FE_POWER_barwy_RP_MR_EFS_poziom_pl-1_rgb-scaled.jpg\" alt=\"Stopka z logami Funduszu Europejskiego, Rzeczpospolitej polski, Ministerstwa Rozwoju oraz Unii Europejskiej.\" width=\"2560\" height=\"260\" srcset=\"https:\/\/rops-bialystok.pl\/rops\/wp-content\/uploads\/2024\/04\/FE_POWER_barwy_RP_MR_EFS_poziom_pl-1_rgb-scaled.jpg 2560w, https:\/\/rops-bialystok.pl\/rops\/wp-content\/uploads\/2024\/04\/FE_POWER_barwy_RP_MR_EFS_poziom_pl-1_rgb-300x30.jpg 300w, https:\/\/rops-bialystok.pl\/rops\/wp-content\/uploads\/2024\/04\/FE_POWER_barwy_RP_MR_EFS_poziom_pl-1_rgb-1024x104.jpg 1024w, https:\/\/rops-bialystok.pl\/rops\/wp-content\/uploads\/2024\/04\/FE_POWER_barwy_RP_MR_EFS_poziom_pl-1_rgb-768x78.jpg 768w, https:\/\/rops-bialystok.pl\/rops\/wp-content\/uploads\/2024\/04\/FE_POWER_barwy_RP_MR_EFS_poziom_pl-1_rgb-1536x156.jpg 1536w, https:\/\/rops-bialystok.pl\/rops\/wp-content\/uploads\/2024\/04\/FE_POWER_barwy_RP_MR_EFS_poziom_pl-1_rgb-2048x208.jpg 2048w\" sizes=\"auto, (max-width: 2560px) 100vw, 2560px\" \/><span style=\"font-size: 12pt; font-family: arial, helvetica, sans-serif;\">Projekt konkursowy &#8221; W poszukiwaniu modelowych rozwi\u0105za\u0144 &#8221; realizowany w ramach Programu Operacyjnego Wiedza Edukacja Rozw\u00f3j na lata 2014-2020 wsp\u00f3\u0142finansowanego ze \u015brodk\u00f3w Europejskiego Funduszu Spo\u0142ecznego oraz z bud\u017cetu pa\u0144stwa<br \/>\n<\/span><\/p>\n<p><strong><span style=\"font-size: 14pt;\">2023<\/span><\/strong><\/p>\n<ul>\n<li><strong><span style=\"font-size: 12pt; font-family: arial, helvetica, sans-serif;\">Harmonogram wsparcia projektu &#8222;W poszukiwaniu modelowych rozwi\u0105za\u0144&#8221; &#8211; wrzesie\u0144 2023 (<a href=\"https:\/\/rops-bialystok.pl\/rops\/wp-content\/uploads\/2023\/08\/Harmonogram-na-09.-2023.pdf\">link<\/a>)<\/span><\/strong><\/li>\n<li><strong><span style=\"font-size: 12pt; font-family: arial, helvetica, sans-serif;\">Harmonogram wsparcia projektu &#8222;W poszukiwaniu modelowych rozwi\u0105za\u0144&#8221; &#8211; sierpie\u0144 2023 (<a href=\"https:\/\/rops-bialystok.pl\/rops\/wp-content\/uploads\/2023\/08\/Harmonogram-na-08.-2023.pdf\">link<\/a>)<\/span><\/strong><\/li>\n<li><strong><span style=\"font-size: 12pt; font-family: arial, helvetica, sans-serif;\">Harmonogram wsparcia projektu &#8222;W poszukiwaniu modelowych rozwi\u0105za\u0144&#8221; &#8211; czerwiec 2023 (<a href=\"http:\/\/www.rops-bialystok.pl\/rops\/wp-content\/uploads\/2023\/06\/Harmonogram-na-06.2023.pdf\">link<\/a>)<\/span><\/strong><\/li>\n<li><strong><span style=\"font-size: 12pt; font-family: arial, helvetica, sans-serif;\">Harmonogram wsparcia projektu &#8222;W poszukiwaniu modelowych rozwi\u0105za\u0144&#8221; &#8211; kwiecie\u0144 2023 (<a href=\"http:\/\/www.rops-bialystok.pl\/rops\/wp-content\/uploads\/2023\/04\/Harmonogram-na-04.2023.pdf\">link<\/a>)<\/span><\/strong><\/li>\n<li><strong><span style=\"font-size: 12pt; font-family: arial, helvetica, sans-serif;\">Harmonogram wsparcia projektu &#8222;W poszukiwaniu modelowych rozwi\u0105za\u0144&#8221; &#8211; marzec 2023 (<a href=\"http:\/\/www.rops-bialystok.pl\/rops\/wp-content\/uploads\/2023\/03\/Harmonogram-na-03.2023.pdf\">link<\/a>)<\/span><\/strong><\/li>\n<li><strong><span style=\"font-size: 12pt; font-family: arial, helvetica, sans-serif;\">Harmonogram wsparcia projektu &#8222;W poszukiwaniu modelowych rozwi\u0105za\u0144&#8221; &#8211; stycze\u0144 2023 &#8211; aktualizacja (<a href=\"http:\/\/www.rops-bialystok.pl\/rops\/wp-content\/uploads\/2023\/01\/Harmonogram-na-01.2023-1.pdf\">link<\/a>)<\/span><\/strong><\/li>\n<li><strong><span style=\"font-size: 12pt; font-family: arial, helvetica, sans-serif;\">Harmonogram wsparcia projektu &#8222;W poszukiwaniu modelowych rozwi\u0105za\u0144&#8221; &#8211; stycze\u0144 2023 (<a href=\"http:\/\/www.rops-bialystok.pl\/rops\/wp-content\/uploads\/2023\/01\/Harmonogram-na-01.2023.pdf\">link<\/a>)<\/span><\/strong><\/li>\n<\/ul>\n<p><strong><span style=\"font-size: 14pt;\">2022<\/span><\/strong><\/p>\n<ul>\n<li><strong><span style=\"font-size: 12pt; font-family: arial, helvetica, sans-serif;\">Harmonogram wsparcia projektu &#8222;W poszukiwaniu modelowych rozwi\u0105za\u0144&#8221; &#8211; grudzie\u0144 2022 (<a href=\"http:\/\/www.rops-bialystok.pl\/rops\/wp-content\/uploads\/2022\/12\/Harmonogram-na-12.2022.pdf\">link<\/a>)<\/span><\/strong><\/li>\n<li><strong><span style=\"font-size: 12pt; font-family: arial, helvetica, sans-serif;\">Harmonogram wsparcia projektu &#8222;W poszukiwaniu modelowych rozwi\u0105za\u0144&#8221; &#8211; pa\u017adziernik 2022 (<a href=\"http:\/\/www.rops-bialystok.pl\/rops\/wp-content\/uploads\/2022\/10\/Harmonogram-na-10.2022.pdf\">link<\/a>)<\/span><\/strong><\/li>\n<li><strong><span style=\"font-size: 12pt; font-family: arial, helvetica, sans-serif;\">Harmonogram wsparcia projektu &#8222;W poszukiwaniu modelowych rozwi\u0105za\u0144&#8221; &#8211; sierpie\u0144 2022 (<a href=\"http:\/\/www.rops-bialystok.pl\/rops\/wp-content\/uploads\/2022\/08\/Szczegolowy-harmonogram-udzielania-wsparcia-dzialan-w-projekcie-sierpien-2022.pdf\">link<\/a>)<\/span><\/strong><\/li>\n<li><strong><span style=\"font-size: 12pt; font-family: arial, helvetica, sans-serif;\">Harmonogram wsparcia projektu &#8222;W poszukiwaniu modelowych rozwi\u0105za\u0144&#8221; &#8211; lipiec 2022 (<a href=\"http:\/\/www.rops-bialystok.pl\/rops\/wp-content\/uploads\/2022\/07\/Harmonogram-lipiec-2022-r.pdf\">link<\/a>)<\/span><\/strong><\/li>\n<li><strong><span style=\"font-size: 12pt; font-family: arial, helvetica, sans-serif;\">Harmonogram wsparcia projektu &#8222;W poszukiwaniu modelowych rozwi\u0105za\u0144&#8221; Zmiana harmonogramu &#8211; czerwiec 2022 (<a href=\"http:\/\/www.rops-bialystok.pl\/rops\/wp-content\/uploads\/2022\/06\/Harmonogram-na-06.2022-zmiana.pdf\">link<\/a>)<\/span><\/strong><\/li>\n<li><strong><span style=\"font-size: 12pt; font-family: arial, helvetica, sans-serif;\">Harmonogram wsparcia projektu &#8222;W poszukiwaniu modelowych rozwi\u0105za\u0144&#8221; &#8211; czerwiec 2022 (<a href=\"http:\/\/www.rops-bialystok.pl\/rops\/wp-content\/uploads\/2022\/06\/Harmonogram-na-06.2022.pdf\">link<\/a>)<\/span><\/strong><\/li>\n<li><strong><span style=\"font-size: 12pt; font-family: arial, helvetica, sans-serif;\">Harmonogram wsparcia projektu &#8222;W poszukiwaniu modelowych rozwi\u0105za\u0144&#8221; &#8211; maj 2022 (<a href=\"http:\/\/www.rops-bialystok.pl\/rops\/wp-content\/uploads\/2022\/05\/SZCZEGOLOWY-HARMONOGRAM-UDZIELANIA-WSPARCIA-maj-2022.pdf\">link<\/a>)<\/span><\/strong><\/li>\n<li><strong><span style=\"font-size: 12pt; font-family: arial, helvetica, sans-serif;\">Harmonogram wsparcia projektu &#8222;W poszukiwaniu modelowych rozwi\u0105za\u0144&#8221; &#8211; marzec 2022 (<a href=\"http:\/\/www.rops-bialystok.pl\/rops\/wp-content\/uploads\/2022\/03\/Harmonogram-na-03.2022.pdf\">link<\/a>)<\/span><\/strong><\/li>\n<li><strong><span style=\"font-size: 12pt; font-family: arial, helvetica, sans-serif;\">Harmonogram wsparcia projektu &#8222;W poszukiwaniu modelowych rozwi\u0105za\u0144&#8221; &#8211; luty 2022 (<a href=\"http:\/\/www.rops-bialystok.pl\/rops\/wp-content\/uploads\/2022\/02\/Harmonogram-na-02.2022.pdf\">link<\/a>)<\/span><\/strong><\/li>\n<\/ul>\n<p><strong><span style=\"font-size: 14pt;\">2021<\/span><\/strong><\/p>\n<ul>\n<li><strong><span style=\"font-size: 12pt; font-family: arial, helvetica, sans-serif;\">Harmonogram wsparcia projektu &#8222;W poszukiwaniu modelowych rozwi\u0105za\u0144&#8221; &#8211; grudzie\u0144 2021 (<a href=\"http:\/\/www.rops-bialystok.pl\/rops\/wp-content\/uploads\/2021\/12\/Harmonogram-udzielania-wsparcia-grudzien-2021.pdf\">link<\/a>)<\/span><\/strong><\/li>\n<li><strong><span style=\"font-size: 12pt; font-family: arial, helvetica, sans-serif;\">Harmonogram wsparcia projektu &#8222;W poszukiwaniu modelowych rozwi\u0105za\u0144&#8221; &#8211; listopad 2021 &#8211; aktualizacja (<a href=\"http:\/\/www.rops-bialystok.pl\/rops\/wp-content\/uploads\/2021\/11\/Harmonogram-na-11.2021-\u2014-aktualizacja.pdf\">link<\/a>)<\/span><\/strong><\/li>\n<li><strong><span style=\"font-size: 12pt; font-family: arial, helvetica, sans-serif;\">Harmonogram wsparcia projektu &#8222;W poszukiwaniu modelowych rozwi\u0105za\u0144&#8221; &#8211; listopad 2021 (<a href=\"http:\/\/www.rops-bialystok.pl\/rops\/wp-content\/uploads\/2021\/11\/Harmonogram-11-2021.pdf\">link<\/a>)<\/span><\/strong><\/li>\n<li><strong><span style=\"font-size: 12pt; font-family: arial, helvetica, sans-serif;\">Harmonogram wsparcia projektu &#8222;W poszukiwaniu modelowych rozwi\u0105za\u0144&#8221; &#8211; pa\u017adziernik 2021 (<a href=\"http:\/\/www.rops-bialystok.pl\/rops\/wp-content\/uploads\/2021\/10\/Harmonogram-na-10_2021.pdf\">link<\/a>)<\/span><\/strong><\/li>\n<li><strong><span style=\"font-size: 12pt; font-family: arial, helvetica, sans-serif;\">Harmonogram wsparcia projektu &#8222;W poszukiwaniu modelowych rozwi\u0105za\u0144&#8221; &#8211; wrzesie\u0144 2021 (<a href=\"http:\/\/www.rops-bialystok.pl\/rops\/wp-content\/uploads\/2021\/10\/Harmonogram-na-09.2021-1.pdf\">link<\/a>)<\/span><\/strong><\/li>\n<li><strong><span style=\"font-family: arial, helvetica, sans-serif;\"><span style=\"font-size: 12pt;\"><span style=\"font-size: 12pt; font-family: arial, helvetica, sans-serif;\">Harmonogram wsparcia projektu &#8222;W poszukiwaniu modelowych rozwi\u0105za\u0144&#8221; &#8211;<\/span> sierpie\u0144 2021<\/span> (<a href=\"http:\/\/www.rops-bialystok.pl\/rops\/wp-content\/uploads\/2021\/08\/Szczegolowy-harmonogram-wsparcia_dzialan-w-projekcie-08-2021.pdf\">link<\/a>)<\/span><\/strong><\/li>\n<li style=\"text-align: left;\"><strong><span style=\"font-size: 12pt; font-family: arial, helvetica, sans-serif;\">Harmonogram wsparcia projektu &#8222;W poszukiwaniu modelowych rozwi\u0105za\u0144&#8221; &#8211; marzec 2021 (<a href=\"http:\/\/www.rops-bialystok.pl\/rops\/wp-content\/uploads\/2021\/03\/Harmonogram-na-03.2021-1.pdf\">link<\/a>)<\/span><\/strong><span style=\"font-family: arial, helvetica, sans-serif; font-size: 12pt;\"><strong><br \/>\n<\/strong><\/span><\/li>\n<\/ul>\n<p><span style=\"font-size: 14pt;\"><strong>2020<\/strong><\/span><\/p>\n<ul>\n<li><span style=\"font-size: 12pt; font-family: georgia, palatino, serif;\"><strong><span style=\"font-family: arial, helvetica, sans-serif; font-size: 12pt;\">Harmonogram wsparcia projektu &#8222;W poszukiwaniu modelowych rozwi\u0105za\u0144&#8221; &#8211; pa\u017adziernik 2020 (<a href=\"http:\/\/www.rops-bialystok.pl\/rops\/wp-content\/uploads\/2020\/10\/Kopia-harmonogram-wsparcia-I-polowa-pazdziernika-2020-1.pdf\">link<\/a>)<\/span><\/strong><\/span><\/li>\n<li><span style=\"font-family: arial, helvetica, sans-serif; font-size: 12pt;\"><strong>Harmonogram wsparcia projektu &#8222;W poszukiwaniu modelowych rozwi\u0105za\u0144&#8221; &#8211; wrzesie\u0144\/pa\u017adz 2020 (<a href=\"http:\/\/www.rops-bialystok.pl\/rops\/wp-content\/uploads\/2020\/09\/SZCZEGOLOWY-HARMONOGRAM-UDZIELANIA-WSPARCIA-DZIALAN-W-PROJEKCIE.pdf\">link<\/a>)<\/strong><\/span><span style=\"font-family: arial, helvetica, sans-serif; font-size: 12pt;\"><strong><br \/>\n<\/strong><\/span><\/li>\n<li><span style=\"font-family: arial, helvetica, sans-serif; font-size: 12pt;\"><strong>Harmonogram realizacji projektu &#8222;W poszukiwaniu modelowych rozwi\u0105za\u0144&#8221; &#8211; za rok 2020 (<a href=\"http:\/\/www.rops-bialystok.pl\/rops\/wp-content\/uploads\/2020\/02\/Harmonogram-realizacji-projektu-w-2020-roku.docx\">link<\/a>)<\/strong><\/span><span style=\"font-size: 12pt; font-family: georgia, palatino, serif;\"><strong><br \/>\n<\/strong><\/span><\/li>\n<\/ul>\n<p><span style=\"font-size: 14pt;\"><strong>2019<\/strong><\/span><\/p>\n<ul>\n<li><span style=\"font-family: arial, helvetica, sans-serif; font-size: 12pt;\"><strong>Harmonogram wsparcia projektu &#8222;W poszukiwaniu modelowych rozwi\u0105za\u0144&#8221; &#8211; sierpie\u0144 2019 (<a href=\"http:\/\/www.rops-bialystok.pl\/rops\/wp-content\/uploads\/2019\/08\/Harmonogram.xlsx\">link<\/a>)<\/strong><\/span><\/li>\n<li><span style=\"font-family: arial, helvetica, sans-serif; font-size: 12pt;\"><strong>Harmonogram realizacji projektu &#8222;W poszukiwaniu modelowych rozwi\u0105za\u0144&#8221; &#8211; za rok 2019 (<a href=\"http:\/\/www.rops-bialystok.pl\/rops\/wp-content\/uploads\/2019\/08\/Harmonogram-realizacji-projektu-w-2019-roku.docx\">link<\/a>)<\/strong><\/span><\/li>\n<\/ul>\n<p style=\"text-align: center;\"><strong>&nbsp;<\/strong><\/p>\n<p><strong>&nbsp;<\/strong><\/p>\n<p><img loading=\"lazy\" decoding=\"async\" class=\"aligncenter wp-image-16921\" src=\"http:\/\/www.rops-bialystok.pl\/rops\/wp-content\/uploads\/2020\/07\/MieszkalFoot-1024x186.png\" alt=\"Stopka z partnerami projektu: ROPS Bia\u0142ystok, Wojew\u00f3dztwo Podlaskie, Otw\u00f3rzmy przed nimi \u017cycie, Centrum Integracji Spo\u0142ecznej w Augustowie.\" width=\"724\" height=\"131\" srcset=\"https:\/\/rops-bialystok.pl\/rops\/wp-content\/uploads\/2020\/07\/MieszkalFoot-1024x186.png 1024w, https:\/\/rops-bialystok.pl\/rops\/wp-content\/uploads\/2020\/07\/MieszkalFoot-300x54.png 300w, https:\/\/rops-bialystok.pl\/rops\/wp-content\/uploads\/2020\/07\/MieszkalFoot-768x139.png 768w\" sizes=\"auto, (max-width: 724px) 100vw, 724px\" \/><\/p>\n","protected":false},"excerpt":{"rendered":"<p>Projekt konkursowy &#8221; W poszukiwaniu modelowych rozwi\u0105za\u0144 &#8221; realizowany w ramach Programu Operacyjnego Wiedza Edukacja Rozw\u00f3j na lata 2014-2020 wsp\u00f3\u0142finansowanego ze \u015brodk\u00f3w Europejskiego Funduszu Spo\u0142ecznego oraz z bud\u017cetu pa\u0144stwa 2023 Harmonogram wsparcia projektu &#8222;W poszukiwaniu modelowych rozwi\u0105za\u0144&#8221; &#8211; wrzesie\u0144 2023 (link) Harmonogram wsparcia projektu &#8222;W poszukiwaniu modelowych rozwi\u0105za\u0144&#8221; &#8211; sierpie\u0144 2023 (link) Harmonogram wsparcia projektu [&hellip;]<\/p>\n","protected":false},"author":15,"featured_media":0,"parent":0,"menu_order":0,"comment_status":"closed","ping_status":"closed","template":"","meta":{"ngg_post_thumbnail":0,"footnotes":""},"class_list":["post-15653","page","type-page","status-publish","hentry"],"_links":{"self":[{"href":"https:\/\/rops-bialystok.pl\/rops\/index.php?rest_route=\/wp\/v2\/pages\/15653","targetHints":{"allow":["GET"]}}],"collection":[{"href":"https:\/\/rops-bialystok.pl\/rops\/index.php?rest_route=\/wp\/v2\/pages"}],"about":[{"href":"https:\/\/rops-bialystok.pl\/rops\/index.php?rest_route=\/wp\/v2\/types\/page"}],"author":[{"embeddable":true,"href":"https:\/\/rops-bialystok.pl\/rops\/index.php?rest_route=\/wp\/v2\/users\/15"}],"replies":[{"embeddable":true,"href":"https:\/\/rops-bialystok.pl\/rops\/index.php?rest_route=%2Fwp%2Fv2%2Fcomments&post=15653"}],"version-history":[{"count":113,"href":"https:\/\/rops-bialystok.pl\/rops\/index.php?rest_route=\/wp\/v2\/pages\/15653\/revisions"}],"predecessor-version":[{"id":22365,"href":"https:\/\/rops-bialystok.pl\/rops\/index.php?rest_route=\/wp\/v2\/pages\/15653\/revisions\/22365"}],"wp:attachment":[{"href":"https:\/\/rops-bialystok.pl\/rops\/index.php?rest_route=%2Fwp%2Fv2%2Fmedia&parent=15653"}],"curies":[{"name":"wp","href":"https:\/\/api.w.org\/{rel}","templated":true}]}}