{"id":16229,"date":"2019-11-25T14:20:00","date_gmt":"2019-11-25T13:20:00","guid":{"rendered":"http:\/\/www.rops-bialystok.pl\/rops\/?page_id=16229"},"modified":"2024-04-19T11:45:16","modified_gmt":"2024-04-19T09:45:16","slug":"model-mieszkalnictwa-wspomaganego","status":"publish","type":"page","link":"https:\/\/rops-bialystok.pl\/rops\/?page_id=16229","title":{"rendered":"Model Mieszkalnictwa Wspomaganego"},"content":{"rendered":"<p><img loading=\"lazy\" decoding=\"async\" class=\"aligncenter wp-image-22358 size-full\" src=\"https:\/\/rops-bialystok.pl\/rops\/wp-content\/uploads\/2024\/04\/FE_POWER_barwy_RP_MR_EFS_poziom_pl-1_rgb-scaled.jpg\" alt=\"Stopka z logami Funduszu Europejskiego, Rzeczpospolitej polski, Ministerstwa Rozwoju oraz Unii Europejskiej.\" width=\"2560\" height=\"260\" srcset=\"https:\/\/rops-bialystok.pl\/rops\/wp-content\/uploads\/2024\/04\/FE_POWER_barwy_RP_MR_EFS_poziom_pl-1_rgb-scaled.jpg 2560w, https:\/\/rops-bialystok.pl\/rops\/wp-content\/uploads\/2024\/04\/FE_POWER_barwy_RP_MR_EFS_poziom_pl-1_rgb-300x30.jpg 300w, https:\/\/rops-bialystok.pl\/rops\/wp-content\/uploads\/2024\/04\/FE_POWER_barwy_RP_MR_EFS_poziom_pl-1_rgb-1024x104.jpg 1024w, https:\/\/rops-bialystok.pl\/rops\/wp-content\/uploads\/2024\/04\/FE_POWER_barwy_RP_MR_EFS_poziom_pl-1_rgb-768x78.jpg 768w, https:\/\/rops-bialystok.pl\/rops\/wp-content\/uploads\/2024\/04\/FE_POWER_barwy_RP_MR_EFS_poziom_pl-1_rgb-1536x156.jpg 1536w, https:\/\/rops-bialystok.pl\/rops\/wp-content\/uploads\/2024\/04\/FE_POWER_barwy_RP_MR_EFS_poziom_pl-1_rgb-2048x208.jpg 2048w\" sizes=\"auto, (max-width: 2560px) 100vw, 2560px\" \/><\/p>\n<p style=\"text-align: center;\"><span style=\"font-size: 13pt; font-family: georgia, palatino, serif;\">Projekt konkursowy &#8221; W poszukiwaniu modelowych rozwi\u0105za\u0144 &#8221; <\/span><br \/>\n<span style=\"font-size: 13pt; font-family: georgia, palatino, serif;\">realizowany w ramach Programu Operacyjnego Wiedza Edukacja Rozw\u00f3j na lata 2014-2020 wsp\u00f3\u0142finansowanego ze \u015brodk\u00f3w Europejskiego Funduszu Spo\u0142ecznego oraz z bud\u017cetu pa\u0144stwa<br \/>\n<\/span><\/p>\n<p>&nbsp;<\/p>\n<h1 class=\"art-postheader entry-title\" style=\"text-align: left;\" data-wahfont=\"14\">Model Mieszkalnictwa Wspomaganego Skierowanego do Os\u00f3b z Niepe\u0142nosprawno\u015bci\u0105 Intelektualn\u0105, w tym z zespo\u0142em Downa<\/h1>\n<p><a href=\"https:\/\/rops-bialystok.pl\/rops\/wp-content\/uploads\/2023\/10\/BROSZURA_A4_MODEL_MIESZKALNICTWA_WSPOMAGANEGO.pdf\"><img loading=\"lazy\" decoding=\"async\" class=\"aligncenter wp-image-21710 size-large\" src=\"https:\/\/rops-bialystok.pl\/rops\/wp-content\/uploads\/2023\/10\/Model-Mieszkalnictwa-Wspomaganego-718x1024.png\" alt=\"Model mieszkalnictwa wspomaganego skierowanego do os\u00f3b z niepe\u0142nosprawno\u015bci\u0105 intelektualn\u0105, w tym z zespo\u0142em downa.\" width=\"718\" height=\"1024\" srcset=\"https:\/\/rops-bialystok.pl\/rops\/wp-content\/uploads\/2023\/10\/Model-Mieszkalnictwa-Wspomaganego-718x1024.png 718w, https:\/\/rops-bialystok.pl\/rops\/wp-content\/uploads\/2023\/10\/Model-Mieszkalnictwa-Wspomaganego-210x300.png 210w, https:\/\/rops-bialystok.pl\/rops\/wp-content\/uploads\/2023\/10\/Model-Mieszkalnictwa-Wspomaganego-768x1095.png 768w, https:\/\/rops-bialystok.pl\/rops\/wp-content\/uploads\/2023\/10\/Model-Mieszkalnictwa-Wspomaganego.png 798w\" sizes=\"auto, (max-width: 718px) 100vw, 718px\" \/><\/a><\/p>\n<p><strong>Do pobrania:<\/strong><\/p>\n<ul>\n<li><a href=\"https:\/\/rops-bialystok.pl\/rops\/wp-content\/uploads\/2023\/10\/BROSZURA_A4_MODEL_MIESZKALNICTWA_WSPOMAGANEGO.pdf\">Model Mieszkalnictwa Wspomaganego wraz z rekomendacjami<\/a><\/li>\n<\/ul>\n<p style=\"text-align: center;\">&nbsp;<\/p>\n<p><img loading=\"lazy\" decoding=\"async\" class=\"aligncenter wp-image-16921\" src=\"http:\/\/www.rops-bialystok.pl\/rops\/wp-content\/uploads\/2020\/07\/MieszkalFoot-1024x186.png\" alt=\"Stopka z czterema partnerami projektu - ROPS w Bia\u0142ymstoku, Wojew\u00f3dztwo Podlaskie, Otw\u00f3rzmy przed nimi \u017cycie, Centrum Integracji Spo\u0142ecznej w Augustowie.\" width=\"724\" height=\"131\" srcset=\"https:\/\/rops-bialystok.pl\/rops\/wp-content\/uploads\/2020\/07\/MieszkalFoot-1024x186.png 1024w, https:\/\/rops-bialystok.pl\/rops\/wp-content\/uploads\/2020\/07\/MieszkalFoot-300x54.png 300w, https:\/\/rops-bialystok.pl\/rops\/wp-content\/uploads\/2020\/07\/MieszkalFoot-768x139.png 768w\" sizes=\"auto, (max-width: 724px) 100vw, 724px\" \/><\/p>\n<p>&nbsp;&nbsp;&nbsp;<\/p>\n","protected":false},"excerpt":{"rendered":"<p>Projekt konkursowy &#8221; W poszukiwaniu modelowych rozwi\u0105za\u0144 &#8221; realizowany w ramach Programu Operacyjnego Wiedza Edukacja Rozw\u00f3j na lata 2014-2020 wsp\u00f3\u0142finansowanego ze \u015brodk\u00f3w Europejskiego Funduszu Spo\u0142ecznego oraz z bud\u017cetu pa\u0144stwa &nbsp; Model Mieszkalnictwa Wspomaganego Skierowanego do Os\u00f3b z Niepe\u0142nosprawno\u015bci\u0105 Intelektualn\u0105, w tym z zespo\u0142em Downa Do pobrania: Model Mieszkalnictwa Wspomaganego wraz z rekomendacjami &nbsp; &nbsp;&nbsp;&nbsp;<\/p>\n","protected":false},"author":15,"featured_media":0,"parent":0,"menu_order":0,"comment_status":"closed","ping_status":"closed","template":"","meta":{"ngg_post_thumbnail":0,"footnotes":""},"class_list":["post-16229","page","type-page","status-publish","hentry"],"_links":{"self":[{"href":"https:\/\/rops-bialystok.pl\/rops\/index.php?rest_route=\/wp\/v2\/pages\/16229","targetHints":{"allow":["GET"]}}],"collection":[{"href":"https:\/\/rops-bialystok.pl\/rops\/index.php?rest_route=\/wp\/v2\/pages"}],"about":[{"href":"https:\/\/rops-bialystok.pl\/rops\/index.php?rest_route=\/wp\/v2\/types\/page"}],"author":[{"embeddable":true,"href":"https:\/\/rops-bialystok.pl\/rops\/index.php?rest_route=\/wp\/v2\/users\/15"}],"replies":[{"embeddable":true,"href":"https:\/\/rops-bialystok.pl\/rops\/index.php?rest_route=%2Fwp%2Fv2%2Fcomments&post=16229"}],"version-history":[{"count":12,"href":"https:\/\/rops-bialystok.pl\/rops\/index.php?rest_route=\/wp\/v2\/pages\/16229\/revisions"}],"predecessor-version":[{"id":22363,"href":"https:\/\/rops-bialystok.pl\/rops\/index.php?rest_route=\/wp\/v2\/pages\/16229\/revisions\/22363"}],"wp:attachment":[{"href":"https:\/\/rops-bialystok.pl\/rops\/index.php?rest_route=%2Fwp%2Fv2%2Fmedia&parent=16229"}],"curies":[{"name":"wp","href":"https:\/\/api.w.org\/{rel}","templated":true}]}}