{"id":16320,"date":"2020-01-28T08:46:29","date_gmt":"2020-01-28T07:46:29","guid":{"rendered":"http:\/\/www.rops-bialystok.pl\/rops\/?page_id=16320"},"modified":"2020-01-28T09:12:14","modified_gmt":"2020-01-28T08:12:14","slug":"konkursy-2020-rok","status":"publish","type":"page","link":"https:\/\/rops-bialystok.pl\/rops\/?page_id=16320","title":{"rendered":"Konkursy 2020 rok"},"content":{"rendered":"<p style=\"text-align: center;\"><a href='https:\/\/www.rops-bialystok.pl\/rops\/?p=16324' onclick='' class='wpi_designer_button   wpi_shadow wpi_shadow_1px wpi_text_shadow_no wpi_texture_no wpi_border_bottom wpi_padding_10px wpi_5px wpi_designer_button_9202 wpi_icon wpi_icon_no wpi_icon_left  ' target='' rel=''><i class=''><\/i><span class='wpi_text'>Konkursy w sferze pomocy spo\u0142ecznej<\/span><\/a><\/p>\n<p style=\"text-align: center;\"><a href='https:\/\/www.rops-bialystok.pl\/rops\/?p=16332' onclick='' class='wpi_designer_button   wpi_shadow wpi_shadow_1px wpi_text_shadow_no wpi_texture_no wpi_border_bottom wpi_padding_10px wpi_5px wpi_designer_button_9203 wpi_icon wpi_icon_no wpi_icon_left  ' target='' rel=''><i class=''><\/i><span class='wpi_text'>Konkursy w sferze dzia\u0142a\u0144 na rzecz os\u00f3b niepe\u0142nosprawnych<\/span><\/a><\/p>\n<p style=\"text-align: center;\"><a href='https:\/\/www.rops-bialystok.pl\/rops\/?p=16338' onclick='' class='wpi_designer_button   wpi_shadow wpi_shadow_1px wpi_text_shadow_no wpi_texture_no wpi_border_bottom wpi_padding_10px wpi_5px wpi_designer_button_9204 wpi_icon wpi_icon_no wpi_icon_left  ' target='' rel=''><i class=''><\/i><span class='wpi_text'>Konkursy w sferze przeciwdzia\u0142ania uzale\u017cnieniom i patologiom spo\u0142ecznym<\/span><\/a><\/p>\n<p style=\"text-align: center;\"><a href='https:\/\/www.rops-bialystok.pl\/rops\/?p=16343' onclick='' class='wpi_designer_button   wpi_shadow wpi_shadow_1px wpi_text_shadow_no wpi_texture_no wpi_border_bottom wpi_padding_10px wpi_5px wpi_designer_button_9205 wpi_icon wpi_icon_no wpi_icon_left  ' target='' rel=''><i class=''><\/i><span class='wpi_text'>Konkursy w sferze wspierania rodziny i sytemu pieczy zast\u0119pczej<\/span><\/a><\/p>\n","protected":false},"excerpt":{"rendered":"","protected":false},"author":15,"featured_media":0,"parent":0,"menu_order":0,"comment_status":"closed","ping_status":"closed","template":"","meta":{"ngg_post_thumbnail":0,"footnotes":""},"class_list":["post-16320","page","type-page","status-publish","hentry"],"_links":{"self":[{"href":"https:\/\/rops-bialystok.pl\/rops\/index.php?rest_route=\/wp\/v2\/pages\/16320","targetHints":{"allow":["GET"]}}],"collection":[{"href":"https:\/\/rops-bialystok.pl\/rops\/index.php?rest_route=\/wp\/v2\/pages"}],"about":[{"href":"https:\/\/rops-bialystok.pl\/rops\/index.php?rest_route=\/wp\/v2\/types\/page"}],"author":[{"embeddable":true,"href":"https:\/\/rops-bialystok.pl\/rops\/index.php?rest_route=\/wp\/v2\/users\/15"}],"replies":[{"embeddable":true,"href":"https:\/\/rops-bialystok.pl\/rops\/index.php?rest_route=%2Fwp%2Fv2%2Fcomments&post=16320"}],"version-history":[{"count":6,"href":"https:\/\/rops-bialystok.pl\/rops\/index.php?rest_route=\/wp\/v2\/pages\/16320\/revisions"}],"predecessor-version":[{"id":16345,"href":"https:\/\/rops-bialystok.pl\/rops\/index.php?rest_route=\/wp\/v2\/pages\/16320\/revisions\/16345"}],"wp:attachment":[{"href":"https:\/\/rops-bialystok.pl\/rops\/index.php?rest_route=%2Fwp%2Fv2%2Fmedia&parent=16320"}],"curies":[{"name":"wp","href":"https:\/\/api.w.org\/{rel}","templated":true}]}}