{"id":16870,"date":"2020-07-07T14:34:32","date_gmt":"2020-07-07T12:34:32","guid":{"rendered":"http:\/\/www.rops-bialystok.pl\/rops\/?page_id=16870"},"modified":"2023-03-21T18:32:03","modified_gmt":"2023-03-21T17:32:03","slug":"aktualnosci-bezpieczna-przyszlosc-wsparcie-dla-dps-z-terenu-wojewodztwa-podlaskiego","status":"publish","type":"page","link":"https:\/\/rops-bialystok.pl\/rops\/?page_id=16870","title":{"rendered":"Aktualno\u015bci \u201eBezpieczna przysz\u0142o\u015b\u0107 \u2013 wsparcie dla DPS z terenu wojew\u00f3dztwa podlaskiego\u201d"},"content":{"rendered":"<p style=\"text-align: center;\"><img loading=\"lazy\" decoding=\"async\" class=\"aligncenter\" src=\"http:\/\/www.rops-bialystok.pl\/rops\/wp-content\/uploads\/2019\/02\/Log\u00f3wki-zestaw-w-kolorze-2-1.png\" alt=\"Stopka z logami Funduszu Europejskiego, Rzeczpospolitej polski, Unii Europejskiej.\" width=\"890\" height=\"114\"\/><span style=\"font-size: 13pt; font-family: georgia, palatino, serif;\">Projekt \u201eBezpieczna Przysz\u0142o\u015b\u0107 \u2013 wsparcie dla DPS z terenu wojew\u00f3dztwa podlaskiego\u201d<\/span><br \/>\n<span style=\"font-size: 13pt; font-family: georgia, palatino, serif;\">realizowany w ramach Programu Operacyjnego Wiedza Edukacja Rozw\u00f3j na lata 2014-2020 wsp\u00f3\u0142finansowanego ze \u015brodk\u00f3w Europejskiego Funduszu Spo\u0142ecznego<\/span><\/p>\n<p>&nbsp;<\/p>\n<div class='pfpItem entry-content'><h2 class='entry-title'><a href='https:\/\/rops-bialystok.pl\/rops\/?p=17341'>Projekt pn. \u201eBezpieczna przysz\u0142o\u015b\u0107 \u2013 wsparcie dla DPS z terenu wojew\u00f3dztwa podlaskiego\u201d o nr POWR.02.08.00-00-0096\/20 \u2013 zasady realizacji zada\u0144 informacyjnych i promocyjnych<\/a><\/h2><div class='entry-meta'>Opublikowane 10 wrze\u015bnia, 2020 r. <\/div><img loading=\"lazy\" decoding=\"async\" class=\"aligncenter\" src=\"http:\/\/www.rops-bialystok.pl\/rops\/wp-content\/uploads\/2019\/02\/Log\u00f3wki-zestaw-w-kolorze-2-1.png\" alt=\"Stopka z logami Funduszu Europejskiego, Rzeczpospolitej polski, Unii Europejskiej.\" width=\"572\" height=\"77\"\/>Regionalny O\u015brodek Polityki Spo\u0142ecznej w Bia\u0142ymstoku informuje o obowi\u0105zkach informacyjnych i promocyjnych w ramach Projektu pn. &#8222;Bezpieczna Przysz\u0142o\u015b\u0107 \u2013 wsparcie dla DPS z terenu wojew\u00f3dztwa podlaskiego&#8221;, wsp\u00f3\u0142finansowanego ze \u015brodk\u00f3w Europejskiego Funduszu Spo\u0142ecznego, w ramach Programu Operacyjnego Wiedza Edukacja Rozw\u00f3j na lata 2014-2020, zgodnie z przepisami rozporz\u0105dzenia nr 1303\/2013 i rozporz\u0105dzenia wykonawczego Komisji (UE) nr 821\/2014 [&hellip;]<a href='https:\/\/rops-bialystok.pl\/rops\/?p=17341' class='pfpReadMore'>Przeczytaj ca\u0142o\u015b\u0107 \u00bb<\/a><div class='clear'><\/div><hr><\/div><div class='pfpItem entry-content'><h2 class='entry-title'><a href='https:\/\/rops-bialystok.pl\/rops\/?p=17232'>Projekt pn. \u201eBezpieczna przysz\u0142o\u015b\u0107 \u2013 wsparcie dla DPS z terenu wojew\u00f3dztwa podlaskiego\u201d o nr POWR.02.08.00-00-0096\/20<\/a><\/h2><div class='entry-meta'>Opublikowane 3 wrze\u015bnia, 2020 r. <\/div><img loading=\"lazy\" decoding=\"async\" class=\"aligncenter\" src=\"http:\/\/www.rops-bialystok.pl\/rops\/wp-content\/uploads\/2019\/02\/Log\u00f3wki-zestaw-w-kolorze-2-1.png\" alt=\"Stopka z logami Funduszu Europejskiego, Rzeczpospolitej polski, Unii Europejskiej.\" width=\"572\" height=\"77\"\/>Komisja Oceny Wniosk\u00f3w powo\u0142ana Zarz\u0105dzeniem Nr 43\/2020 Dyrektora Regionalnego O\u015brodka Polityki Spo\u0142ecznej w Bia\u0142ymstoku z dnia 03 sierpnia 2020 roku w celu oceny Wniosk\u00f3w o udzielenie grantu w ramach Projektu \u201eBezpieczna przysz\u0142o\u015b\u0107 \u2013 wsparcie dla DPS z terenu wojew\u00f3dztwa podlaskiego\u201d wsp\u00f3\u0142finansowanego ze \u015brodk\u00f3w Europejskiego Funduszu Spo\u0142ecznego, w ramach Programu Operacyjnego Wiedza Edukacja Rozw\u00f3j na lata [&hellip;]<a href='https:\/\/rops-bialystok.pl\/rops\/?p=17232' class='pfpReadMore'>Przeczytaj ca\u0142o\u015b\u0107 \u00bb<\/a><div class='clear'><\/div><hr><\/div><div class='pfpItem entry-content'><h2 class='entry-title'><a href='https:\/\/rops-bialystok.pl\/rops\/?p=17174'>Projekt pn. \u201eBezpieczna przysz\u0142o\u015b\u0107 \u2013 wsparcie dla DPS z terenu wojew\u00f3dztwa podlaskiego\u201d o nr POWR.02.08.00-00-0096\/20<\/a><\/h2><div class='entry-meta'>Opublikowane 3 wrze\u015bnia, 2020 r. <\/div><img loading=\"lazy\" decoding=\"async\" class=\"aligncenter\" src=\"http:\/\/www.rops-bialystok.pl\/rops\/wp-content\/uploads\/2019\/02\/Log\u00f3wki-zestaw-w-kolorze-2-1.png\" alt=\"Stopka z logami Funduszu Europejskiego, Rzeczpospolitej polski, Unii Europejskiej.\" width=\"572\" height=\"77\"\/>&nbsp; Komisja Oceny Wniosk\u00f3w powo\u0142ana Zarz\u0105dzeniem Nr 43\/2020 Dyrektora Regionalnego O\u015brodka Polityki Spo\u0142ecznej w Bia\u0142ymstoku z dnia 03 sierpnia 2020 roku w celu oceny Wniosk\u00f3w o udzielenie grantu w ramach Projektu \u201eBezpieczna przysz\u0142o\u015b\u0107 \u2013 wsparcie dla DPS z terenu wojew\u00f3dztwa podlaskiego\u201d wsp\u00f3\u0142finansowanego ze \u015brodk\u00f3w Europejskiego Funduszu Spo\u0142ecznego, w ramach Programu Operacyjnego Wiedza Edukacja Rozw\u00f3j na [&hellip;]<a href='https:\/\/rops-bialystok.pl\/rops\/?p=17174' class='pfpReadMore'>Przeczytaj ca\u0142o\u015b\u0107 \u00bb<\/a><div class='clear'><\/div><hr><\/div><div class='pfpItem entry-content'><h2 class='entry-title'><a href='https:\/\/rops-bialystok.pl\/rops\/?p=17127'>Projekt pn. \u201eBezpieczna przysz\u0142o\u015b\u0107 \u2013 wsparcie dla DPS z terenu wojew\u00f3dztwa podlaskiego\u201d o nr POWR.02.08.00-00-0096\/20<\/a><\/h2><div class='entry-meta'>Opublikowane 28 sierpnia, 2020 r. <\/div><img loading=\"lazy\" decoding=\"async\" class=\"aligncenter\" src=\"http:\/\/www.rops-bialystok.pl\/rops\/wp-content\/uploads\/2019\/02\/Log\u00f3wki-zestaw-w-kolorze-2-1.png\" alt=\"Stopka z logami Funduszu Europejskiego, Rzeczpospolitej polski, Unii Europejskiej.\" width=\"572\" height=\"77\"\/>&nbsp; Komisja Oceny Wniosk\u00f3w powo\u0142ana Zarz\u0105dzeniem Nr 43\/2020 Dyrektora Regionalnego O\u015brodka Polityki Spo\u0142ecznej w Bia\u0142ymstoku z dnia 03 sierpnia 2020 roku w celu oceny Wniosk\u00f3w o udzielenie grantu w ramach Projektu \u201eBezpieczna przysz\u0142o\u015b\u0107 \u2013 wsparcie dla DPS z terenu wojew\u00f3dztwa podlaskiego\u201d wsp\u00f3\u0142finansowanego ze \u015brodk\u00f3w Europejskiego Funduszu Spo\u0142ecznego, w ramach Programu Operacyjnego Wiedza Edukacja Rozw\u00f3j na [&hellip;]<a href='https:\/\/rops-bialystok.pl\/rops\/?p=17127' class='pfpReadMore'>Przeczytaj ca\u0142o\u015b\u0107 \u00bb<\/a><div class='clear'><\/div><hr><\/div><div class='pfpItem entry-content'><h2 class='entry-title'><a href='https:\/\/rops-bialystok.pl\/rops\/?p=17125'>Projekt pn. \u201eBezpieczna przysz\u0142o\u015b\u0107 \u2013 wsparcie dla DPS z terenu wojew\u00f3dztwa podlaskiego\u201d o nr POWR.02.08.00-00-0096\/20<\/a><\/h2><div class='entry-meta'>Opublikowane 28 sierpnia, 2020 r. <\/div><img loading=\"lazy\" decoding=\"async\" class=\"aligncenter\" src=\"http:\/\/www.rops-bialystok.pl\/rops\/wp-content\/uploads\/2019\/02\/Log\u00f3wki-zestaw-w-kolorze-2-1.png\" alt=\"Stopka z logami Funduszu Europejskiego, Rzeczpospolitej polski, Unii Europejskiej.\" width=\"572\" height=\"77\"\/>Regionalny O\u015brodek Polityki Spo\u0142ecznej w Bia\u0142ymstoku informuje, \u017ce w przypadku otrzymania grantu na realizacj\u0119 dzia\u0142a\u0144 w ramach Projektu pn. \u201eBezpieczna przysz\u0142o\u015b\u0107 \u2013 wsparcie dla DPS z terenu wojew\u00f3dztwa podlaskiego\u201d, wydatki dotycz\u0105ce \u015brodk\u00f3w ochrony w miar\u0119 mo\u017cliwo\u015bci oraz potrzeb, winny by\u0107 ponoszone w zgodzie z \u201eInformacj\u0105 dotycz\u0105c\u0105 produkt\u00f3w wykorzystywanych podczas zwalczania COVID-19\u201d zamieszczon\u0105 na stronie https:\/\/www.gov.pl\/web\/zdrowie\/informacje-dotyczace-produktow-wykorzystywanych-podczas-zwalczania-covid-19<a href='https:\/\/rops-bialystok.pl\/rops\/?p=17125' class='pfpReadMore'>Przeczytaj ca\u0142o\u015b\u0107 \u00bb<\/a><div class='clear'><\/div><hr><\/div><div class='pfpItem entry-content'><h2 class='entry-title'><a href='https:\/\/rops-bialystok.pl\/rops\/?p=17113'>Projekt pn. \u201eBezpieczna przysz\u0142o\u015b\u0107 \u2013 wsparcie dla DPS z terenu wojew\u00f3dztwa podlaskiego\u201d o nr POWR.02.08.00-00-0096\/20<\/a><\/h2><div class='entry-meta'>Opublikowane 26 sierpnia, 2020 r. <\/div><img loading=\"lazy\" decoding=\"async\" class=\"aligncenter\" src=\"http:\/\/www.rops-bialystok.pl\/rops\/wp-content\/uploads\/2019\/02\/Log\u00f3wki-zestaw-w-kolorze-2-1.png\" alt=\"Stopka z logami Funduszu Europejskiego, Rzeczpospolitej polski, Unii Europejskiej.\" width=\"572\" height=\"77\"\/>&nbsp; Komisja Oceny Wniosk\u00f3w powo\u0142ana Zarz\u0105dzeniem Nr 43\/2020 Dyrektora Regionalnego O\u015brodka Polityki Spo\u0142ecznej w Bia\u0142ymstoku z dnia 03 sierpnia 2020 roku w celu oceny Wniosk\u00f3w o udzielenie grantu w ramach Projektu \u201eBezpieczna przysz\u0142o\u015b\u0107 \u2013 wsparcie dla DPS z terenu wojew\u00f3dztwa podlaskiego\u201d wsp\u00f3\u0142finansowanego ze \u015brodk\u00f3w Europejskiego Funduszu Spo\u0142ecznego, w ramach Programu Operacyjnego Wiedza Edukacja Rozw\u00f3j na [&hellip;]<a href='https:\/\/rops-bialystok.pl\/rops\/?p=17113' class='pfpReadMore'>Przeczytaj ca\u0142o\u015b\u0107 \u00bb<\/a><div class='clear'><\/div><hr><\/div><div class='pfpItem entry-content'><h2 class='entry-title'><a href='https:\/\/rops-bialystok.pl\/rops\/?p=17077'>Dotyczy: Projekt pn. \u201eBezpieczna przysz\u0142o\u015b\u0107 \u2013 wsparcie dla DPS z terenu wojew\u00f3dztwa podlaskiego\u201d o nr POWR.02.08.00-00-0096\/20<\/a><\/h2><div class='entry-meta'>Opublikowane 21 sierpnia, 2020 r. <\/div><img loading=\"lazy\" decoding=\"async\" class=\"aligncenter\" src=\"http:\/\/www.rops-bialystok.pl\/rops\/wp-content\/uploads\/2019\/02\/Log\u00f3wki-zestaw-w-kolorze-2-1.png\" alt=\"Stopka z logami Funduszu Europejskiego, Rzeczpospolitej polski, Unii Europejskiej.\" width=\"572\" height=\"77\"\/>&nbsp; Komisja Oceny Wniosk\u00f3w powo\u0142ana Zarz\u0105dzeniem Nr 43\/2020 Dyrektora Regionalnego O\u015brodka Polityki Spo\u0142ecznej w Bia\u0142ymstoku z dnia 03 sierpnia 2020 roku w celu oceny Wniosk\u00f3w o udzielenie grantu w ramach Projektu \u201eBezpieczna przysz\u0142o\u015b\u0107 \u2013 wsparcie dla DPS z terenu wojew\u00f3dztwa podlaskiego\u201d wsp\u00f3\u0142finansowanego ze \u015brodk\u00f3w Europejskiego Funduszu Spo\u0142ecznego, w ramach Programu Operacyjnego Wiedza Edukacja Rozw\u00f3j na [&hellip;]<a href='https:\/\/rops-bialystok.pl\/rops\/?p=17077' class='pfpReadMore'>Przeczytaj ca\u0142o\u015b\u0107 \u00bb<\/a><div class='clear'><\/div><hr><\/div><div class='pfpItem entry-content'><h2 class='entry-title'><a href='https:\/\/rops-bialystok.pl\/rops\/?p=16931'>Og\u0142oszenie naboru grant\u00f3w w ramach projektu \"Bezpieczna Przysz\u0142o\u015b\u0107 - wsparcie dla DPS z terenu wojew\u00f3dztwa podlaskiego\"<\/a><\/h2><div class='entry-meta'>Opublikowane 22 lipca, 2020 r. <\/div><img loading=\"lazy\" decoding=\"async\" class=\"aligncenter\" src=\"http:\/\/www.rops-bialystok.pl\/rops\/wp-content\/uploads\/2019\/02\/Log\u00f3wki-zestaw-w-kolorze-2-1.png\" alt=\"Stopka z logami Funduszu Europejskiego, Rzeczpospolitej polski, Unii Europejskiej.\" width=\"572\" height=\"77\"\/>&nbsp; Regionalny O\u015brodek Polityki Spo\u0142ecznej w Bia\u0142ymstoku og\u0142asza nab\u00f3r grant\u00f3w&nbsp; w ramach projektu &#8222;Bezpieczna przysz\u0142o\u015b\u0107 \u2013 wsparcie dla DPS z terenu wojew\u00f3dztwa podlaskiego&#8221;, wsp\u00f3\u0142finansowanego ze \u015brodk\u00f3w Europejskiego Funduszu Spo\u0142ecznego,&nbsp; w ramach Programu Operacyjnego Wiedza Edukacja Rozw\u00f3j na lata 2014-2020, w Dzia\u0142aniu 2.8 Rozw\u00f3j us\u0142ug spo\u0142ecznych \u015bwiadczonych w \u015brodowisku lokalnym, Priorytet Inwestycyjny PI 9iv: U\u0142atwianie dost\u0119pu [&hellip;]<a href='https:\/\/rops-bialystok.pl\/rops\/?p=16931' class='pfpReadMore'>Przeczytaj ca\u0142o\u015b\u0107 \u00bb<\/a><div class='clear'><\/div><hr><\/div><div class='pfpItem entry-content'><h2 class='entry-title'><a href='https:\/\/rops-bialystok.pl\/rops\/?p=16879'>Projekt pn. \u201eBezpieczna przysz\u0142o\u015b\u0107 \u2013 wsparcie dla DPS z terenu wojew\u00f3dztwa podlaskiego\u201d<\/a><\/h2><div class='entry-meta'>Opublikowane 7 lipca, 2020 r. <\/div>25 czerwca 2020 r. w Warszawie Marlena Mal\u0105g \u2013 Minister Rodziny, Pracy i Polityki Spo\u0142ecznej oraz Stanis\u0142aw Derehaj\u0142o \u2013 Wicemarsza\u0142ek Wojew\u00f3dztwa Podlaskiego i Marek Malinowski &#8211; Cz\u0142onek Zarz\u0105du Wojew\u00f3dztwa Podlaskiego podpisali umow\u0119 o dofinansowanie projektu grantowego pn.: \u201eBezpieczna przysz\u0142o\u015b\u0107 \u2013 wsparcie dla DPS z terenu wojew\u00f3dztwa podlaskiego\u201d w zwi\u0105zku z zagro\u017ceniem COVID-19, realizowanego przez Wojew\u00f3dztwo [&hellip;]<a href='https:\/\/rops-bialystok.pl\/rops\/?p=16879' class='pfpReadMore'>Przeczytaj ca\u0142o\u015b\u0107 \u00bb<\/a><div class='clear'><\/div><hr><\/div>\n<p>&nbsp;<\/p>\n<p>&nbsp;<\/p>\n<p>&nbsp;<\/p>\n","protected":false},"excerpt":{"rendered":"<p>Projekt \u201eBezpieczna Przysz\u0142o\u015b\u0107 \u2013 wsparcie dla DPS z terenu wojew\u00f3dztwa podlaskiego\u201d realizowany w ramach Programu Operacyjnego Wiedza Edukacja Rozw\u00f3j na lata 2014-2020 wsp\u00f3\u0142finansowanego ze \u015brodk\u00f3w Europejskiego Funduszu Spo\u0142ecznego &nbsp; &nbsp; &nbsp; &nbsp;<\/p>\n","protected":false},"author":15,"featured_media":0,"parent":0,"menu_order":0,"comment_status":"closed","ping_status":"closed","template":"","meta":{"ngg_post_thumbnail":0,"footnotes":""},"class_list":["post-16870","page","type-page","status-publish","hentry"],"_links":{"self":[{"href":"https:\/\/rops-bialystok.pl\/rops\/index.php?rest_route=\/wp\/v2\/pages\/16870","targetHints":{"allow":["GET"]}}],"collection":[{"href":"https:\/\/rops-bialystok.pl\/rops\/index.php?rest_route=\/wp\/v2\/pages"}],"about":[{"href":"https:\/\/rops-bialystok.pl\/rops\/index.php?rest_route=\/wp\/v2\/types\/page"}],"author":[{"embeddable":true,"href":"https:\/\/rops-bialystok.pl\/rops\/index.php?rest_route=\/wp\/v2\/users\/15"}],"replies":[{"embeddable":true,"href":"https:\/\/rops-bialystok.pl\/rops\/index.php?rest_route=%2Fwp%2Fv2%2Fcomments&post=16870"}],"version-history":[{"count":3,"href":"https:\/\/rops-bialystok.pl\/rops\/index.php?rest_route=\/wp\/v2\/pages\/16870\/revisions"}],"predecessor-version":[{"id":20918,"href":"https:\/\/rops-bialystok.pl\/rops\/index.php?rest_route=\/wp\/v2\/pages\/16870\/revisions\/20918"}],"wp:attachment":[{"href":"https:\/\/rops-bialystok.pl\/rops\/index.php?rest_route=%2Fwp%2Fv2%2Fmedia&parent=16870"}],"curies":[{"name":"wp","href":"https:\/\/api.w.org\/{rel}","templated":true}]}}