{"id":16963,"date":"2020-07-28T11:15:21","date_gmt":"2020-07-28T09:15:21","guid":{"rendered":"http:\/\/www.rops-bialystok.pl\/rops\/?page_id=16963"},"modified":"2020-07-28T11:15:21","modified_gmt":"2020-07-28T09:15:21","slug":"projekt-wdrozenie-dzialan-majacych-na-celu-poprawe-sytuacji-epidemiologicznej-zwiazanej-z-zagrozeniem-spowodowanym-przez-koronawirus-sars-cov-2-na-terenie-wojewodztwa-podlaskiego-w-obszarze-s","status":"publish","type":"page","link":"https:\/\/rops-bialystok.pl\/rops\/?page_id=16963","title":{"rendered":"Projekt \u201eWdro\u017cenie dzia\u0142a\u0144 maj\u0105cych na celu popraw\u0119 sytuacji epidemiologicznej zwi\u0105zanej z zagro\u017ceniem spowodowanym przez koronawirus SARS-CoV-2 na terenie wojew\u00f3dztwa podlaskiego w obszarze systemu pomocy spo\u0142ecznej\u201d"},"content":{"rendered":"","protected":false},"excerpt":{"rendered":"","protected":false},"author":15,"featured_media":0,"parent":0,"menu_order":0,"comment_status":"closed","ping_status":"closed","template":"","meta":{"ngg_post_thumbnail":0,"footnotes":""},"class_list":["post-16963","page","type-page","status-publish","hentry"],"_links":{"self":[{"href":"https:\/\/rops-bialystok.pl\/rops\/index.php?rest_route=\/wp\/v2\/pages\/16963","targetHints":{"allow":["GET"]}}],"collection":[{"href":"https:\/\/rops-bialystok.pl\/rops\/index.php?rest_route=\/wp\/v2\/pages"}],"about":[{"href":"https:\/\/rops-bialystok.pl\/rops\/index.php?rest_route=\/wp\/v2\/types\/page"}],"author":[{"embeddable":true,"href":"https:\/\/rops-bialystok.pl\/rops\/index.php?rest_route=\/wp\/v2\/users\/15"}],"replies":[{"embeddable":true,"href":"https:\/\/rops-bialystok.pl\/rops\/index.php?rest_route=%2Fwp%2Fv2%2Fcomments&post=16963"}],"version-history":[{"count":1,"href":"https:\/\/rops-bialystok.pl\/rops\/index.php?rest_route=\/wp\/v2\/pages\/16963\/revisions"}],"predecessor-version":[{"id":16964,"href":"https:\/\/rops-bialystok.pl\/rops\/index.php?rest_route=\/wp\/v2\/pages\/16963\/revisions\/16964"}],"wp:attachment":[{"href":"https:\/\/rops-bialystok.pl\/rops\/index.php?rest_route=%2Fwp%2Fv2%2Fmedia&parent=16963"}],"curies":[{"name":"wp","href":"https:\/\/api.w.org\/{rel}","templated":true}]}}