{"id":17019,"date":"2020-08-06T12:31:47","date_gmt":"2020-08-06T10:31:47","guid":{"rendered":"http:\/\/www.rops-bialystok.pl\/rops\/?page_id=17019"},"modified":"2023-03-21T16:22:06","modified_gmt":"2023-03-21T15:22:06","slug":"dokumenty-rekrutacyjne-akademia-pomocy-spolecznej","status":"publish","type":"page","link":"https:\/\/rops-bialystok.pl\/rops\/?page_id=17019","title":{"rendered":"Dokumenty rekrutacyjne Akademia Pomocy Spo\u0142ecznej"},"content":{"rendered":"<p style=\"text-align: center;\"><img loading=\"lazy\" decoding=\"async\" class=\"aligncenter\" src=\"http:\/\/www.rops-bialystok.pl\/rops\/wp-content\/uploads\/2019\/02\/Log\u00f3wki-zestaw-w-kolorze-2-1.png\" alt=\"Stopka z logami Funduszu Europejskiego, Rzeczpospolitej polski, Unii Europejskiej.\" width=\"890\" height=\"114\"\/><span style=\"font-size: 13pt; font-family: georgia, palatino, serif;\">Projekt partnerski &#8222;Akademia Pomocy Spo\u0142ecznej&#8221;<\/span><br \/>\n<span style=\"font-size: 13pt; font-family: georgia, palatino, serif;\">realizowany w ramach Programu Operacyjnego Wiedza Edukacja Rozw\u00f3j na lata 2014-2020 wsp\u00f3\u0142finansowanego ze \u015brodk\u00f3w Europejskiego Funduszu Spo\u0142ecznego<br \/>\n<\/span><\/p>\n<p>&nbsp;<\/p>\n<p>Regulamin okre\u015bla zasady rekrutacji oraz warunki i zasady udzia\u0142u uczestnik\u00f3w w projekcie pn. <b>\u201eAkademia Pomocy Spo\u0142ecznej\u201d<\/b> wsp\u00f3\u0142finansowanym ze \u015brodk\u00f3w Europejskiego Funduszu Spo\u0142ecznego w ramach Programu Operacyjnego Wiedza Edukacja Rozw\u00f3j na lata 2014-2020, Osi Priorytetowej II Efektywne polityki publiczne dla rynku pracy, gospodarki i edukacji Dzia\u0142anie 2.5 Skuteczna pomoc spo\u0142eczna, oferowane formy wsparcia, obowi\u0105zki stron, a tak\u017ce procedury w przypadku rezygnacji uczestnika w trakcie trwania projektu.<\/p>\n<p>&nbsp;<\/p>\n<p><strong><a href=\"http:\/\/www.rops-bialystok.pl\/rops\/wp-content\/uploads\/2022\/09\/Regulamin-rekrutacji-i-uczestnictwa-w-projekcie-pn.-Akademia-Pomocy-Spolecznej.pdf\">Regulamin rekrutacji i uczestnictwa w projekcie pn. &#8222;Akademia Pomocy Spo\u0142ecznej&#8221;<\/a><\/strong><\/p>\n<p><strong><a href=\"http:\/\/www.rops-bialystok.pl\/rops\/wp-content\/uploads\/2022\/09\/Regulamin-rekrutacji-i-uczestnictwa-w-projekcie-pn.-Akademia-Pomocy-Spolecznej.doc\">Regulamin rekrutacji i uczestnictwa w projekcie pn. \u201eAkademia Pomocy Spo\u0142ecznej\u201d<\/a><\/strong><\/p>\n<p><a href=\"http:\/\/www.rops-bialystok.pl\/rops\/wp-content\/uploads\/2020\/09\/ANEKS-nr-1-z-dnia-9-wrzesnia-2020-roku-do-Regulaminu-rekrutacji-i-uczestnictwa-w-projekcie-pn.\u201eAkademia-Pomocy-Spolecznej.pdf\">ANEKS nr 1 z dnia 9 wrze\u015bnia 2020 roku do Regulaminu rekrutacji i uczestnictwa w projekcie pn.\u201eAkademia Pomocy Spo\u0142ecznej\u201d<\/a><\/p>\n<p><a href=\"http:\/\/www.rops-bialystok.pl\/rops\/wp-content\/uploads\/2020\/10\/Aneks-nr-2.pdf\">ANEKS nr 2 z dnia 6 pa\u017adziernika 2020 roku do Regulaminu rekrutacji i uczestnictwa w projekcie pn. &#8222;Akademia Pomocy Spo\u0142ecznej&#8221;<\/a><\/p>\n<p><a href=\"http:\/\/www.rops-bialystok.pl\/rops\/wp-content\/uploads\/2020\/10\/Aneks_08.10.2020.pdf\">ANEKS nr 3 z dnia 8 pa\u017adziernika 2020 roku do Regulaminu rekrutacji i uczestnictwa w projekcie pn. &#8222;Akademia Pomocy Spo\u0142ecznej&#8221;<\/a><\/p>\n<p><a href=\"http:\/\/www.rops-bialystok.pl\/rops\/wp-content\/uploads\/2021\/05\/Aneks_nr_4_28_maja_2021_do-Regulaminu-rekrutacji-i-uczestnictwa-w-projekcie-pn.-Akademia-Pomocy-Spolecznej-.pdf\">ANEKS nr 4 z dnia 28 maja 2021 do Regulaminu rekrutacji i uczestnictwa w projekcie pn. &#8222;Akademia Pomocy Spo\u0142ecznej&#8221;<\/a><\/p>\n<p><a href=\"http:\/\/www.rops-bialystok.pl\/rops\/wp-content\/uploads\/2021\/12\/Aneks_nr_5-z-dnia-16.12.2021_do-Regulaminu-rekrutacji-i-uczestnictwa-w-projekcie-pn.-\u201eAkademia-Pomocy-Spolecznej.pdf\">ANEKS nr 5 z dnia 16 grudnia 2021 do Regulaminu rekrutacji i uczestnictwa w projekcie pn. \u201eAkademia Pomocy Spo\u0142ecznej\u201d<\/a><\/p>\n<p><a href=\"http:\/\/www.rops-bialystok.pl\/rops\/wp-content\/uploads\/2022\/09\/Aneks_nr_6-z-dnia-09.09.2022_do-Regulaminu-rekrutacji-i-uczestnictwa-w-projekcie-pn.-\u201eAkademia-Pomocy-Spolecznej.pdf\">ANEKS nr 6 z dnia 09 wrze\u015bnia 2022 do Regulaminu rekrutacji i uczestnictwa w projekcie pn. \u201eAkademia Pomocy Spo\u0142ecznej\u201d<\/a><\/p>\n<p><a href=\"http:\/\/www.rops-bialystok.pl\/rops\/wp-content\/uploads\/2022\/09\/Aneks_nr_6-z-dnia-09.09.2022_do-Regulaminu-rekrutacji-i-uczestnictwa-w-projekcie-pn.-\u201eAkademia-Pomocy-Spolecznej.docx\">ANEKS nr 6 z dnia 09 wrze\u015bnia 2022 do Regulaminu rekrutacji i uczestnictwa w projekcie pn. \u201eAkademia Pomocy Spo\u0142ecznej\u201d<\/a><\/p>\n<ul>\n<li><u><a href=\"http:\/\/www.rops-bialystok.pl\/rops\/wp-content\/uploads\/2021\/12\/Zalacznik-nr-1-\u2013-Formularz-Zgloszeniowy-UP-na-szkolenie.pdf\">Za\u0142\u0105cznik nr 1 \u2013 Formularz Zg\u0142oszeniowy UP na szkolenie<\/a><\/u>\n<ul>\n<li><a href=\"http:\/\/www.rops-bialystok.pl\/rops\/wp-content\/uploads\/2021\/12\/Zalacznik-nr-1-\u2013-Formularz-Zgloszeniowy-UP-na-szkolenie_czb_16.12.2021.doc\">Za\u0142\u0105cznik nr 1 \u2013 Formularz Zg\u0142oszeniowy UP na szkolenie<\/a><\/li>\n<\/ul>\n<\/li>\n<\/ul>\n<p>&nbsp;<\/p>\n<ul>\n<li><a href=\"http:\/\/www.rops-bialystok.pl\/rops\/wp-content\/uploads\/2021\/05\/Zalacznik-nr-2-Oswiadczenie-dotyczace-niepelnosprawnosci-UP_nowy.pdf\">Za\u0142\u0105cznik nr 2 \u2013 O\u015bwiadczenie dotycz\u0105ce niepe\u0142nosprawno\u015bci UP<\/a>\n<ul>\n<li><a href=\"http:\/\/www.rops-bialystok.pl\/rops\/wp-content\/uploads\/2021\/05\/Zalacznik-nr-2-Oswiadczenie-dotyczace-niepelnosprawnosci-UP_nowy.doc\">Za\u0142\u0105cznik nr 2 \u2013 O\u015bwiadczenie dotycz\u0105ce niepe\u0142nosprawno\u015bci UP<\/a><\/li>\n<\/ul>\n<\/li>\n<\/ul>\n<p>&nbsp;<\/p>\n<ul>\n<li><a href=\"http:\/\/www.rops-bialystok.pl\/rops\/wp-content\/uploads\/2021\/05\/Zalacznik-nr-3-Deklaracja-uczestnictwa-UP_nowy.pdf\">Za\u0142\u0105cznik nr 3 \u2013 Deklaracja uczestnictwa UP<\/a>\n<ul>\n<li><a href=\"http:\/\/www.rops-bialystok.pl\/rops\/wp-content\/uploads\/2021\/05\/Zalacznik-nr-3-Deklaracja-uczestnictwa-UP_nowy.doc\">Za\u0142\u0105cznik nr 3 \u2013 Deklaracja uczestnictwa UP<\/a><\/li>\n<\/ul>\n<\/li>\n<\/ul>\n<p>&nbsp;<\/p>\n<ul>\n<li><a href=\"http:\/\/www.rops-bialystok.pl\/rops\/wp-content\/uploads\/2021\/05\/Zalacznik-nr-4-Oswiadczenie-RODO-UP_nowy.pdf\">Za\u0142\u0105cznik nr 4 \u2013 O\u015bwiadczenie RODO UP<\/a>\n<ul>\n<li><a href=\"http:\/\/www.rops-bialystok.pl\/rops\/wp-content\/uploads\/2021\/05\/Zalacznik-nr-4-Oswiadczenie-RODO-UP_nowy.doc\">Za\u0142\u0105cznik nr 4 \u2013 O\u015bwiadczenie RODO UP<\/a><\/li>\n<\/ul>\n<\/li>\n<\/ul>\n<p>&nbsp;<\/p>\n<ul>\n<li><a href=\"http:\/\/www.rops-bialystok.pl\/rops\/wp-content\/uploads\/2021\/05\/Zalacznik-nr-5-Zgoda-na-publikacje-wizerunku-UP-w-mediach_nowy.pdf\">Za\u0142\u0105cznik nr 5 \u2013 Zgoda na publikacj\u0119 wizerunku UP w mediach<\/a>\n<ul>\n<li><a href=\"http:\/\/www.rops-bialystok.pl\/rops\/wp-content\/uploads\/2021\/05\/Zalacznik-nr-5-Zgoda-na-publikacje-wizerunku-UP-w-mediach_nowy.doc\">Za\u0142\u0105cznik nr 5 \u2013 Zgoda na publikacj\u0119 wizerunku UP w mediach<\/a><\/li>\n<\/ul>\n<\/li>\n<\/ul>\n<p>&nbsp;<\/p>\n<ul>\n<li><a href=\"http:\/\/www.rops-bialystok.pl\/rops\/wp-content\/uploads\/2021\/06\/Zalacznik-nr-6-Wniosek-o-zwrot-kosztow-dojazdu-UP-na-szkolenie_nowy.pdf\">Za\u0142\u0105cznik nr 6 Wniosek o zwrot koszt\u00f3w dojazdu UP na szkolenie<\/a>\n<ul>\n<li><a href=\"http:\/\/www.rops-bialystok.pl\/rops\/wp-content\/uploads\/2021\/05\/Zalacznik-nr-6-Wniosek-o-zwrot-kosztow-dojazdu-UP-na-szkolenie_nowy.docx\">Za\u0142\u0105cznik nr 6 Wniosek o zwrot koszt\u00f3w dojazdu UP na szkolenie<\/a><\/li>\n<\/ul>\n<\/li>\n<\/ul>\n<p>&nbsp;<\/p>\n<ul>\n<li><a href=\"http:\/\/www.rops-bialystok.pl\/rops\/wp-content\/uploads\/2021\/06\/Zalacznik-nr-7-Ankieta-informacyjna-dotyczaca-dalszych-potrzeb-szkoleniowych-UP_nowy.pdf\">Za\u0142\u0105cznik nr 7 &#8211; Ankieta informacyjna dotycz\u0105ca dalszych potrzeb szkoleniowych UP<\/a>\n<ul>\n<li><a href=\"http:\/\/www.rops-bialystok.pl\/rops\/wp-content\/uploads\/2021\/05\/Zalacznik-nr-7-Ankieta-informacyjna-dotyczaca-dalszych-potrzeb-szkoleniowych-UP_nowy.doc\">Za\u0142\u0105cznik nr 7 &#8211; Ankieta informacyjna dotycz\u0105ca dalszych potrzeb szkoleniowych UP<\/a><\/li>\n<\/ul>\n<\/li>\n<\/ul>\n","protected":false},"excerpt":{"rendered":"<p>Projekt partnerski &#8222;Akademia Pomocy Spo\u0142ecznej&#8221; realizowany w ramach Programu Operacyjnego Wiedza Edukacja Rozw\u00f3j na lata 2014-2020 wsp\u00f3\u0142finansowanego ze \u015brodk\u00f3w Europejskiego Funduszu Spo\u0142ecznego &nbsp; Regulamin okre\u015bla zasady rekrutacji oraz warunki i zasady udzia\u0142u uczestnik\u00f3w w projekcie pn. \u201eAkademia Pomocy Spo\u0142ecznej\u201d wsp\u00f3\u0142finansowanym ze \u015brodk\u00f3w Europejskiego Funduszu Spo\u0142ecznego w ramach Programu Operacyjnego Wiedza Edukacja Rozw\u00f3j na lata 2014-2020, [&hellip;]<\/p>\n","protected":false},"author":15,"featured_media":0,"parent":0,"menu_order":0,"comment_status":"closed","ping_status":"closed","template":"","meta":{"ngg_post_thumbnail":0,"footnotes":""},"class_list":["post-17019","page","type-page","status-publish","hentry"],"_links":{"self":[{"href":"https:\/\/rops-bialystok.pl\/rops\/index.php?rest_route=\/wp\/v2\/pages\/17019","targetHints":{"allow":["GET"]}}],"collection":[{"href":"https:\/\/rops-bialystok.pl\/rops\/index.php?rest_route=\/wp\/v2\/pages"}],"about":[{"href":"https:\/\/rops-bialystok.pl\/rops\/index.php?rest_route=\/wp\/v2\/types\/page"}],"author":[{"embeddable":true,"href":"https:\/\/rops-bialystok.pl\/rops\/index.php?rest_route=\/wp\/v2\/users\/15"}],"replies":[{"embeddable":true,"href":"https:\/\/rops-bialystok.pl\/rops\/index.php?rest_route=%2Fwp%2Fv2%2Fcomments&post=17019"}],"version-history":[{"count":20,"href":"https:\/\/rops-bialystok.pl\/rops\/index.php?rest_route=\/wp\/v2\/pages\/17019\/revisions"}],"predecessor-version":[{"id":20912,"href":"https:\/\/rops-bialystok.pl\/rops\/index.php?rest_route=\/wp\/v2\/pages\/17019\/revisions\/20912"}],"wp:attachment":[{"href":"https:\/\/rops-bialystok.pl\/rops\/index.php?rest_route=%2Fwp%2Fv2%2Fmedia&parent=17019"}],"curies":[{"name":"wp","href":"https:\/\/api.w.org\/{rel}","templated":true}]}}