{"id":17437,"date":"2020-10-01T11:22:50","date_gmt":"2020-10-01T09:22:50","guid":{"rendered":"http:\/\/www.rops-bialystok.pl\/rops\/?page_id=17437"},"modified":"2021-05-27T12:01:39","modified_gmt":"2021-05-27T10:01:39","slug":"szkolenie-zmiany-przepisow-dotyczacych-domow-pomocy-spolecznej-dps","status":"publish","type":"page","link":"https:\/\/rops-bialystok.pl\/rops\/?page_id=17437","title":{"rendered":"Szkolenie &#8222;Zmiany przepis\u00f3w dotycz\u0105cych dom\u00f3w pomocy spo\u0142ecznej (DPS)"},"content":{"rendered":"<div class='pfpItem entry-content'><h2 class='entry-title'><a href='https:\/\/rops-bialystok.pl\/rops\/?p=19708'>Szkolenie w trybie stacjonarnym pn. \u201eZmiany przepis\u00f3w dotycz\u0105cych dom\u00f3w pomocy spo\u0142ecznej (DPS)\u201d realizowane w ramach projektu partnerskiego pn. \u201eAkademia Pomocy Spo\u0142ecznej\u201d w ramach Programu Operacyjnego Wiedza Edukacja Rozw\u00f3j na lata 2014-2020 wsp\u00f3\u0142finansowanego ze \u015brodk\u00f3w Europejskiego Funduszu Spo\u0142ecznego<\/a><\/h2><div class='entry-meta'>Opublikowane 5 kwietnia, 2022 r. <\/div><img loading=\"lazy\" decoding=\"async\" class=\"alignleft wp-image-16714\" src=\"http:\/\/www.rops-bialystok.pl\/rops\/wp-content\/uploads\/2020\/04\/apsloo-150x150.png\" alt=\"Logo Akademii Pomocy Spo\u0142ecznej\" width=\"126\" height=\"95\"\/>W dniach 29, 30 i 31 marca 2022 r. odby\u0142y si\u0119 3 jednodniowe szkolenia w trybie stacjonarnym pn. \u201eZmiany przepis\u00f3w dotycz\u0105cych dom\u00f3w pomocy spo\u0142ecznej (DPS)\u201d realizowane w ramach projektu partnerskiego pn. \u201eAkademia Pomocy Spo\u0142ecznej\u201d w ramach Programu Operacyjnego Wiedza Edukacja Rozw\u00f3j na lata 2014-2020 wsp\u00f3\u0142finansowanego ze \u015brodk\u00f3w Europejskiego Funduszu Spo\u0142ecznego. W szkoleniach udzia\u0142 wzi\u0119\u0142o \u0142\u0105cznie [&hellip;]<a href='https:\/\/rops-bialystok.pl\/rops\/?p=19708' class='pfpReadMore'><br \/>\nPrzeczytaj ca\u0142o\u015b\u0107 \u00bb<\/a><div class='clear'><\/div><hr><\/div><div class='pfpItem entry-content'><h2 class='entry-title'><a href='https:\/\/rops-bialystok.pl\/rops\/?p=19559'>Zaproszenie na szkolenie w trybie stacjonarnym pn. \u201eZmiany przepis\u00f3w dotycz\u0105cych dom\u00f3w pomocy spo\u0142ecznej (DPS)\u201d realizowane w ramach projektu partnerskiego pn. \u201eAkademia Pomocy Spo\u0142ecznej\u201d w ramach Programu Operacyjnego Wiedza Edukacja Rozw\u00f3j na lata 2014-2020 wsp\u00f3\u0142finansowanego ze \u015brodk\u00f3w Europejskiego Funduszu Spo\u0142ecznego<\/a><\/h2><div class='entry-meta'>Opublikowane 8 marca, 2022 r. <\/div><img loading=\"lazy\" decoding=\"async\" class=\"alignleft wp-image-16714\" src=\"http:\/\/www.rops-bialystok.pl\/rops\/wp-content\/uploads\/2020\/04\/apsloo-150x150.png\" alt=\"Logo Akademii Pomocy Spo\u0142ecznej\" width=\"126\" height=\"95\"\/>Regionalny O\u015brodek Polityki Spo\u0142ecznej w Bia\u0142ymstoku realizuj\u0105cy projekt partnerski pn. \u201eAkademia Pomocy Spo\u0142ecznej\u201d w ramach Programu Operacyjnego Wiedza Edukacja Rozw\u00f3j na lata 2014-2020 wsp\u00f3\u0142finansowanego ze \u015brodk\u00f3w Europejskiego Funduszu Spo\u0142ecznego serdecznie zaprasza kluczowych pracownik\u00f3w instytucji pomocy i integracji spo\u0142ecznej, czyli osoby \u015bwiadcz\u0105ce us\u0142ugi aktywizacyjne i inne us\u0142ugi spo\u0142eczne bezpo\u015brednio na rzecz os\u00f3b zagro\u017conych ub\u00f3stwem i wykluczeniem [&hellip;]<a href='https:\/\/rops-bialystok.pl\/rops\/?p=19559' class='pfpReadMore'><br \/>\nPrzeczytaj ca\u0142o\u015b\u0107 \u00bb<\/a><div class='clear'><\/div><hr><\/div><div class='pfpItem entry-content'><h2 class='entry-title'><a href='https:\/\/rops-bialystok.pl\/rops\/?p=18512'>Szkolenie \u201eZmiany przepis\u00f3w dotycz\u0105cych dom\u00f3w pomocy spo\u0142ecznej (DPS), w tym odp\u0142atno\u015bci za pobyt w domach pomocy spo\u0142ecznej, kierowania do dom\u00f3w pomocy spo\u0142ecznej os\u00f3b wymagaj\u0105cych tego rodzaju wsparcia, ze szczeg\u00f3lnym uwzgl\u0119dnieniem os\u00f3b z zaburzeniami psychicznymi i os\u00f3b niepe\u0142nosprawnych\u201d realizowane w ramach projektu partnerskiego pn. \u201eAkademia Pomocy Spo\u0142ecznej\u201d w ramach Programu Operacyjnego Wiedza Edukacja Rozw\u00f3j na lata 2014-2020 wsp\u00f3\u0142finansowanego ze \u015brodk\u00f3w Europejskiego Funduszu Spo\u0142ecznego<\/a><\/h2><div class='entry-meta'>Opublikowane 2 sierpnia, 2021 r. <\/div><img loading=\"lazy\" decoding=\"async\" class=\"alignleft wp-image-16714\" src=\"http:\/\/www.rops-bialystok.pl\/rops\/wp-content\/uploads\/2020\/04\/apsloo.png\" alt=\"Logo Akademii Pomocy Spo\u0142ecznej\" width=\"126\" height=\"95\"\/>W dniach 21, 22, 23 lipca 2021 roku w Hotelu SILVER w Bia\u0142ymstoku odby\u0142y si\u0119 3 jednodniowe szkolenia pn. \u201eZmiany przepis\u00f3w dotycz\u0105cych dom\u00f3w pomocy spo\u0142ecznej (DPS), w tym odp\u0142atno\u015bci za pobyt w domach pomocy spo\u0142ecznej, kierowania do dom\u00f3w pomocy spo\u0142ecznej os\u00f3b wymagaj\u0105cych tego rodzaju wsparcia, ze szczeg\u00f3lnym uwzgl\u0119dnieniem os\u00f3b z zaburzeniami psychicznymi i os\u00f3b niepe\u0142nosprawnych\u201d [&hellip;]<a href='https:\/\/rops-bialystok.pl\/rops\/?p=18512' class='pfpReadMore'><br \/>\nPrzeczytaj ca\u0142o\u015b\u0107 \u00bb<\/a><div class='clear'><\/div><hr><\/div><div class='pfpItem entry-content'><h2 class='entry-title'><a href='https:\/\/rops-bialystok.pl\/rops\/?p=17536'>Uwaga! Szkolenie \u201eZmiany przepis\u00f3w dotycz\u0105cych dom\u00f3w pomocy spo\u0142ecznej (DPS) - Zmiana terminu szkolenia<\/a><\/h2><div class='entry-meta'>Opublikowane 19 pa\u017adziernika, 2020 r. <\/div><img loading=\"lazy\" decoding=\"async\" class=\"alignleft wp-image-16714\" src=\"http:\/\/www.rops-bialystok.pl\/rops\/wp-content\/uploads\/2020\/04\/apsloo.png\" sizes=\"auto, (max-width: 126px) 100vw, 126px\" srcset=\"http:\/\/www.rops-bialystok.pl\/rops\/wp-content\/uploads\/2020\/04\/apsloo.png 800w, http:\/\/www.rops-bialystok.pl\/rops\/wp-content\/uploads\/2020\/04\/apsloo-300x225.png 300w, http:\/\/www.rops-bialystok.pl\/rops\/wp-content\/uploads\/2020\/04\/apsloo-768x576.png 768w, http:\/\/www.rops-bialystok.pl\/rops\/wp-content\/uploads\/2020\/04\/apsloo-160x120.png 160w\" alt=\"Logo Akademii Pomocy Spo\u0142ecznej\" width=\"126\" height=\"95\"\/>Regionalny O\u015brodek Polityki Spo\u0142ecznej w Bia\u0142ymstoku realizuj\u0105cy Projekt partnerski pn. \u201eAkademia Pomocy Spo\u0142ecznej\u201d w ramach Programu Operacyjnego Wiedza Edukacja Rozw\u00f3j na lata 2014-2020 wsp\u00f3\u0142finansowanego ze \u015brodk\u00f3w Europejskiego Funduszu Spo\u0142ecznego informuje, i\u017c w zwi\u0105zku z sytuacj\u0105 spowodowan\u0105 koronawirusem COVID-19 oraz obostrzeniami zwi\u0105zanymi z wprowadzeniem czerwonej strefy, kt\u00f3ra obowi\u0105zuje&nbsp; w Bia\u0142ymstoku od 17 pa\u017adziernika 2020 r., szkolenia [&hellip;]<a href='https:\/\/rops-bialystok.pl\/rops\/?p=17536' class='pfpReadMore'><br \/>\nPrzeczytaj ca\u0142o\u015b\u0107 \u00bb<\/a><div class='clear'><\/div><hr><\/div><div class='pfpItem entry-content'><h2 class='entry-title'><a href='https:\/\/rops-bialystok.pl\/rops\/?p=17448'>Zaproszenie na szkolenie \u201eZmiany przepis\u00f3w dotycz\u0105cych dom\u00f3w pomocy spo\u0142ecznej (DPS), w tym odp\u0142atno\u015bci za pobyt w domach pomocy spo\u0142ecznej, kierowania do dom\u00f3w pomocy spo\u0142ecznej os\u00f3b wymagaj\u0105cych tego rodzaju wsparcia, ze szczeg\u00f3lnym uwzgl\u0119dnieniem os\u00f3b z zaburzeniami psychicznymi i os\u00f3b niepe\u0142nosprawnych\u201d realizowane w ramach projektu partnerskiego pn. \u201eAkademia Pomocy Spo\u0142ecznej\u201d w ramach Programu Operacyjnego Wiedza Edukacja Rozw\u00f3j na lata 2014-2020 wsp\u00f3\u0142finansowanego ze \u015brodk\u00f3w Europejskiego Funduszu Spo\u0142ecznego<\/a><\/h2><div class='entry-meta'>Opublikowane 1 pa\u017adziernika, 2020 r. <\/div><img loading=\"lazy\" decoding=\"async\" class=\"alignleft wp-image-16714\" src=\"http:\/\/www.rops-bialystok.pl\/rops\/wp-content\/uploads\/2020\/04\/apsloo.png\" sizes=\"auto, (max-width: 126px) 100vw, 126px\" srcset=\"http:\/\/www.rops-bialystok.pl\/rops\/wp-content\/uploads\/2020\/04\/apsloo.png 800w, http:\/\/www.rops-bialystok.pl\/rops\/wp-content\/uploads\/2020\/04\/apsloo-300x225.png 300w, http:\/\/www.rops-bialystok.pl\/rops\/wp-content\/uploads\/2020\/04\/apsloo-768x576.png 768w, http:\/\/www.rops-bialystok.pl\/rops\/wp-content\/uploads\/2020\/04\/apsloo-160x120.png 160w\" alt=\"Logo Akademii Pomocy Spo\u0142ecznej\" width=\"126\" height=\"95\"\/>Zaproszenie na szkolenie pn. \u201eZmiany przepis\u00f3w dotycz\u0105cych dom\u00f3w pomocy spo\u0142ecznej (DPS), w tym odp\u0142atno\u015bci za pobyt w domach pomocy spo\u0142ecznej, kierowania do dom\u00f3w pomocy spo\u0142ecznej os\u00f3b wymagaj\u0105cych tego rodzaju wsparcia, ze szczeg\u00f3lnym uwzgl\u0119dnieniem os\u00f3b z zaburzeniami psychicznymi i os\u00f3b niepe\u0142nosprawnych\u201d realizowane w ramach projektu partnerskiego pn. \u201eAkademia Pomocy Spo\u0142ecznej\u201d w ramach Programu Operacyjnego Wiedza Edukacja [&hellip;]<a href='https:\/\/rops-bialystok.pl\/rops\/?p=17448' class='pfpReadMore'><br \/>\nPrzeczytaj ca\u0142o\u015b\u0107 \u00bb<\/a><div class='clear'><\/div><hr><\/div>\n","protected":false},"excerpt":{"rendered":"","protected":false},"author":12,"featured_media":0,"parent":0,"menu_order":0,"comment_status":"closed","ping_status":"closed","template":"","meta":{"ngg_post_thumbnail":0,"footnotes":""},"class_list":["post-17437","page","type-page","status-publish","hentry"],"_links":{"self":[{"href":"https:\/\/rops-bialystok.pl\/rops\/index.php?rest_route=\/wp\/v2\/pages\/17437","targetHints":{"allow":["GET"]}}],"collection":[{"href":"https:\/\/rops-bialystok.pl\/rops\/index.php?rest_route=\/wp\/v2\/pages"}],"about":[{"href":"https:\/\/rops-bialystok.pl\/rops\/index.php?rest_route=\/wp\/v2\/types\/page"}],"author":[{"embeddable":true,"href":"https:\/\/rops-bialystok.pl\/rops\/index.php?rest_route=\/wp\/v2\/users\/12"}],"replies":[{"embeddable":true,"href":"https:\/\/rops-bialystok.pl\/rops\/index.php?rest_route=%2Fwp%2Fv2%2Fcomments&post=17437"}],"version-history":[{"count":7,"href":"https:\/\/rops-bialystok.pl\/rops\/index.php?rest_route=\/wp\/v2\/pages\/17437\/revisions"}],"predecessor-version":[{"id":18178,"href":"https:\/\/rops-bialystok.pl\/rops\/index.php?rest_route=\/wp\/v2\/pages\/17437\/revisions\/18178"}],"wp:attachment":[{"href":"https:\/\/rops-bialystok.pl\/rops\/index.php?rest_route=%2Fwp%2Fv2%2Fmedia&parent=17437"}],"curies":[{"name":"wp","href":"https:\/\/api.w.org\/{rel}","templated":true}]}}