{"id":18024,"date":"2021-05-18T12:35:04","date_gmt":"2021-05-18T10:35:04","guid":{"rendered":"http:\/\/www.rops-bialystok.pl\/rops\/?page_id=18024"},"modified":"2021-05-18T12:35:35","modified_gmt":"2021-05-18T10:35:35","slug":"projekt-pn-wdrozenie-dzialan-majacych-na-celu-poprawe-sytuacji-epidemiologicznej-zwiazanej-z-zagrozeniem-spowodowanym-przez-koronawirus-sars-cov-2-w-regionalnej-placowce-opiekunczo-terapeu","status":"publish","type":"page","link":"https:\/\/rops-bialystok.pl\/rops\/?page_id=18024","title":{"rendered":"Projekt pn. \u201eWdro\u017cenie dzia\u0142a\u0144 maj\u0105cych na celu popraw\u0119 sytuacji epidemiologicznej zwi\u0105zanej z zagro\u017ceniem spowodowanym przez koronawirus SARS-CoV-2 w Regionalnej Plac\u00f3wce Opieku\u0144czo-Terapeutyczne w Ignatkach-Osiedle\u201d"},"content":{"rendered":"","protected":false},"excerpt":{"rendered":"","protected":false},"author":15,"featured_media":0,"parent":0,"menu_order":0,"comment_status":"closed","ping_status":"closed","template":"","meta":{"ngg_post_thumbnail":0,"footnotes":""},"class_list":["post-18024","page","type-page","status-publish","hentry"],"_links":{"self":[{"href":"https:\/\/rops-bialystok.pl\/rops\/index.php?rest_route=\/wp\/v2\/pages\/18024","targetHints":{"allow":["GET"]}}],"collection":[{"href":"https:\/\/rops-bialystok.pl\/rops\/index.php?rest_route=\/wp\/v2\/pages"}],"about":[{"href":"https:\/\/rops-bialystok.pl\/rops\/index.php?rest_route=\/wp\/v2\/types\/page"}],"author":[{"embeddable":true,"href":"https:\/\/rops-bialystok.pl\/rops\/index.php?rest_route=\/wp\/v2\/users\/15"}],"replies":[{"embeddable":true,"href":"https:\/\/rops-bialystok.pl\/rops\/index.php?rest_route=%2Fwp%2Fv2%2Fcomments&post=18024"}],"version-history":[{"count":2,"href":"https:\/\/rops-bialystok.pl\/rops\/index.php?rest_route=\/wp\/v2\/pages\/18024\/revisions"}],"predecessor-version":[{"id":18026,"href":"https:\/\/rops-bialystok.pl\/rops\/index.php?rest_route=\/wp\/v2\/pages\/18024\/revisions\/18026"}],"wp:attachment":[{"href":"https:\/\/rops-bialystok.pl\/rops\/index.php?rest_route=%2Fwp%2Fv2%2Fmedia&parent=18024"}],"curies":[{"name":"wp","href":"https:\/\/api.w.org\/{rel}","templated":true}]}}